{"id":1047,"date":"2024-05-08T21:45:04","date_gmt":"2024-05-08T19:45:04","guid":{"rendered":"https:\/\/www.cci.corsica\/?page_id=1047"},"modified":"2024-07-19T10:42:13","modified_gmt":"2024-07-19T08:42:13","slug":"gerer-son-developpement-commercial","status":"publish","type":"page","link":"https:\/\/www.cci.corsica\/co\/gerer-son-developpement-commercial\/","title":{"rendered":"G\u00e9rer son d\u00e9veloppement commercial"},"content":{"rendered":"<div data-elementor-type=\"wp-page\" data-elementor-id=\"1047\" class=\"elementor elementor-1047\" data-elementor-post-type=\"page\">\n\t\t\t\t<div class=\"elementor-element elementor-element-fdf143d e-flex e-con-boxed e-con e-parent\" data-id=\"fdf143d\" data-element_type=\"container\">\n\t\t\t\t\t<div class=\"e-con-inner\">\n\t\t\t\t<div class=\"elementor-element elementor-element-c91b7ca elementor-widget elementor-widget-heading\" data-id=\"c91b7ca\" data-element_type=\"widget\" data-widget_type=\"heading.default\">\n\t\t\t\t<div class=\"elementor-widget-container\">\n\t\t\t\t\t<h2 class=\"elementor-heading-title elementor-size-default\">Adh\u00e9rer \u00e0 une union commerciale<\/h2>\t\t\t\t<\/div>\n\t\t\t\t<\/div>\n\t\t\t\t<div class=\"elementor-element elementor-element-bee9d2c elementor-widget elementor-widget-text-editor\" data-id=\"bee9d2c\" data-element_type=\"widget\" data-widget_type=\"text-editor.default\">\n\t\t\t\t<div class=\"elementor-widget-container\">\n\t\t\t\t\t\t\t\t\t<h3>Se f\u00e9d\u00e9rer, animer, dynamiser<\/h3><p>Les associations de commer\u00e7ants sont des structures essentielles \u00e0 l\u2019animation et au d\u00e9veloppement du commerce d\u2019un territoire<\/p><ul><li>Impliquez-vous dans une association<\/li><li>D\u00e9veloppez des projets collaboratifs prioritaires pour votre quartier<\/li><li>Participez \u00e0 l\u2019organisation d\u2019\u00e9v\u00e9nements valorisant l\u2019offre commerciale de votre quartier<\/li><li>D\u00e9velopper de nouvelles collaborations et courants d\u2019affaires<br \/><br \/><\/li><\/ul><h3>Accompagnement collectif<\/h3><p>La CCI de Corse aide les commer\u00e7ants \u00e0 se regrouper en union commerciale et les accompagne, les conseille et les assiste dans leurs d\u00e9marches et participe techniquement \u00e0 l\u2019\u00e9laboration et financi\u00e8rement \u00e0 la mise en oeuvre de leur programme d\u2019animation et de promotion.<\/p>\t\t\t\t\t\t\t\t<\/div>\n\t\t\t\t<\/div>\n\t\t\t\t\t<\/div>\n\t\t\t\t<\/div>\n\t\t<div class=\"elementor-element elementor-element-5febc1b e-flex e-con-boxed e-con e-parent\" data-id=\"5febc1b\" data-element_type=\"container\">\n\t\t\t\t\t<div class=\"e-con-inner\">\n\t\t\t\t<div class=\"elementor-element elementor-element-d63abba elementor-widget elementor-widget-heading\" data-id=\"d63abba\" data-element_type=\"widget\" data-widget_type=\"heading.default\">\n\t\t\t\t<div class=\"elementor-widget-container\">\n\t\t\t\t\t<h2 class=\"elementor-heading-title elementor-size-default\">Acc\u00e9der \u00e0 des donn\u00e9es qualifi\u00e9es<\/h2>\t\t\t\t<\/div>\n\t\t\t\t<\/div>\n\t\t\t\t<div class=\"elementor-element elementor-element-d750720 elementor-widget elementor-widget-text-editor\" data-id=\"d750720\" data-element_type=\"widget\" data-widget_type=\"text-editor.default\">\n\t\t\t\t<div class=\"elementor-widget-container\">\n\t\t\t\t\t\t\t\t\t<p>Trouvez des clients, des prospects, des fournisseurs, gr\u00e2ce \u00e0 notre service vous permettant d\u2019acc\u00e9der \u00e0 toute une base de donn\u00e9es d\u2019entreprises.<\/p><p>Ce service met \u00e0 votre disposition des fichiers prospects certifi\u00e9s et complets avec le nom du responsable, son num\u00e9ro de t\u00e9l\u00e9phone, son mail\u2026<\/p><p><a href=\"https:\/\/www.cci.corsica\/co\/fichier-consulaire\/\">Contactez les conseillers de la CCI de Corse<\/a> afin d\u2019obtenir des conseils sur votre cible et votre collecte des donn\u00e9es.<\/p>\t\t\t\t\t\t\t\t<\/div>\n\t\t\t\t<\/div>\n\t\t\t\t<div class=\"elementor-element elementor-element-4640934 elementor-widget elementor-widget-button\" data-id=\"4640934\" data-element_type=\"widget\" data-widget_type=\"button.default\">\n\t\t\t\t<div class=\"elementor-widget-container\">\n\t\t\t\t\t\t\t\t\t<div class=\"elementor-button-wrapper\">\n\t\t\t\t\t<a class=\"elementor-button elementor-button-link elementor-size-sm\" href=\"https:\/\/www.cci.corsica\/co\/fichier-consulaire\/\">\n\t\t\t\t\t\t<span class=\"elementor-button-content-wrapper\">\n\t\t\t\t\t\t\t\t\t<span class=\"elementor-button-text\">Acc\u00e9der au fichier consulaire<\/span>\n\t\t\t\t\t<\/span>\n\t\t\t\t\t<\/a>\n\t\t\t\t<\/div>\n\t\t\t\t\t\t\t\t<\/div>\n\t\t\t\t<\/div>\n\t\t\t\t\t<\/div>\n\t\t\t\t<\/div>\n\t\t\t\t<\/div>","protected":false},"excerpt":{"rendered":"<p>Vous souhaitez prospecter de nouveaux clients, renforcer votre r\u00e9seau, vous impliquer et participer \u00e0 la promotion et au rayonnement commercial de votre centre-ville ?<\/p>","protected":false},"author":4,"featured_media":108,"parent":0,"menu_order":0,"comment_status":"closed","ping_status":"closed","template":"","meta":{"_acf_changed":false,"_seopress_robots_primary_cat":"","_seopress_titles_title":"","_seopress_titles_desc":"","_seopress_robots_index":"","footnotes":""},"categorie-page":[26],"type-de-page":[47],"class_list":["post-1047","page","type-page","status-publish","has-post-thumbnail","hentry","categorie-page-accueil","type-de-page-animation-commerciale"],"acf":[],"_links":{"self":[{"href":"https:\/\/www.cci.corsica\/co\/wp-json\/wp\/v2\/pages\/1047","targetHints":{"allow":["GET"]}}],"collection":[{"href":"https:\/\/www.cci.corsica\/co\/wp-json\/wp\/v2\/pages"}],"about":[{"href":"https:\/\/www.cci.corsica\/co\/wp-json\/wp\/v2\/types\/page"}],"author":[{"embeddable":true,"href":"https:\/\/www.cci.corsica\/co\/wp-json\/wp\/v2\/users\/4"}],"replies":[{"embeddable":true,"href":"https:\/\/www.cci.corsica\/co\/wp-json\/wp\/v2\/comments?post=1047"}],"version-history":[{"count":24,"href":"https:\/\/www.cci.corsica\/co\/wp-json\/wp\/v2\/pages\/1047\/revisions"}],"predecessor-version":[{"id":5213,"href":"https:\/\/www.cci.corsica\/co\/wp-json\/wp\/v2\/pages\/1047\/revisions\/5213"}],"wp:featuredmedia":[{"embeddable":true,"href":"https:\/\/www.cci.corsica\/co\/wp-json\/wp\/v2\/media\/108"}],"wp:attachment":[{"href":"https:\/\/www.cci.corsica\/co\/wp-json\/wp\/v2\/media?parent=1047"}],"wp:term":[{"taxonomy":"categorie-page","embeddable":true,"href":"https:\/\/www.cci.corsica\/co\/wp-json\/wp\/v2\/categorie-page?post=1047"},{"taxonomy":"type-de-page","embeddable":true,"href":"https:\/\/www.cci.corsica\/co\/wp-json\/wp\/v2\/type-de-page?post=1047"}],"curies":[{"name":"wp","href":"https:\/\/api.w.org\/{rel}","templated":true}]}}