{"id":1109,"date":"2024-05-09T16:41:10","date_gmt":"2024-05-09T14:41:10","guid":{"rendered":"https:\/\/www.cci.corsica\/?page_id=1109"},"modified":"2026-01-23T15:50:56","modified_gmt":"2026-01-23T14:50:56","slug":"reussir-sa-transformation-digitale","status":"publish","type":"page","link":"https:\/\/www.cci.corsica\/co\/reussir-sa-transformation-digitale\/","title":{"rendered":"R\u00e9ussir sa transformation digitale"},"content":{"rendered":"<div data-elementor-type=\"wp-page\" data-elementor-id=\"1109\" class=\"elementor elementor-1109\" data-elementor-post-type=\"page\">\n\t\t\t\t<div class=\"elementor-element elementor-element-239690e e-flex e-con-boxed e-con e-parent\" data-id=\"239690e\" data-element_type=\"container\">\n\t\t\t\t\t<div class=\"e-con-inner\">\n\t\t\t\t<div class=\"elementor-element elementor-element-68020c7 elementor-widget elementor-widget-heading\" data-id=\"68020c7\" data-element_type=\"widget\" data-widget_type=\"heading.default\">\n\t\t\t\t<div class=\"elementor-widget-container\">\n\t\t\t\t\t<h2 class=\"elementor-heading-title elementor-size-default\">Gagnez en performance et\nd\u00e9veloppez des comp\u00e9tences\ndigitales<\/h2>\t\t\t\t<\/div>\n\t\t\t\t<\/div>\n\t\t\t\t<div class=\"elementor-element elementor-element-1155b74 elementor-widget elementor-widget-text-editor\" data-id=\"1155b74\" data-element_type=\"widget\" data-widget_type=\"text-editor.default\">\n\t\t\t\t<div class=\"elementor-widget-container\">\n\t\t\t\t\t\t\t\t\t<h3>Diagnostic 360\u00b0<\/h3><p>Pour engager votre transformation num\u00e9rique, il faut avant tout faire un \u00e9tat des lieux ! Echangez avec votre\u00a0 conseiller CCI dans le cadre d\u2019un face \u00e0 face en pr\u00e9sentiel ou en distanciel et r\u00e9alisez votre diagnostic.<\/p><p>\u00a0<\/p><h3>Appui personnalis\u00e9<\/h3><p>Votre conseiller vous aide \u00e0 identifier les points forts et les points faibles de votre utilisation digitale et \u00e0 d\u00e9finir un plan d\u2019actions pour engager les d\u00e9marches prioritaires, telles que :<\/p><ul><li>Cr\u00e9er et d\u00e9velopper votre site Internet<\/li><li>D\u00e9velopper votre visibilit\u00e9 en ligne<\/li><li>D\u00e9velopper vos comp\u00e9tences num\u00e9riques<\/li><li>Monter un dossier de demande de financement<\/li><li>Etc.<\/li><\/ul><h3>\u00a0<\/h3><h3>Accompagnement collectif<\/h3><p>Tout au long de l\u2019ann\u00e9e, la CCI de Corse organise des actions collectives pour soutenir les entreprises dans leur transition num\u00e9rique : ateliers th\u00e9matiques, dispositifs de soutien, op\u00e9rations de sensibilisation, etc.<\/p>\t\t\t\t\t\t\t\t<\/div>\n\t\t\t\t<\/div>\n\t\t\t\t\t<\/div>\n\t\t\t\t<\/div>\n\t\t<div class=\"elementor-element elementor-element-104502c e-flex e-con-boxed e-con e-parent\" data-id=\"104502c\" data-element_type=\"container\">\n\t\t\t\t\t<div class=\"e-con-inner\">\n\t\t\t\t<div class=\"elementor-element elementor-element-8a61a7d elementor-cta--skin-classic elementor-animated-content elementor-bg-transform elementor-bg-transform-zoom-in elementor-widget elementor-widget-call-to-action\" data-id=\"8a61a7d\" data-element_type=\"widget\" data-widget_type=\"call-to-action.default\">\n\t\t\t\t<div class=\"elementor-widget-container\">\n\t\t\t\t\t\t\t<div class=\"elementor-cta\">\n\t\t\t\t\t\t\t<div class=\"elementor-cta__content\">\n\t\t\t\t\n\t\t\t\t\t\t\t\t\t<h3 class=\"elementor-cta__title elementor-cta__content-item elementor-content-item\">\n\t\t\t\t\t\tCybers\u00e9curit\u00e9\t\t\t\t\t<\/h3>\n\t\t\t\t\n\t\t\t\t\t\t\t\t\t<div class=\"elementor-cta__description elementor-cta__content-item elementor-content-item\">\n\t\t\t\t\t\tLa s\u00e9curit\u00e9 num\u00e9rique doit \u00eatre une priorit\u00e9 incontournable pour toutes les Entreprises et les Collectivit\u00e9s de notre \u00eele.\t\t\t\t\t<\/div>\n\t\t\t\t\n\t\t\t\t\t\t\t\t\t<div class=\"elementor-cta__button-wrapper elementor-cta__content-item elementor-content-item\">\n\t\t\t\t\t<a class=\"elementor-cta__button elementor-button elementor-size-\" href=\"https:\/\/www.cci.corsica\/co\/cybersecurite\/\">\n\t\t\t\t\t\tEn savoir plus\t\t\t\t\t<\/a>\n\t\t\t\t\t<\/div>\n\t\t\t\t\t\t\t<\/div>\n\t\t\t\t\t\t<\/div>\n\t\t\t\t\t\t<\/div>\n\t\t\t\t<\/div>\n\t\t\t\t<div class=\"elementor-element elementor-element-6ee9015 elementor-cta--skin-classic elementor-animated-content elementor-bg-transform elementor-bg-transform-zoom-in elementor-widget elementor-widget-call-to-action\" data-id=\"6ee9015\" data-element_type=\"widget\" data-widget_type=\"call-to-action.default\">\n\t\t\t\t<div class=\"elementor-widget-container\">\n\t\t\t\t\t\t\t<div class=\"elementor-cta\">\n\t\t\t\t\t\t\t<div class=\"elementor-cta__content\">\n\t\t\t\t\n\t\t\t\t\t\t\t\t\t<h3 class=\"elementor-cta__title elementor-cta__content-item elementor-content-item\">\n\t\t\t\t\t\tAteliers Google Num\u00e9riques\t\t\t\t\t<\/h3>\n\t\t\t\t\n\t\t\t\t\t\t\t\t\t<div class=\"elementor-cta__description elementor-cta__content-item elementor-content-item\">\n\t\t\t\t\t\tLa Chambre de Commerce et d\u2019Industrie de Corse, avec le soutien de l\u2019Agence de D\u00e9veloppement Economique de la Corse, vous propose des webinaires gratuits anim\u00e9s par des coachs Google. Pour monter en comp\u00e9tences sur le web et d\u00e9velopper votre entreprise participez aux prochaines sessions. \t\t\t\t\t<\/div>\n\t\t\t\t\n\t\t\t\t\t\t\t\t\t<div class=\"elementor-cta__button-wrapper elementor-cta__content-item elementor-content-item\">\n\t\t\t\t\t<a class=\"elementor-cta__button elementor-button elementor-size-\" href=\"https:\/\/www.cci.corsica\/co\/google-ateliers-numeriques-2026\/\">\n\t\t\t\t\t\tEn savoir plus\t\t\t\t\t<\/a>\n\t\t\t\t\t<\/div>\n\t\t\t\t\t\t\t<\/div>\n\t\t\t\t\t\t<\/div>\n\t\t\t\t\t\t<\/div>\n\t\t\t\t<\/div>\n\t\t\t\t<div class=\"elementor-element elementor-element-04d56ce elementor-cta--skin-classic elementor-animated-content elementor-bg-transform elementor-bg-transform-zoom-in elementor-widget elementor-widget-call-to-action\" data-id=\"04d56ce\" data-element_type=\"widget\" data-widget_type=\"call-to-action.default\">\n\t\t\t\t<div class=\"elementor-widget-container\">\n\t\t\t\t\t\t\t<div class=\"elementor-cta\">\n\t\t\t\t\t\t\t<div class=\"elementor-cta__content\">\n\t\t\t\t\n\t\t\t\t\t\t\t\t\t<h3 class=\"elementor-cta__title elementor-cta__content-item elementor-content-item\">\n\t\t\t\t\t\tBarom\u00e8tre cybers\u00e9curit\u00e9 \t\t\t\t\t<\/h3>\n\t\t\t\t\n\t\t\t\t\t\t\t\t\t<div class=\"elementor-cta__description elementor-cta__content-item elementor-content-item\">\n\t\t\t\t\t\tEn r\u00e9pondant \u00e0 ce questionnaire, vous contribuerez \u00e0 \u00e9valuer les pratiques en mati\u00e8re de s\u00e9curit\u00e9 num\u00e9rique et b\u00e9n\u00e9ficierez de conseils personnalis\u00e9s.\t\t\t\t\t<\/div>\n\t\t\t\t\n\t\t\t\t\t\t\t\t\t<div class=\"elementor-cta__button-wrapper elementor-cta__content-item elementor-content-item\">\n\t\t\t\t\t<a class=\"elementor-cta__button elementor-button elementor-size-\" href=\"https:\/\/www.cci.corsica\/co\/barometre-cybersecurite\/\">\n\t\t\t\t\t\tEn savoir plus\t\t\t\t\t<\/a>\n\t\t\t\t\t<\/div>\n\t\t\t\t\t\t\t<\/div>\n\t\t\t\t\t\t<\/div>\n\t\t\t\t\t\t<\/div>\n\t\t\t\t<\/div>\n\t\t\t\t\t<\/div>\n\t\t\t\t<\/div>\n\t\t\t\t<\/div>","protected":false},"excerpt":{"rendered":"<p>La transformation num\u00e9rique des entreprises est devenue un enjeu majeur pour renforcer leurs performances. La CCI de Corse vous propose des solutions et des outils adapt\u00e9s \u00e0 vos besoins et \u00e0 vos ressources.<\/p>","protected":false},"author":4,"featured_media":108,"parent":0,"menu_order":0,"comment_status":"closed","ping_status":"closed","template":"","meta":{"_acf_changed":false,"_seopress_robots_primary_cat":"","_seopress_titles_title":"","_seopress_titles_desc":"","_seopress_robots_index":"","footnotes":""},"categorie-page":[],"type-de-page":[52],"class_list":["post-1109","page","type-page","status-publish","has-post-thumbnail","hentry","type-de-page-numerique"],"acf":[],"_links":{"self":[{"href":"https:\/\/www.cci.corsica\/co\/wp-json\/wp\/v2\/pages\/1109","targetHints":{"allow":["GET"]}}],"collection":[{"href":"https:\/\/www.cci.corsica\/co\/wp-json\/wp\/v2\/pages"}],"about":[{"href":"https:\/\/www.cci.corsica\/co\/wp-json\/wp\/v2\/types\/page"}],"author":[{"embeddable":true,"href":"https:\/\/www.cci.corsica\/co\/wp-json\/wp\/v2\/users\/4"}],"replies":[{"embeddable":true,"href":"https:\/\/www.cci.corsica\/co\/wp-json\/wp\/v2\/comments?post=1109"}],"version-history":[{"count":38,"href":"https:\/\/www.cci.corsica\/co\/wp-json\/wp\/v2\/pages\/1109\/revisions"}],"predecessor-version":[{"id":9331,"href":"https:\/\/www.cci.corsica\/co\/wp-json\/wp\/v2\/pages\/1109\/revisions\/9331"}],"wp:featuredmedia":[{"embeddable":true,"href":"https:\/\/www.cci.corsica\/co\/wp-json\/wp\/v2\/media\/108"}],"wp:attachment":[{"href":"https:\/\/www.cci.corsica\/co\/wp-json\/wp\/v2\/media?parent=1109"}],"wp:term":[{"taxonomy":"categorie-page","embeddable":true,"href":"https:\/\/www.cci.corsica\/co\/wp-json\/wp\/v2\/categorie-page?post=1109"},{"taxonomy":"type-de-page","embeddable":true,"href":"https:\/\/www.cci.corsica\/co\/wp-json\/wp\/v2\/type-de-page?post=1109"}],"curies":[{"name":"wp","href":"https:\/\/api.w.org\/{rel}","templated":true}]}}