{"id":1116,"date":"2024-05-09T16:47:32","date_gmt":"2024-05-09T14:47:32","guid":{"rendered":"https:\/\/www.cci.corsica\/?page_id=1116"},"modified":"2024-07-16T16:33:54","modified_gmt":"2024-07-16T14:33:54","slug":"immatriculer-modifier-ou-radier-une-entreprise","status":"publish","type":"page","link":"https:\/\/www.cci.corsica\/co\/immatriculer-modifier-ou-radier-une-entreprise\/","title":{"rendered":"Immatriculer, modifier ou radier une entreprise"},"content":{"rendered":"<div data-elementor-type=\"wp-page\" data-elementor-id=\"1116\" class=\"elementor elementor-1116\" data-elementor-post-type=\"page\">\n\t\t\t\t<div class=\"elementor-element elementor-element-d2b6247 e-flex e-con-boxed e-con e-parent\" data-id=\"d2b6247\" data-element_type=\"container\">\n\t\t\t\t\t<div class=\"e-con-inner\">\n\t\t\t\t<div class=\"elementor-element elementor-element-f202617 elementor-widget elementor-widget-text-editor\" data-id=\"f202617\" data-element_type=\"widget\" data-widget_type=\"text-editor.default\">\n\t\t\t\t<div class=\"elementor-widget-container\">\n\t\t\t\t\t\t\t\t\t<p>Votre CCI est \u00e0 vos c\u00f4t\u00e9s et vous informe sur les d\u00e9marches administratives \u00e0 effectuer. Si vous le souhaitez, nous pouvons intervenir \u00e0 votre place dans l\u2019accomplissement de vos d\u00e9marches.<\/p>\t\t\t\t\t\t\t\t<\/div>\n\t\t\t\t<\/div>\n\t\t\t\t\t<\/div>\n\t\t\t\t<\/div>\n\t\t\t\t<\/div>","protected":false},"excerpt":{"rendered":"<p>Votre CCI est \u00e0 vos c\u00f4t\u00e9s et vous informe sur les d\u00e9marches administratives \u00e0 effectuer. Si vous le souhaitez, nous pouvons intervenir \u00e0 votre place dans l\u2019accomplissement de vos d\u00e9marches.<\/p>","protected":false},"author":4,"featured_media":0,"parent":0,"menu_order":0,"comment_status":"closed","ping_status":"closed","template":"","meta":{"_acf_changed":false,"_seopress_robots_primary_cat":"","_seopress_titles_title":"","_seopress_titles_desc":"","_seopress_robots_index":"","footnotes":""},"categorie-page":[],"type-de-page":[51],"class_list":["post-1116","page","type-page","status-publish","hentry","type-de-page-formalite"],"acf":[],"_links":{"self":[{"href":"https:\/\/www.cci.corsica\/co\/wp-json\/wp\/v2\/pages\/1116","targetHints":{"allow":["GET"]}}],"collection":[{"href":"https:\/\/www.cci.corsica\/co\/wp-json\/wp\/v2\/pages"}],"about":[{"href":"https:\/\/www.cci.corsica\/co\/wp-json\/wp\/v2\/types\/page"}],"author":[{"embeddable":true,"href":"https:\/\/www.cci.corsica\/co\/wp-json\/wp\/v2\/users\/4"}],"replies":[{"embeddable":true,"href":"https:\/\/www.cci.corsica\/co\/wp-json\/wp\/v2\/comments?post=1116"}],"version-history":[{"count":10,"href":"https:\/\/www.cci.corsica\/co\/wp-json\/wp\/v2\/pages\/1116\/revisions"}],"predecessor-version":[{"id":2955,"href":"https:\/\/www.cci.corsica\/co\/wp-json\/wp\/v2\/pages\/1116\/revisions\/2955"}],"wp:attachment":[{"href":"https:\/\/www.cci.corsica\/co\/wp-json\/wp\/v2\/media?parent=1116"}],"wp:term":[{"taxonomy":"categorie-page","embeddable":true,"href":"https:\/\/www.cci.corsica\/co\/wp-json\/wp\/v2\/categorie-page?post=1116"},{"taxonomy":"type-de-page","embeddable":true,"href":"https:\/\/www.cci.corsica\/co\/wp-json\/wp\/v2\/type-de-page?post=1116"}],"curies":[{"name":"wp","href":"https:\/\/api.w.org\/{rel}","templated":true}]}}