{"id":1123,"date":"2024-05-09T17:08:53","date_gmt":"2024-05-09T15:08:53","guid":{"rendered":"https:\/\/www.cci.corsica\/?page_id=1123"},"modified":"2024-09-13T16:55:50","modified_gmt":"2024-09-13T14:55:50","slug":"obtenir-une-carte-dagent-immobilier","status":"publish","type":"page","link":"https:\/\/www.cci.corsica\/co\/obtenir-une-carte-dagent-immobilier\/","title":{"rendered":"Obtenir une carte professionnelle"},"content":{"rendered":"<div data-elementor-type=\"wp-page\" data-elementor-id=\"1123\" class=\"elementor elementor-1123\" data-elementor-post-type=\"page\">\n\t\t\t\t<div class=\"elementor-element elementor-element-91f7eba e-con-full e-flex e-con e-parent\" data-id=\"91f7eba\" data-element_type=\"container\">\n\t\t\t\t<div class=\"elementor-element elementor-element-a4f1836 elementor-widget elementor-widget-heading\" data-id=\"a4f1836\" data-element_type=\"widget\" data-widget_type=\"heading.default\">\n\t\t\t\t<div class=\"elementor-widget-container\">\n\t\t\t\t\t<h2 class=\"elementor-heading-title elementor-size-default\">Obtenir une carte d'agent immobilier<\/h2>\t\t\t\t<\/div>\n\t\t\t\t<\/div>\n\t\t\t\t<div class=\"elementor-element elementor-element-c26514e elementor-widget elementor-widget-text-editor\" data-id=\"c26514e\" data-element_type=\"widget\" data-widget_type=\"text-editor.default\">\n\t\t\t\t<div class=\"elementor-widget-container\">\n\t\t\t\t\t\t\t\t\t<p>Vous souhaitez exercer une activit\u00e9 immobili\u00e8re (agent immobilier, syndic de copropri\u00e9t\u00e9, administrateur de biens\u2026) ?<\/p><p>Vous devez obligatoirement \u00eatre titulaire d\u2019une carte professionnelle.<\/p>\t\t\t\t\t\t\t\t<\/div>\n\t\t\t\t<\/div>\n\t\t\t\t<div class=\"elementor-element elementor-element-0f5f258 elementor-widget elementor-widget-heading\" data-id=\"0f5f258\" data-element_type=\"widget\" data-widget_type=\"heading.default\">\n\t\t\t\t<div class=\"elementor-widget-container\">\n\t\t\t\t\t<h2 class=\"elementor-heading-title elementor-size-default\">Obtenir une carte de commer\u00e7ant ambulant<\/h2>\t\t\t\t<\/div>\n\t\t\t\t<\/div>\n\t\t\t\t<div class=\"elementor-element elementor-element-95708c7 elementor-widget elementor-widget-text-editor\" data-id=\"95708c7\" data-element_type=\"widget\" data-widget_type=\"text-editor.default\">\n\t\t\t\t<div class=\"elementor-widget-container\">\n\t\t\t\t\t\t\t\t\t<p>Pour exercer une activit\u00e9 commerciale sur la voie publique, les halles ou les march\u00e9s, vous devez, sauf exception, d\u00e9tenir une carte de commer\u00e7ant ambulant.<\/p>\t\t\t\t\t\t\t\t<\/div>\n\t\t\t\t<\/div>\n\t\t\t\t<\/div>\n\t\t\t\t<\/div>","protected":false},"excerpt":{"rendered":"<p>Vous souhaitez obtenir de l\u2019aide pour r\u00e9aliser vos formalit\u00e9s d\u2019entreprise, \u00eatre conseiller, les s\u00e9curiser et gagner du temps, confiez la r\u00e9alisation de vos formalit\u00e9s administratives \u00e0 un conseiller sp\u00e9cialis\u00e9 de la CCI de Corse<\/p>","protected":false},"author":4,"featured_media":0,"parent":0,"menu_order":0,"comment_status":"closed","ping_status":"closed","template":"","meta":{"_acf_changed":false,"_seopress_robots_primary_cat":"","_seopress_titles_title":"","_seopress_titles_desc":"Vous souhaitez obtenir de l\u2019aide pour r\u00e9aliser vos formalit\u00e9s d\u2019entreprise, \u00eatre conseiller, les s\u00e9curiser et gagner du temps, confiez la r\u00e9alisation de vos formalit\u00e9s administratives \u00e0 un conseiller sp\u00e9cialis\u00e9 de la CCI de Corse","_seopress_robots_index":"","footnotes":""},"categorie-page":[],"type-de-page":[51],"class_list":["post-1123","page","type-page","status-publish","hentry","type-de-page-formalite"],"acf":[],"_links":{"self":[{"href":"https:\/\/www.cci.corsica\/co\/wp-json\/wp\/v2\/pages\/1123","targetHints":{"allow":["GET"]}}],"collection":[{"href":"https:\/\/www.cci.corsica\/co\/wp-json\/wp\/v2\/pages"}],"about":[{"href":"https:\/\/www.cci.corsica\/co\/wp-json\/wp\/v2\/types\/page"}],"author":[{"embeddable":true,"href":"https:\/\/www.cci.corsica\/co\/wp-json\/wp\/v2\/users\/4"}],"replies":[{"embeddable":true,"href":"https:\/\/www.cci.corsica\/co\/wp-json\/wp\/v2\/comments?post=1123"}],"version-history":[{"count":12,"href":"https:\/\/www.cci.corsica\/co\/wp-json\/wp\/v2\/pages\/1123\/revisions"}],"predecessor-version":[{"id":5852,"href":"https:\/\/www.cci.corsica\/co\/wp-json\/wp\/v2\/pages\/1123\/revisions\/5852"}],"wp:attachment":[{"href":"https:\/\/www.cci.corsica\/co\/wp-json\/wp\/v2\/media?parent=1123"}],"wp:term":[{"taxonomy":"categorie-page","embeddable":true,"href":"https:\/\/www.cci.corsica\/co\/wp-json\/wp\/v2\/categorie-page?post=1123"},{"taxonomy":"type-de-page","embeddable":true,"href":"https:\/\/www.cci.corsica\/co\/wp-json\/wp\/v2\/type-de-page?post=1123"}],"curies":[{"name":"wp","href":"https:\/\/api.w.org\/{rel}","templated":true}]}}