{"id":1130,"date":"2024-05-09T17:13:09","date_gmt":"2024-05-09T15:13:09","guid":{"rendered":"https:\/\/www.cci.corsica\/?page_id=1130"},"modified":"2024-09-13T16:56:28","modified_gmt":"2024-09-13T14:56:28","slug":"signer-numeriquement-ses-documents","status":"publish","type":"page","link":"https:\/\/www.cci.corsica\/co\/signer-numeriquement-ses-documents\/","title":{"rendered":"Signer num\u00e9riquement ses documents"},"content":{"rendered":"<div data-elementor-type=\"wp-page\" data-elementor-id=\"1130\" class=\"elementor elementor-1130\" data-elementor-post-type=\"page\">\n\t\t\t\t<div class=\"elementor-element elementor-element-fe6768e e-flex e-con-boxed e-con e-parent\" data-id=\"fe6768e\" data-element_type=\"container\">\n\t\t\t\t\t<div class=\"e-con-inner\">\n\t\t\t\t<div class=\"elementor-element elementor-element-504eda5 elementor-widget elementor-widget-text-editor\" data-id=\"504eda5\" data-element_type=\"widget\" data-widget_type=\"text-editor.default\">\n\t\t\t\t<div class=\"elementor-widget-container\">\n\t\t\t\t\t\t\t\t\t<p><strong>Vous voulez r\u00e9pondre \u00e0 des appels d\u2019offres ? S\u00e9curiser vos donn\u00e9es ou vos connexions ?<\/strong><\/p><p><strong>Authentifier vos documents ?<\/strong><\/p><p><strong>Gagner du temps et de l\u2019argent en simplifiant vos d\u00e9marches administratives ?<\/strong><\/p><p>\u21d2 Utilisez <a href=\"https:\/\/www.chambersign.fr\/\">https:\/\/www.chambersign.fr\/<\/a>, notre solution de signatures et certificats \u00e9lectroniques.<\/p><p>\u21d2 Un certificat \u00e9lectronique conforme Norme eIDAS r\u00e9f\u00e9renc\u00e9 sur toutes les plateformes \u00e9tatiques.<\/p>\t\t\t\t\t\t\t\t<\/div>\n\t\t\t\t<\/div>\n\t\t\t\t\t<\/div>\n\t\t\t\t<\/div>\n\t\t<div class=\"elementor-element elementor-element-a9d5a98 e-flex e-con-boxed e-con e-parent\" data-id=\"a9d5a98\" data-element_type=\"container\">\n\t\t\t\t\t<div class=\"e-con-inner\">\n\t\t\t\t<div class=\"elementor-element elementor-element-2abf8b1 elementor-widget elementor-widget-text-editor\" data-id=\"2abf8b1\" data-element_type=\"widget\" data-widget_type=\"text-editor.default\">\n\t\t\t\t<div class=\"elementor-widget-container\">\n\t\t\t\t\t\t\t\t\t<div class=\"vc_row wpb_row section vc_row-fluid\"><div class=\"full_section_inner clearfix\"><div class=\"wpb_column vc_column_container vc_col-sm-12\"><div class=\"vc_column-inner\"><div class=\"wpb_wrapper\"><div class=\"wpb_text_column wpb_content_element\"><div class=\"wpb_wrapper\"><div class=\"product__paragraph\"><div class=\"field field--name-field-paragraphs-left field--type-entity-reference-revisions field--label-hidden field__items\"><div class=\"field__item\"><div class=\"paragraph paragraph--type--editorial paragraph--view-mode--default\"><div class=\"clearfix text-formatted field field--name-field-description field--type-text-long field--label-hidden field__item\"><p class=\"rtejustify\">La certification \u00e9lectronique vous permet de :<\/p><ul><li class=\"rtejustify\"><strong>\u00c9changer<\/strong>\u00a0de mani\u00e8re\u00a0l\u00e9gale et s\u00e9curis\u00e9e\u00a0(contrats, factures, mails\u2026) et de garantir la confidentialit\u00e9,<\/li><li class=\"rtejustify\"><strong>Prot\u00e9ger<\/strong>\u00a0les messages et les documents de toute alt\u00e9ration ou de toute falsification,<\/li><li class=\"rtejustify\"><strong>Certifier<\/strong>\u00a0l\u2019identit\u00e9 du signataire et de l\u2019entit\u00e9,<\/li><li class=\"rtejustify\"><strong>Effectuer<\/strong>\u00a0vos formalit\u00e9s administratives,<\/li><li class=\"rtejustify\"><strong>Acc\u00e9der<\/strong>\u00a0\u00e0 des \u00e9changes commerciaux (place de march\u00e9 \u00e9lectronique ou e-commerce),<\/li><li class=\"rtejustify\"><strong>S\u00e9curiser<\/strong>\u00a0les paiements.<\/li><\/ul><\/div><\/div><\/div><\/div><\/div><\/div><\/div><div class=\"vc_empty_space\">\u00a0<\/div><\/div><\/div><\/div><\/div><\/div><div class=\"vc_row wpb_row section vc_row-fluid\"><div class=\"full_section_inner clearfix\"><div class=\"wpb_column vc_column_container vc_col-sm-12\"><div class=\"vc_column-inner\"><div class=\"wpb_wrapper\"><div class=\"wpb_text_column wpb_content_element\"><div class=\"wpb_wrapper\"><p>La\u00a0<strong>CCI de Corse<\/strong>\u00a0vous propose du conseil et un accompagnement sur-mesure vers les solutions les plus adapt\u00e9es \u00e0 l\u2019entreprise : ChamberSign, autorit\u00e9 de certification des CCI en France.<\/p><p>En utilisant un certificat<a href=\"https:\/\/www.chambersign.fr\/\" target=\"_blank\" rel=\"noopener\">\u00a0Chambersign<\/a>, vous donnez \u00e0 votre signature \u00e9lectronique\u00a0<strong>la m\u00eame valeur juridique qu\u2019une signature manuscrite<\/strong>. Notre large gamme de produits est en mesure de r\u00e9pondre aux exigences des proc\u00e9dures d\u00e9mat\u00e9rialis\u00e9es.<\/p><\/div><\/div><div class=\"vc_empty_space\">\u00a0<\/div><div class=\"wpb_text_column wpb_content_element\"><div class=\"wpb_wrapper\"><h3 class=\"rtejustify\">Vos objectifs<\/h3><div class=\"field field-name-field-sol-objectif field-type-text-long field-label-hidden\"><div class=\"field-items\"><div class=\"field-item even\"><ul><li><strong>Simplifier et acc\u00e9l\u00e9rer<\/strong>\u00a0toutes vos d\u00e9marches administratives<\/li><li><strong>Prot\u00e9ger l\u2019identit\u00e9 num\u00e9rique<\/strong>\u00a0de votre entreprise et de l\u2019utilisateur<\/li><li><strong>Faciliter l\u2019acc\u00e8s \u00e0 des march\u00e9s<\/strong>\u00a0qui imposent des \u00e9changes d\u00e9mat\u00e9rialis\u00e9s<\/li><\/ul><\/div><div class=\"wpb_text_column wpb_content_element\"><div class=\"wpb_wrapper\"><div class=\"field field-name-field-sol-objectif field-type-text-long field-label-hidden\"><div class=\"field-items\"><div class=\"field-item even\"><h2>\u00a0<\/h2><h3>Notre solution<\/h3><p class=\"rtejustify\"><strong>Les conseillers de la CCI de Corse vous accompagnent gratuitement et dans les meilleurs d\u00e9lais dans vos d\u00e9marches. D\u00e9couvrez plusieurs solutions adapt\u00e9es \u00e0 vos usages.\u00a0<\/strong><\/p><p>La CCI de Corse facilite vos d\u00e9marches d\u2019obtention, vous programme un rendez-vous pour la remise de votre certificat de signature \u00e9lectronique, vous conseille et vous informe sur les modalit\u00e9s d\u2019usage.<\/p><\/div><\/div><\/div><\/div><\/div><\/div><\/div><\/div><\/div><\/div><\/div><\/div><\/div><\/div>\t\t\t\t\t\t\t\t<\/div>\n\t\t\t\t<\/div>\n\t\t\t\t\t<\/div>\n\t\t\t\t<\/div>\n\t\t\t\t<\/div>","protected":false},"excerpt":{"rendered":"<p>Vous voulez r\u00e9pondre \u00e0 des appels d\u2019offres ? S\u00e9curiser vos donn\u00e9es ou vos connexions ? Authentifier vos documents ? Gagner du temps et de l\u2019argent en simplifiant vos d\u00e9marches administratives ? \u21d2 Utilisez https:\/\/www.chambersign.fr\/, notre solution de signatures et certificats \u00e9lectroniques. \u21d2 Un certificat \u00e9lectronique conforme Norme eIDAS r\u00e9f\u00e9renc\u00e9 sur toutes les plateformes \u00e9tatiques. La [&hellip;]<\/p>\n","protected":false},"author":4,"featured_media":0,"parent":0,"menu_order":0,"comment_status":"closed","ping_status":"closed","template":"","meta":{"_acf_changed":false,"_seopress_robots_primary_cat":"","_seopress_titles_title":"","_seopress_titles_desc":"","_seopress_robots_index":"","footnotes":""},"categorie-page":[],"type-de-page":[8],"class_list":["post-1130","page","type-page","status-publish","hentry","type-de-page-page-sans-image"],"acf":[],"_links":{"self":[{"href":"https:\/\/www.cci.corsica\/co\/wp-json\/wp\/v2\/pages\/1130","targetHints":{"allow":["GET"]}}],"collection":[{"href":"https:\/\/www.cci.corsica\/co\/wp-json\/wp\/v2\/pages"}],"about":[{"href":"https:\/\/www.cci.corsica\/co\/wp-json\/wp\/v2\/types\/page"}],"author":[{"embeddable":true,"href":"https:\/\/www.cci.corsica\/co\/wp-json\/wp\/v2\/users\/4"}],"replies":[{"embeddable":true,"href":"https:\/\/www.cci.corsica\/co\/wp-json\/wp\/v2\/comments?post=1130"}],"version-history":[{"count":13,"href":"https:\/\/www.cci.corsica\/co\/wp-json\/wp\/v2\/pages\/1130\/revisions"}],"predecessor-version":[{"id":5855,"href":"https:\/\/www.cci.corsica\/co\/wp-json\/wp\/v2\/pages\/1130\/revisions\/5855"}],"wp:attachment":[{"href":"https:\/\/www.cci.corsica\/co\/wp-json\/wp\/v2\/media?parent=1130"}],"wp:term":[{"taxonomy":"categorie-page","embeddable":true,"href":"https:\/\/www.cci.corsica\/co\/wp-json\/wp\/v2\/categorie-page?post=1130"},{"taxonomy":"type-de-page","embeddable":true,"href":"https:\/\/www.cci.corsica\/co\/wp-json\/wp\/v2\/type-de-page?post=1130"}],"curies":[{"name":"wp","href":"https:\/\/api.w.org\/{rel}","templated":true}]}}