{"id":1545,"date":"2024-05-11T19:47:38","date_gmt":"2024-05-11T17:47:38","guid":{"rendered":"https:\/\/www.cci.corsica\/?page_id=1545"},"modified":"2024-07-18T22:02:19","modified_gmt":"2024-07-18T20:02:19","slug":"schemas-sectoriels","status":"publish","type":"page","link":"https:\/\/www.cci.corsica\/co\/schemas-sectoriels\/","title":{"rendered":"Sch\u00e9mas sectoriels"},"content":{"rendered":"<div data-elementor-type=\"wp-page\" data-elementor-id=\"1545\" class=\"elementor elementor-1545\" data-elementor-post-type=\"page\">\n\t\t\t\t<div class=\"elementor-element elementor-element-a510a9b e-flex e-con-boxed e-con e-parent\" data-id=\"a510a9b\" data-element_type=\"container\">\n\t\t\t\t\t<div class=\"e-con-inner\">\n\t\t\t\t<div class=\"elementor-element elementor-element-92ebee6 elementor-widget elementor-widget-text-editor\" data-id=\"92ebee6\" data-element_type=\"widget\" data-widget_type=\"text-editor.default\">\n\t\t\t\t<div class=\"elementor-widget-container\">\n\t\t\t\t\t\t\t\t\t<p>Les sch\u00e9mas sectoriels encadrent les projets de la CCI dans les domaines suivants pr\u00e9vus par le Code de Commerce :\u00a0<\/p><ul><li>Appui aux Territoires<\/li><li>Repr\u00e9sentations des Entreprises\u00a0<\/li><li>Gestion d&rsquo;\u00c9quipements<\/li><li>Formation, Enseignement et Emploi<\/li><li>Appui aux Entreprises<\/li><\/ul>\t\t\t\t\t\t\t\t<\/div>\n\t\t\t\t<\/div>\n\t\t\t\t\t<\/div>\n\t\t\t\t<\/div>\n\t\t<div class=\"elementor-element elementor-element-43d2c03 e-flex e-con-boxed e-con e-parent\" data-id=\"43d2c03\" data-element_type=\"container\">\n\t\t\t\t\t<div class=\"e-con-inner\">\n\t\t\t\t<div class=\"elementor-element elementor-element-1b8b32d elementor-widget__width-initial elementor-widget elementor-widget-image\" data-id=\"1b8b32d\" data-element_type=\"widget\" data-widget_type=\"image.default\">\n\t\t\t\t<div class=\"elementor-widget-container\">\n\t\t\t\t\t\t\t\t\t\t\t\t<figure class=\"wp-caption\">\n\t\t\t\t\t\t\t\t\t\t\t<a href=\"https:\/\/www.cci.corsica\/wp-content\/uploads\/2024\/05\/SS-AT.pdf\" target=\"_blank\">\n\t\t\t\t\t\t\t<img fetchpriority=\"high\" decoding=\"async\" width=\"677\" height=\"1024\" src=\"https:\/\/www.cci.corsica\/wp-content\/uploads\/2024\/05\/SS-AT-677x1024.jpg\" class=\"attachment-large size-large wp-image-1550\" alt=\"Couverture du sch\u00e9ma sectoriel &quot;appui aux territoires&quot;\" srcset=\"https:\/\/www.cci.corsica\/wp-content\/uploads\/2024\/05\/SS-AT-677x1024.jpg 677w, https:\/\/www.cci.corsica\/wp-content\/uploads\/2024\/05\/SS-AT-198x300.jpg 198w, https:\/\/www.cci.corsica\/wp-content\/uploads\/2024\/05\/SS-AT-768x1161.jpg 768w, https:\/\/www.cci.corsica\/wp-content\/uploads\/2024\/05\/SS-AT-1016x1536.jpg 1016w, https:\/\/www.cci.corsica\/wp-content\/uploads\/2024\/05\/SS-AT-scaled.jpg 1355w, https:\/\/www.cci.corsica\/wp-content\/uploads\/2024\/05\/SS-AT-8x12.jpg 8w\" sizes=\"(max-width: 677px) 100vw, 677px\" \/>\t\t\t\t\t\t\t\t<\/a>\n\t\t\t\t\t\t\t\t\t\t\t<figcaption class=\"widget-image-caption wp-caption-text\">Appui aux territoires<\/figcaption>\n\t\t\t\t\t\t\t\t\t\t<\/figure>\n\t\t\t\t\t\t\t\t\t<\/div>\n\t\t\t\t<\/div>\n\t\t\t\t<div class=\"elementor-element elementor-element-409ab2a elementor-widget__width-initial elementor-widget elementor-widget-image\" data-id=\"409ab2a\" data-element_type=\"widget\" data-widget_type=\"image.default\">\n\t\t\t\t<div class=\"elementor-widget-container\">\n\t\t\t\t\t\t\t\t\t\t\t\t<figure class=\"wp-caption\">\n\t\t\t\t\t\t\t\t\t\t\t<a href=\"https:\/\/www.cci.corsica\/wp-content\/uploads\/2024\/05\/SS-RE.pdf\" target=\"_blank\">\n\t\t\t\t\t\t\t<img decoding=\"async\" width=\"677\" height=\"1024\" src=\"https:\/\/www.cci.corsica\/wp-content\/uploads\/2024\/05\/SS-RE-1-677x1024.jpg\" class=\"attachment-large size-large wp-image-1551\" alt=\"Couverture du sch\u00e9ma sectoriel &quot;repr\u00e9sentation des entreprises&quot;\" srcset=\"https:\/\/www.cci.corsica\/wp-content\/uploads\/2024\/05\/SS-RE-1-677x1024.jpg 677w, https:\/\/www.cci.corsica\/wp-content\/uploads\/2024\/05\/SS-RE-1-198x300.jpg 198w, https:\/\/www.cci.corsica\/wp-content\/uploads\/2024\/05\/SS-RE-1-768x1161.jpg 768w, https:\/\/www.cci.corsica\/wp-content\/uploads\/2024\/05\/SS-RE-1-1016x1536.jpg 1016w, https:\/\/www.cci.corsica\/wp-content\/uploads\/2024\/05\/SS-RE-1-scaled.jpg 1355w, https:\/\/www.cci.corsica\/wp-content\/uploads\/2024\/05\/SS-RE-1-8x12.jpg 8w\" sizes=\"(max-width: 677px) 100vw, 677px\" \/>\t\t\t\t\t\t\t\t<\/a>\n\t\t\t\t\t\t\t\t\t\t\t<figcaption class=\"widget-image-caption wp-caption-text\">Repr\u00e9sentation des entreprises<\/figcaption>\n\t\t\t\t\t\t\t\t\t\t<\/figure>\n\t\t\t\t\t\t\t\t\t<\/div>\n\t\t\t\t<\/div>\n\t\t\t\t<div class=\"elementor-element elementor-element-7580b03 elementor-widget__width-initial elementor-widget elementor-widget-image\" data-id=\"7580b03\" data-element_type=\"widget\" data-widget_type=\"image.default\">\n\t\t\t\t<div class=\"elementor-widget-container\">\n\t\t\t\t\t\t\t\t\t\t\t\t<figure class=\"wp-caption\">\n\t\t\t\t\t\t\t\t\t\t\t<a href=\"https:\/\/www.cci.corsica\/wp-content\/uploads\/2024\/05\/SS-GE.pdf\" target=\"_blank\">\n\t\t\t\t\t\t\t<img decoding=\"async\" width=\"677\" height=\"1024\" src=\"https:\/\/www.cci.corsica\/wp-content\/uploads\/2024\/05\/SS-GE-1-677x1024.jpg\" class=\"attachment-large size-large wp-image-1552\" alt=\"Couverture du sch\u00e9ma sectoriel &quot;gestion d&#039;\u00e9quipements&quot;\" srcset=\"https:\/\/www.cci.corsica\/wp-content\/uploads\/2024\/05\/SS-GE-1-677x1024.jpg 677w, https:\/\/www.cci.corsica\/wp-content\/uploads\/2024\/05\/SS-GE-1-198x300.jpg 198w, https:\/\/www.cci.corsica\/wp-content\/uploads\/2024\/05\/SS-GE-1-768x1161.jpg 768w, https:\/\/www.cci.corsica\/wp-content\/uploads\/2024\/05\/SS-GE-1-1016x1536.jpg 1016w, https:\/\/www.cci.corsica\/wp-content\/uploads\/2024\/05\/SS-GE-1-scaled.jpg 1355w, https:\/\/www.cci.corsica\/wp-content\/uploads\/2024\/05\/SS-GE-1-8x12.jpg 8w\" sizes=\"(max-width: 677px) 100vw, 677px\" \/>\t\t\t\t\t\t\t\t<\/a>\n\t\t\t\t\t\t\t\t\t\t\t<figcaption class=\"widget-image-caption wp-caption-text\">Gestion des \u00e9quipements<\/figcaption>\n\t\t\t\t\t\t\t\t\t\t<\/figure>\n\t\t\t\t\t\t\t\t\t<\/div>\n\t\t\t\t<\/div>\n\t\t\t\t<div class=\"elementor-element elementor-element-44b4f54 elementor-widget__width-initial elementor-widget elementor-widget-image\" data-id=\"44b4f54\" data-element_type=\"widget\" data-widget_type=\"image.default\">\n\t\t\t\t<div class=\"elementor-widget-container\">\n\t\t\t\t\t\t\t\t\t\t\t\t<figure class=\"wp-caption\">\n\t\t\t\t\t\t\t\t\t\t\t<a href=\"https:\/\/www.cci.corsica\/wp-content\/uploads\/2024\/05\/SS-FEE.pdf\" target=\"_blank\">\n\t\t\t\t\t\t\t<img loading=\"lazy\" decoding=\"async\" width=\"677\" height=\"1024\" src=\"https:\/\/www.cci.corsica\/wp-content\/uploads\/2024\/05\/SS-FEE-1-677x1024.jpg\" class=\"attachment-large size-large wp-image-1553\" alt=\"Couverture du sch\u00e9ma sectoriel &quot;formation, enseignement et emploi&quot;\" srcset=\"https:\/\/www.cci.corsica\/wp-content\/uploads\/2024\/05\/SS-FEE-1-677x1024.jpg 677w, https:\/\/www.cci.corsica\/wp-content\/uploads\/2024\/05\/SS-FEE-1-198x300.jpg 198w, https:\/\/www.cci.corsica\/wp-content\/uploads\/2024\/05\/SS-FEE-1-768x1161.jpg 768w, https:\/\/www.cci.corsica\/wp-content\/uploads\/2024\/05\/SS-FEE-1-1016x1536.jpg 1016w, https:\/\/www.cci.corsica\/wp-content\/uploads\/2024\/05\/SS-FEE-1-scaled.jpg 1355w, https:\/\/www.cci.corsica\/wp-content\/uploads\/2024\/05\/SS-FEE-1-8x12.jpg 8w\" sizes=\"(max-width: 677px) 100vw, 677px\" \/>\t\t\t\t\t\t\t\t<\/a>\n\t\t\t\t\t\t\t\t\t\t\t<figcaption class=\"widget-image-caption wp-caption-text\">Formation, enseignement et emploi<\/figcaption>\n\t\t\t\t\t\t\t\t\t\t<\/figure>\n\t\t\t\t\t\t\t\t\t<\/div>\n\t\t\t\t<\/div>\n\t\t\t\t<div class=\"elementor-element elementor-element-6d0d104 elementor-widget__width-initial elementor-widget elementor-widget-image\" data-id=\"6d0d104\" data-element_type=\"widget\" data-widget_type=\"image.default\">\n\t\t\t\t<div class=\"elementor-widget-container\">\n\t\t\t\t\t\t\t\t\t\t\t\t<figure class=\"wp-caption\">\n\t\t\t\t\t\t\t\t\t\t\t<a href=\"https:\/\/www.cci.corsica\/wp-content\/uploads\/2024\/05\/SS-AE.pdf\" target=\"_blank\">\n\t\t\t\t\t\t\t<img loading=\"lazy\" decoding=\"async\" width=\"677\" height=\"1024\" src=\"https:\/\/www.cci.corsica\/wp-content\/uploads\/2024\/05\/SS-AE-1-677x1024.jpg\" class=\"attachment-large size-large wp-image-1554\" alt=\"Couverture du sch\u00e9ma sectoriel &quot;appui aux entreprises&quot;\" srcset=\"https:\/\/www.cci.corsica\/wp-content\/uploads\/2024\/05\/SS-AE-1-677x1024.jpg 677w, https:\/\/www.cci.corsica\/wp-content\/uploads\/2024\/05\/SS-AE-1-198x300.jpg 198w, https:\/\/www.cci.corsica\/wp-content\/uploads\/2024\/05\/SS-AE-1-768x1161.jpg 768w, https:\/\/www.cci.corsica\/wp-content\/uploads\/2024\/05\/SS-AE-1-1016x1536.jpg 1016w, https:\/\/www.cci.corsica\/wp-content\/uploads\/2024\/05\/SS-AE-1-scaled.jpg 1355w, https:\/\/www.cci.corsica\/wp-content\/uploads\/2024\/05\/SS-AE-1-8x12.jpg 8w\" sizes=\"(max-width: 677px) 100vw, 677px\" \/>\t\t\t\t\t\t\t\t<\/a>\n\t\t\t\t\t\t\t\t\t\t\t<figcaption class=\"widget-image-caption wp-caption-text\">Appui aux entreprises<\/figcaption>\n\t\t\t\t\t\t\t\t\t\t<\/figure>\n\t\t\t\t\t\t\t\t\t<\/div>\n\t\t\t\t<\/div>\n\t\t\t\t\t<\/div>\n\t\t\t\t<\/div>\n\t\t\t\t<\/div>","protected":false},"excerpt":{"rendered":"<p>La CCI de Corse vous invite \u00e0 consulter ses 5 sch\u00e9mas sectoriels \u00e9labor\u00e9s et adopt\u00e9s dans le cadre de la strat\u00e9gie r\u00e9gionale, dans le respect des normes d&rsquo;intervention et des indicateurs d&rsquo;activit\u00e9 adopt\u00e9s par CCI France, et en coh\u00e9rence avec le PADDUC et le SRDEII adopt\u00e9s par la Collectivit\u00e9 de Corse.<\/p>","protected":false},"author":4,"featured_media":0,"parent":0,"menu_order":0,"comment_status":"closed","ping_status":"closed","template":"","meta":{"_acf_changed":false,"_seopress_robots_primary_cat":"","_seopress_titles_title":"","_seopress_titles_desc":"","_seopress_robots_index":"","footnotes":""},"categorie-page":[],"type-de-page":[8],"class_list":["post-1545","page","type-page","status-publish","hentry","type-de-page-page-sans-image"],"acf":[],"_links":{"self":[{"href":"https:\/\/www.cci.corsica\/co\/wp-json\/wp\/v2\/pages\/1545","targetHints":{"allow":["GET"]}}],"collection":[{"href":"https:\/\/www.cci.corsica\/co\/wp-json\/wp\/v2\/pages"}],"about":[{"href":"https:\/\/www.cci.corsica\/co\/wp-json\/wp\/v2\/types\/page"}],"author":[{"embeddable":true,"href":"https:\/\/www.cci.corsica\/co\/wp-json\/wp\/v2\/users\/4"}],"replies":[{"embeddable":true,"href":"https:\/\/www.cci.corsica\/co\/wp-json\/wp\/v2\/comments?post=1545"}],"version-history":[{"count":23,"href":"https:\/\/www.cci.corsica\/co\/wp-json\/wp\/v2\/pages\/1545\/revisions"}],"predecessor-version":[{"id":5103,"href":"https:\/\/www.cci.corsica\/co\/wp-json\/wp\/v2\/pages\/1545\/revisions\/5103"}],"wp:attachment":[{"href":"https:\/\/www.cci.corsica\/co\/wp-json\/wp\/v2\/media?parent=1545"}],"wp:term":[{"taxonomy":"categorie-page","embeddable":true,"href":"https:\/\/www.cci.corsica\/co\/wp-json\/wp\/v2\/categorie-page?post=1545"},{"taxonomy":"type-de-page","embeddable":true,"href":"https:\/\/www.cci.corsica\/co\/wp-json\/wp\/v2\/type-de-page?post=1545"}],"curies":[{"name":"wp","href":"https:\/\/api.w.org\/{rel}","templated":true}]}}