{"id":1902,"date":"2024-05-18T18:58:47","date_gmt":"2024-05-18T16:58:47","guid":{"rendered":"https:\/\/www.cci.corsica\/?page_id=1902"},"modified":"2024-05-25T15:42:20","modified_gmt":"2024-05-25T13:42:20","slug":"procedure-de-recueil-de-signalement-dalerte","status":"publish","type":"page","link":"https:\/\/www.cci.corsica\/co\/procedure-de-recueil-de-signalement-dalerte\/","title":{"rendered":"Proc\u00e9dure de recueil de signalement d&rsquo;alerte"},"content":{"rendered":"<div data-elementor-type=\"wp-page\" data-elementor-id=\"1902\" class=\"elementor elementor-1902\" data-elementor-post-type=\"page\">\n\t\t\t\t<div class=\"elementor-element elementor-element-388c971 e-flex e-con-boxed e-con e-parent\" data-id=\"388c971\" data-element_type=\"container\">\n\t\t\t\t\t<div class=\"e-con-inner\">\n\t\t\t\t<div class=\"elementor-element elementor-element-9fa3d6c elementor-widget elementor-widget-text-editor\" data-id=\"9fa3d6c\" data-element_type=\"widget\" data-widget_type=\"text-editor.default\">\n\t\t\t\t<div class=\"elementor-widget-container\">\n\t\t\t\t\t\t\t\t\t<p>La Chambre de commerce et d\u2019industrie de corse vous invite \u00e0 consulter la proc\u00e9dure de recueil des signalements \u00e9mis par les lanceurs d\u2019alerte au sein de la CCI de Corse :\u00a0<\/p>\t\t\t\t\t\t\t\t<\/div>\n\t\t\t\t<\/div>\n\t\t\t\t<div class=\"elementor-element elementor-element-e4cf1b2 elementor-widget elementor-widget-button\" data-id=\"e4cf1b2\" data-element_type=\"widget\" data-widget_type=\"button.default\">\n\t\t\t\t<div class=\"elementor-widget-container\">\n\t\t\t\t\t\t\t\t\t<div class=\"elementor-button-wrapper\">\n\t\t\t\t\t<a class=\"elementor-button elementor-button-link elementor-size-sm\" href=\"https:\/\/www.cci.corsica\/wp-content\/uploads\/2024\/05\/Procedure-recueil-signalement.pdf\" target=\"_blank\">\n\t\t\t\t\t\t<span class=\"elementor-button-content-wrapper\">\n\t\t\t\t\t\t\t\t\t<span class=\"elementor-button-text\">Proc\u00e9dure de recueil de signalement d\u2019alerte <\/span>\n\t\t\t\t\t<\/span>\n\t\t\t\t\t<\/a>\n\t\t\t\t<\/div>\n\t\t\t\t\t\t\t\t<\/div>\n\t\t\t\t<\/div>\n\t\t\t\t\t<\/div>\n\t\t\t\t<\/div>\n\t\t\t\t<\/div>","protected":false},"excerpt":{"rendered":"<p>La Chambre de commerce et d\u2019industrie de corse vous invite \u00e0 consulter la proc\u00e9dure de recueil des signalements \u00e9mis par les lanceurs d\u2019alerte au sein de la CCI de Corse :\u00a0 Proc\u00e9dure de recueil de signalement d\u2019alerte<\/p>","protected":false},"author":4,"featured_media":0,"parent":0,"menu_order":0,"comment_status":"closed","ping_status":"closed","template":"","meta":{"_acf_changed":false,"_seopress_robots_primary_cat":"","_seopress_titles_title":"","_seopress_titles_desc":"","_seopress_robots_index":"","footnotes":""},"categorie-page":[],"type-de-page":[8],"class_list":["post-1902","page","type-page","status-publish","hentry","type-de-page-page-sans-image"],"acf":[],"_links":{"self":[{"href":"https:\/\/www.cci.corsica\/co\/wp-json\/wp\/v2\/pages\/1902","targetHints":{"allow":["GET"]}}],"collection":[{"href":"https:\/\/www.cci.corsica\/co\/wp-json\/wp\/v2\/pages"}],"about":[{"href":"https:\/\/www.cci.corsica\/co\/wp-json\/wp\/v2\/types\/page"}],"author":[{"embeddable":true,"href":"https:\/\/www.cci.corsica\/co\/wp-json\/wp\/v2\/users\/4"}],"replies":[{"embeddable":true,"href":"https:\/\/www.cci.corsica\/co\/wp-json\/wp\/v2\/comments?post=1902"}],"version-history":[{"count":4,"href":"https:\/\/www.cci.corsica\/co\/wp-json\/wp\/v2\/pages\/1902\/revisions"}],"predecessor-version":[{"id":2671,"href":"https:\/\/www.cci.corsica\/co\/wp-json\/wp\/v2\/pages\/1902\/revisions\/2671"}],"wp:attachment":[{"href":"https:\/\/www.cci.corsica\/co\/wp-json\/wp\/v2\/media?parent=1902"}],"wp:term":[{"taxonomy":"categorie-page","embeddable":true,"href":"https:\/\/www.cci.corsica\/co\/wp-json\/wp\/v2\/categorie-page?post=1902"},{"taxonomy":"type-de-page","embeddable":true,"href":"https:\/\/www.cci.corsica\/co\/wp-json\/wp\/v2\/type-de-page?post=1902"}],"curies":[{"name":"wp","href":"https:\/\/api.w.org\/{rel}","templated":true}]}}