{"id":1964,"date":"2024-05-19T11:15:43","date_gmt":"2024-05-19T09:15:43","guid":{"rendered":"https:\/\/www.cci.corsica\/?page_id=1964"},"modified":"2024-09-13T16:58:35","modified_gmt":"2024-09-13T14:58:35","slug":"fichier-consulaire","status":"publish","type":"page","link":"https:\/\/www.cci.corsica\/co\/fichier-consulaire\/","title":{"rendered":"Fichier consulaire"},"content":{"rendered":"<div data-elementor-type=\"wp-page\" data-elementor-id=\"1964\" class=\"elementor elementor-1964\" data-elementor-post-type=\"page\">\n\t\t\t\t<div class=\"elementor-element elementor-element-d17e263 e-flex e-con-boxed e-con e-parent\" data-id=\"d17e263\" data-element_type=\"container\" data-settings=\"{&quot;background_background&quot;:&quot;classic&quot;}\">\n\t\t\t\t\t<div class=\"e-con-inner\">\n\t\t\t\t<div class=\"elementor-element elementor-element-9981906 elementor-widget elementor-widget-text-editor\" data-id=\"9981906\" data-element_type=\"widget\" data-widget_type=\"text-editor.default\">\n\t\t\t\t<div class=\"elementor-widget-container\">\n\t\t\t\t\t\t\t\t\t<div><p><span style=\"font-size: 16px\">Pour mener \u00e0 bien vos op\u00e9rations de prospection, de marketing ou de veilles, la CCI de CORSE vous propose une base de donn\u00e9es de plus de 30000 \u00e9tablissements inscrits au Registre du Commerce et des Soci\u00e9t\u00e9s.<\/span><\/p><\/div><div>\u00a0<\/div><div>Le fichier des entreprises de la CCI de Corse, c\u2019est :<\/div><div>\u2192\u00a0Une base de donn\u00e9es fiable de pr\u00e8s de 30 000\u00a0\u00e9tablissements<\/div><div>\u2192\u00a0Plus de 2000 \u00e9tablissements enregistr\u00e9es chaque ann\u00e9e<\/div><div>\u2192\u00a0Des mises\u00a0\u00e0\u00a0jour quotidiennes<\/div><div>\u2192\u00a0De nombreux crit\u00e8res de recherche\u00a0:<\/div><ul><li>Nomenclature INSEE (section\/division\/APE) <a href=\"https:\/\/www.insee.fr\/fr\/information\/2406147\" target=\"_blank\" rel=\"noopener\">Nomenclature d\u2019activit\u00e9s fran\u00e7aise | Insee<\/a><\/li><li>Cat\u00e9gorie<\/li><li>Forme juridique<\/li><li>Effectif<\/li><li>Zone g\u00e9ographique (r\u00e9gion\/d\u00e9partement\/communaut\u00e9 de communes\/commune)<\/li><li>Moyens de communication (t\u00e9l\u00e9phone\/mail)<\/li><li>Etc.<\/li><\/ul><div>\u00a0<\/div><div>\u00a0<\/div><h2>Nos produits<\/h2><div>\u2192 Fichiers pr\u00e9 d\u00e9finis :<\/div><ul><li>Etablissements de plus de 10 salari\u00e9s<\/li><li>Etablissements de plus de 50 salari\u00e9s<\/li><\/ul><div>\u2192 Fichiers sur mesure :<\/div><ul><li>Nous vous proposons un ciblage efficace en utilisant les crit\u00e8res disponibles, crois\u00e9s entres eux pour construire votre fichier.<\/li><\/ul><div>\u00a0<\/div><div>Contactez votre conseiller de afin d\u2019obtenir des conseils sur votre cible, votre collecte des donn\u00e9es et en savoir plus sur ce service.<\/div>\t\t\t\t\t\t\t\t<\/div>\n\t\t\t\t<\/div>\n\t\t\t\t\t<\/div>\n\t\t\t\t<\/div>\n\t\t\t\t<\/div>","protected":false},"excerpt":{"rendered":"<p>Pour mener \u00e0 bien vos op\u00e9rations de prospection, de marketing ou de veilles, la CCI de CORSE vous propose une base de donn\u00e9es de plus de 30000 \u00e9tablissements inscrits au Registre du Commerce et des Soci\u00e9t\u00e9s. \u00a0Le fichier des entreprises de la CCI de Corse, c\u2019est :\u2192\u00a0Une base de donn\u00e9es fiable de pr\u00e8s de 30 [&hellip;]<\/p>\n","protected":false},"author":4,"featured_media":2134,"parent":0,"menu_order":0,"comment_status":"closed","ping_status":"closed","template":"","meta":{"_acf_changed":false,"_seopress_robots_primary_cat":"","_seopress_titles_title":"","_seopress_titles_desc":"","_seopress_robots_index":"","footnotes":""},"categorie-page":[],"type-de-page":[50],"class_list":["post-1964","page","type-page","status-publish","has-post-thumbnail","hentry","type-de-page-fichier-consulaire"],"acf":[],"_links":{"self":[{"href":"https:\/\/www.cci.corsica\/co\/wp-json\/wp\/v2\/pages\/1964","targetHints":{"allow":["GET"]}}],"collection":[{"href":"https:\/\/www.cci.corsica\/co\/wp-json\/wp\/v2\/pages"}],"about":[{"href":"https:\/\/www.cci.corsica\/co\/wp-json\/wp\/v2\/types\/page"}],"author":[{"embeddable":true,"href":"https:\/\/www.cci.corsica\/co\/wp-json\/wp\/v2\/users\/4"}],"replies":[{"embeddable":true,"href":"https:\/\/www.cci.corsica\/co\/wp-json\/wp\/v2\/comments?post=1964"}],"version-history":[{"count":16,"href":"https:\/\/www.cci.corsica\/co\/wp-json\/wp\/v2\/pages\/1964\/revisions"}],"predecessor-version":[{"id":5861,"href":"https:\/\/www.cci.corsica\/co\/wp-json\/wp\/v2\/pages\/1964\/revisions\/5861"}],"wp:featuredmedia":[{"embeddable":true,"href":"https:\/\/www.cci.corsica\/co\/wp-json\/wp\/v2\/media\/2134"}],"wp:attachment":[{"href":"https:\/\/www.cci.corsica\/co\/wp-json\/wp\/v2\/media?parent=1964"}],"wp:term":[{"taxonomy":"categorie-page","embeddable":true,"href":"https:\/\/www.cci.corsica\/co\/wp-json\/wp\/v2\/categorie-page?post=1964"},{"taxonomy":"type-de-page","embeddable":true,"href":"https:\/\/www.cci.corsica\/co\/wp-json\/wp\/v2\/type-de-page?post=1964"}],"curies":[{"name":"wp","href":"https:\/\/api.w.org\/{rel}","templated":true}]}}