{"id":2015,"date":"2024-05-19T18:48:23","date_gmt":"2024-05-19T16:48:23","guid":{"rendered":"https:\/\/www.cci.corsica\/?page_id=2015"},"modified":"2024-07-17T10:43:14","modified_gmt":"2024-07-17T08:43:14","slug":"aide-a-la-transformation-des-debits-de-tabac-2023-2027","status":"publish","type":"page","link":"https:\/\/www.cci.corsica\/co\/aide-a-la-transformation-des-debits-de-tabac-2023-2027\/","title":{"rendered":"Aide \u00e0 la transformation des d\u00e9bits de tabac 2023-2027"},"content":{"rendered":"<div data-elementor-type=\"wp-page\" data-elementor-id=\"2015\" class=\"elementor elementor-2015\" data-elementor-post-type=\"page\">\n\t\t\t\t<div class=\"elementor-element elementor-element-af57c97 e-flex e-con-boxed e-con e-parent\" data-id=\"af57c97\" data-element_type=\"container\">\n\t\t\t\t\t<div class=\"e-con-inner\">\n\t\t\t\t<div class=\"elementor-element elementor-element-fa7fea7 elementor-widget elementor-widget-text-editor\" data-id=\"fa7fea7\" data-element_type=\"widget\" data-widget_type=\"text-editor.default\">\n\t\t\t\t<div class=\"elementor-widget-container\">\n\t\t\t\t\t\t\t\t\t<p><b>Cette aide s\u2019adresse \u00e0 tout d\u00e9bitant en activit\u00e9, g\u00e9rant un d\u00e9bit de tabac ordinaire, lorsqu\u2019il r\u00e9alise un investissement qui s\u2019inscrit dans un projet de transformation.<\/b><\/p><p>A noter : sont de nouveau \u00e9ligibles \u00e0 cette aide, uniquement les d\u00e9bits ayant b\u00e9n\u00e9fici\u00e9 du remboursement partiel d\u2019un audit qui n\u2019aurait pas \u00e9t\u00e9 suivi de travaux de transformation dans le cadre du pr\u00e9sent dispositif de transformation, ou dans celui du dispositif\u00a0Aide \u00e0 la transformation des d\u00e9bits de tabac (2018-2022).\u00a0Les d\u00e9bits ayant b\u00e9n\u00e9fici\u00e9 de\u00a0l\u2019aide \u00e0 la transformation des d\u00e9bits de tabac (2018-2022)\u00a0ne sont pas \u00e9ligibles \u00e0 ce pr\u00e9sent dispositif.<\/p><p>\u00a0<\/p><h3><b>Ech\u00e9ances<\/b><\/h3><p>L\u2019aide \u00e0 la transformation peut \u00eatre demand\u00e9e\u00a0<b>jusqu\u2019au 30 septembre 2027.<\/b><br \/>Le d\u00e9p\u00f4t des demandes de paiement peut se faire\u00a0<b>jusqu\u2019au 31 mars 2028.<\/b><\/p>\t\t\t\t\t\t\t\t<\/div>\n\t\t\t\t<\/div>\n\t\t\t\t<div class=\"elementor-element elementor-element-c15b9c3 elementor-alert-warning elementor-widget elementor-widget-alert\" data-id=\"c15b9c3\" data-element_type=\"widget\" data-widget_type=\"alert.default\">\n\t\t\t\t<div class=\"elementor-widget-container\">\n\t\t\t\t\t\t\t<div class=\"elementor-alert\" role=\"alert\">\n\n\t\t\t\t\t\t<span class=\"elementor-alert-title\">\u26a0\ufe0f Il ne faut pas commencer les travaux avant d\u2019avoir re\u00e7u la d\u00e9cision d\u2019attribution de l\u2019aide<\/span>\n\t\t\t\n\t\t\t\n\t\t\t\n\t\t<\/div>\n\t\t\t\t\t\t<\/div>\n\t\t\t\t<\/div>\n\t\t\t\t\t<\/div>\n\t\t\t\t<\/div>\n\t\t<div class=\"elementor-element elementor-element-c3d76c4 e-grid e-con-boxed e-con e-parent\" data-id=\"c3d76c4\" data-element_type=\"container\">\n\t\t\t\t\t<div class=\"e-con-inner\">\n\t\t\t\t<div class=\"elementor-element elementor-element-8918538 elementor-widget elementor-widget-button\" data-id=\"8918538\" data-element_type=\"widget\" data-widget_type=\"button.default\">\n\t\t\t\t<div class=\"elementor-widget-container\">\n\t\t\t\t\t\t\t\t\t<div class=\"elementor-button-wrapper\">\n\t\t\t\t\t<a class=\"elementor-button elementor-button-link elementor-size-sm\" href=\"https:\/\/les-aides.fr\/aide\/cBhv3w\/drddi\/aide-a-la-transformation-des-debits-de-tabac.html\" target=\"_blank\">\n\t\t\t\t\t\t<span class=\"elementor-button-content-wrapper\">\n\t\t\t\t\t\t\t\t\t<span class=\"elementor-button-text\">En savoir plus<\/span>\n\t\t\t\t\t<\/span>\n\t\t\t\t\t<\/a>\n\t\t\t\t<\/div>\n\t\t\t\t\t\t\t\t<\/div>\n\t\t\t\t<\/div>\n\t\t\t\t<div class=\"elementor-element elementor-element-6955525 elementor-widget elementor-widget-button\" data-id=\"6955525\" data-element_type=\"widget\" data-widget_type=\"button.default\">\n\t\t\t\t<div class=\"elementor-widget-container\">\n\t\t\t\t\t\t\t\t\t<div class=\"elementor-button-wrapper\">\n\t\t\t\t\t<a class=\"elementor-button elementor-button-link elementor-size-sm\" href=\"https:\/\/www.cci.corsica\/wp-content\/uploads\/2024\/06\/guide-pratique-confederation-transformation_2023.pdf\" target=\"_blank\">\n\t\t\t\t\t\t<span class=\"elementor-button-content-wrapper\">\n\t\t\t\t\t\t\t\t\t<span class=\"elementor-button-text\">T\u00e9l\u00e9charger le guide pratique<\/span>\n\t\t\t\t\t<\/span>\n\t\t\t\t\t<\/a>\n\t\t\t\t<\/div>\n\t\t\t\t\t\t\t\t<\/div>\n\t\t\t\t<\/div>\n\t\t\t\t\t<\/div>\n\t\t\t\t<\/div>\n\t\t<div class=\"elementor-element elementor-element-897c7d0 e-flex e-con-boxed e-con e-parent\" data-id=\"897c7d0\" data-element_type=\"container\">\n\t\t\t\t\t<div class=\"e-con-inner\">\n\t\t\t\t<div class=\"elementor-element elementor-element-624b01c elementor-widget elementor-widget-text-editor\" data-id=\"624b01c\" data-element_type=\"widget\" data-widget_type=\"text-editor.default\">\n\t\t\t\t<div class=\"elementor-widget-container\">\n\t\t\t\t\t\t\t\t\t<p><b>Cette aide est accord\u00e9e sous r\u00e9serve d\u2019un audit pr\u00e9alable\u00a0<\/b><\/p><p><b>\u00a0<\/b><\/p><h3>La CCI de Corse vous accompagne\u00a0:<span class=\"Apple-converted-space\">\u00a0<\/span><\/h3><p><b>Les conseillers experts de la CCI de Corse peuvent r\u00e9aliser\u00a0<\/b><b>l\u2019audit<\/b><b>\u00a0<\/b><b>obligatoire afin de pr\u00e9tendre \u00e0 la subvention de transformation des d\u00e9bits de tabac.<\/b><\/p><p>Ils vous proposent une analyse compl\u00e8te de votre point de vente, un audit de votre zone de chalandise et du potentiel de d\u00e9veloppement, un bilan et une feuille de route.<\/p><p><b>Cet audit est pris en charge \u00e0 100% par la CCI de Corse.<\/b><\/p>\t\t\t\t\t\t\t\t<\/div>\n\t\t\t\t<\/div>\n\t\t\t\t\t<\/div>\n\t\t\t\t<\/div>\n\t\t\t\t<\/div>","protected":false},"excerpt":{"rendered":"<p>Cette aide s\u2019adresse \u00e0 tout d\u00e9bitant en activit\u00e9, g\u00e9rant un d\u00e9bit de tabac ordinaire, lorsqu\u2019il r\u00e9alise un investissement qui s\u2019inscrit dans un projet de transformation. A noter : sont de nouveau \u00e9ligibles \u00e0 cette aide, uniquement les d\u00e9bits ayant b\u00e9n\u00e9fici\u00e9 du remboursement partiel d\u2019un audit qui n\u2019aurait pas \u00e9t\u00e9 suivi de travaux de transformation dans [&hellip;]<\/p>\n","protected":false},"author":4,"featured_media":1989,"parent":0,"menu_order":0,"comment_status":"closed","ping_status":"closed","template":"","meta":{"_acf_changed":false,"_seopress_robots_primary_cat":"","_seopress_titles_title":"","_seopress_titles_desc":"","_seopress_robots_index":"","footnotes":""},"categorie-page":[],"type-de-page":[7],"class_list":["post-2015","page","type-page","status-publish","has-post-thumbnail","hentry","type-de-page-page-avec-image"],"acf":[],"_links":{"self":[{"href":"https:\/\/www.cci.corsica\/co\/wp-json\/wp\/v2\/pages\/2015","targetHints":{"allow":["GET"]}}],"collection":[{"href":"https:\/\/www.cci.corsica\/co\/wp-json\/wp\/v2\/pages"}],"about":[{"href":"https:\/\/www.cci.corsica\/co\/wp-json\/wp\/v2\/types\/page"}],"author":[{"embeddable":true,"href":"https:\/\/www.cci.corsica\/co\/wp-json\/wp\/v2\/users\/4"}],"replies":[{"embeddable":true,"href":"https:\/\/www.cci.corsica\/co\/wp-json\/wp\/v2\/comments?post=2015"}],"version-history":[{"count":11,"href":"https:\/\/www.cci.corsica\/co\/wp-json\/wp\/v2\/pages\/2015\/revisions"}],"predecessor-version":[{"id":4902,"href":"https:\/\/www.cci.corsica\/co\/wp-json\/wp\/v2\/pages\/2015\/revisions\/4902"}],"wp:featuredmedia":[{"embeddable":true,"href":"https:\/\/www.cci.corsica\/co\/wp-json\/wp\/v2\/media\/1989"}],"wp:attachment":[{"href":"https:\/\/www.cci.corsica\/co\/wp-json\/wp\/v2\/media?parent=2015"}],"wp:term":[{"taxonomy":"categorie-page","embeddable":true,"href":"https:\/\/www.cci.corsica\/co\/wp-json\/wp\/v2\/categorie-page?post=2015"},{"taxonomy":"type-de-page","embeddable":true,"href":"https:\/\/www.cci.corsica\/co\/wp-json\/wp\/v2\/type-de-page?post=2015"}],"curies":[{"name":"wp","href":"https:\/\/api.w.org\/{rel}","templated":true}]}}