{"id":2034,"date":"2024-05-19T19:17:29","date_gmt":"2024-05-19T17:17:29","guid":{"rendered":"https:\/\/www.cci.corsica\/?page_id=2034"},"modified":"2024-07-13T18:51:27","modified_gmt":"2024-07-13T16:51:27","slug":"triple-transition","status":"publish","type":"page","link":"https:\/\/www.cci.corsica\/co\/triple-transition\/","title":{"rendered":"Triple transition"},"content":{"rendered":"<div data-elementor-type=\"wp-page\" data-elementor-id=\"2034\" class=\"elementor elementor-2034\" data-elementor-post-type=\"page\">\n\t\t\t\t<div class=\"elementor-element elementor-element-6dd22b5 e-flex e-con-boxed e-con e-parent\" data-id=\"6dd22b5\" data-element_type=\"container\">\n\t\t\t\t\t<div class=\"e-con-inner\">\n\t\t\t\t<div class=\"elementor-element elementor-element-75ff6e4 elementor-widget elementor-widget-text-editor\" data-id=\"75ff6e4\" data-element_type=\"widget\" data-widget_type=\"text-editor.default\">\n\t\t\t\t<div class=\"elementor-widget-container\">\n\t\t\t\t\t\t\t\t\t<div dir=\"ltr\"><div dir=\"ltr\"><div dir=\"ltr\"><p>Le monde d\u2019aujourd\u2019hui est en pleine mutation. Les entreprises doivent faire face \u00e0 de\u00a0<strong>nombreux d\u00e9fis<\/strong>, qu\u2019ils soient d\u2019ordre\u00a0<strong>num\u00e9rique<\/strong>,\u00a0<strong>\u00e9cologique<\/strong>\u00a0ou\u00a0<strong>humain<\/strong>. La cl\u00e9 du succ\u00e8s r\u00e9side dans la capacit\u00e9 \u00e0 mener de front ces trois transitions, qui sont intimement li\u00e9es.<\/p><\/div><\/div><\/div><div dir=\"ltr\"><div dir=\"ltr\"><div dir=\"ltr\"><p>La CCI de Corse\u00a0\u00a0vous accompagne dans votre projet de transition, avec une \u00e9valuation \u00e0 360 et sur-mesure, qui prend en compte les besoins sp\u00e9cifiques de votre organisation.<\/p><p>Vous \u00eates une PME\u00a0?\u00a0 L\u2019entretien \u00ab\u00a0Transition 360\u00a0\u00bb est fait pour vous\u00a0!<\/p><ul><li>B\u00e9n\u00e9ficiez d\u2019un\u00a0<strong>entretien gratuit<\/strong>\u00a0avec un conseiller CCI pour qualifier les enjeux \u00e9cologiques, num\u00e9riques ou de ressources humaines de votre projet de d\u00e9veloppement.<span class=\"Apple-converted-space\">\u00a0<\/span><\/li><li>Obtenez un\u00a0<strong>bilan personnalis\u00e9<\/strong>\u00a0pour \u00eatre orient\u00e9 vers le programme le plus \u00e0 m\u00eame de r\u00e9pondre \u00e0 votre besoin d\u2019accompagnement et de financement.<span class=\"Apple-converted-space\">\u00a0<\/span><\/li><\/ul><p>\u00a0<\/p><h3><b>Notre engagement :<\/b><\/h3><p>Vous aider \u00e0 relever les d\u00e9fis de la triple transition et \u00e0 construire une entreprise performante, durable et humaine.<\/p><p>\u00a0<\/p><h3><b>Pourquoi faire cet entretien ?\u00a0<\/b><\/h3><\/div><\/div><\/div><div dir=\"ltr\"><div dir=\"ltr\"><div dir=\"ltr\"><p>Votre entreprise fait face \u00e0 des d\u00e9fis et vous avez besoin de :<\/p><ul><li><strong>Am\u00e9liorer<\/strong>\u00a0vos process internes et vos performances commerciales gr\u00e2ce au num\u00e9rique.<span class=\"Apple-converted-space\">\u00a0<\/span><\/li><li><strong>Mobiliser<\/strong>\u00a0des ressources humaines \u00e0 travers la formation, le recrutement, de nouvelles modalit\u00e9s de travail.<\/li><li><strong>S\u2019adapter<\/strong>\u00a0\u00e0 la rar\u00e9faction des mati\u00e8res premi\u00e8res et \u00e0 l\u2019augmentation des co\u00fbts de production.<\/li><li><strong>S\u00e9curiser<\/strong>\u00a0votre entreprise dans son environnement normatif, num\u00e9rique, dans ses relations avec ses parties prenantes (partenaires, clients, fournisseurs).<\/li><li><strong>Int\u00e9grer<\/strong>\u00a0les crit\u00e8res environnementaux et sociaux dans son business.<\/li><\/ul><p>\u00a0<\/p><p><b>L\u2019entretien \u00ab Transition 360\u00b0 \u00bb vous permet de faire le point sur vos enjeux, vos priorit\u00e9s et de passer \u00e0 l\u2019action pour enclencher vos transitions.<span class=\"Apple-converted-space\">\u00a0<\/span><\/b><\/p><p>\u00a0<\/p><h3>Comment se d\u00e9roule l\u2019entretien ?<\/h3><p>L\u2019entretien \u00ab Transition 360\u00b0 \u00bb se fait avec un conseiller de votre CCI. Il vous permet de faire un point sur le projet de d\u00e9veloppement de votre entreprise et d\u2019identifier les<strong>\u00a0enjeux \u00e9cologiques, num\u00e9riques et RH.<\/strong><span class=\"Apple-converted-space\">\u00a0<\/span><\/p><ul><li>\u00a0\u00c0 la fin de cet \u00e9change, une priorisation des besoins est r\u00e9alis\u00e9e.<span class=\"Apple-converted-space\">\u00a0<\/span><\/li><li>\u00a0Vous \u00eates ensuite orient\u00e9 vers le programme et l\u2019acteur le plus \u00e0 m\u00eame de r\u00e9pondre \u00e0 votre besoin d\u2019accompagnement ou de financement.<\/li><li>\u00a0Un suivi du projet est r\u00e9alis\u00e9 par votre conseiller CCI dans les 3 mois suivant l\u2019entretien.<\/li><\/ul><p>\u00a0<\/p><h3>Comment co\u00fbte l\u2019entretien ?<\/h3><p>L\u2019entretien \u00ab Transitions 360\u00b0 \u00bb est\u00a0<strong>gratuit<\/strong>\u00a0et valable tout au long de l\u2019ann\u00e9e 2024.<\/p><\/div><\/div><\/div>\t\t\t\t\t\t\t\t<\/div>\n\t\t\t\t<\/div>\n\t\t\t\t\t<\/div>\n\t\t\t\t<\/div>\n\t\t\t\t<\/div>","protected":false},"excerpt":{"rendered":"<p>Le monde d\u2019aujourd\u2019hui est en pleine mutation. Les entreprises doivent faire face \u00e0 de\u00a0nombreux d\u00e9fis, qu\u2019ils soient d\u2019ordre\u00a0num\u00e9rique,\u00a0\u00e9cologique\u00a0ou\u00a0humain. La cl\u00e9 du succ\u00e8s r\u00e9side dans la capacit\u00e9 \u00e0 mener de front ces trois transitions, qui sont intimement li\u00e9es. La CCI de Corse\u00a0\u00a0vous accompagne dans votre projet de transition, avec une \u00e9valuation \u00e0 360 et sur-mesure, qui [&hellip;]<\/p>\n","protected":false},"author":4,"featured_media":2007,"parent":0,"menu_order":0,"comment_status":"closed","ping_status":"closed","template":"","meta":{"_acf_changed":false,"_seopress_robots_primary_cat":"","_seopress_titles_title":"","_seopress_titles_desc":"","_seopress_robots_index":"","footnotes":""},"categorie-page":[],"type-de-page":[54],"class_list":["post-2034","page","type-page","status-publish","has-post-thumbnail","hentry","type-de-page-triple-transition"],"acf":[],"_links":{"self":[{"href":"https:\/\/www.cci.corsica\/co\/wp-json\/wp\/v2\/pages\/2034","targetHints":{"allow":["GET"]}}],"collection":[{"href":"https:\/\/www.cci.corsica\/co\/wp-json\/wp\/v2\/pages"}],"about":[{"href":"https:\/\/www.cci.corsica\/co\/wp-json\/wp\/v2\/types\/page"}],"author":[{"embeddable":true,"href":"https:\/\/www.cci.corsica\/co\/wp-json\/wp\/v2\/users\/4"}],"replies":[{"embeddable":true,"href":"https:\/\/www.cci.corsica\/co\/wp-json\/wp\/v2\/comments?post=2034"}],"version-history":[{"count":4,"href":"https:\/\/www.cci.corsica\/co\/wp-json\/wp\/v2\/pages\/2034\/revisions"}],"predecessor-version":[{"id":2040,"href":"https:\/\/www.cci.corsica\/co\/wp-json\/wp\/v2\/pages\/2034\/revisions\/2040"}],"wp:featuredmedia":[{"embeddable":true,"href":"https:\/\/www.cci.corsica\/co\/wp-json\/wp\/v2\/media\/2007"}],"wp:attachment":[{"href":"https:\/\/www.cci.corsica\/co\/wp-json\/wp\/v2\/media?parent=2034"}],"wp:term":[{"taxonomy":"categorie-page","embeddable":true,"href":"https:\/\/www.cci.corsica\/co\/wp-json\/wp\/v2\/categorie-page?post=2034"},{"taxonomy":"type-de-page","embeddable":true,"href":"https:\/\/www.cci.corsica\/co\/wp-json\/wp\/v2\/type-de-page?post=2034"}],"curies":[{"name":"wp","href":"https:\/\/api.w.org\/{rel}","templated":true}]}}