{"id":2052,"date":"2024-05-20T14:13:56","date_gmt":"2024-05-20T12:13:56","guid":{"rendered":"https:\/\/www.cci.corsica\/?page_id=2052"},"modified":"2024-09-13T17:02:54","modified_gmt":"2024-09-13T15:02:54","slug":"guichet-tremplin","status":"publish","type":"page","link":"https:\/\/www.cci.corsica\/co\/guichet-tremplin\/","title":{"rendered":"Guichet tremplin"},"content":{"rendered":"<div data-elementor-type=\"wp-page\" data-elementor-id=\"2052\" class=\"elementor elementor-2052\" data-elementor-post-type=\"page\">\n\t\t\t\t<div class=\"elementor-element elementor-element-74134dd e-flex e-con-boxed e-con e-parent\" data-id=\"74134dd\" data-element_type=\"container\">\n\t\t\t\t\t<div class=\"e-con-inner\">\n\t\t\t\t<div class=\"elementor-element elementor-element-25243af elementor-widget elementor-widget-heading\" data-id=\"25243af\" data-element_type=\"widget\" data-widget_type=\"heading.default\">\n\t\t\t\t<div class=\"elementor-widget-container\">\n\t\t\t\t\t<h2 class=\"elementor-heading-title elementor-size-default\">Tremplin pour la transition \u00e9cologique des PME\n<\/h2>\t\t\t\t<\/div>\n\t\t\t\t<\/div>\n\t\t\t\t<div class=\"elementor-element elementor-element-4eaaee7 elementor-widget elementor-widget-text-editor\" data-id=\"4eaaee7\" data-element_type=\"widget\" data-widget_type=\"text-editor.default\">\n\t\t\t\t<div class=\"elementor-widget-container\">\n\t\t\t\t\t\t\t\t\t<p><b>Le guichet Tremplin PME pour la Corse<\/b>\u00a0vise \u00e0 accompagner les petites et moyennes entreprises dans la\u00a0<b>mise en \u0153uvre rapide et simplifi\u00e9e d\u2019\u00e9tudes et d\u2019investissements<\/b>, dans tous les domaines de la transition \u00e9cologique. L\u2019aide est destin\u00e9e \u00e0 toutes les TPE\/PME\u00a0<em>\u00e0 l\u2019exception des entreprises individuelles au r\u00e9gime micro-entreprises (autoentrepreneurs).<\/em><\/p><p>Avec un dossier de demande d\u2019aide simplifi\u00e9 et une instruction rapide, l\u2019objectif de Tremplin est de soutenir le financement des investissements et des \u00e9tudes pour les projets concernant :<\/p><ul><li>Les actions li\u00e9es \u00e0 la\u00a0<b>ma\u00eetrise de l\u2019\u00e9nergie<\/b>,<\/li><li>Les actions li\u00e9es \u00e0 la\u00a0<b>production de chaleur et de froid<\/b>\u00a0pour mon b\u00e2timent existant,<\/li><li>Les actions d\u2019accompagnement \u00e0 la\u00a0<b>r\u00e9novation des b\u00e2timents<\/b>\u00a0et de\u00a0<b>la qualit\u00e9 de l\u2019air<\/b>,<\/li><li>Les actions li\u00e9es \u00e0 l\u2019<b>isolation<\/b>\u00a0et \u00e0 la\u00a0<b>ventilation des b\u00e2timents tertiaires<\/b>,<\/li><li>Les actions li\u00e9es \u00e0 l\u2019<b>\u00e9clairage<\/b>,<\/li><li>Les actions li\u00e9es \u00e0 l\u2019<b>efficacit\u00e9 \u00e9nerg\u00e9tique des \u00e9quipements de froid<\/b>\u00a0commercial,<\/li><li>Les actions li\u00e9es \u00e0 l\u2019<b>\u00e9conomie circulaire<\/b>\u00a0et \u00e0 la\u00a0<b>gestion des d\u00e9chets<\/b>.<\/li><\/ul>\t\t\t\t\t\t\t\t<\/div>\n\t\t\t\t<\/div>\n\t\t\t\t<div class=\"elementor-element elementor-element-8797c3c elementor-widget elementor-widget-button\" data-id=\"8797c3c\" data-element_type=\"widget\" data-widget_type=\"button.default\">\n\t\t\t\t<div class=\"elementor-widget-container\">\n\t\t\t\t\t\t\t\t\t<div class=\"elementor-button-wrapper\">\n\t\t\t\t\t<a class=\"elementor-button elementor-button-link elementor-size-sm\" href=\"https:\/\/www.cci.corsica\/wp-content\/uploads\/2024\/07\/actions-specifiques-corse-avec-compression.pdf\" target=\"_blank\">\n\t\t\t\t\t\t<span class=\"elementor-button-content-wrapper\">\n\t\t\t\t\t\t\t\t\t<span class=\"elementor-button-text\">Je d\u00e9couvre la liste des actions \u00e9ligibles en Corse<\/span>\n\t\t\t\t\t<\/span>\n\t\t\t\t\t<\/a>\n\t\t\t\t<\/div>\n\t\t\t\t\t\t\t\t<\/div>\n\t\t\t\t<\/div>\n\t\t\t\t<div class=\"elementor-element elementor-element-3f6f3a3 elementor-widget elementor-widget-heading\" data-id=\"3f6f3a3\" data-element_type=\"widget\" data-widget_type=\"heading.default\">\n\t\t\t\t<div class=\"elementor-widget-container\">\n\t\t\t\t\t<h3 class=\"elementor-heading-title elementor-size-default\">Montant de l'aide<\/h3>\t\t\t\t<\/div>\n\t\t\t\t<\/div>\n\t\t\t\t<div class=\"elementor-element elementor-element-00906e3 elementor-widget elementor-widget-text-editor\" data-id=\"00906e3\" data-element_type=\"widget\" data-widget_type=\"text-editor.default\">\n\t\t\t\t<div class=\"elementor-widget-container\">\n\t\t\t\t\t\t\t\t\t<div class=\"et_pb_module et_pb_text et_pb_text_4  et_pb_text_align_left et_pb_bg_layout_light\"><div class=\"et_pb_text_inner\"><p>Le montant de l\u2019aide sollicit\u00e9e doit \u00eatre <b>sup\u00e9rieur \u00e0 5 000 \u20ac, et inf\u00e9rieur \u00e0 200 000 \u20ac<\/b>.<\/p><p>Les op\u00e9rations ne doivent pas \u00eatre\u00a0<b>commenc\u00e9es ou command\u00e9es, et doivent \u00eatre r\u00e9alis\u00e9es sous 18 mois<\/b>.<\/p><\/div><\/div><div class=\"et_pb_module et_pb_text et_pb_text_5  et_pb_text_align_left et_pb_bg_layout_light\"><div class=\"et_pb_text_inner\"><p>\u00a0<\/p><\/div><\/div>\t\t\t\t\t\t\t\t<\/div>\n\t\t\t\t<\/div>\n\t\t\t\t<div class=\"elementor-element elementor-element-5cc2de8 elementor-widget elementor-widget-heading\" data-id=\"5cc2de8\" data-element_type=\"widget\" data-widget_type=\"heading.default\">\n\t\t\t\t<div class=\"elementor-widget-container\">\n\t\t\t\t\t<h3 class=\"elementor-heading-title elementor-size-default\">Conditions d\u2019\u00e9ligibilit\u00e9 et de financement\n<\/h3>\t\t\t\t<\/div>\n\t\t\t\t<\/div>\n\t\t\t\t<div class=\"elementor-element elementor-element-91e1de9 elementor-widget elementor-widget-text-editor\" data-id=\"91e1de9\" data-element_type=\"widget\" data-widget_type=\"text-editor.default\">\n\t\t\t\t<div class=\"elementor-widget-container\">\n\t\t\t\t\t\t\t\t\t<div class=\"et_pb_module et_pb_text et_pb_text_4 et_pb_text_align_left et_pb_bg_layout_light\"><div class=\"et_pb_text_inner\"><p>Vous trouverez les conditions d\u2019\u00e9ligibilit\u00e9 et de financement ci-dessous :<\/p><\/div><\/div>\t\t\t\t\t\t\t\t<\/div>\n\t\t\t\t<\/div>\n\t\t\t\t<div class=\"elementor-element elementor-element-b43a520 elementor-widget elementor-widget-button\" data-id=\"b43a520\" data-element_type=\"widget\" data-widget_type=\"button.default\">\n\t\t\t\t<div class=\"elementor-widget-container\">\n\t\t\t\t\t\t\t\t\t<div class=\"elementor-button-wrapper\">\n\t\t\t\t\t<a class=\"elementor-button elementor-button-link elementor-size-sm\" href=\"https:\/\/www.cci.corsica\/wp-content\/uploads\/2024\/07\/230915_Conditions-deligibilite-et-de-financement-Tremplin-PME-2023.pdf\" target=\"_blank\">\n\t\t\t\t\t\t<span class=\"elementor-button-content-wrapper\">\n\t\t\t\t\t\t\t\t\t<span class=\"elementor-button-text\">Je v\u00e9rifie mon \u00e9ligibilit\u00e9<\/span>\n\t\t\t\t\t<\/span>\n\t\t\t\t\t<\/a>\n\t\t\t\t<\/div>\n\t\t\t\t\t\t\t\t<\/div>\n\t\t\t\t<\/div>\n\t\t\t\t\t<\/div>\n\t\t\t\t<\/div>\n\t\t<div class=\"elementor-element elementor-element-1611794 e-flex e-con-boxed e-con e-parent\" data-id=\"1611794\" data-element_type=\"container\">\n\t\t\t\t\t<div class=\"e-con-inner\">\n\t\t\t\t<div class=\"elementor-element elementor-element-79176fe elementor-widget elementor-widget-heading\" data-id=\"79176fe\" data-element_type=\"widget\" data-widget_type=\"heading.default\">\n\t\t\t\t<div class=\"elementor-widget-container\">\n\t\t\t\t\t<h3 class=\"elementor-heading-title elementor-size-default\">Cr\u00e9er un compte ADEME<\/h3>\t\t\t\t<\/div>\n\t\t\t\t<\/div>\n\t\t\t\t<div class=\"elementor-element elementor-element-ae5f65a elementor-widget elementor-widget-video\" data-id=\"ae5f65a\" data-element_type=\"widget\" data-settings=\"{&quot;youtube_url&quot;:&quot;https:\\\/\\\/www.youtube.com\\\/watch?v=F-N-9UfP530&quot;,&quot;loop&quot;:&quot;yes&quot;,&quot;yt_privacy&quot;:&quot;yes&quot;,&quot;video_type&quot;:&quot;youtube&quot;,&quot;controls&quot;:&quot;yes&quot;}\" data-widget_type=\"video.default\">\n\t\t\t\t<div class=\"elementor-widget-container\">\n\t\t\t\t\t\t\t<div class=\"elementor-wrapper elementor-open-inline\">\n\t\t\t<div class=\"elementor-video\"><\/div>\t\t<\/div>\n\t\t\t\t\t\t<\/div>\n\t\t\t\t<\/div>\n\t\t\t\t\t<\/div>\n\t\t\t\t<\/div>\n\t\t\t\t<\/div>","protected":false},"excerpt":{"rendered":"<p>TPE, PME, Financez vos projets de transition \u00e9cologique avec les aides TREMPLIN<\/p>","protected":false},"author":4,"featured_media":2055,"parent":0,"menu_order":0,"comment_status":"closed","ping_status":"closed","template":"","meta":{"_acf_changed":false,"_seopress_robots_primary_cat":"","_seopress_titles_title":"","_seopress_titles_desc":"","_seopress_robots_index":"","footnotes":""},"categorie-page":[],"type-de-page":[7],"class_list":["post-2052","page","type-page","status-publish","has-post-thumbnail","hentry","type-de-page-page-avec-image"],"acf":[],"_links":{"self":[{"href":"https:\/\/www.cci.corsica\/co\/wp-json\/wp\/v2\/pages\/2052","targetHints":{"allow":["GET"]}}],"collection":[{"href":"https:\/\/www.cci.corsica\/co\/wp-json\/wp\/v2\/pages"}],"about":[{"href":"https:\/\/www.cci.corsica\/co\/wp-json\/wp\/v2\/types\/page"}],"author":[{"embeddable":true,"href":"https:\/\/www.cci.corsica\/co\/wp-json\/wp\/v2\/users\/4"}],"replies":[{"embeddable":true,"href":"https:\/\/www.cci.corsica\/co\/wp-json\/wp\/v2\/comments?post=2052"}],"version-history":[{"count":20,"href":"https:\/\/www.cci.corsica\/co\/wp-json\/wp\/v2\/pages\/2052\/revisions"}],"predecessor-version":[{"id":5867,"href":"https:\/\/www.cci.corsica\/co\/wp-json\/wp\/v2\/pages\/2052\/revisions\/5867"}],"wp:featuredmedia":[{"embeddable":true,"href":"https:\/\/www.cci.corsica\/co\/wp-json\/wp\/v2\/media\/2055"}],"wp:attachment":[{"href":"https:\/\/www.cci.corsica\/co\/wp-json\/wp\/v2\/media?parent=2052"}],"wp:term":[{"taxonomy":"categorie-page","embeddable":true,"href":"https:\/\/www.cci.corsica\/co\/wp-json\/wp\/v2\/categorie-page?post=2052"},{"taxonomy":"type-de-page","embeddable":true,"href":"https:\/\/www.cci.corsica\/co\/wp-json\/wp\/v2\/type-de-page?post=2052"}],"curies":[{"name":"wp","href":"https:\/\/api.w.org\/{rel}","templated":true}]}}