{"id":2111,"date":"2024-05-20T15:26:36","date_gmt":"2024-05-20T13:26:36","guid":{"rendered":"https:\/\/www.cci.corsica\/?page_id=2111"},"modified":"2024-05-20T15:30:00","modified_gmt":"2024-05-20T13:30:00","slug":"fonds-territorial-daccessibilite","status":"publish","type":"page","link":"https:\/\/www.cci.corsica\/co\/fonds-territorial-daccessibilite\/","title":{"rendered":"Fonds territorial d&rsquo;accessibilit\u00e9"},"content":{"rendered":"<div data-elementor-type=\"wp-page\" data-elementor-id=\"2111\" class=\"elementor elementor-2111\" data-elementor-post-type=\"page\">\n\t\t\t\t<div class=\"elementor-element elementor-element-10bfa77 e-flex e-con-boxed e-con e-parent\" data-id=\"10bfa77\" data-element_type=\"container\">\n\t\t\t\t\t<div class=\"e-con-inner\">\n\t\t\t\t<div class=\"elementor-element elementor-element-565999c elementor-widget elementor-widget-text-editor\" data-id=\"565999c\" data-element_type=\"widget\" data-widget_type=\"text-editor.default\">\n\t\t\t\t<div class=\"elementor-widget-container\">\n\t\t\t\t\t\t\t\t\t<p>Commerces, h\u00f4tels, caf\u00e9s, restaurants, commerces alimentaires, etc., avec une enveloppe de 300 millions d\u2019euros sur 5 ans, l\u2019\u00c9tat vous aide \u00e0 financer vos d\u00e9penses de mise en accessibilit\u00e9 jusqu\u2019en 2028 !<\/p><p><b>Jusqu\u2019\u00e0 20\u00a0500\u00a0\u20ac pour financer vos d\u00e9penses de mise en accessibilit\u00e9, une opportunit\u00e9 pour assurer au quotidien l\u2019accueil de tous les publics.<\/b><\/p><p>La subvention finance jusqu\u2019\u00e0 la moiti\u00e9 des d\u00e9penses engag\u00e9es. Les \u00e9tablissements recevant du public (ERP) de cat\u00e9gorie 5 concern\u00e9s peuvent soumettre leur demande d\u00e8s le 2 novembre sur le guichet de l\u2019Agence des Services de Paiement.<\/p>\t\t\t\t\t\t\t\t<\/div>\n\t\t\t\t<\/div>\n\t\t\t\t<div class=\"elementor-element elementor-element-b223775 elementor-widget elementor-widget-button\" data-id=\"b223775\" data-element_type=\"widget\" data-widget_type=\"button.default\">\n\t\t\t\t<div class=\"elementor-widget-container\">\n\t\t\t\t\t\t\t\t\t<div class=\"elementor-button-wrapper\">\n\t\t\t\t\t<a class=\"elementor-button elementor-button-link elementor-size-sm\" href=\"https:\/\/www.asp-public.fr\/aides\/fonds-territorial-accessibilite\" target=\"_blank\">\n\t\t\t\t\t\t<span class=\"elementor-button-content-wrapper\">\n\t\t\t\t\t\t\t\t\t<span class=\"elementor-button-text\">Infos et dossier<\/span>\n\t\t\t\t\t<\/span>\n\t\t\t\t\t<\/a>\n\t\t\t\t<\/div>\n\t\t\t\t\t\t\t\t<\/div>\n\t\t\t\t<\/div>\n\t\t\t\t<div class=\"elementor-element elementor-element-93fd9c0 elementor-widget elementor-widget-heading\" data-id=\"93fd9c0\" data-element_type=\"widget\" data-widget_type=\"heading.default\">\n\t\t\t\t<div class=\"elementor-widget-container\">\n\t\t\t\t\t<h3 class=\"elementor-heading-title elementor-size-default\">Entreprises b\u00e9n\u00e9ficiaires<\/h3>\t\t\t\t<\/div>\n\t\t\t\t<\/div>\n\t\t\t\t<div class=\"elementor-element elementor-element-3a3ce12 elementor-widget elementor-widget-text-editor\" data-id=\"3a3ce12\" data-element_type=\"widget\" data-widget_type=\"text-editor.default\">\n\t\t\t\t<div class=\"elementor-widget-container\">\n\t\t\t\t\t\t\t\t\t<p>Vous \u00eates un \u00e9tablissement recevant du public (ERP) de 5<sup>e<\/sup>\u00a0cat\u00e9gorie, sous forme de TPE ou PME. Sont concern\u00e9s notamment :<\/p><ul><li>les magasins de vente (type M dans la nomenclature s\u00e9curit\u00e9 incendie, soit les magasins de vente alimentaire, vestimentaire, bricolage, etc),<\/li><li>les restaurants ou d\u00e9bits de boisson (type N dans la nomenclature s\u00e9curit\u00e9 incendie),<\/li><li>les h\u00f4tels ou pensions de famille (type O),<\/li><li>les \u00e9tablissements bancaires (type W).<\/li><\/ul><p>Le fonds territorial d\u2019accessibilit\u00e9 est destin\u00e9 (conditions cumulatives)\u00a0aux<strong>\u00a0micros, petites ou moyennes entreprises<\/strong>\u00a0(<strong>TPE\/PME) :<\/strong><\/p><ul><li><strong>ayant moins de 250 salari\u00e9s\u00a0<\/strong>et un chiffre d\u2019affaires annuel n\u2019exc\u00e9dant pas 50 millions d\u2019euros hors taxe ou un total de bilan n\u2019exc\u00e9dant pas 43 millions d\u2019euros,<\/li><li><strong>class\u00e9es \u00e9tablissements recevant du public (ERP) priv\u00e9s de 5e cat\u00e9gorie<\/strong>\u00a0inaccessibles ou partiellement accessibles,<\/li><li><strong>cr\u00e9\u00e9es avant le 20 septembre 2023<\/strong>,<\/li><li><strong>inscrites au registre national des entreprises et \u00e0 jour de leurs obligations<\/strong>\u00a0\u00e0 l\u2019\u00e9gard de l\u2019administration fiscale et de l\u2019organisme de recouvrement des cotisations patronales de s\u00e9curit\u00e9 sociale,<\/li><li>qui ont un projet de mise en accessibilit\u00e9 partielle ou totale,<\/li><li>et\u00a0<strong>qui ne se trouvent pas en proc\u00e9dure de liquidation judiciaire\u00a0<\/strong>au moment du d\u00e9p\u00f4t du dossier<\/li><\/ul><p>\u00a0<\/p><p>Rendez-vous sur le site\u00a0<a href=\"https:\/\/www.economie.gouv.fr\/fonds-accessibilite?xtor=ES-29-%255BBIE_384_20231109%255D-20231109-%255Bhttps:\/\/www.economie.gouv.fr\/fonds-accessibilite%255D\" target=\"_blank\" rel=\"noopener\">\u00e9conomie.gouv.fr<\/a>\u00a0ou contactez un conseiller CCI De corse pour voir comment b\u00e9n\u00e9ficier de cette aide.<\/p>\t\t\t\t\t\t\t\t<\/div>\n\t\t\t\t<\/div>\n\t\t\t\t<div class=\"elementor-element elementor-element-9ace4c3 elementor-widget elementor-widget-button\" data-id=\"9ace4c3\" data-element_type=\"widget\" data-widget_type=\"button.default\">\n\t\t\t\t<div class=\"elementor-widget-container\">\n\t\t\t\t\t\t\t\t\t<div class=\"elementor-button-wrapper\">\n\t\t\t\t\t<a class=\"elementor-button elementor-button-link elementor-size-sm\" href=\"https:\/\/www.cci.corsica\/wp-content\/uploads\/2024\/05\/flyer_fonds_accessibilite_hcr.pdf\" target=\"_blank\">\n\t\t\t\t\t\t<span class=\"elementor-button-content-wrapper\">\n\t\t\t\t\t\t\t\t\t<span class=\"elementor-button-text\">Plaquette d'information<\/span>\n\t\t\t\t\t<\/span>\n\t\t\t\t\t<\/a>\n\t\t\t\t<\/div>\n\t\t\t\t\t\t\t\t<\/div>\n\t\t\t\t<\/div>\n\t\t\t\t\t<\/div>\n\t\t\t\t<\/div>\n\t\t\t\t<\/div>","protected":false},"excerpt":{"rendered":"<p>Commerces, h\u00f4tels, caf\u00e9s, restaurants, commerces alimentaires, etc., avec une enveloppe de 300 millions d\u2019euros sur 5 ans, l\u2019\u00c9tat vous aide \u00e0 financer vos d\u00e9penses de mise en accessibilit\u00e9 jusqu\u2019en 2028 ! Jusqu\u2019\u00e0 20\u00a0500\u00a0\u20ac pour financer vos d\u00e9penses de mise en accessibilit\u00e9, une opportunit\u00e9 pour assurer au quotidien l\u2019accueil de tous les publics. La subvention finance [&hellip;]<\/p>\n","protected":false},"author":4,"featured_media":2011,"parent":0,"menu_order":0,"comment_status":"closed","ping_status":"closed","template":"","meta":{"_acf_changed":false,"_seopress_robots_primary_cat":"","_seopress_titles_title":"","_seopress_titles_desc":"","_seopress_robots_index":"","footnotes":""},"categorie-page":[],"type-de-page":[7],"class_list":["post-2111","page","type-page","status-publish","has-post-thumbnail","hentry","type-de-page-page-avec-image"],"acf":[],"_links":{"self":[{"href":"https:\/\/www.cci.corsica\/co\/wp-json\/wp\/v2\/pages\/2111","targetHints":{"allow":["GET"]}}],"collection":[{"href":"https:\/\/www.cci.corsica\/co\/wp-json\/wp\/v2\/pages"}],"about":[{"href":"https:\/\/www.cci.corsica\/co\/wp-json\/wp\/v2\/types\/page"}],"author":[{"embeddable":true,"href":"https:\/\/www.cci.corsica\/co\/wp-json\/wp\/v2\/users\/4"}],"replies":[{"embeddable":true,"href":"https:\/\/www.cci.corsica\/co\/wp-json\/wp\/v2\/comments?post=2111"}],"version-history":[{"count":4,"href":"https:\/\/www.cci.corsica\/co\/wp-json\/wp\/v2\/pages\/2111\/revisions"}],"predecessor-version":[{"id":2118,"href":"https:\/\/www.cci.corsica\/co\/wp-json\/wp\/v2\/pages\/2111\/revisions\/2118"}],"wp:featuredmedia":[{"embeddable":true,"href":"https:\/\/www.cci.corsica\/co\/wp-json\/wp\/v2\/media\/2011"}],"wp:attachment":[{"href":"https:\/\/www.cci.corsica\/co\/wp-json\/wp\/v2\/media?parent=2111"}],"wp:term":[{"taxonomy":"categorie-page","embeddable":true,"href":"https:\/\/www.cci.corsica\/co\/wp-json\/wp\/v2\/categorie-page?post=2111"},{"taxonomy":"type-de-page","embeddable":true,"href":"https:\/\/www.cci.corsica\/co\/wp-json\/wp\/v2\/type-de-page?post=2111"}],"curies":[{"name":"wp","href":"https:\/\/api.w.org\/{rel}","templated":true}]}}