{"id":2721,"date":"2024-05-25T20:31:24","date_gmt":"2024-05-25T18:31:24","guid":{"rendered":"https:\/\/www.cci.corsica\/?page_id=2721"},"modified":"2025-04-10T10:18:26","modified_gmt":"2025-04-10T08:18:26","slug":"formation","status":"publish","type":"page","link":"https:\/\/www.cci.corsica\/co\/formation\/","title":{"rendered":"Formation"},"content":{"rendered":"<div data-elementor-type=\"wp-page\" data-elementor-id=\"2721\" class=\"elementor elementor-2721\" data-elementor-post-type=\"page\">\n\t\t\t\t<div class=\"elementor-element elementor-element-db05376 e-flex e-con-boxed e-con e-parent\" data-id=\"db05376\" data-element_type=\"container\">\n\t\t\t\t\t<div class=\"e-con-inner\">\n\t\t\t\t<div class=\"elementor-element elementor-element-46caa2e elementor-widget elementor-widget-image\" data-id=\"46caa2e\" data-element_type=\"widget\" data-widget_type=\"image.default\">\n\t\t\t\t<div class=\"elementor-widget-container\">\n\t\t\t\t\t\t\t\t\t\t\t\t\t\t\t\t<a href=\"https:\/\/www.formation-ccihc.fr\/\" target=\"_blank\">\n\t\t\t\t\t\t\t<img fetchpriority=\"high\" decoding=\"async\" width=\"800\" height=\"525\" src=\"https:\/\/www.cci.corsica\/wp-content\/uploads\/2024\/05\/logo-cci-formation-Corsic-1024x672.jpg\" class=\"attachment-large size-large wp-image-2725\" alt=\"\" srcset=\"https:\/\/www.cci.corsica\/wp-content\/uploads\/2024\/05\/logo-cci-formation-Corsic-1024x672.jpg 1024w, https:\/\/www.cci.corsica\/wp-content\/uploads\/2024\/05\/logo-cci-formation-Corsic-300x197.jpg 300w, https:\/\/www.cci.corsica\/wp-content\/uploads\/2024\/05\/logo-cci-formation-Corsic-768x504.jpg 768w, https:\/\/www.cci.corsica\/wp-content\/uploads\/2024\/05\/logo-cci-formation-Corsic-18x12.jpg 18w, https:\/\/www.cci.corsica\/wp-content\/uploads\/2024\/05\/logo-cci-formation-Corsic.jpg 1200w\" sizes=\"(max-width: 800px) 100vw, 800px\" \/>\t\t\t\t\t\t\t\t<\/a>\n\t\t\t\t\t\t\t\t\t\t\t\t\t\t\t<\/div>\n\t\t\t\t<\/div>\n\t\t\t\t<div class=\"elementor-element elementor-element-cca6619 elementor-widget elementor-widget-text-editor\" data-id=\"cca6619\" data-element_type=\"widget\" data-widget_type=\"text-editor.default\">\n\t\t\t\t<div class=\"elementor-widget-container\">\n\t\t\t\t\t\t\t\t\t<p>Le Groupe Ampar\u00e0 M\u00e9diterran\u00e9e est le service formation de la <b>Chambre de Commerce et d\u2019Industrie de Corse <\/b>et de la <strong>Chambre de L&rsquo;artisanat et des M\u00e9tiers de Corse<\/strong>.\u00a0Il dispense, depuis pr\u00e8s de 40 ans, des\u00a0<b>formations de proximit\u00e9<\/b>\u00a0sur ses campus d\u2019Ajaccio et de Bastia,<b>\u00a0du Bac au Bac+5<\/b>\u00a0et sur des parcours Grande Ecole avec KEDGE BS Corsica <b>sur 2 campus<\/b>\u00a0mais aussi de la\u00a0<b>formation continue<\/b>.<\/p><p>80% de nos formations longues sont r\u00e9alis\u00e9es\u00a0<b>en apprentissage<\/b>\u00a0<\/p><p>Nous formons chaque ann\u00e9e plus de 6 000 personnes :<\/p>\t\t\t\t\t\t\t\t<\/div>\n\t\t\t\t<\/div>\n\t\t\t\t\t<\/div>\n\t\t\t\t<\/div>\n\t\t<div class=\"elementor-element elementor-element-1c59164 e-grid e-con-boxed e-con e-parent\" data-id=\"1c59164\" data-element_type=\"container\">\n\t\t\t\t\t<div class=\"e-con-inner\">\n\t\t\t\t<div class=\"elementor-element elementor-element-fa5b96c elementor-widget elementor-widget-text-editor\" data-id=\"fa5b96c\" data-element_type=\"widget\" data-widget_type=\"text-editor.default\">\n\t\t\t\t<div class=\"elementor-widget-container\">\n\t\t\t\t\t\t\t\t\t<p><b>200 apprentis<\/b><\/p>\t\t\t\t\t\t\t\t<\/div>\n\t\t\t\t<\/div>\n\t\t\t\t<div class=\"elementor-element elementor-element-a51e2dc elementor-widget elementor-widget-text-editor\" data-id=\"a51e2dc\" data-element_type=\"widget\" data-widget_type=\"text-editor.default\">\n\t\t\t\t<div class=\"elementor-widget-container\">\n\t\t\t\t\t\t\t\t\t<p><strong>Plus de 5 500 collaborateurs<\/strong><\/p>\t\t\t\t\t\t\t\t<\/div>\n\t\t\t\t<\/div>\n\t\t\t\t<div class=\"elementor-element elementor-element-ccc8c79 elementor-widget elementor-widget-text-editor\" data-id=\"ccc8c79\" data-element_type=\"widget\" data-widget_type=\"text-editor.default\">\n\t\t\t\t<div class=\"elementor-widget-container\">\n\t\t\t\t\t\t\t\t\t<p><strong>650 entreprises partenaires<\/strong><\/p>\t\t\t\t\t\t\t\t<\/div>\n\t\t\t\t<\/div>\n\t\t\t\t\t<\/div>\n\t\t\t\t<\/div>\n\t\t<div class=\"elementor-element elementor-element-473d67c e-grid e-con-boxed e-con e-parent\" data-id=\"473d67c\" data-element_type=\"container\">\n\t\t\t\t\t<div class=\"e-con-inner\">\n\t\t\t\t<div class=\"elementor-element elementor-element-e9b69ab elementor-widget elementor-widget-text-editor\" data-id=\"e9b69ab\" data-element_type=\"widget\" data-widget_type=\"text-editor.default\">\n\t\t\t\t<div class=\"elementor-widget-container\">\n\t\t\t\t\t\t\t\t\t<p>Au service des Entreprises, nos <strong>6 campus<\/strong> proposent \u00e9galement un accompagnement complet : diagnostic des besoins, ing\u00e9nierie financi\u00e8re, mise en \u0153uvre des <b>formations<\/b> en inter ou en intra-entreprise, accompagnement de parcours de formations ouvertes \u00e0 distance (e-learning)\u2026<\/p>\t\t\t\t\t\t\t\t<\/div>\n\t\t\t\t<\/div>\n\t\t\t\t<div class=\"elementor-element elementor-element-6570bf6 elementor-widget elementor-widget-button\" data-id=\"6570bf6\" data-element_type=\"widget\" data-widget_type=\"button.default\">\n\t\t\t\t<div class=\"elementor-widget-container\">\n\t\t\t\t\t\t\t\t\t<div class=\"elementor-button-wrapper\">\n\t\t\t\t\t<a class=\"elementor-button elementor-button-link elementor-size-sm\" href=\"https:\/\/ampara-mediterranee.corsica\/\" target=\"_blank\">\n\t\t\t\t\t\t<span class=\"elementor-button-content-wrapper\">\n\t\t\t\t\t\t\t\t\t<span class=\"elementor-button-text\">Consultez le site Ampar\u00e0 M\u00e9diterran\u00e9e<\/span>\n\t\t\t\t\t<\/span>\n\t\t\t\t\t<\/a>\n\t\t\t\t<\/div>\n\t\t\t\t\t\t\t\t<\/div>\n\t\t\t\t<\/div>\n\t\t\t\t\t<\/div>\n\t\t\t\t<\/div>\n\t\t<div class=\"elementor-element elementor-element-da37e9c e-flex e-con-boxed e-con e-parent\" data-id=\"da37e9c\" data-element_type=\"container\">\n\t\t\t\t\t<div class=\"e-con-inner\">\n\t\t\t\t<div class=\"elementor-element elementor-element-1a97845 elementor-widget-divider--view-line elementor-widget elementor-widget-divider\" data-id=\"1a97845\" data-element_type=\"widget\" data-widget_type=\"divider.default\">\n\t\t\t\t<div class=\"elementor-widget-container\">\n\t\t\t\t\t\t\t<div class=\"elementor-divider\">\n\t\t\t<span class=\"elementor-divider-separator\">\n\t\t\t\t\t\t<\/span>\n\t\t<\/div>\n\t\t\t\t\t\t<\/div>\n\t\t\t\t<\/div>\n\t\t\t\t\t<\/div>\n\t\t\t\t<\/div>\n\t\t<div class=\"elementor-element elementor-element-665665a e-flex e-con-boxed e-con e-parent\" data-id=\"665665a\" data-element_type=\"container\">\n\t\t\t\t\t<div class=\"e-con-inner\">\n\t\t\t\t<div class=\"elementor-element elementor-element-ce6ddd0 elementor-widget elementor-widget-heading\" data-id=\"ce6ddd0\" data-element_type=\"widget\" data-widget_type=\"heading.default\">\n\t\t\t\t<div class=\"elementor-widget-container\">\n\t\t\t\t\t<h2 class=\"elementor-heading-title elementor-size-default\">Apprentissage<\/h2>\t\t\t\t<\/div>\n\t\t\t\t<\/div>\n\t\t\t\t\t<\/div>\n\t\t\t\t<\/div>\n\t\t<div class=\"elementor-element elementor-element-78994a7 e-grid e-con-boxed e-con e-parent\" data-id=\"78994a7\" data-element_type=\"container\">\n\t\t\t\t\t<div class=\"e-con-inner\">\n\t\t\t\t<div class=\"elementor-element elementor-element-85d0e08 elementor-widget elementor-widget-image\" data-id=\"85d0e08\" data-element_type=\"widget\" data-widget_type=\"image.default\">\n\t\t\t\t<div class=\"elementor-widget-container\">\n\t\t\t\t\t\t\t\t\t\t\t\t\t\t\t<img decoding=\"async\" width=\"297\" height=\"300\" src=\"https:\/\/www.cci.corsica\/wp-content\/uploads\/2024\/10\/nuit-de-lorientation-297x300.jpg\" class=\"attachment-medium size-medium wp-image-6356\" alt=\"\" srcset=\"https:\/\/www.cci.corsica\/wp-content\/uploads\/2024\/10\/nuit-de-lorientation-297x300.jpg 297w, https:\/\/www.cci.corsica\/wp-content\/uploads\/2024\/10\/nuit-de-lorientation-1015x1024.jpg 1015w, https:\/\/www.cci.corsica\/wp-content\/uploads\/2024\/10\/nuit-de-lorientation-768x775.jpg 768w, https:\/\/www.cci.corsica\/wp-content\/uploads\/2024\/10\/nuit-de-lorientation-1523x1536.jpg 1523w, https:\/\/www.cci.corsica\/wp-content\/uploads\/2024\/10\/nuit-de-lorientation-12x12.jpg 12w, https:\/\/www.cci.corsica\/wp-content\/uploads\/2024\/10\/nuit-de-lorientation.jpg 1749w\" sizes=\"(max-width: 297px) 100vw, 297px\" \/>\t\t\t\t\t\t\t\t\t\t\t\t\t\t\t<\/div>\n\t\t\t\t<\/div>\n\t\t\t\t<div class=\"elementor-element elementor-element-adb76a9 elementor-widget elementor-widget-text-editor\" data-id=\"adb76a9\" data-element_type=\"widget\" data-widget_type=\"text-editor.default\">\n\t\t\t\t<div class=\"elementor-widget-container\">\n\t\t\t\t\t\t\t\t\t<p>Chaque ann\u00e9e, le r\u00e9seau national des CCI organise <strong>les Nuits de l\u2019orientation<\/strong> afin d\u2019aider les coll\u00e9giens, lyc\u00e9ens, \u00e9tudiants \u00e0 s\u2019y retrouver parmi toutes les fili\u00e8res, les formations, les \u00e9coles et les cursus scolaires.<\/p><p>Les nuits de l&rsquo;orientation sont un \u00e9v\u00e9nement du Mois de la D\u00e9couverte des M\u00e9tiers.<\/p><p>Coll\u00e9giens, lyc\u00e9ens, \u00e9tudiants et adultes en reconversion, la CCI de Corse vous invite \u00e0 pr\u00e9parer tranquillement votre avenir professionnel.<\/p><p>L&rsquo;\u00e9dition 2024 se d\u00e9roule le 21 novembre \u00e0 Ajaccio et le 26 novembre \u00e0 Bastia.\u00a0<\/p><p><a href=\"https:\/\/www.cci.corsica\/co\/nuit-orientation\/\">Cliquez ici<\/a> pour en savoir plus !\u00a0<\/p>\t\t\t\t\t\t\t\t<\/div>\n\t\t\t\t<\/div>\n\t\t\t\t\t<\/div>\n\t\t\t\t<\/div>\n\t\t\t\t<\/div>","protected":false},"excerpt":{"rendered":"<p>Le Groupe Ampar\u00e0 M\u00e9diterran\u00e9e est le service formation de la Chambre de Commerce et d\u2019Industrie de Corse et de la Chambre de L&rsquo;artisanat et des M\u00e9tiers de Corse.\u00a0Il dispense, depuis pr\u00e8s de 40 ans, des\u00a0formations de proximit\u00e9\u00a0sur ses campus d\u2019Ajaccio et de Bastia,\u00a0du Bac au Bac+5\u00a0et sur des parcours Grande Ecole avec KEDGE BS Corsica [&hellip;]<\/p>\n","protected":false},"author":4,"featured_media":2725,"parent":0,"menu_order":0,"comment_status":"closed","ping_status":"closed","template":"","meta":{"_acf_changed":false,"_seopress_robots_primary_cat":"","_seopress_titles_title":"","_seopress_titles_desc":"","_seopress_robots_index":"","footnotes":""},"categorie-page":[],"type-de-page":[8],"class_list":["post-2721","page","type-page","status-publish","has-post-thumbnail","hentry","type-de-page-page-sans-image"],"acf":[],"_links":{"self":[{"href":"https:\/\/www.cci.corsica\/co\/wp-json\/wp\/v2\/pages\/2721","targetHints":{"allow":["GET"]}}],"collection":[{"href":"https:\/\/www.cci.corsica\/co\/wp-json\/wp\/v2\/pages"}],"about":[{"href":"https:\/\/www.cci.corsica\/co\/wp-json\/wp\/v2\/types\/page"}],"author":[{"embeddable":true,"href":"https:\/\/www.cci.corsica\/co\/wp-json\/wp\/v2\/users\/4"}],"replies":[{"embeddable":true,"href":"https:\/\/www.cci.corsica\/co\/wp-json\/wp\/v2\/comments?post=2721"}],"version-history":[{"count":37,"href":"https:\/\/www.cci.corsica\/co\/wp-json\/wp\/v2\/pages\/2721\/revisions"}],"predecessor-version":[{"id":7650,"href":"https:\/\/www.cci.corsica\/co\/wp-json\/wp\/v2\/pages\/2721\/revisions\/7650"}],"wp:featuredmedia":[{"embeddable":true,"href":"https:\/\/www.cci.corsica\/co\/wp-json\/wp\/v2\/media\/2725"}],"wp:attachment":[{"href":"https:\/\/www.cci.corsica\/co\/wp-json\/wp\/v2\/media?parent=2721"}],"wp:term":[{"taxonomy":"categorie-page","embeddable":true,"href":"https:\/\/www.cci.corsica\/co\/wp-json\/wp\/v2\/categorie-page?post=2721"},{"taxonomy":"type-de-page","embeddable":true,"href":"https:\/\/www.cci.corsica\/co\/wp-json\/wp\/v2\/type-de-page?post=2721"}],"curies":[{"name":"wp","href":"https:\/\/api.w.org\/{rel}","templated":true}]}}