{"id":2749,"date":"2024-05-26T11:47:06","date_gmt":"2024-05-26T09:47:06","guid":{"rendered":"https:\/\/www.cci.corsica\/?page_id=2749"},"modified":"2026-04-29T10:04:07","modified_gmt":"2026-04-29T08:04:07","slug":"anticiper-et-gerer-les-difficultes","status":"publish","type":"page","link":"https:\/\/www.cci.corsica\/co\/anticiper-et-gerer-les-difficultes\/","title":{"rendered":"Anticiper et g\u00e9rer les difficult\u00e9s"},"content":{"rendered":"<div data-elementor-type=\"wp-page\" data-elementor-id=\"2749\" class=\"elementor elementor-2749\" data-elementor-post-type=\"page\">\n\t\t\t\t<div class=\"elementor-element elementor-element-3f01300 e-flex e-con-boxed e-con e-parent\" data-id=\"3f01300\" data-element_type=\"container\">\n\t\t\t\t\t<div class=\"e-con-inner\">\n\t\t\t\t<div class=\"elementor-element elementor-element-8042b66 elementor-widget elementor-widget-heading\" data-id=\"8042b66\" data-element_type=\"widget\" data-widget_type=\"heading.default\">\n\t\t\t\t<div class=\"elementor-widget-container\">\n\t\t\t\t\t<h2 class=\"elementor-heading-title elementor-size-default\">Diagnostic \"Comment va ma boite\"<\/h2>\t\t\t\t<\/div>\n\t\t\t\t<\/div>\n\t\t\t\t\t<\/div>\n\t\t\t\t<\/div>\n\t\t<div class=\"elementor-element elementor-element-87d30c9 e-flex e-con-boxed e-con e-parent\" data-id=\"87d30c9\" data-element_type=\"container\">\n\t\t\t\t\t<div class=\"e-con-inner\">\n\t\t<div class=\"elementor-element elementor-element-81823ea e-con-full e-flex e-con e-child\" data-id=\"81823ea\" data-element_type=\"container\">\n\t\t\t\t<div class=\"elementor-element elementor-element-8df2b8d elementor-widget elementor-widget-text-editor\" data-id=\"8df2b8d\" data-element_type=\"widget\" data-widget_type=\"text-editor.default\">\n\t\t\t\t<div class=\"elementor-widget-container\">\n\t\t\t\t\t\t\t\t\t<p>D\u00e9tectez les signes avant-coureurs et anticipez face aux difficult\u00e9s de votre entreprise. Ce diagnostic vous permet, \u00e0 partir d\u2019un questionnaire simple, d\u2019analyser la sant\u00e9 de votre entreprise \u00e0 travers quatre dimensions :<\/p><ul><li>Situation financi\u00e8re<\/li><li>Action commerciale et digitale<\/li><li>Etat des relations clients\/fournisseurs<\/li><li>Situation administrative et comptable<\/li><\/ul>\t\t\t\t\t\t\t\t<\/div>\n\t\t\t\t<\/div>\n\t\t\t\t<\/div>\n\t\t<div class=\"elementor-element elementor-element-c2e5c7f e-con-full e-flex e-con e-child\" data-id=\"c2e5c7f\" data-element_type=\"container\">\n\t\t\t\t<div class=\"elementor-element elementor-element-07df7e3 elementor-cta--skin-cover elementor-animated-content elementor-bg-transform elementor-bg-transform-zoom-in elementor-widget elementor-widget-call-to-action\" data-id=\"07df7e3\" data-element_type=\"widget\" data-widget_type=\"call-to-action.default\">\n\t\t\t\t<div class=\"elementor-widget-container\">\n\t\t\t\t\t\t\t<a class=\"elementor-cta\" href=\"https:\/\/commentvamaboite.cci.corsica\/CommentVaMaBoite\" target=\"_blank\">\n\t\t\t\t\t<div class=\"elementor-cta__bg-wrapper\">\n\t\t\t\t<div class=\"elementor-cta__bg elementor-bg\" style=\"background-image: url(https:\/\/www.cci.corsica\/wp-content\/uploads\/2024\/06\/PAGE_AccueilNew.IMG_CommentVaMaBoiteImage.png);\" role=\"img\" aria-label=\"Illusatration r\u00e9pr\u00e9sentant un personnage jouant avec des statistiques\"><\/div>\n\t\t\t\t<div class=\"elementor-cta__bg-overlay\"><\/div>\n\t\t\t<\/div>\n\t\t\t\t\t\t\t<div class=\"elementor-cta__content\">\n\t\t\t\t\n\t\t\t\t\t\t\t\t\t<h3 class=\"elementor-cta__title elementor-cta__content-item elementor-content-item elementor-animated-item--grow\">\n\t\t\t\t\t\tJe m'\u00e9value\t\t\t\t\t<\/h3>\n\t\t\t\t\n\t\t\t\t\n\t\t\t\t\t\t\t\t\t<div class=\"elementor-cta__button-wrapper elementor-cta__content-item elementor-content-item elementor-animated-item--grow\">\n\t\t\t\t\t<span class=\"elementor-cta__button elementor-button elementor-size-\">\n\t\t\t\t\t\tCliquer ici\t\t\t\t\t<\/span>\n\t\t\t\t\t<\/div>\n\t\t\t\t\t\t\t<\/div>\n\t\t\t\t\t\t<\/a>\n\t\t\t\t\t\t<\/div>\n\t\t\t\t<\/div>\n\t\t\t\t<\/div>\n\t\t\t\t\t<\/div>\n\t\t\t\t<\/div>\n\t\t<div class=\"elementor-element elementor-element-69fbffa e-flex e-con-boxed e-con e-parent\" data-id=\"69fbffa\" data-element_type=\"container\">\n\t\t\t\t\t<div class=\"e-con-inner\">\n\t\t\t\t<div class=\"elementor-element elementor-element-6848d02 elementor-widget elementor-widget-heading\" data-id=\"6848d02\" data-element_type=\"widget\" data-widget_type=\"heading.default\">\n\t\t\t\t<div class=\"elementor-widget-container\">\n\t\t\t\t\t<h2 class=\"elementor-heading-title elementor-size-default\">Appui personnalis\u00e9<\/h2>\t\t\t\t<\/div>\n\t\t\t\t<\/div>\n\t\t\t\t\t<\/div>\n\t\t\t\t<\/div>\n\t\t<div class=\"elementor-element elementor-element-32e829c e-flex e-con-boxed e-con e-parent\" data-id=\"32e829c\" data-element_type=\"container\">\n\t\t\t\t\t<div class=\"e-con-inner\">\n\t\t\t\t<div class=\"elementor-element elementor-element-d2b48b6 elementor-widget elementor-widget-text-editor\" data-id=\"d2b48b6\" data-element_type=\"widget\" data-widget_type=\"text-editor.default\">\n\t\t\t\t<div class=\"elementor-widget-container\">\n\t\t\t\t\t\t\t\t\t<p>Une fois l\u2019\u00e9tat des lieux r\u00e9alis\u00e9, il faut analyser en d\u00e9tail la situation de votre entreprise, et les perspectives \u00e0 court et moyen termes.<\/p><p>Au cours des rendez-vous propos\u00e9 par votre CCI, vous \u00e9tudiez les diff\u00e9rentes solutions envisageables et \u00eates accompagn\u00e9s dans vos d\u00e9marches de restructuration.<br \/><br \/><\/p>\t\t\t\t\t\t\t\t<\/div>\n\t\t\t\t<\/div>\n\t\t\t\t\t<\/div>\n\t\t\t\t<\/div>\n\t\t<div class=\"elementor-element elementor-element-0b38009 e-flex e-con-boxed e-con e-parent\" data-id=\"0b38009\" data-element_type=\"container\">\n\t\t\t\t\t<div class=\"e-con-inner\">\n\t\t\t\t<div class=\"elementor-element elementor-element-2501204 elementor-widget elementor-widget-heading\" data-id=\"2501204\" data-element_type=\"widget\" data-widget_type=\"heading.default\">\n\t\t\t\t<div class=\"elementor-widget-container\">\n\t\t\t\t\t<h2 class=\"elementor-heading-title elementor-size-default\">Accompagement collectif<\/h2>\t\t\t\t<\/div>\n\t\t\t\t<\/div>\n\t\t\t\t\t<\/div>\n\t\t\t\t<\/div>\n\t\t<div class=\"elementor-element elementor-element-f0a37d5 e-flex e-con-boxed e-con e-parent\" data-id=\"f0a37d5\" data-element_type=\"container\">\n\t\t\t\t\t<div class=\"e-con-inner\">\n\t\t\t\t<div class=\"elementor-element elementor-element-3fbcd6f elementor-widget elementor-widget-text-editor\" data-id=\"3fbcd6f\" data-element_type=\"widget\" data-widget_type=\"text-editor.default\">\n\t\t\t\t<div class=\"elementor-widget-container\">\n\t\t\t\t\t\t\t\t\t<p>Tout au long de l\u2019ann\u00e9e, la CCI de Corse organise des actions collectives pour soutenir les entreprises dans la gestion de leurs difficult\u00e9s : ateliers th\u00e9matiques, journ\u00e9es d\u2019informations, op\u00e9rations de sensibilisation, etc.<\/p>\t\t\t\t\t\t\t\t<\/div>\n\t\t\t\t<\/div>\n\t\t\t\t<div class=\"elementor-element elementor-element-8892ac4 elementor-widget elementor-widget-heading\" data-id=\"8892ac4\" data-element_type=\"widget\" data-widget_type=\"heading.default\">\n\t\t\t\t<div class=\"elementor-widget-container\">\n\t\t\t\t\t<h2 class=\"elementor-heading-title elementor-size-default\">L'anticipation est la meilleure alli\u00e9e du dirigeant\n <\/h2>\t\t\t\t<\/div>\n\t\t\t\t<\/div>\n\t\t\t\t<div class=\"elementor-element elementor-element-ee5296f elementor-widget elementor-widget-text-editor\" data-id=\"ee5296f\" data-element_type=\"widget\" data-widget_type=\"text-editor.default\">\n\t\t\t\t<div class=\"elementor-widget-container\">\n\t\t\t\t\t\t\t\t\t<p>Que ce soit face \u00e0 un impr\u00e9vu ou \u00e0 une tension passag\u00e8re, conna\u00eetre les bons dispositifs et les bons interlocuteurs fait toute la diff\u00e9rence.<br \/>La CCI de Corse s\u2019associe aux services de l\u2019\u00c9tat pour vous transmettre une information essentielle : <strong>une plaquette r\u00e9gionale de pr\u00e9sentation des dispositifs d\u2019accompagnement et de pr\u00e9vention des difficult\u00e9s des entreprises<\/strong> <br \/><br \/>Elle recense de mani\u00e8re simple :<\/p><ul><li>Les outils mobilisables en cas de tensions passag\u00e8res ou de difficult\u00e9s financi\u00e8res,<\/li><li>Les coordonn\u00e9es des interlocuteurs publics \u00e0 contacter en priorit\u00e9 pour agir rapidement<\/li><\/ul><p><br \/>La bonne d\u00e9cision, c\u2019est souvent celle qu\u2019on prend avant qu\u2019il ne soit trop tard.<br \/>N\u2019attendez pas, les conseillers sp\u00e9cialis\u00e9s de la CCI de Corse sont \u00e0 vos c\u00f4t\u00e9s pour vous accompagner.<\/p>\t\t\t\t\t\t\t\t<\/div>\n\t\t\t\t<\/div>\n\t\t\t\t<div class=\"elementor-element elementor-element-8c89b40 elementor-widget elementor-widget-button\" data-id=\"8c89b40\" data-element_type=\"widget\" data-widget_type=\"button.default\">\n\t\t\t\t<div class=\"elementor-widget-container\">\n\t\t\t\t\t\t\t\t\t<div class=\"elementor-button-wrapper\">\n\t\t\t\t\t<a class=\"elementor-button elementor-button-link elementor-size-sm\" href=\"https:\/\/www.cci.corsica\/wp-content\/uploads\/2025\/05\/acteurs-et-dispositifs-daccompagnement-et-de-prevention-des-difficultes-des-entreprises-vf-1.pdf\" target=\"_blank\">\n\t\t\t\t\t\t<span class=\"elementor-button-content-wrapper\">\n\t\t\t\t\t\t\t\t\t<span class=\"elementor-button-text\">T\u00e9l\u00e9chargez la plaquette<\/span>\n\t\t\t\t\t<\/span>\n\t\t\t\t\t<\/a>\n\t\t\t\t<\/div>\n\t\t\t\t\t\t\t\t<\/div>\n\t\t\t\t<\/div>\n\t\t\t\t<div class=\"elementor-element elementor-element-a18319c elementor-widget elementor-widget-text-editor\" data-id=\"a18319c\" data-element_type=\"widget\" data-widget_type=\"text-editor.default\">\n\t\t\t\t<div class=\"elementor-widget-container\">\n\t\t\t\t\t\t\t\t\t<p>La bonne d\u00e9cision, c\u2019est souvent celle qu\u2019on prend avant qu\u2019il ne soit trop tard.<br \/>N\u2019attendez pas, les conseillers sp\u00e9cialis\u00e9s de la CCI de Corse sont \u00e0 vos c\u00f4t\u00e9s pour vous accompagner.<\/p>\t\t\t\t\t\t\t\t<\/div>\n\t\t\t\t<\/div>\n\t\t\t\t\t<\/div>\n\t\t\t\t<\/div>\n\t\t\t\t<\/div>","protected":false},"excerpt":{"rendered":"<p>Diagnostic \u00ab\u00a0Comment va ma boite\u00a0\u00bb D\u00e9tectez les signes avant-coureurs et anticipez face aux difficult\u00e9s de votre entreprise. Ce diagnostic vous permet, \u00e0 partir d\u2019un questionnaire simple, d\u2019analyser la sant\u00e9 de votre entreprise \u00e0 travers quatre dimensions : Situation financi\u00e8re Action commerciale et digitale Etat des relations clients\/fournisseurs Situation administrative et comptable Je m&rsquo;\u00e9value Cliquer ici [&hellip;]<\/p>\n","protected":false},"author":4,"featured_media":225,"parent":0,"menu_order":0,"comment_status":"closed","ping_status":"closed","template":"","meta":{"_acf_changed":false,"_seopress_robots_primary_cat":"","_seopress_titles_title":"","_seopress_titles_desc":"La Chambre de Commerce et d\u2019Industrie de Corse, vous accompagne dans vos d\u00e9marches et vous aide \u00e0 trouver les solutions adapt\u00e9es \u00e0 vos besoins.","_seopress_robots_index":"","footnotes":""},"categorie-page":[],"type-de-page":[48],"class_list":["post-2749","page","type-page","status-publish","has-post-thumbnail","hentry","type-de-page-anticiper-les-difficultes"],"acf":[],"_links":{"self":[{"href":"https:\/\/www.cci.corsica\/co\/wp-json\/wp\/v2\/pages\/2749","targetHints":{"allow":["GET"]}}],"collection":[{"href":"https:\/\/www.cci.corsica\/co\/wp-json\/wp\/v2\/pages"}],"about":[{"href":"https:\/\/www.cci.corsica\/co\/wp-json\/wp\/v2\/types\/page"}],"author":[{"embeddable":true,"href":"https:\/\/www.cci.corsica\/co\/wp-json\/wp\/v2\/users\/4"}],"replies":[{"embeddable":true,"href":"https:\/\/www.cci.corsica\/co\/wp-json\/wp\/v2\/comments?post=2749"}],"version-history":[{"count":28,"href":"https:\/\/www.cci.corsica\/co\/wp-json\/wp\/v2\/pages\/2749\/revisions"}],"predecessor-version":[{"id":7898,"href":"https:\/\/www.cci.corsica\/co\/wp-json\/wp\/v2\/pages\/2749\/revisions\/7898"}],"wp:featuredmedia":[{"embeddable":true,"href":"https:\/\/www.cci.corsica\/co\/wp-json\/wp\/v2\/media\/225"}],"wp:attachment":[{"href":"https:\/\/www.cci.corsica\/co\/wp-json\/wp\/v2\/media?parent=2749"}],"wp:term":[{"taxonomy":"categorie-page","embeddable":true,"href":"https:\/\/www.cci.corsica\/co\/wp-json\/wp\/v2\/categorie-page?post=2749"},{"taxonomy":"type-de-page","embeddable":true,"href":"https:\/\/www.cci.corsica\/co\/wp-json\/wp\/v2\/type-de-page?post=2749"}],"curies":[{"name":"wp","href":"https:\/\/api.w.org\/{rel}","templated":true}]}}