{"id":2767,"date":"2024-05-26T14:24:08","date_gmt":"2024-05-26T12:24:08","guid":{"rendered":"https:\/\/www.cci.corsica\/?page_id=2767"},"modified":"2025-02-20T13:43:17","modified_gmt":"2025-02-20T12:43:17","slug":"ports","status":"publish","type":"page","link":"https:\/\/www.cci.corsica\/co\/ports\/","title":{"rendered":"Ports de commerce de Corse"},"content":{"rendered":"<div data-elementor-type=\"wp-page\" data-elementor-id=\"2767\" class=\"elementor elementor-2767\" data-elementor-post-type=\"page\">\n\t\t\t\t<div class=\"elementor-element elementor-element-a41f5b3 e-flex e-con-boxed e-con e-parent\" data-id=\"a41f5b3\" data-element_type=\"container\">\n\t\t\t\t\t<div class=\"e-con-inner\">\n\t\t\t\t<div class=\"elementor-element elementor-element-a7e8719 elementor-widget elementor-widget-text-editor\" data-id=\"a7e8719\" data-element_type=\"widget\" data-widget_type=\"text-editor.default\">\n\t\t\t\t<div class=\"elementor-widget-container\">\n\t\t\t\t\t\t\t\t\t<p>La gestion des concessions portuaires est ancr\u00e9e dans l&rsquo;Histoire de la CCI de Corse depuis 1843. &nbsp;<\/p>\n<p>Ces outils hautement strat\u00e9giques pour une \u00eele sont des portes d\u2019entr\u00e9es incontournables, v\u00e9ritables indicateurs de la sant\u00e9 \u00e9conomique de la r\u00e9gion.<\/p>\t\t\t\t\t\t\t\t<\/div>\n\t\t\t\t<\/div>\n\t\t\t\t<div class=\"elementor-element elementor-element-4094d1e elementor-widget elementor-widget-image\" data-id=\"4094d1e\" data-element_type=\"widget\" data-widget_type=\"image.default\">\n\t\t\t\t<div class=\"elementor-widget-container\">\n\t\t\t\t\t\t\t\t\t\t\t\t\t\t\t<img fetchpriority=\"high\" decoding=\"async\" width=\"637\" height=\"426\" src=\"https:\/\/www.cci.corsica\/wp-content\/uploads\/2024\/06\/Affiche-150ans-anniversaire-CCI-de-Corse-1993.jpg\" class=\"attachment-full size-full wp-image-3622\" alt=\"Affiche des 150 ans de la CCI de Corse\" srcset=\"https:\/\/www.cci.corsica\/wp-content\/uploads\/2024\/06\/Affiche-150ans-anniversaire-CCI-de-Corse-1993.jpg 637w, https:\/\/www.cci.corsica\/wp-content\/uploads\/2024\/06\/Affiche-150ans-anniversaire-CCI-de-Corse-1993-300x201.jpg 300w, https:\/\/www.cci.corsica\/wp-content\/uploads\/2024\/06\/Affiche-150ans-anniversaire-CCI-de-Corse-1993-18x12.jpg 18w\" sizes=\"(max-width: 637px) 100vw, 637px\" \/>\t\t\t\t\t\t\t\t\t\t\t\t\t\t\t<\/div>\n\t\t\t\t<\/div>\n\t\t\t\t<div class=\"elementor-element elementor-element-a8b6d1b elementor-widget elementor-widget-heading\" data-id=\"a8b6d1b\" data-element_type=\"widget\" data-widget_type=\"heading.default\">\n\t\t\t\t<div class=\"elementor-widget-container\">\n\t\t\t\t\t<h2 class=\"elementor-heading-title elementor-size-default\">Les Ports de commerce de Corse<\/h2>\t\t\t\t<\/div>\n\t\t\t\t<\/div>\n\t\t\t\t<div class=\"elementor-element elementor-element-827f1e5 elementor-widget elementor-widget-text-editor\" data-id=\"827f1e5\" data-element_type=\"widget\" data-widget_type=\"text-editor.default\">\n\t\t\t\t<div class=\"elementor-widget-container\">\n\t\t\t\t\t\t\t\t\t<div>La CCI de Corse est gestionnaire des 6 plateformes portuaires de l\u2019\u00eele pour le compte de la Collectivit\u00e9 de Corse : Ajaccio, Bastia, Bonifacio, L\u2019Ile-Rousse, Porto-Vecchio et Propriano.<br \/><br \/><\/div><div>Avec un positionnement g\u00e9ographique avantageux, notamment par une proximit\u00e9 avec les ports italiens du golfe de G\u00eanes et la Sardaigne, les 6 ports de commerce insulaires sont desservis par 5 compagnies r\u00e9guli\u00e8res et 14 connexions avec la France et l\u2019Italie accueillant ainsi chaque ann\u00e9e plus de 4 millions de voyageurs.<br \/><br \/><\/div><div>Le tourisme constitue le principal vecteur du d\u00e9veloppement \u00e9conomique en Corse (3 millions de touristes par an), c\u2019est pourquoi la CCI de Corse s\u2019investit au travers d\u2019actions promotionnelles visant \u00e0 d\u00e9velopper et \u00e9taler la fr\u00e9quentation de ses ports tout au long de l\u2019ann\u00e9e et contribue ainsi \u00e0 la r\u00e9silience et \u00e0 la vitalit\u00e9 de notre territoire insulaire.<\/div><div>\u00a0<\/div><div>\u00c0 ce titre, elle en assure la promotion et la communication en partenariat avec l\u2019ensemble des compagnies maritimes et les professionnels du tourisme insulaire.<\/div><div>\u00a0<\/div><div>Premi\u00e8res vitrines de la Corse, les ports d\u2019Ajaccio, Bastia, Bonifacio, L\u2019\u00cele-Rousse, Porto-Vecchio et Propriano font donc l\u2019objet d\u2019une attention toute particuli\u00e8re en termes d\u2019am\u00e9nagement, d\u2019investissement et de d\u00e9veloppement des infrastructures.<\/div><div>\u00a0<\/div><div>En sa qualit\u00e9 de concessionnaire exploitant, la CCI de Corse assure donc : des missions d\u2019organisation de l\u2019exploitation, des missions de promotion commerciale et d\u00e9finit la programmation strat\u00e9gique des investissements de l\u2019ensemble des portes d\u2019entr\u00e9es maritimes de l\u2019\u00eele.<\/div>\t\t\t\t\t\t\t\t<\/div>\n\t\t\t\t<\/div>\n\t\t<div class=\"elementor-element elementor-element-134f5d7 e-grid e-con-boxed e-con e-child\" data-id=\"134f5d7\" data-element_type=\"container\">\n\t\t\t\t\t<div class=\"e-con-inner\">\n\t\t\t\t<div class=\"elementor-element elementor-element-b01ebf2 elementor-cta--skin-cover elementor-animated-content elementor-widget elementor-widget-call-to-action\" data-id=\"b01ebf2\" data-element_type=\"widget\" data-widget_type=\"call-to-action.default\">\n\t\t\t\t<div class=\"elementor-widget-container\">\n\t\t\t\t\t\t\t<a class=\"elementor-cta\" href=\"https:\/\/ajaccio-port.cci.corsica\/\">\n\t\t\t\t\t<div class=\"elementor-cta__bg-wrapper\">\n\t\t\t\t<div class=\"elementor-cta__bg elementor-bg\" style=\"background-image: url(https:\/\/www.cci.corsica\/wp-content\/uploads\/2024\/05\/port-de-commerce-dajaccio-1024x672.jpg);\" role=\"img\" aria-label=\"Vue a\u00e9rienne du port d&#039;Ajaccio\"><\/div>\n\t\t\t\t<div class=\"elementor-cta__bg-overlay\"><\/div>\n\t\t\t<\/div>\n\t\t\t\t\t\t\t<div class=\"elementor-cta__content\">\n\t\t\t\t\n\t\t\t\t\t\t\t\t\t<h2 class=\"elementor-cta__title elementor-cta__content-item elementor-content-item elementor-animated-item--grow\">\n\t\t\t\t\t\tAjaccio\t\t\t\t\t<\/h2>\n\t\t\t\t\n\t\t\t\t\t\t\t\t\t<div class=\"elementor-cta__description elementor-cta__content-item elementor-content-item elementor-animated-item--grow\">\n\t\t\t\t\t\tLa porte d'entr\u00e9e de la Cit\u00e9 Imp\u00e9riale\t\t\t\t\t<\/div>\n\t\t\t\t\n\t\t\t\t\t\t\t<\/div>\n\t\t\t\t\t\t<\/a>\n\t\t\t\t\t\t<\/div>\n\t\t\t\t<\/div>\n\t\t\t\t<div class=\"elementor-element elementor-element-e94cfae elementor-cta--skin-cover elementor-animated-content elementor-widget elementor-widget-call-to-action\" data-id=\"e94cfae\" data-element_type=\"widget\" data-widget_type=\"call-to-action.default\">\n\t\t\t\t<div class=\"elementor-widget-container\">\n\t\t\t\t\t\t\t<a class=\"elementor-cta\" href=\"https:\/\/bastia-port.cci.corsica\/\">\n\t\t\t\t\t<div class=\"elementor-cta__bg-wrapper\">\n\t\t\t\t<div class=\"elementor-cta__bg elementor-bg\" style=\"background-image: url(https:\/\/www.cci.corsica\/wp-content\/uploads\/2024\/05\/Port-de-commerce-de-Bastia-1024x672.jpg);\" role=\"img\" aria-label=\"Vue a\u00e9rienne du poort de Bastia\"><\/div>\n\t\t\t\t<div class=\"elementor-cta__bg-overlay\"><\/div>\n\t\t\t<\/div>\n\t\t\t\t\t\t\t<div class=\"elementor-cta__content\">\n\t\t\t\t\n\t\t\t\t\t\t\t\t\t<h2 class=\"elementor-cta__title elementor-cta__content-item elementor-content-item elementor-animated-item--grow\">\n\t\t\t\t\t\tBastia\t\t\t\t\t<\/h2>\n\t\t\t\t\n\t\t\t\t\t\t\t\t\t<div class=\"elementor-cta__description elementor-cta__content-item elementor-content-item elementor-animated-item--grow\">\n\t\t\t\t\t\tLa porte d'entr\u00e9e naturelle de la Corse\t\t\t\t\t<\/div>\n\t\t\t\t\n\t\t\t\t\t\t\t<\/div>\n\t\t\t\t\t\t<\/a>\n\t\t\t\t\t\t<\/div>\n\t\t\t\t<\/div>\n\t\t\t\t<div class=\"elementor-element elementor-element-c80a88d elementor-cta--skin-cover elementor-animated-content elementor-widget elementor-widget-call-to-action\" data-id=\"c80a88d\" data-element_type=\"widget\" data-widget_type=\"call-to-action.default\">\n\t\t\t\t<div class=\"elementor-widget-container\">\n\t\t\t\t\t\t\t<a class=\"elementor-cta\" href=\"https:\/\/bonifacio-port.cci.corsica\/\">\n\t\t\t\t\t<div class=\"elementor-cta__bg-wrapper\">\n\t\t\t\t<div class=\"elementor-cta__bg elementor-bg\" style=\"background-image: url(https:\/\/www.cci.corsica\/wp-content\/uploads\/2024\/05\/port-de-commerce-de-bonifacio-1024x672.jpg);\" role=\"img\" aria-label=\"Vue a\u00e9rienne du port de Bonifacio\"><\/div>\n\t\t\t\t<div class=\"elementor-cta__bg-overlay\"><\/div>\n\t\t\t<\/div>\n\t\t\t\t\t\t\t<div class=\"elementor-cta__content\">\n\t\t\t\t\n\t\t\t\t\t\t\t\t\t<h2 class=\"elementor-cta__title elementor-cta__content-item elementor-content-item elementor-animated-item--grow\">\n\t\t\t\t\t\tBonifacio\t\t\t\t\t<\/h2>\n\t\t\t\t\n\t\t\t\t\t\t\t\t\t<div class=\"elementor-cta__description elementor-cta__content-item elementor-content-item elementor-animated-item--grow\">\n\t\t\t\t\t\tLa Sardaigne en 50min\t\t\t\t\t<\/div>\n\t\t\t\t\n\t\t\t\t\t\t\t<\/div>\n\t\t\t\t\t\t<\/a>\n\t\t\t\t\t\t<\/div>\n\t\t\t\t<\/div>\n\t\t\t\t<div class=\"elementor-element elementor-element-f1f56db elementor-cta--skin-cover elementor-animated-content elementor-widget elementor-widget-call-to-action\" data-id=\"f1f56db\" data-element_type=\"widget\" data-widget_type=\"call-to-action.default\">\n\t\t\t\t<div class=\"elementor-widget-container\">\n\t\t\t\t\t\t\t<a class=\"elementor-cta\" href=\"https:\/\/ilerousse-port.cci.corsica\/\">\n\t\t\t\t\t<div class=\"elementor-cta__bg-wrapper\">\n\t\t\t\t<div class=\"elementor-cta__bg elementor-bg\" style=\"background-image: url(https:\/\/www.cci.corsica\/wp-content\/uploads\/2024\/05\/Port-de-commerce-dile-rousse-1024x672.jpg);\" role=\"img\" aria-label=\"Vue a\u00e9rienne du port d&#039;\u00cele-Rousse\"><\/div>\n\t\t\t\t<div class=\"elementor-cta__bg-overlay\"><\/div>\n\t\t\t<\/div>\n\t\t\t\t\t\t\t<div class=\"elementor-cta__content\">\n\t\t\t\t\n\t\t\t\t\t\t\t\t\t<h2 class=\"elementor-cta__title elementor-cta__content-item elementor-content-item elementor-animated-item--grow\">\n\t\t\t\t\t\t\u00cele Rousse\t\t\t\t\t<\/h2>\n\t\t\t\t\n\t\t\t\t\t\t\t\t\t<div class=\"elementor-cta__description elementor-cta__content-item elementor-content-item elementor-animated-item--grow\">\n\t\t\t\t\t\tLa porte d'entr\u00e9e de la Balagne\t\t\t\t\t<\/div>\n\t\t\t\t\n\t\t\t\t\t\t\t<\/div>\n\t\t\t\t\t\t<\/a>\n\t\t\t\t\t\t<\/div>\n\t\t\t\t<\/div>\n\t\t\t\t<div class=\"elementor-element elementor-element-284ea75 elementor-cta--skin-cover elementor-animated-content elementor-widget elementor-widget-call-to-action\" data-id=\"284ea75\" data-element_type=\"widget\" data-widget_type=\"call-to-action.default\">\n\t\t\t\t<div class=\"elementor-widget-container\">\n\t\t\t\t\t\t\t<a class=\"elementor-cta\" href=\"https:\/\/portovecchio-port.cci.corsica\/\">\n\t\t\t\t\t<div class=\"elementor-cta__bg-wrapper\">\n\t\t\t\t<div class=\"elementor-cta__bg elementor-bg\" style=\"background-image: url(https:\/\/www.cci.corsica\/wp-content\/uploads\/2024\/05\/port-de-commerce-de-porto-vechhio-1024x672.jpg);\" role=\"img\" aria-label=\"Vue a\u00e9rienne du port de Porto-Vecchio\"><\/div>\n\t\t\t\t<div class=\"elementor-cta__bg-overlay\"><\/div>\n\t\t\t<\/div>\n\t\t\t\t\t\t\t<div class=\"elementor-cta__content\">\n\t\t\t\t\n\t\t\t\t\t\t\t\t\t<h2 class=\"elementor-cta__title elementor-cta__content-item elementor-content-item elementor-animated-item--grow\">\n\t\t\t\t\t\tPorto-Vecchio\t\t\t\t\t<\/h2>\n\t\t\t\t\n\t\t\t\t\t\t\t\t\t<div class=\"elementor-cta__description elementor-cta__content-item elementor-content-item elementor-animated-item--grow\">\n\t\t\t\t\t\tLa porte d'entr\u00e9e vers l'Italie du Sud et la Sardaigne\t\t\t\t\t<\/div>\n\t\t\t\t\n\t\t\t\t\t\t\t<\/div>\n\t\t\t\t\t\t<\/a>\n\t\t\t\t\t\t<\/div>\n\t\t\t\t<\/div>\n\t\t\t\t<div class=\"elementor-element elementor-element-9ec64ea elementor-cta--skin-cover elementor-animated-content elementor-widget elementor-widget-call-to-action\" data-id=\"9ec64ea\" data-element_type=\"widget\" data-widget_type=\"call-to-action.default\">\n\t\t\t\t<div class=\"elementor-widget-container\">\n\t\t\t\t\t\t\t<a class=\"elementor-cta\" href=\"https:\/\/propriano-port.cci.corsica\/\">\n\t\t\t\t\t<div class=\"elementor-cta__bg-wrapper\">\n\t\t\t\t<div class=\"elementor-cta__bg elementor-bg\" style=\"background-image: url(https:\/\/www.cci.corsica\/wp-content\/uploads\/2024\/05\/Port-de-commerce-Propriano-1024x672.jpg);\" role=\"img\" aria-label=\"Vue a\u00e9rienne du port de propriano\"><\/div>\n\t\t\t\t<div class=\"elementor-cta__bg-overlay\"><\/div>\n\t\t\t<\/div>\n\t\t\t\t\t\t\t<div class=\"elementor-cta__content\">\n\t\t\t\t\n\t\t\t\t\t\t\t\t\t<h2 class=\"elementor-cta__title elementor-cta__content-item elementor-content-item elementor-animated-item--grow\">\n\t\t\t\t\t\tPropriano\t\t\t\t\t<\/h2>\n\t\t\t\t\n\t\t\t\t\t\t\t\t\t<div class=\"elementor-cta__description elementor-cta__content-item elementor-content-item elementor-animated-item--grow\">\n\t\t\t\t\t\tDestination nature du sud de la Corse\t\t\t\t\t<\/div>\n\t\t\t\t\n\t\t\t\t\t\t\t<\/div>\n\t\t\t\t\t\t<\/a>\n\t\t\t\t\t\t<\/div>\n\t\t\t\t<\/div>\n\t\t\t\t\t<\/div>\n\t\t\t\t<\/div>\n\t\t\t\t\t<\/div>\n\t\t\t\t<\/div>\n\t\t<div class=\"elementor-element elementor-element-01ab9d3 e-flex e-con-boxed e-con e-parent\" data-id=\"01ab9d3\" data-element_type=\"container\">\n\t\t\t\t\t<div class=\"e-con-inner\">\n\t\t\t\t<div class=\"elementor-element elementor-element-9f43fc0 elementor-widget elementor-widget-heading\" data-id=\"9f43fc0\" data-element_type=\"widget\" data-widget_type=\"heading.default\">\n\t\t\t\t<div class=\"elementor-widget-container\">\n\t\t\t\t\t<h2 class=\"elementor-heading-title elementor-size-default\">Cruise Corsica : Destination croisi\u00e8re<\/h2>\t\t\t\t<\/div>\n\t\t\t\t<\/div>\n\t\t\t\t<div class=\"elementor-element elementor-element-250b124 elementor-widget elementor-widget-text-editor\" data-id=\"250b124\" data-element_type=\"widget\" data-widget_type=\"text-editor.default\">\n\t\t\t\t<div class=\"elementor-widget-container\">\n\t\t\t\t\t\t\t\t\t<p><strong>La Croisi\u00e8re en Corse est une cha\u00eene de professionnels reconnus au service des compagnies et des passagers.<\/strong><\/p><p>Chaque ann\u00e9e, la Corse attire pr\u00e8s d\u2019un demi-million de croisi\u00e9ristes dans l\u2019un des 6 ports de commerce de Corse \u00a0: <a href=\"https:\/\/ajaccio-port.cci.corsica\/\" target=\"_blank\" rel=\"noopener\">Ajaccio<\/a>, <a href=\"https:\/\/bastia-port.cci.corsica\/\" target=\"_blank\" rel=\"noopener\">Bastia<\/a>,\u00a0<a href=\"https:\/\/bonifacio-port.cci.corsica\/\" target=\"_blank\" rel=\"noopener\">Bonifacio<\/a>,\u00a0<a href=\"https:\/\/ilerousse-port.cci.corsica\/\" target=\"_blank\" rel=\"noopener\">L\u2019Ile-Rousse<\/a>,\u00a0<a href=\"https:\/\/portovecchio-port.cci.corsica\/\" target=\"_blank\" rel=\"noopener\">Porto-Vecchio<\/a>\u00a0et\u00a0<a href=\"https:\/\/propriano-port.cci.corsica\/\" target=\"_blank\" rel=\"noopener\">Propriano<\/a>.<\/p><p>Le \u00ab P\u00f4le Croisi\u00e8res \u00bb de la CCI de Corse, c\u2019est une \u00e9quipe qui multiplie les actions commerciales visant \u00e0 promouvoir les infrastructures portuaires de l\u2019\u00eele mais aussi la Corse en tant que \u00ab <a href=\"https:\/\/www.cci.corsica\/co\/cruise-corsica\/\">Destination de Croisi\u00e8res<\/a> \u00bb aupr\u00e8s des compagnies internationales.<\/p><p>Chaque ann\u00e9e, la CCI de Corse participe aux grands rendez-vous annuels Seatrade Cruise Global (USA \/ Floride), Seatrade Med\/Seatrade Europe, les 2 plus grands rendez-vous professionnels internationaux de la croisi\u00e8re qui regroupent tous les acteurs du march\u00e9 : ports, compagnies, chantiers navals, prestataires techniques\u2026\u00a0<\/p>\t\t\t\t\t\t\t\t<\/div>\n\t\t\t\t<\/div>\n\t\t\t\t\t<\/div>\n\t\t\t\t<\/div>\n\t\t<div class=\"elementor-element elementor-element-db53207 e-flex e-con-boxed e-con e-parent\" data-id=\"db53207\" data-element_type=\"container\">\n\t\t\t\t\t<div class=\"e-con-inner\">\n\t\t\t\t<div class=\"elementor-element elementor-element-59e9ca6 elementor-widget elementor-widget-heading\" data-id=\"59e9ca6\" data-element_type=\"widget\" data-widget_type=\"heading.default\">\n\t\t\t\t<div class=\"elementor-widget-container\">\n\t\t\t\t\t<h2 class=\"elementor-heading-title elementor-size-default\">Consultez ou t\u00e9l\u00e9chargez les statistiques trafic des Ports de Corse<\/h2>\t\t\t\t<\/div>\n\t\t\t\t<\/div>\n\t\t\t\t<div class=\"elementor-element elementor-element-04f9c45 elementor-widget elementor-widget-text-editor\" data-id=\"04f9c45\" data-element_type=\"widget\" data-widget_type=\"text-editor.default\">\n\t\t\t\t<div class=\"elementor-widget-container\">\n\t\t\t\t\t\t\t\t\t<h3>Chaque ann\u00e9e plus de 4 millions de voyageurs sont accueillis.<\/h3><p>Retrouvez chaque mois les statistiques globales des Ports de Corse<\/p>\t\t\t\t\t\t\t\t<\/div>\n\t\t\t\t<\/div>\n\t\t\t\t<div class=\"elementor-element elementor-element-fbb02fc elementor-widget elementor-widget-button\" data-id=\"fbb02fc\" data-element_type=\"widget\" data-widget_type=\"button.default\">\n\t\t\t\t<div class=\"elementor-widget-container\">\n\t\t\t\t\t\t\t\t\t<div class=\"elementor-button-wrapper\">\n\t\t\t\t\t<a class=\"elementor-button elementor-button-link elementor-size-sm\" href=\"https:\/\/www.cci.corsica\/co\/statistiques-ports-de-corse\/\">\n\t\t\t\t\t\t<span class=\"elementor-button-content-wrapper\">\n\t\t\t\t\t\t\t\t\t<span class=\"elementor-button-text\">Voir les statistiques des Ports de Corse<\/span>\n\t\t\t\t\t<\/span>\n\t\t\t\t\t<\/a>\n\t\t\t\t<\/div>\n\t\t\t\t\t\t\t\t<\/div>\n\t\t\t\t<\/div>\n\t\t\t\t\t<\/div>\n\t\t\t\t<\/div>\n\t\t<div class=\"elementor-element elementor-element-e05ee71 e-flex e-con-boxed e-con e-parent\" data-id=\"e05ee71\" data-element_type=\"container\">\n\t\t\t\t\t<div class=\"e-con-inner\">\n\t\t\t\t<div class=\"elementor-element elementor-element-78bf7c6 elementor-widget elementor-widget-heading\" data-id=\"78bf7c6\" data-element_type=\"widget\" data-widget_type=\"heading.default\">\n\t\t\t\t<div class=\"elementor-widget-container\">\n\t\t\t\t\t<h2 class=\"elementor-heading-title elementor-size-default\">Visionnez en live les ports de Commerce de Corse<\/h2>\t\t\t\t<\/div>\n\t\t\t\t<\/div>\n\t\t\t\t<div class=\"elementor-element elementor-element-dd5e33b elementor-widget elementor-widget-text-editor\" data-id=\"dd5e33b\" data-element_type=\"widget\" data-widget_type=\"text-editor.default\">\n\t\t\t\t<div class=\"elementor-widget-container\">\n\t\t\t\t\t\t\t\t\t<p>Gr\u00e2ce \u00e0 nos dispositif de webcams, visionnez en live les Ports de commerce D&rsquo;Ajaccio, Bastia, Bonifacio, L&rsquo;\u00cele-Rousse, Porto-Vecchio, Propriano. Ces cam\u00e9ras vous permettent de suivre ce qui se passe en temps r\u00e9els sur les quais et sont <span class=\"notion-enable-hover\" data-token-index=\"0\">accessibles 24h\/24 et 7j\/7.\u00a0<\/span><\/p>\t\t\t\t\t\t\t\t<\/div>\n\t\t\t\t<\/div>\n\t\t\t\t<div class=\"elementor-element elementor-element-839c3fb elementor-widget elementor-widget-button\" data-id=\"839c3fb\" data-element_type=\"widget\" data-widget_type=\"button.default\">\n\t\t\t\t<div class=\"elementor-widget-container\">\n\t\t\t\t\t\t\t\t\t<div class=\"elementor-button-wrapper\">\n\t\t\t\t\t<a class=\"elementor-button elementor-button-link elementor-size-sm\" href=\"https:\/\/www.cci.corsica\/co\/webcams\/\">\n\t\t\t\t\t\t<span class=\"elementor-button-content-wrapper\">\n\t\t\t\t\t\t\t\t\t<span class=\"elementor-button-text\">Visionnez les webcams<\/span>\n\t\t\t\t\t<\/span>\n\t\t\t\t\t<\/a>\n\t\t\t\t<\/div>\n\t\t\t\t\t\t\t\t<\/div>\n\t\t\t\t<\/div>\n\t\t\t\t\t<\/div>\n\t\t\t\t<\/div>\n\t\t\t\t<\/div>","protected":false},"excerpt":{"rendered":"<p>La gestion des concessions portuaires est ancr\u00e9e dans l&rsquo;Histoire de la CCI de Corse depuis 1843. &nbsp; Ces outils hautement strat\u00e9giques pour une \u00eele sont des portes d\u2019entr\u00e9es incontournables, v\u00e9ritables indicateurs de la sant\u00e9 \u00e9conomique de la r\u00e9gion. Les Ports de commerce de Corse La CCI de Corse est gestionnaire des 6 plateformes portuaires de [&hellip;]<\/p>\n","protected":false},"author":4,"featured_media":0,"parent":0,"menu_order":0,"comment_status":"closed","ping_status":"closed","template":"","meta":{"_acf_changed":false,"_seopress_robots_primary_cat":"","_seopress_titles_title":"","_seopress_titles_desc":"","_seopress_robots_index":"","footnotes":""},"categorie-page":[],"type-de-page":[8],"class_list":["post-2767","page","type-page","status-publish","hentry","type-de-page-page-sans-image"],"acf":[],"_links":{"self":[{"href":"https:\/\/www.cci.corsica\/co\/wp-json\/wp\/v2\/pages\/2767","targetHints":{"allow":["GET"]}}],"collection":[{"href":"https:\/\/www.cci.corsica\/co\/wp-json\/wp\/v2\/pages"}],"about":[{"href":"https:\/\/www.cci.corsica\/co\/wp-json\/wp\/v2\/types\/page"}],"author":[{"embeddable":true,"href":"https:\/\/www.cci.corsica\/co\/wp-json\/wp\/v2\/users\/4"}],"replies":[{"embeddable":true,"href":"https:\/\/www.cci.corsica\/co\/wp-json\/wp\/v2\/comments?post=2767"}],"version-history":[{"count":53,"href":"https:\/\/www.cci.corsica\/co\/wp-json\/wp\/v2\/pages\/2767\/revisions"}],"predecessor-version":[{"id":7373,"href":"https:\/\/www.cci.corsica\/co\/wp-json\/wp\/v2\/pages\/2767\/revisions\/7373"}],"wp:attachment":[{"href":"https:\/\/www.cci.corsica\/co\/wp-json\/wp\/v2\/media?parent=2767"}],"wp:term":[{"taxonomy":"categorie-page","embeddable":true,"href":"https:\/\/www.cci.corsica\/co\/wp-json\/wp\/v2\/categorie-page?post=2767"},{"taxonomy":"type-de-page","embeddable":true,"href":"https:\/\/www.cci.corsica\/co\/wp-json\/wp\/v2\/type-de-page?post=2767"}],"curies":[{"name":"wp","href":"https:\/\/api.w.org\/{rel}","templated":true}]}}