{"id":3327,"date":"2024-06-09T22:02:51","date_gmt":"2024-06-09T20:02:51","guid":{"rendered":"https:\/\/www.cci.corsica\/?page_id=3327"},"modified":"2026-04-17T11:17:35","modified_gmt":"2026-04-17T09:17:35","slug":"mentions-legales","status":"publish","type":"page","link":"https:\/\/www.cci.corsica\/co\/mentions-legales\/","title":{"rendered":"Mentions l\u00e9gales"},"content":{"rendered":"<p>Les pr\u00e9sentes s\u2019appliquent \u00e0 l\u2019utilisation du site (<a href=\"https:\/\/www.cci.corsica\/co\/\">https:\/\/www.cci.corsica\/<\/a>).<\/p>\n\n\n\n<h3 class=\"wp-block-heading\"><strong>\u00c9diteur du site&nbsp;:<\/strong><\/h3>\n\n\n\n<p>Ce site est \u00e9dit\u00e9 par l&rsquo;Etablissement Public du Commerce et de l&rsquo;Industrie (EPCI) de Corse, dont le Si\u00e8ge social est situ\u00e9 Quai du nouveau port, 20200 Bastia, repr\u00e9sent\u00e9e par son Pr\u00e9sident.<\/p>\n\n\n\n<p>T\u00e9l&nbsp;: 04 95 54 44 44<\/p>\n\n\n\n<p>Mail&nbsp;: <a href=\"mailto:contact@cci.corsica\">contact@cci.corsica<\/a>&nbsp;<\/p>\n\n\n\n<p>Directeur de la publication\u00a0: Monsieur Philippe ALBERTINI, Directeur G\u00e9n\u00e9ral de l&rsquo;Etablissement Public du Commerce et de l&rsquo;Industrie (EPCI) de Corse<\/p>\n\n\n\n<h3 class=\"wp-block-heading\"><strong>H\u00e9bergement du site et d\u00e9veloppement&nbsp;:<\/strong><\/h3>\n\n\n\n<p>Le site est h\u00e9berg\u00e9 par La Fabrique Orange Business Services<\/p>\n\n\n\n<p>SA 29 rue Servan, 38 000 GRENOBLE<br>T\u00e9l. : 04 76 44 50 50<br>Si\u00e8ge social : 1 place des droits de l&rsquo;Homme, 93210 SAINT DENIS&nbsp;France<br><a href=\"https:\/\/lafabrique.orange-business.com\">https:\/\/lafabrique.orange-business.com<\/a><\/p>\n\n\n\n<h3 class=\"wp-block-heading\">Le site a \u00e9t\u00e9 d\u00e9velopp\u00e9 par la soci\u00e9t\u00e9 :<\/h3>\n\n\n\n<p>SARL CORSICAWEB<br>Maison du Cap \u2013 Port Toga<br>20200 BASTIA<br>04 95 32 29 94<br>SIRET : 42201842400024<br>Sp\u00e9cialiste du web en corse, <a href=\"https:\/\/www.corsicaweb.fr\" target=\"_blank\" rel=\"noreferrer noopener\">Corsicaweb<\/a> r\u00e9alise tous vos projets Internet.<\/p>\n\n\n\n<h3 class=\"wp-block-heading\"><strong>Objectifs et contenu du site&nbsp;:<\/strong><\/h3>\n\n\n\n<p>Ce site a pour objectif de pr\u00e9senter au grand public, aux professionnels et aux m\u00e9dias, les activit\u00e9s de l&rsquo;Etablissement Public du Commerce et de l&rsquo;Industrie (EPCI) de Corse.<\/p>\n\n\n\n<h3 class=\"wp-block-heading\"><strong>R\u00e9seaux sociaux&nbsp;:<\/strong><\/h3>\n\n\n\n<p>Les sites ou pages de l&rsquo;Etablissement Public du Commerce et de l&rsquo;Industrie (EPCI) de Corse des r\u00e9seaux sociaux tels que Facebook, Instagram, Linkedin, Youtube et X (anciennement Twitter) sont \u00e9dit\u00e9s par l&rsquo;Etablissement Public du Commerce et de l&rsquo;Industrie (EPCI) de Corse, dont le Si\u00e8ge social est situ\u00e9 Quai du nouveau port, 20200 Bastia, repr\u00e9sent\u00e9e par son Pr\u00e9sident.<\/p>\n\n\n\n<p>T\u00e9l&nbsp;: 0495544444<\/p>\n\n\n\n<p>Mail&nbsp;: <a href=\"mailto:contact@cci.corsica\">contact@cci.corsica<\/a>&nbsp;<\/p>\n\n\n\n<p>Directeur de la publication\u00a0: Monsieur Philippe ALBERTINI, Directeur G\u00e9n\u00e9ral de l&rsquo;Etablissement Public du Commerce et de l&rsquo;Industrie (EPCI) de Corse<\/p>\n\n\n\n<p>Veuillez consulter la <a href=\"https:\/\/www.cci.corsica\/co\/charte-moderation-reseaux-sociaux\/\" data-type=\"link\" data-id=\"https:\/\/www.cci.corsica\/charte-moderation-reseaux-sociaux\/\" target=\"_blank\" rel=\"noreferrer noopener\">charte de mod\u00e9ration des r\u00e9seaux sociaux <\/a>de l&rsquo;Etablissement Public du Commerce et de l&rsquo;Industrie (EPCI) de Corse.<\/p>\n\n\n\n<h3 class=\"wp-block-heading\"><strong>Donn\u00e9es \u00e0 caract\u00e8re personnel&nbsp;:<\/strong><\/h3>\n\n\n\n<p>L&rsquo;Etablissement Public du Commerce et de l&rsquo;Industrie (EPCI) de Corse, s\u2019engage \u00e0 ce que la collecte et le traitement de vos donn\u00e9es effectu\u00e9 \u00e0 partir du site (ajouter URL du site) soient conformes au R\u00e8glement G\u00e9n\u00e9ral sur la Protection des Donn\u00e9es (RGPD) et \u00e0 la Loi Informatique et Libert\u00e9s (LIL) modifi\u00e9e.<\/p>\n\n\n\n<p>Pour plus d\u2019informations \u00e0 ce sujet, nous vous invitons \u00e0 consulter notre politique de confidentialit\u00e9 \u00e0 l\u2019adresse suivante&nbsp;: <a href=\"https:\/\/www.cci.corsica\/co\/politique-de-confidentialite\/\">https:\/\/www.cci.corsica\/politique-de-confidentialite\/<\/a>.<\/p>\n\n\n\n<p>Pour toute information ou exercice de vos droits Informatique et Libert\u00e9s sur les traitements de donn\u00e9es personnelles g\u00e9r\u00e9s par l&rsquo;Etablissement Public du Commerce et de l&rsquo;Industrie (EPCI) de Corse, vous pouvez contacter notre d\u00e9l\u00e9gu\u00e9 \u00e0 la protection des donn\u00e9es en \u00e9crivant \u00e0 dpo@cci.corsica ou \u00e0 l\u2019adresse postale suivante\u00a0: DPO, l&rsquo;Etablissement Public du Commerce et de l&rsquo;Industrie (EPCI) de Corse, Quai du Nouveau Port, 20200 Bastia, en prenant soin de justifier de votre identit\u00e9 et d\u2019indiquer pr\u00e9cis\u00e9ment vos nom, pr\u00e9nom, et adresse pour la r\u00e9ponse.<\/p>\n\n\n\n<h3 class=\"wp-block-heading\"><strong>Cookies&nbsp;:<\/strong><\/h3>\n\n\n\n<p>Notre site utilise des cookies.<\/p>\n\n\n\n<p>Pour plus d\u2019informations \u00e0 ce sujet, nous vous invitons \u00e0 consulter notre politique cookies \u00e0 l\u2019adresse suivante&nbsp;: <a href=\"https:\/\/www.cci.corsica\/co\/politique-cookies\/\">https:\/\/www.cci.corsica\/politique-cookies\/<\/a>.<\/p>\n\n\n\n<h3 class=\"wp-block-heading\"><strong>Responsabilit\u00e9&nbsp;:<\/strong><\/h3>\n\n\n\n<p>L&rsquo;Etablissement Public du Commerce et de l&rsquo;Industrie (EPCI) de Corse se r\u00e9serve le droit de proposer des liens vers des sites tiers disponibles sur internet. Le visiteur qui acc\u00e8de \u00e0 ces sites quitte le site <a href=\"https:\/\/www.cci.corsica\/co\/\">https:\/\/www.cci.corsica<\/a> et reconna\u00eet que lesdits sites ne sont pas contr\u00f4l\u00e9s par l&rsquo;Etablissement Public du Commerce et de l&rsquo;Industrie (EPCI) de Corse.<\/p>\n\n\n\n<p>En cons\u00e9quence, l&rsquo;Etablissement Public du Commerce et de l&rsquo;Industrie (EPCI) de Corse ne pourra \u00eatre tenu responsable des contenus propos\u00e9s sur ces sites tiers, ni des liens qu\u2019ils contiennent, ni des changements qui pourraient y \u00eatre apport\u00e9s.<\/p>\n\n\n\n<p>L&rsquo;Etablissement Public du Commerce et de l&rsquo;Industrie (EPCI) de Corse s\u2019engage \u00e0 faire les meilleurs efforts pour assurer l\u2019accessibilit\u00e9 de son site \u00e0 tout moment. Elle ne pourra toutefois pas \u00eatre tenue responsable de l\u2019indisponibilit\u00e9 du site pour quelque cause que ce soit, en ce compris les transmissions d\u00e9fectueuses d\u2019informations dues aux diff\u00e9rents r\u00e9seaux composant internet et les \u00e9ventuelles incompatibilit\u00e9s dues aux navigateurs.<\/p>\n\n\n\n<p>L&rsquo;Etablissement Public du Commerce et de l&rsquo;Industrie (EPCI) de Corse fournit des informations \u00e0 titre indicatif et tous les moyens sont mis en \u0153uvre par l&rsquo;Etablissement Public du Commerce et de l&rsquo;Industrie (EPCI) de Corse afin d\u2019offrir aux visiteurs du site des outils disponibles et v\u00e9rifi\u00e9s. D\u00e8s lors, l&rsquo;Etablissement Public du Commerce et de l&rsquo;Industrie (EPCI) de Corse ne saurait en garantir la compl\u00e9tude, l\u2019exactitude, ou l\u2019actualit\u00e9, ni m\u00eame l\u2019absence de virus et\/ou infections logiques sur son site.<\/p>\n\n\n\n<h3 class=\"wp-block-heading\"><strong>Propri\u00e9t\u00e9 intellectuelle&nbsp;:<\/strong><\/h3>\n\n\n\n<p>Le contenu de ce site, pris dans son ensemble, en ce compris les \u00e9l\u00e9ments qui le composent, est prot\u00e9g\u00e9 par la loi, notamment par les dispositions du code de la propri\u00e9t\u00e9 intellectuelle.<\/p>\n\n\n\n<p>Tous les droits de reproduction sont r\u00e9serv\u00e9s, y compris pour les documents t\u00e9l\u00e9chargeables et les repr\u00e9sentations iconographiques et photographiques.<\/p>\n\n\n\n<p>Toute repr\u00e9sentation et\/ou reproduction et\/ou exploitation partielle ou totale de ce site, par quelques proc\u00e9d\u00e9s que se soient, sans l\u2019autorisation expresse et pr\u00e9alable de l&rsquo;Etablissement Public du Commerce et de l&rsquo;Industrie (EPCI) de Corse est interdite et constituerait une contrefa\u00e7on au sens des articles L 335-2 et suivants du Code de la propri\u00e9t\u00e9 intellectuelle.<\/p>\n\n\n\n<p><\/p>","protected":false},"excerpt":{"rendered":"<p>Les pr\u00e9sentes s\u2019appliquent \u00e0 l\u2019utilisation du site (https:\/\/www.cci.corsica\/). \u00c9diteur du site&nbsp;: Ce site est \u00e9dit\u00e9 par l&rsquo;Etablissement Public du Commerce et de l&rsquo;Industrie (EPCI) de Corse, dont le Si\u00e8ge social est situ\u00e9 Quai du nouveau port, 20200 Bastia, repr\u00e9sent\u00e9e par son Pr\u00e9sident. T\u00e9l&nbsp;: 04 95 54 44 44 Mail&nbsp;: contact@cci.corsica&nbsp; Directeur de la publication\u00a0: Monsieur [&hellip;]<\/p>\n","protected":false},"author":4,"featured_media":0,"parent":0,"menu_order":0,"comment_status":"closed","ping_status":"closed","template":"","meta":{"_acf_changed":false,"_seopress_robots_primary_cat":"","_seopress_titles_title":"","_seopress_titles_desc":"","_seopress_robots_index":"","footnotes":""},"categorie-page":[],"type-de-page":[8],"class_list":["post-3327","page","type-page","status-publish","hentry","type-de-page-page-sans-image"],"acf":[],"_links":{"self":[{"href":"https:\/\/www.cci.corsica\/co\/wp-json\/wp\/v2\/pages\/3327","targetHints":{"allow":["GET"]}}],"collection":[{"href":"https:\/\/www.cci.corsica\/co\/wp-json\/wp\/v2\/pages"}],"about":[{"href":"https:\/\/www.cci.corsica\/co\/wp-json\/wp\/v2\/types\/page"}],"author":[{"embeddable":true,"href":"https:\/\/www.cci.corsica\/co\/wp-json\/wp\/v2\/users\/4"}],"replies":[{"embeddable":true,"href":"https:\/\/www.cci.corsica\/co\/wp-json\/wp\/v2\/comments?post=3327"}],"version-history":[{"count":14,"href":"https:\/\/www.cci.corsica\/co\/wp-json\/wp\/v2\/pages\/3327\/revisions"}],"predecessor-version":[{"id":9931,"href":"https:\/\/www.cci.corsica\/co\/wp-json\/wp\/v2\/pages\/3327\/revisions\/9931"}],"wp:attachment":[{"href":"https:\/\/www.cci.corsica\/co\/wp-json\/wp\/v2\/media?parent=3327"}],"wp:term":[{"taxonomy":"categorie-page","embeddable":true,"href":"https:\/\/www.cci.corsica\/co\/wp-json\/wp\/v2\/categorie-page?post=3327"},{"taxonomy":"type-de-page","embeddable":true,"href":"https:\/\/www.cci.corsica\/co\/wp-json\/wp\/v2\/type-de-page?post=3327"}],"curies":[{"name":"wp","href":"https:\/\/api.w.org\/{rel}","templated":true}]}}