{"id":3648,"date":"2024-06-23T21:55:50","date_gmt":"2024-06-23T19:55:50","guid":{"rendered":"https:\/\/www.cci.corsica\/?page_id=3648"},"modified":"2025-01-30T17:16:24","modified_gmt":"2025-01-30T16:16:24","slug":"oliveoilmednet","status":"publish","type":"page","link":"https:\/\/www.cci.corsica\/co\/oliveoilmednet\/","title":{"rendered":"OliveOilMedNet"},"content":{"rendered":"<div data-elementor-type=\"wp-page\" data-elementor-id=\"3648\" class=\"elementor elementor-3648\" data-elementor-post-type=\"page\">\n\t\t\t\t<div class=\"elementor-element elementor-element-bb09c98 e-flex e-con-boxed e-con e-parent\" data-id=\"bb09c98\" data-element_type=\"container\">\n\t\t\t\t\t<div class=\"e-con-inner\">\n\t\t\t\t<div class=\"elementor-element elementor-element-131b250 elementor-widget elementor-widget-image\" data-id=\"131b250\" data-element_type=\"widget\" data-widget_type=\"image.default\">\n\t\t\t\t<div class=\"elementor-widget-container\">\n\t\t\t\t\t\t\t\t\t\t\t\t\t\t\t<img fetchpriority=\"high\" decoding=\"async\" width=\"800\" height=\"102\" src=\"https:\/\/www.cci.corsica\/wp-content\/uploads\/2024\/12\/oliveoilmednet_cmyk_en-1024x130.jpg\" class=\"attachment-large size-large wp-image-6753\" alt=\"\" srcset=\"https:\/\/www.cci.corsica\/wp-content\/uploads\/2024\/12\/oliveoilmednet_cmyk_en-1024x130.jpg 1024w, https:\/\/www.cci.corsica\/wp-content\/uploads\/2024\/12\/oliveoilmednet_cmyk_en-300x38.jpg 300w, https:\/\/www.cci.corsica\/wp-content\/uploads\/2024\/12\/oliveoilmednet_cmyk_en-768x97.jpg 768w, https:\/\/www.cci.corsica\/wp-content\/uploads\/2024\/12\/oliveoilmednet_cmyk_en-18x2.jpg 18w, https:\/\/www.cci.corsica\/wp-content\/uploads\/2024\/12\/oliveoilmednet_cmyk_en.jpg 1246w\" sizes=\"(max-width: 800px) 100vw, 800px\" \/>\t\t\t\t\t\t\t\t\t\t\t\t\t\t\t<\/div>\n\t\t\t\t<\/div>\n\t\t\t\t\t<\/div>\n\t\t\t\t<\/div>\n\t\t<div class=\"elementor-element elementor-element-cae25ca e-flex e-con-boxed e-con e-parent\" data-id=\"cae25ca\" data-element_type=\"container\">\n\t\t\t\t\t<div class=\"e-con-inner\">\n\t\t\t\t<div class=\"elementor-element elementor-element-04508cc elementor-widget elementor-widget-text-editor\" data-id=\"04508cc\" data-element_type=\"widget\" data-widget_type=\"text-editor.default\">\n\t\t\t\t<div class=\"elementor-widget-container\">\n\t\t\t\t\t\t\t\t\t<h3>Synth\u00e8se du projet<\/h3>\t\t\t\t\t\t\t\t<\/div>\n\t\t\t\t<\/div>\n\t\t\t\t<div class=\"elementor-element elementor-element-5d28367 elementor-widget elementor-widget-text-editor\" data-id=\"5d28367\" data-element_type=\"widget\" data-widget_type=\"text-editor.default\">\n\t\t\t\t<div class=\"elementor-widget-container\">\n\t\t\t\t\t\t\t\t\t<p>Ce projet s\u2019inscrit dans le cadre du programme <strong>Interreg Euro Med 2021-2027<\/strong><\/p><p>Il vise \u00e0 promouvoir la durabilit\u00e9 et l\u2019authenticit\u00e9 dans le secteur de l\u2019huile d\u2019olives en M\u00e9diterran\u00e9e en favorisant l\u2019innovation, la collaboration et les pratiques respectueuses de l\u2019environnement.<\/p><p>Pour atteindre son objectif, \u00ab OliveOilMedNet \u00bb pr\u00e9voit :<\/p><ul><li>L\u2019identification et la certification de l&rsquo;identit\u00e9 vari\u00e9tale\/botanique, des caract\u00e9ristiques organoleptiques et qualitatives sp\u00e9cifiques et de l&rsquo;origine g\u00e9ographique (authenticit\u00e9) des huiles d&rsquo;olive extra vierges de diff\u00e9rents cultivars d&rsquo;olive dans la r\u00e9gion m\u00e9diterran\u00e9enne \u00e0 l&rsquo;aide d&rsquo;un mod\u00e8le de classification,<\/li><\/ul><ul><li>Le d\u00e9veloppement d&rsquo;un r\u00e9seau innovant d\u2019acteurs pour la promotion de pratiques de production et de consommation durables afin d&rsquo;att\u00e9nuer les impacts du changement climatique,<\/li><\/ul><ul><li>L\u2019introduction de techniques de culture respectueuses de l&rsquo;environnement, de solutions technologiques durables dans les oliveraies et les moulins \u00e0 huile d&rsquo;olive, et l\u2019utilisation d&rsquo;outils et de m\u00e9thodologies d&rsquo;\u00e9valuation socio-\u00e9conomique et environnementale.<\/li><\/ul>\t\t\t\t\t\t\t\t<\/div>\n\t\t\t\t<\/div>\n\t\t\t\t<div class=\"elementor-element elementor-element-8d2e446 elementor-widget elementor-widget-text-editor\" data-id=\"8d2e446\" data-element_type=\"widget\" data-widget_type=\"text-editor.default\">\n\t\t\t\t<div class=\"elementor-widget-container\">\n\t\t\t\t\t\t\t\t\t<h3>Budget<\/h3><p><strong>Budget du projet\u00a0:<\/strong> 2\u00a0529\u00a0900 \u20ac dont 2\u00a0023\u00a0920 \u20ac financ\u00e9s par le FEDER<\/p><p>La part relative \u00e0 la <strong>CCI de Corse<\/strong> est de 279\u00a0900 \u20ac financ\u00e9s \u00e0 80% par le FEDER<\/p><p>Dans le cadre du projet, la CCI de Corse apportera son expertise pour soutenir la promotion et l&rsquo;internationalisation des produits dans une perspective de d\u00e9veloppement innovant et durable des entreprises concern\u00e9es. En coop\u00e9ration avec la Chambre d\u2019Agriculture de Corse, elle aura plus particuli\u00e8rement pour r\u00f4le de :<span class=\"Apple-converted-space\">\u00a0<\/span><\/p><ul><li>Contribuer \u00e0 capitaliser, \u00e9changer et analyser un ensemble de bonnes pratiques et vari\u00e9t\u00e9s permettant de valider des m\u00e9thodes et outils pertinents dans l\u2019am\u00e9lioration de la comp\u00e9titivit\u00e9 du secteur de l\u2019huile d\u2019olive\u00a0;<\/li><li>Contribuer au d\u00e9veloppement de nouveaux outils et m\u00e9thodes \u00e0 destination des acteurs du secteur ol\u00e9icole et sera notamment responsable du d\u00e9veloppement d\u2019un catalogue promotionnel des productions\u00a0;<\/li><li>Convier des producteurs, agriculteurs et commer\u00e7ants, lors de s\u00e9minaires locaux visant \u00e0 valoriser et faire adopter les outils et techniques innovantes introduites par le projet ainsi qu\u2019\u00e0 collaborer au sein d\u2019un r\u00e9seau transnational permettant de faciliter les \u00e9changes entre territoires europ\u00e9ens.<\/li><\/ul>\t\t\t\t\t\t\t\t<\/div>\n\t\t\t\t<\/div>\n\t\t\t\t\t<\/div>\n\t\t\t\t<\/div>\n\t\t<div class=\"elementor-element elementor-element-1871048 e-grid e-con-boxed e-con e-parent\" data-id=\"1871048\" data-element_type=\"container\">\n\t\t\t\t\t<div class=\"e-con-inner\">\n\t\t\t\t<div class=\"elementor-element elementor-element-c2d248b elementor-widget elementor-widget-button\" data-id=\"c2d248b\" data-element_type=\"widget\" data-widget_type=\"button.default\">\n\t\t\t\t<div class=\"elementor-widget-container\">\n\t\t\t\t\t\t\t\t\t<div class=\"elementor-button-wrapper\">\n\t\t\t\t\t<a class=\"elementor-button elementor-button-link elementor-size-sm\" href=\"https:\/\/oliveoilmednet.interreg-euro-med.eu\" target=\"_blank\">\n\t\t\t\t\t\t<span class=\"elementor-button-content-wrapper\">\n\t\t\t\t\t\t\t\t\t<span class=\"elementor-button-text\">Visitez le site du projet <\/span>\n\t\t\t\t\t<\/span>\n\t\t\t\t\t<\/a>\n\t\t\t\t<\/div>\n\t\t\t\t\t\t\t\t<\/div>\n\t\t\t\t<\/div>\n\t\t\t\t<div class=\"elementor-element elementor-element-c6099dd elementor-widget elementor-widget-image\" data-id=\"c6099dd\" data-element_type=\"widget\" data-widget_type=\"image.default\">\n\t\t\t\t<div class=\"elementor-widget-container\">\n\t\t\t\t\t\t\t\t\t\t\t\t\t\t\t\t<a href=\"https:\/\/oliveoilmednet.interreg-euro-med.eu\" target=\"_blank\">\n\t\t\t\t\t\t\t<img decoding=\"async\" width=\"752\" height=\"497\" src=\"https:\/\/www.cci.corsica\/wp-content\/uploads\/2024\/12\/olivetrees-26.jpg\" class=\"attachment-large size-large wp-image-6701\" alt=\"Une branche d&#039;olivier dans un champs d&#039;oliviers\" srcset=\"https:\/\/www.cci.corsica\/wp-content\/uploads\/2024\/12\/olivetrees-26.jpg 752w, https:\/\/www.cci.corsica\/wp-content\/uploads\/2024\/12\/olivetrees-26-300x198.jpg 300w, https:\/\/www.cci.corsica\/wp-content\/uploads\/2024\/12\/olivetrees-26-18x12.jpg 18w\" sizes=\"(max-width: 752px) 100vw, 752px\" \/>\t\t\t\t\t\t\t\t<\/a>\n\t\t\t\t\t\t\t\t\t\t\t\t\t\t\t<\/div>\n\t\t\t\t<\/div>\n\t\t\t\t\t<\/div>\n\t\t\t\t<\/div>\n\t\t<div class=\"elementor-element elementor-element-6a3edcc e-flex e-con-boxed e-con e-parent\" data-id=\"6a3edcc\" data-element_type=\"container\">\n\t\t\t\t\t<div class=\"e-con-inner\">\n\t\t\t\t\t<\/div>\n\t\t\t\t<\/div>\n\t\t<div class=\"elementor-element elementor-element-8ec8ec2 e-flex e-con-boxed e-con e-parent\" data-id=\"8ec8ec2\" data-element_type=\"container\">\n\t\t\t\t\t<div class=\"e-con-inner\">\n\t\t\t\t<div class=\"elementor-element elementor-element-73a6e31 elementor-widget elementor-widget-text-editor\" data-id=\"73a6e31\" data-element_type=\"widget\" data-widget_type=\"text-editor.default\">\n\t\t\t\t<div class=\"elementor-widget-container\">\n\t\t\t\t\t\t\t\t\t<h3>Partenaires<\/h3><ul><li>(Chef de file) Chambre de Commerce de Preveza (Gr\u00e8ce)<\/li><li>Organisation agricole hell\u00e9nique \u00a0\u00bbDIMITRA\u00a0\u00bb (Gr\u00e8ce)<\/li><li>R\u00e9gion P\u00e9loponn\u00e8se (Gr\u00e8ce)<\/li><li>Association portugaise de l&rsquo;huile d&rsquo;olive (Portugal)<\/li><li>Agriculteurs italiens &#8211; Association r\u00e9gionale des Pouilles (Italie)<\/li><li>Association des producteurs d&rsquo;olives de Bari (Italie)<\/li><li><strong><u>Chambre de Commerce et d&rsquo;Industrie de Corse <\/u><\/strong><\/li><li>Chambre de Commerce et d&rsquo;Industrie de Paphos (Chypre)<\/li><li>Universit\u00e9 de Jaen (Espagne)<\/li><li>Universit\u00e9 d&rsquo;Agriculture de Tirana (Albanie)<\/li><\/ul>\t\t\t\t\t\t\t\t<\/div>\n\t\t\t\t<\/div>\n\t\t\t\t\t<\/div>\n\t\t\t\t<\/div>\n\t\t<div class=\"elementor-element elementor-element-43393c2 e-flex e-con-boxed e-con e-parent\" data-id=\"43393c2\" data-element_type=\"container\">\n\t\t\t\t\t<div class=\"e-con-inner\">\n\t\t\t\t\t<\/div>\n\t\t\t\t<\/div>\n\t\t\t\t<\/div>","protected":false},"excerpt":{"rendered":"<p>Synth\u00e8se du projet Ce projet s\u2019inscrit dans le cadre du programme Interreg Euro Med 2021-2027 Il vise \u00e0 promouvoir la durabilit\u00e9 et l\u2019authenticit\u00e9 dans le secteur de l\u2019huile d\u2019olives en M\u00e9diterran\u00e9e en favorisant l\u2019innovation, la collaboration et les pratiques respectueuses de l\u2019environnement. Pour atteindre son objectif, \u00ab OliveOilMedNet \u00bb pr\u00e9voit : L\u2019identification et la certification [&hellip;]<\/p>\n","protected":false},"author":4,"featured_media":0,"parent":0,"menu_order":0,"comment_status":"closed","ping_status":"closed","template":"","meta":{"_acf_changed":false,"_seopress_robots_primary_cat":"","_seopress_titles_title":"","_seopress_titles_desc":"","_seopress_robots_index":"","footnotes":""},"categorie-page":[],"type-de-page":[8],"class_list":["post-3648","page","type-page","status-publish","hentry","type-de-page-page-sans-image"],"acf":[],"_links":{"self":[{"href":"https:\/\/www.cci.corsica\/co\/wp-json\/wp\/v2\/pages\/3648","targetHints":{"allow":["GET"]}}],"collection":[{"href":"https:\/\/www.cci.corsica\/co\/wp-json\/wp\/v2\/pages"}],"about":[{"href":"https:\/\/www.cci.corsica\/co\/wp-json\/wp\/v2\/types\/page"}],"author":[{"embeddable":true,"href":"https:\/\/www.cci.corsica\/co\/wp-json\/wp\/v2\/users\/4"}],"replies":[{"embeddable":true,"href":"https:\/\/www.cci.corsica\/co\/wp-json\/wp\/v2\/comments?post=3648"}],"version-history":[{"count":33,"href":"https:\/\/www.cci.corsica\/co\/wp-json\/wp\/v2\/pages\/3648\/revisions"}],"predecessor-version":[{"id":7154,"href":"https:\/\/www.cci.corsica\/co\/wp-json\/wp\/v2\/pages\/3648\/revisions\/7154"}],"wp:attachment":[{"href":"https:\/\/www.cci.corsica\/co\/wp-json\/wp\/v2\/media?parent=3648"}],"wp:term":[{"taxonomy":"categorie-page","embeddable":true,"href":"https:\/\/www.cci.corsica\/co\/wp-json\/wp\/v2\/categorie-page?post=3648"},{"taxonomy":"type-de-page","embeddable":true,"href":"https:\/\/www.cci.corsica\/co\/wp-json\/wp\/v2\/type-de-page?post=3648"}],"curies":[{"name":"wp","href":"https:\/\/api.w.org\/{rel}","templated":true}]}}