{"id":3655,"date":"2024-06-23T21:59:06","date_gmt":"2024-06-23T19:59:06","guid":{"rendered":"https:\/\/www.cci.corsica\/?page_id=3655"},"modified":"2025-05-19T13:59:42","modified_gmt":"2025-05-19T11:59:42","slug":"open-circular","status":"publish","type":"page","link":"https:\/\/www.cci.corsica\/co\/open-circular\/","title":{"rendered":"OPEN CIRCULAR\u00a0"},"content":{"rendered":"<div data-elementor-type=\"wp-page\" data-elementor-id=\"3655\" class=\"elementor elementor-3655\" data-elementor-post-type=\"page\">\n\t\t\t\t<div class=\"elementor-element elementor-element-74c5d77 e-flex e-con-boxed e-con e-parent\" data-id=\"74c5d77\" data-element_type=\"container\">\n\t\t\t\t\t<div class=\"e-con-inner\">\n\t\t\t\t<div class=\"elementor-element elementor-element-6df853b elementor-widget elementor-widget-text-editor\" data-id=\"6df853b\" data-element_type=\"widget\" data-widget_type=\"text-editor.default\">\n\t\t\t\t<div class=\"elementor-widget-container\">\n\t\t\t\t\t\t\t\t\t<h3><strong>Synth\u00e8se du projet :<\/strong><\/h3><p>Open Circular a pour objectif de concevoir et de mettre en \u0153uvre des processus novateurs \u00e0 appliquer aux mod\u00e8les \u00e9conomiques circulaires gr\u00e2ce \u00e0 des living lab.<\/p>\t\t\t\t\t\t\t\t<\/div>\n\t\t\t\t<\/div>\n\t\t\t\t<div class=\"elementor-element elementor-element-4ac11a2 elementor-widget elementor-widget-text-editor\" data-id=\"4ac11a2\" data-element_type=\"widget\" data-widget_type=\"text-editor.default\">\n\t\t\t\t<div class=\"elementor-widget-container\">\n\t\t\t\t\t\t\t\t\t<p class=\"\" data-start=\"277\" data-end=\"613\">Le projet Open Circular, cofinanc\u00e9 dans le cadre du programme Interreg Italie-France Maritime 2021-2027, a pour ambition de soutenir l&rsquo;innovation, le transfert de technologies et la coop\u00e9ration entre PME transfrontali\u00e8res \u00e0 travers une approche fond\u00e9e sur l\u2019Open Innovation appliqu\u00e9e \u00e0 l\u2019\u00e9conomie circulaire.<\/p><h4 class=\"\" data-start=\"615\" data-end=\"645\">Objectifs principaux :<\/h4><ul data-start=\"646\" data-end=\"984\"><li class=\"\" data-start=\"646\" data-end=\"834\"><p class=\"\" data-start=\"648\" data-end=\"834\"><strong data-start=\"648\" data-end=\"702\">Transformer les enjeux de la transition \u00e9cologique<\/strong> et les strat\u00e9gies europ\u00e9ennes de croissance bleue et verte en leviers concrets de comp\u00e9titivit\u00e9 pour les entreprises du territoire.<\/p><\/li><li class=\"\" data-start=\"835\" data-end=\"984\"><p class=\"\" data-start=\"837\" data-end=\"984\"><strong data-start=\"837\" data-end=\"895\">Faciliter l\u2019adoption de pratiques d\u2019innovation ouverte<\/strong> centr\u00e9es sur l\u2019\u00e9conomie circulaire au sein des \u00e9cosyst\u00e8mes \u00e9conomiques transfrontaliers.<\/p><\/li><\/ul><h4 class=\"\" data-start=\"986\" data-end=\"1009\">M\u00e9thodologie :<\/h4><p class=\"\" data-start=\"1010\" data-end=\"1270\">Le projet r\u00e9unit 7 partenaires de France et d\u2019Italie pour cr\u00e9er de v\u00e9ritables Living Labs territoriaux : des laboratoires d\u2019innovation collaborative au service du d\u00e9veloppement de solutions circulaires, con\u00e7ues avec et pour les entreprises locales.<\/p><h4 class=\"\" data-start=\"1272\" data-end=\"1299\">R\u00e9sultats attendus :<\/h4><ul data-start=\"1300\" data-end=\"1865\"><li class=\"\" data-start=\"1300\" data-end=\"1363\"><p class=\"\" data-start=\"1302\" data-end=\"1363\">Cr\u00e9ation d\u2019une task force d\u00e9di\u00e9e \u00e0 l\u2019\u00e9conomie circulaire.<\/p><\/li><li class=\"\" data-start=\"1364\" data-end=\"1454\"><p class=\"\" data-start=\"1366\" data-end=\"1454\">R\u00e9alisation d\u2019une \u00e9tude de l\u2019existant et cartographie des besoins du territoire.<\/p><\/li><li class=\"\" data-start=\"1455\" data-end=\"1575\"><p class=\"\" data-start=\"1457\" data-end=\"1575\">Organisation d\u2019actions de sensibilisation \u00e0 travers les Living Labs et la plateforme Circular Open Innovation.<\/p><\/li><li class=\"\" data-start=\"1576\" data-end=\"1654\"><p class=\"\" data-start=\"1578\" data-end=\"1654\">Mise \u00e0 jour de la plateforme ACTIF, outil de synergies interentreprises.<\/p><\/li><li class=\"\" data-start=\"1655\" data-end=\"1796\"><p class=\"\" data-start=\"1657\" data-end=\"1796\">Accompagnement de 64 entreprises via un Appel \u00e0 Manifestation d\u2019Int\u00e9r\u00eat (AMI) pour le d\u00e9veloppement de mod\u00e8les \u00e9conomiques circulaires.<\/p><\/li><li class=\"\" data-start=\"1797\" data-end=\"1865\"><p class=\"\" data-start=\"1799\" data-end=\"1865\">Attribution de 40 \u00ab\u00a0vouchers\u00a0\u00bb aux projets les plus prometteurs.<\/p><\/li><\/ul><h4 class=\"\" data-start=\"1867\" data-end=\"1894\">Informations cl\u00e9s :<\/h4><ul data-start=\"1895\" data-end=\"1975\"><li class=\"\" data-start=\"1895\" data-end=\"1939\"><p class=\"\" data-start=\"1897\" data-end=\"1939\"><strong data-start=\"1897\" data-end=\"1924\">Date de fin du projet :<\/strong> 31 mars 2027<\/p><\/li><li class=\"\" data-start=\"1940\" data-end=\"1975\"><p class=\"\" data-start=\"1942\" data-end=\"1975\"><strong data-start=\"1942\" data-end=\"1960\">Budget total :<\/strong> 1 665 138,49 \u20ac<\/p><\/li><\/ul>\t\t\t\t\t\t\t\t<\/div>\n\t\t\t\t<\/div>\n\t\t\t\t<div class=\"elementor-element elementor-element-e4ed013 elementor-widget elementor-widget-text-editor\" data-id=\"e4ed013\" data-element_type=\"widget\" data-widget_type=\"text-editor.default\">\n\t\t\t\t<div class=\"elementor-widget-container\">\n\t\t\t\t\t\t\t\t\t<h3><strong>Partenaires\u00a0:<\/strong><\/h3><p class=\"\" data-start=\"2010\" data-end=\"2022\"><strong data-start=\"2010\" data-end=\"2022\">France :<\/strong><\/p><ul data-start=\"2023\" data-end=\"2069\"><li class=\"\" data-start=\"2023\" data-end=\"2052\"><p class=\"\" data-start=\"2025\" data-end=\"2052\"><a href=\"https:\/\/www.var.cci.fr\/produit\/projet-interreg-marittimo-open-circular\" target=\"_blank\" rel=\"noopener\">CCI du Var<\/a> (chef de file)<\/p><\/li><li class=\"\" data-start=\"2053\" data-end=\"2069\"><p class=\"\" data-start=\"2055\" data-end=\"2069\">CCI de Corse<\/p><\/li><\/ul><p class=\"\" data-start=\"2071\" data-end=\"2083\"><strong data-start=\"2071\" data-end=\"2083\">Italie :<\/strong><\/p><ul data-start=\"2084\" data-end=\"2323\"><li class=\"\" data-start=\"2084\" data-end=\"2119\"><p class=\"\" data-start=\"2086\" data-end=\"2119\">Chambre de commerce de Cagliari<\/p><\/li><li class=\"\" data-start=\"2120\" data-end=\"2152\"><p class=\"\" data-start=\"2122\" data-end=\"2152\">Chambre de commerce de Nuoro<\/p><\/li><li class=\"\" data-start=\"2153\" data-end=\"2185\"><p class=\"\" data-start=\"2155\" data-end=\"2185\">Chambre de commerce de G\u00eanes<\/p><\/li><li class=\"\" data-start=\"2186\" data-end=\"2253\"><p class=\"\" data-start=\"2188\" data-end=\"2253\">Agence sp\u00e9ciale de la Chambre de commerce de Riviere di Liguria<\/p><\/li><li class=\"\" data-start=\"2254\" data-end=\"2293\"><p class=\"\" data-start=\"2256\" data-end=\"2293\">Municipalit\u00e9 de Rosignano Marittimo<\/p><\/li><li class=\"\" data-start=\"2294\" data-end=\"2323\"><p class=\"\" data-start=\"2296\" data-end=\"2323\">Municipalit\u00e9 de Capannori<\/p><\/li><\/ul>\t\t\t\t\t\t\t\t<\/div>\n\t\t\t\t<\/div>\n\t\t\t\t\t<\/div>\n\t\t\t\t<\/div>\n\t\t\t\t<\/div>","protected":false},"excerpt":{"rendered":"<p>Synth\u00e8se du projet : Open Circular a pour objectif de concevoir et de mettre en \u0153uvre des processus novateurs \u00e0 appliquer aux mod\u00e8les \u00e9conomiques circulaires gr\u00e2ce \u00e0 des living lab. Le projet Open Circular, cofinanc\u00e9 dans le cadre du programme Interreg Italie-France Maritime 2021-2027, a pour ambition de soutenir l&rsquo;innovation, le transfert de technologies et [&hellip;]<\/p>\n","protected":false},"author":4,"featured_media":0,"parent":0,"menu_order":0,"comment_status":"closed","ping_status":"closed","template":"","meta":{"_acf_changed":false,"_seopress_robots_primary_cat":"","_seopress_titles_title":"","_seopress_titles_desc":"","_seopress_robots_index":"","footnotes":""},"categorie-page":[],"type-de-page":[8],"class_list":["post-3655","page","type-page","status-publish","hentry","type-de-page-page-sans-image"],"acf":[],"_links":{"self":[{"href":"https:\/\/www.cci.corsica\/co\/wp-json\/wp\/v2\/pages\/3655","targetHints":{"allow":["GET"]}}],"collection":[{"href":"https:\/\/www.cci.corsica\/co\/wp-json\/wp\/v2\/pages"}],"about":[{"href":"https:\/\/www.cci.corsica\/co\/wp-json\/wp\/v2\/types\/page"}],"author":[{"embeddable":true,"href":"https:\/\/www.cci.corsica\/co\/wp-json\/wp\/v2\/users\/4"}],"replies":[{"embeddable":true,"href":"https:\/\/www.cci.corsica\/co\/wp-json\/wp\/v2\/comments?post=3655"}],"version-history":[{"count":10,"href":"https:\/\/www.cci.corsica\/co\/wp-json\/wp\/v2\/pages\/3655\/revisions"}],"predecessor-version":[{"id":7869,"href":"https:\/\/www.cci.corsica\/co\/wp-json\/wp\/v2\/pages\/3655\/revisions\/7869"}],"wp:attachment":[{"href":"https:\/\/www.cci.corsica\/co\/wp-json\/wp\/v2\/media?parent=3655"}],"wp:term":[{"taxonomy":"categorie-page","embeddable":true,"href":"https:\/\/www.cci.corsica\/co\/wp-json\/wp\/v2\/categorie-page?post=3655"},{"taxonomy":"type-de-page","embeddable":true,"href":"https:\/\/www.cci.corsica\/co\/wp-json\/wp\/v2\/type-de-page?post=3655"}],"curies":[{"name":"wp","href":"https:\/\/api.w.org\/{rel}","templated":true}]}}