{"id":3663,"date":"2024-06-23T22:01:27","date_gmt":"2024-06-23T20:01:27","guid":{"rendered":"https:\/\/www.cci.corsica\/?page_id=3663"},"modified":"2025-12-11T10:56:22","modified_gmt":"2025-12-11T09:56:22","slug":"smart-twin-transition","status":"publish","type":"page","link":"https:\/\/www.cci.corsica\/co\/smart-twin-transition\/","title":{"rendered":"SMART TWIN TRANSITION\u00a0"},"content":{"rendered":"<div data-elementor-type=\"wp-page\" data-elementor-id=\"3663\" class=\"elementor elementor-3663\" data-elementor-post-type=\"page\">\n\t\t\t\t<div class=\"elementor-element elementor-element-955efbe e-con-full e-flex e-con e-parent\" data-id=\"955efbe\" data-element_type=\"container\">\n\t\t\t\t<div class=\"elementor-element elementor-element-88d34ec elementor-widget elementor-widget-image\" data-id=\"88d34ec\" data-element_type=\"widget\" data-widget_type=\"image.default\">\n\t\t\t\t<div class=\"elementor-widget-container\">\n\t\t\t\t\t\t\t\t\t\t\t\t\t\t\t<img fetchpriority=\"high\" decoding=\"async\" width=\"800\" height=\"238\" src=\"https:\/\/www.cci.corsica\/wp-content\/uploads\/2025\/02\/logo_stt_colore.jpg\" class=\"attachment-large size-large wp-image-7202\" alt=\"Logo du projet europ\u00e9en Smart twin transition\" srcset=\"https:\/\/www.cci.corsica\/wp-content\/uploads\/2025\/02\/logo_stt_colore.jpg 1024w, https:\/\/www.cci.corsica\/wp-content\/uploads\/2025\/02\/logo_stt_colore-300x89.jpg 300w, https:\/\/www.cci.corsica\/wp-content\/uploads\/2025\/02\/logo_stt_colore-768x228.jpg 768w, https:\/\/www.cci.corsica\/wp-content\/uploads\/2025\/02\/logo_stt_colore-18x5.jpg 18w\" sizes=\"(max-width: 800px) 100vw, 800px\" \/>\t\t\t\t\t\t\t\t\t\t\t\t\t\t\t<\/div>\n\t\t\t\t<\/div>\n\t\t\t\t<div class=\"elementor-element elementor-element-5ecb006 elementor-widget elementor-widget-text-editor\" data-id=\"5ecb006\" data-element_type=\"widget\" data-widget_type=\"text-editor.default\">\n\t\t\t\t<div class=\"elementor-widget-container\">\n\t\t\t\t\t\t\t\t\t<h3><strong>Synth\u00e8se du projet :<\/strong><\/h3><p>Le projet vise a d\u00e9velopper des solutions digitales pour les entreprises du secteur du tourisme durable. Smart Twin Transition capitalisera les activit\u00e9s des projets de la pr\u00e9c\u00e9dente programmation dans ce domaine.<\/p>\t\t\t\t\t\t\t\t<\/div>\n\t\t\t\t<\/div>\n\t\t\t\t<div class=\"elementor-element elementor-element-6f6d742 elementor-widget elementor-widget-text-editor\" data-id=\"6f6d742\" data-element_type=\"widget\" data-widget_type=\"text-editor.default\">\n\t\t\t\t<div class=\"elementor-widget-container\">\n\t\t\t\t\t\t\t\t\t<p><strong>SMART TWIN TRANSITION<\/strong> vise \u00e0 renforcer la croissance durable et la comp\u00e9titivit\u00e9 des entreprises du secteur en rendant le financement transfrontalier des PME pour l&rsquo;acquisition de services qualifi\u00e9s STRUCTURELS et NON PLUS OCCASIONNELS, en r\u00e9orientant les instruments existants (appels d&rsquo;offres principaux) vers un mod\u00e8le standard partag\u00e9 (TYPE BID) qui sera test\u00e9 avec des actions pilotes pendant la dur\u00e9e du projet.<\/p><p>Le projet capitalisera sur les diff\u00e9rents outils de soutien \u00e0 la double transition num\u00e9rique et verte mis en \u0153uvre dans les Programmes Interreg, en mettant en place un environnement num\u00e9rique pour la zone transfrontali\u00e8re (TOOLBOX) et en fournissant des MENTORS num\u00e9riques et verts capables de guider leur utilisation.<\/p><p>A la fin du projet, les PME auront \u00e0 leur disposition, sous une forme structurelle, des outils homog\u00e8nes pour le soutien financier et l&rsquo;orientation technique dans leurs processus d&rsquo;innovation, y compris un DEMONSTRATOR 5.0 de solutions num\u00e9riques applicables.<\/p>\t\t\t\t\t\t\t\t<\/div>\n\t\t\t\t<\/div>\n\t\t\t\t<div class=\"elementor-element elementor-element-bcb8829 elementor-widget elementor-widget-text-editor\" data-id=\"bcb8829\" data-element_type=\"widget\" data-widget_type=\"text-editor.default\">\n\t\t\t\t<div class=\"elementor-widget-container\">\n\t\t\t\t\t\t\t\t\t<h3><strong>Partenaires\u00a0:<\/strong><\/h3><ul><li>Agence Sp\u00e9ciale Riviere di Liguria<\/li><li>Agence Sp\u00e9ciale PROMOCAMERA<\/li><li>CCI Var<\/li><li><strong>CCI de Corse<\/strong><\/li><li>Fondation ISI<\/li><li>Fondation CAMPUS<\/li><\/ul>\t\t\t\t\t\t\t\t<\/div>\n\t\t\t\t<\/div>\n\t\t\t\t<div class=\"elementor-element elementor-element-5320ca1 elementor-widget elementor-widget-text-editor\" data-id=\"5320ca1\" data-element_type=\"widget\" data-widget_type=\"text-editor.default\">\n\t\t\t\t<div class=\"elementor-widget-container\">\n\t\t\t\t\t\t\t\t\t<h3>Autodiagnostic RSE<\/h3>\t\t\t\t\t\t\t\t<\/div>\n\t\t\t\t<\/div>\n\t\t\t\t<div class=\"elementor-element elementor-element-3ced22e elementor-widget elementor-widget-html\" data-id=\"3ced22e\" data-element_type=\"widget\" data-widget_type=\"html.default\">\n\t\t\t\t<div class=\"elementor-widget-container\">\n\t\t\t\t\t \t\t\t\t<\/div>\n\t\t\t\t<\/div>\n\t\t\t\t<div class=\"elementor-element elementor-element-5cb1236 elementor-widget elementor-widget-text-editor\" data-id=\"5cb1236\" data-element_type=\"widget\" data-widget_type=\"text-editor.default\">\n\t\t\t\t<div class=\"elementor-widget-container\">\n\t\t\t\t\t\t\t\t\t<h3>Soutenabilit\u00e9 et num\u00e9risation : Un soutien innovant aux entreprises touristiques souhaitant voyager \u00e0 double vitesse<\/h3><p>Le META SPACE d\u00e9velopp\u00e9 par le projet et appel\u00e9 <b>Demonstrator 5.0<\/b>, jumeau num\u00e9rique d&rsquo;un \u00e9tablissement d&rsquo;h\u00e9bergement compos\u00e9 d&rsquo;une r\u00e9ception, d&rsquo;une chambre et d&rsquo;une salle de petit-d\u00e9jeuner, est accessible par un <b>lien d\u00e9di\u00e9<\/b>, comparable \u00e0 un <b>site web tridimensionnel.<\/b><\/p>\t\t\t\t\t\t\t\t<\/div>\n\t\t\t\t<\/div>\n\t\t\t\t<div class=\"elementor-element elementor-element-8a84604 elementor-widget elementor-widget-button\" data-id=\"8a84604\" data-element_type=\"widget\" data-widget_type=\"button.default\">\n\t\t\t\t<div class=\"elementor-widget-container\">\n\t\t\t\t\t\t\t\t\t<div class=\"elementor-button-wrapper\">\n\t\t\t\t\t<a class=\"elementor-button elementor-button-link elementor-size-sm\" href=\"https:\/\/app.metapresence.it\/metaverse\/join-room?metaSpaceId=551e2b28-902a-4ac2-ad2b-7703cba2c467&#038;clientId=fondation_isi_-_tourisme_5.0_-_fra.site\" target=\"_blank\">\n\t\t\t\t\t\t<span class=\"elementor-button-content-wrapper\">\n\t\t\t\t\t\t\t\t\t<span class=\"elementor-button-text\">Acc\u00e9der au MetaSpace<\/span>\n\t\t\t\t\t<\/span>\n\t\t\t\t\t<\/a>\n\t\t\t\t<\/div>\n\t\t\t\t\t\t\t\t<\/div>\n\t\t\t\t<\/div>\n\t\t\t\t<div class=\"elementor-element elementor-element-0cb3918 elementor-widget elementor-widget-text-editor\" data-id=\"0cb3918\" data-element_type=\"widget\" data-widget_type=\"text-editor.default\">\n\t\t\t\t<div class=\"elementor-widget-container\">\n\t\t\t\t\t\t\t\t\t<p><a href=\"https:\/\/www.cci.corsica\/wp-content\/uploads\/2025\/05\/stt_-instructions-pour-lacces-au-demonstrateur-5.0-fr.pdf\" target=\"_blank\" rel=\"noopener\">Instruction pour acc\u00e9der au D\u00e9monstrateur 5.0<\/a><\/p>\t\t\t\t\t\t\t\t<\/div>\n\t\t\t\t<\/div>\n\t\t\t\t<div class=\"elementor-element elementor-element-fd1d387 elementor-widget elementor-widget-text-editor\" data-id=\"fd1d387\" data-element_type=\"widget\" data-widget_type=\"text-editor.default\">\n\t\t\t\t<div class=\"elementor-widget-container\">\n\t\t\t\t\t\t\t\t\t<h3>Pour suivre les actualit\u00e9s du projet :<\/h3>\t\t\t\t\t\t\t\t<\/div>\n\t\t\t\t<\/div>\n\t\t\t\t<\/div>\n\t\t<div class=\"elementor-element elementor-element-0fcd833 e-grid e-con-boxed e-con e-parent\" data-id=\"0fcd833\" data-element_type=\"container\">\n\t\t\t\t\t<div class=\"e-con-inner\">\n\t\t\t\t<div class=\"elementor-element elementor-element-95f07de elementor-widget elementor-widget-button\" data-id=\"95f07de\" data-element_type=\"widget\" data-widget_type=\"button.default\">\n\t\t\t\t<div class=\"elementor-widget-container\">\n\t\t\t\t\t\t\t\t\t<div class=\"elementor-button-wrapper\">\n\t\t\t\t\t<a class=\"elementor-button elementor-button-link elementor-size-sm\" href=\"https:\/\/interreg-marittimo.eu\/fr\/web\/smart-twin-transition\/progetto\" target=\"_blank\">\n\t\t\t\t\t\t<span class=\"elementor-button-content-wrapper\">\n\t\t\t\t\t\t\t\t\t<span class=\"elementor-button-text\">Visitez le site du projet<\/span>\n\t\t\t\t\t<\/span>\n\t\t\t\t\t<\/a>\n\t\t\t\t<\/div>\n\t\t\t\t\t\t\t\t<\/div>\n\t\t\t\t<\/div>\n\t\t\t\t<div class=\"elementor-element elementor-element-14dbf50 elementor-widget elementor-widget-text-editor\" data-id=\"14dbf50\" data-element_type=\"widget\" data-widget_type=\"text-editor.default\">\n\t\t\t\t<div class=\"elementor-widget-container\">\n\t\t\t\t\t\t\t\t\t<p>Rejoignez les r\u00e9seaux sociaux du projet :\u00a0<\/p>\t\t\t\t\t\t\t\t<\/div>\n\t\t\t\t<\/div>\n\t\t\t\t<div class=\"elementor-element elementor-element-320dc8b e-grid-align-left elementor-shape-rounded elementor-grid-0 elementor-widget elementor-widget-social-icons\" data-id=\"320dc8b\" data-element_type=\"widget\" data-widget_type=\"social-icons.default\">\n\t\t\t\t<div class=\"elementor-widget-container\">\n\t\t\t\t\t\t\t<div class=\"elementor-social-icons-wrapper elementor-grid\" role=\"list\">\n\t\t\t\t\t\t\t<span class=\"elementor-grid-item\" role=\"listitem\">\n\t\t\t\t\t<a class=\"elementor-icon elementor-social-icon elementor-social-icon-facebook elementor-repeater-item-8cc5af4\" href=\"https:\/\/www.facebook.com\/SmartTwinTransition\" target=\"_blank\">\n\t\t\t\t\t\t<span class=\"elementor-screen-only\">Facebook<\/span>\n\t\t\t\t\t\t<svg class=\"e-font-icon-svg e-fab-facebook\" viewbox=\"0 0 512 512\" xmlns=\"http:\/\/www.w3.org\/2000\/svg\"><path d=\"M504 256C504 119 393 8 256 8S8 119 8 256c0 123.78 90.69 226.38 209.25 245V327.69h-63V256h63v-54.64c0-62.15 37-96.48 93.67-96.48 27.14 0 55.52 4.84 55.52 4.84v61h-31.28c-30.8 0-40.41 19.12-40.41 38.73V256h68.78l-11 71.69h-57.78V501C413.31 482.38 504 379.78 504 256z\"><\/path><\/svg>\t\t\t\t\t<\/a>\n\t\t\t\t<\/span>\n\t\t\t\t\t\t\t<span class=\"elementor-grid-item\" role=\"listitem\">\n\t\t\t\t\t<a class=\"elementor-icon elementor-social-icon elementor-social-icon-twitter elementor-repeater-item-c77c1ef\" href=\"https:\/\/x.com\/STwinTransition\" target=\"_blank\">\n\t\t\t\t\t\t<span class=\"elementor-screen-only\">Twitter<\/span>\n\t\t\t\t\t\t<svg class=\"e-font-icon-svg e-fab-twitter\" viewbox=\"0 0 512 512\" xmlns=\"http:\/\/www.w3.org\/2000\/svg\"><path d=\"M459.37 151.716c.325 4.548.325 9.097.325 13.645 0 138.72-105.583 298.558-298.558 298.558-59.452 0-114.68-17.219-161.137-47.106 8.447.974 16.568 1.299 25.34 1.299 49.055 0 94.213-16.568 130.274-44.832-46.132-.975-84.792-31.188-98.112-72.772 6.498.974 12.995 1.624 19.818 1.624 9.421 0 18.843-1.3 27.614-3.573-48.081-9.747-84.143-51.98-84.143-102.985v-1.299c13.969 7.797 30.214 12.67 47.431 13.319-28.264-18.843-46.781-51.005-46.781-87.391 0-19.492 5.197-37.36 14.294-52.954 51.655 63.675 129.3 105.258 216.365 109.807-1.624-7.797-2.599-15.918-2.599-24.04 0-57.828 46.782-104.934 104.934-104.934 30.213 0 57.502 12.67 76.67 33.137 23.715-4.548 46.456-13.32 66.599-25.34-7.798 24.366-24.366 44.833-46.132 57.827 21.117-2.273 41.584-8.122 60.426-16.243-14.292 20.791-32.161 39.308-52.628 54.253z\"><\/path><\/svg>\t\t\t\t\t<\/a>\n\t\t\t\t<\/span>\n\t\t\t\t\t<\/div>\n\t\t\t\t\t\t<\/div>\n\t\t\t\t<\/div>\n\t\t\t\t\t<\/div>\n\t\t\t\t<\/div>\n\t\t<div class=\"elementor-element elementor-element-6765f23 e-flex e-con-boxed e-con e-parent\" data-id=\"6765f23\" data-element_type=\"container\">\n\t\t\t\t\t<div class=\"e-con-inner\">\n\t\t\t\t<div class=\"elementor-element elementor-element-45c8ef8 elementor-widget elementor-widget-text-editor\" data-id=\"45c8ef8\" data-element_type=\"widget\" data-widget_type=\"text-editor.default\">\n\t\t\t\t<div class=\"elementor-widget-container\">\n\t\t\t\t\t\t\t\t\t<h3 data-start=\"198\" data-end=\"268\">Appel \u00e0 Manifestation d\u2019Int\u00e9r\u00eat &#8211; projets de double transition verte et num\u00e9rique des entreprises touristiques<\/h3><p data-start=\"343\" data-end=\"670\">Dans le cadre du projet europ\u00e9en <strong data-start=\"376\" data-end=\"401\">Smart Twin Transition<\/strong>, cofinanc\u00e9 par le programme <strong data-start=\"430\" data-end=\"465\">Interreg Italie-France Maritime<\/strong>, un appel \u00e0 manifestation d\u2019int\u00e9r\u00eat est lanc\u00e9 pour accompagner les <strong data-start=\"533\" data-end=\"563\">PME du secteur touristique<\/strong> situ\u00e9es en <strong data-start=\"575\" data-end=\"584\">Corse<\/strong> et dans le <strong data-start=\"596\" data-end=\"603\">Var<\/strong> dans leur d\u00e9marche de transition num\u00e9rique et\/ou environnementale.<\/p><p data-start=\"672\" data-end=\"689\"><span style=\"text-decoration: underline\"><strong>Objectif :<\/strong><\/span> Aider 8 entreprises s\u00e9lectionn\u00e9es (5 en Corse, 3 dans le Var) \u00e0 mettre en \u0153uvre des projets de transformation num\u00e9rique ou \u00e9cologique \u00e0 travers un <strong data-start=\"837\" data-end=\"885\">voucher d\u2019un montant maximal de 10 000 \u20ac <\/strong><strong data-start=\"837\" data-end=\"885\">TTC<\/strong>.<\/p><p data-start=\"888\" data-end=\"917\"><span style=\"text-decoration: underline\"><strong>Qui peut candidater ?<\/strong><\/span><\/p><p data-start=\"918\" data-end=\"976\">Les entreprises doivent r\u00e9pondre aux crit\u00e8res suivants :<\/p><ul data-start=\"977\" data-end=\"1449\"><li data-start=\"977\" data-end=\"1056\"><p data-start=\"979\" data-end=\"1056\">\u00catre une micro, petite ou moyenne entreprise au sens du r\u00e8glement europ\u00e9en.<\/p><\/li><li data-start=\"1057\" data-end=\"1100\"><p data-start=\"1059\" data-end=\"1100\">\u00catre localis\u00e9e en Corse ou dans le Var.<\/p><\/li><li data-start=\"1101\" data-end=\"1204\"><p data-start=\"1103\" data-end=\"1204\">\u00catre en r\u00e8gle sur le plan fiscal et social, et ne pas \u00eatre en situation de faillite ou liquidation.<\/p><\/li><li data-start=\"1205\" data-end=\"1321\"><p data-start=\"1207\" data-end=\"1321\">Ne pas avoir d\u00e9pass\u00e9 le plafond de 300 000 \u20ac d\u2019aides publiques sur 3 exercices fiscaux (r\u00e8glement \u201cde minimis\u201d).<\/p><\/li><li data-start=\"1322\" data-end=\"1449\"><p data-start=\"1324\" data-end=\"1449\">Exercer une activit\u00e9 en lien avec le tourisme : h\u00e9bergement, restauration, agences de voyages, \u00e9v\u00e9nementiel, foodtrucks, etc.<\/p><\/li><\/ul><p data-start=\"2570\" data-end=\"2599\"><span style=\"text-decoration: underline\"><strong>Comment candidater ?<\/strong><\/span><\/p><p data-start=\"2600\" data-end=\"2740\">Les entreprises souhaitant participer sont invit\u00e9es \u00e0 soumettre leur dossier <strong data-start=\"135\" data-end=\"171\">au plus tard le 28 novembre 2025<\/strong>.<br data-start=\"172\" data-end=\"175\" \/>Chaque candidature devra pr\u00e9senter un projet structur\u00e9 mettant en \u00e9vidence les besoins identifi\u00e9s, les actions pr\u00e9vues et les r\u00e9sultats attendus.<br data-start=\"320\" data-end=\"323\" \/>Les dossiers seront ensuite examin\u00e9s par un comit\u00e9 d\u2019experts, qui \u00e9valuera leur pertinence, leur impact potentiel et leur capacit\u00e9 \u00e0 \u00eatre reproduits ou d\u00e9ploy\u00e9s plus largement.<\/p><p data-start=\"2742\" data-end=\"2766\"><span style=\"text-decoration: underline\"><strong>Contacts<\/strong><\/span> : <strong data-start=\"2799\" data-end=\"2834\">Nicole Spinosi \u2013 CCI de Corse<\/strong> \u2013 <a class=\"decorated-link\" href=\"mailto:n.spinosi@cci.corsica\" rel=\"noopener\" data-start=\"2837\" data-end=\"2858\">n.spinosi@cci.corsica<\/a><\/p>\t\t\t\t\t\t\t\t<\/div>\n\t\t\t\t<\/div>\n\t\t\t\t<div class=\"elementor-element elementor-element-f9277b1 elementor-widget elementor-widget-button\" data-id=\"f9277b1\" data-element_type=\"widget\" data-widget_type=\"button.default\">\n\t\t\t\t<div class=\"elementor-widget-container\">\n\t\t\t\t\t\t\t\t\t<div class=\"elementor-button-wrapper\">\n\t\t\t\t\t<a class=\"elementor-button elementor-button-link elementor-size-sm\" href=\"https:\/\/www.cci.corsica\/wp-content\/uploads\/2025\/12\/stt_-d2.2.1_ami_fr_entreprises.pdf\" target=\"_blank\">\n\t\t\t\t\t\t<span class=\"elementor-button-content-wrapper\">\n\t\t\t\t\t\t\t\t\t<span class=\"elementor-button-text\">Document \u00e0 t\u00e9l\u00e9charger<\/span>\n\t\t\t\t\t<\/span>\n\t\t\t\t\t<\/a>\n\t\t\t\t<\/div>\n\t\t\t\t\t\t\t\t<\/div>\n\t\t\t\t<\/div>\n\t\t\t\t\t<\/div>\n\t\t\t\t<\/div>\n\t\t\t\t<\/div>","protected":false},"excerpt":{"rendered":"<p>Un soutien innovant \u00e0 la double transition des entreprises touristiques<\/p>","protected":false},"author":4,"featured_media":7202,"parent":0,"menu_order":0,"comment_status":"closed","ping_status":"closed","template":"","meta":{"_acf_changed":false,"_seopress_robots_primary_cat":"","_seopress_titles_title":"","_seopress_titles_desc":"","_seopress_robots_index":"","footnotes":""},"categorie-page":[],"type-de-page":[8],"class_list":["post-3663","page","type-page","status-publish","has-post-thumbnail","hentry","type-de-page-page-sans-image"],"acf":[],"_links":{"self":[{"href":"https:\/\/www.cci.corsica\/co\/wp-json\/wp\/v2\/pages\/3663","targetHints":{"allow":["GET"]}}],"collection":[{"href":"https:\/\/www.cci.corsica\/co\/wp-json\/wp\/v2\/pages"}],"about":[{"href":"https:\/\/www.cci.corsica\/co\/wp-json\/wp\/v2\/types\/page"}],"author":[{"embeddable":true,"href":"https:\/\/www.cci.corsica\/co\/wp-json\/wp\/v2\/users\/4"}],"replies":[{"embeddable":true,"href":"https:\/\/www.cci.corsica\/co\/wp-json\/wp\/v2\/comments?post=3663"}],"version-history":[{"count":38,"href":"https:\/\/www.cci.corsica\/co\/wp-json\/wp\/v2\/pages\/3663\/revisions"}],"predecessor-version":[{"id":9072,"href":"https:\/\/www.cci.corsica\/co\/wp-json\/wp\/v2\/pages\/3663\/revisions\/9072"}],"wp:featuredmedia":[{"embeddable":true,"href":"https:\/\/www.cci.corsica\/co\/wp-json\/wp\/v2\/media\/7202"}],"wp:attachment":[{"href":"https:\/\/www.cci.corsica\/co\/wp-json\/wp\/v2\/media?parent=3663"}],"wp:term":[{"taxonomy":"categorie-page","embeddable":true,"href":"https:\/\/www.cci.corsica\/co\/wp-json\/wp\/v2\/categorie-page?post=3663"},{"taxonomy":"type-de-page","embeddable":true,"href":"https:\/\/www.cci.corsica\/co\/wp-json\/wp\/v2\/type-de-page?post=3663"}],"curies":[{"name":"wp","href":"https:\/\/api.w.org\/{rel}","templated":true}]}}