{"id":3670,"date":"2024-06-23T22:03:45","date_gmt":"2024-06-23T20:03:45","guid":{"rendered":"https:\/\/www.cci.corsica\/?page_id=3670"},"modified":"2025-05-19T14:12:23","modified_gmt":"2025-05-19T12:12:23","slug":"meta-dest","status":"publish","type":"page","link":"https:\/\/www.cci.corsica\/co\/meta-dest\/","title":{"rendered":"META DEST\u00a0"},"content":{"rendered":"<div data-elementor-type=\"wp-page\" data-elementor-id=\"3670\" class=\"elementor elementor-3670\" data-elementor-post-type=\"page\">\n\t\t\t\t<div class=\"elementor-element elementor-element-1f6e985 e-flex e-con-boxed e-con e-parent\" data-id=\"1f6e985\" data-element_type=\"container\">\n\t\t\t\t\t<div class=\"e-con-inner\">\n\t\t\t\t<div class=\"elementor-element elementor-element-c81edb6 elementor-widget elementor-widget-text-editor\" data-id=\"c81edb6\" data-element_type=\"widget\" data-widget_type=\"text-editor.default\">\n\t\t\t\t<div class=\"elementor-widget-container\">\n\t\t\t\t\t\t\t\t\t<h3><strong>Synth\u00e8se du projet :<\/strong><\/h3><p>Le projet entend d\u00e9velopper une Multiplateforme de Destination, support de multiples modalit\u00e9s et outil d&rsquo;acc\u00e8s \u00e0 un territoire. Valorisation non seulement du territoire g\u00e9ographique physique, mais \u00e9galement les innombrables territoires digitaux qui le reproduise ou le transforme \u00e0 travers de nouveaux langages cr\u00e9atifs et technologiques.<\/p>\t\t\t\t\t\t\t\t<\/div>\n\t\t\t\t<\/div>\n\t\t\t\t<div class=\"elementor-element elementor-element-9d9b425 elementor-widget elementor-widget-text-editor\" data-id=\"9d9b425\" data-element_type=\"widget\" data-widget_type=\"text-editor.default\">\n\t\t\t\t<div class=\"elementor-widget-container\">\n\t\t\t\t\t\t\t\t\t<h3 class=\"\" data-start=\"339\" data-end=\"430\">Un projet pour r\u00e9inventer l\u2019exp\u00e9rience touristique gr\u00e2ce aux technologies num\u00e9riques<\/h3><p class=\"\" data-start=\"432\" data-end=\"967\">Le projet META-DEST \u2013 <em data-start=\"458\" data-end=\"520\">La Destination Multiplateforme pour l\u2019Innovation Touristique<\/em> \u2013 est un projet europ\u00e9en cofinanc\u00e9 par le programme Interreg Italie-France Maritime 2021-2027. Il vise \u00e0 accompagner la transformation num\u00e9rique des industries culturelles et touristiques des territoires transfrontaliers (Corse, PACA, Ligurie, Toscane, Sardaigne) en int\u00e9grant des technologies innovantes telles que le m\u00e9tavers, la r\u00e9alit\u00e9 virtuelle et augment\u00e9e, les jeux vid\u00e9o, la gamification ou encore l\u2019IA g\u00e9n\u00e9rative.<\/p><p class=\"\" data-start=\"969\" data-end=\"1081\">La CCI de Corse est partenaire de ce projet aux c\u00f4t\u00e9s d\u2019acteurs publics et \u00e9conomiques italiens et fran\u00e7ais.<\/p><h3 class=\"\" data-start=\"1088\" data-end=\"1113\">Objectif principal<\/h3><p class=\"\" data-start=\"1115\" data-end=\"1431\">Cr\u00e9er un \u00e9cosyst\u00e8me transfrontalier d\u2019innovation pour accompagner les destinations touristiques, les entreprises et les acteurs culturels dans la valorisation du patrimoine local \u00e0 travers des outils num\u00e9riques immersifs, tout en int\u00e9grant des principes de durabilit\u00e9, d\u2019accessibilit\u00e9 et d\u2019inclusion.<\/p><h3 class=\"\" data-start=\"1438\" data-end=\"1473\">Les grandes \u00e9tapes du projet<\/h3><p class=\"\" data-start=\"1475\" data-end=\"1517\">Le projet se d\u00e9ploie en <strong data-start=\"1499\" data-end=\"1515\">trois phases<\/strong> :<\/p><ol data-start=\"1519\" data-end=\"2046\"><li class=\"\" data-start=\"1519\" data-end=\"1626\"><p class=\"\" data-start=\"1522\" data-end=\"1626\"><strong data-start=\"1522\" data-end=\"1575\">\u00c9laboration d\u2019un Plan Strat\u00e9gique Transfrontalier<\/strong> pour la destination touristique multiplateforme.<\/p><\/li><li class=\"\" data-start=\"1627\" data-end=\"1848\"><p class=\"\" data-start=\"1630\" data-end=\"1848\"><strong data-start=\"1630\" data-end=\"1687\">Cr\u00e9ation de la \u201cMulti-Platform Destination Community\u201d<\/strong> et organisation de deux \u00e9ditions d\u2019une <strong data-start=\"1727\" data-end=\"1759\">Masterclass transfrontali\u00e8re<\/strong>, destin\u00e9e \u00e0 renforcer les comp\u00e9tences des professionnels du tourisme et de la culture.<\/p><\/li><li class=\"\" data-start=\"1849\" data-end=\"2046\"><p class=\"\" data-start=\"1852\" data-end=\"2046\"><strong data-start=\"1852\" data-end=\"1888\">Financement de 6 projets pilotes<\/strong> innovants, associant les acteurs touristiques locaux d\u00e8s la phase de conception, pour tester et d\u00e9velopper des exp\u00e9riences num\u00e9riques touristiques concr\u00e8tes.<\/p><\/li><\/ol><h3 class=\"\" data-start=\"2053\" data-end=\"2124\">Une dimension transfrontali\u00e8re ancr\u00e9e dans des projets innovants<\/h3><p class=\"\" data-start=\"2126\" data-end=\"2191\">META-DEST s\u2019appuie sur les acquis de deux projets pr\u00e9curseurs :<\/p><ul data-start=\"2192\" data-end=\"2420\"><li class=\"\" data-start=\"2192\" data-end=\"2281\"><p class=\"\" data-start=\"2194\" data-end=\"2281\"><strong data-start=\"2194\" data-end=\"2206\">TURISICO<\/strong>, qui a explor\u00e9 la gamification comme levier de valorisation touristique.<\/p><\/li><li class=\"\" data-start=\"2282\" data-end=\"2420\"><p class=\"\" data-start=\"2284\" data-end=\"2420\"><strong data-start=\"2284\" data-end=\"2297\">MED-GAIMS<\/strong>, qui a d\u00e9montr\u00e9 le potentiel de la gamification dans la cr\u00e9ation d\u2019emplois et de nouvelles opportunit\u00e9s entrepreneuriales.<\/p><\/li><\/ul><p class=\"\" data-start=\"2422\" data-end=\"2650\">L\u2019ambition de META-DEST est de multiplier les points d\u2019acc\u00e8s au territoire, physiques et num\u00e9riques, dans un contexte post-COVID o\u00f9 la consommation \u00e0 distance de contenus culturels et touristiques s\u2019est fortement d\u00e9velopp\u00e9e.<\/p><h3 class=\"\" data-start=\"2657\" data-end=\"2681\">R\u00e9sultats attendus<\/h3><ul data-start=\"2683\" data-end=\"3164\"><li class=\"\" data-start=\"2683\" data-end=\"2819\"><p class=\"\" data-start=\"2685\" data-end=\"2819\">Cr\u00e9ation d\u2019un r\u00e9seau p\u00e9renne d\u2019acteurs touristiques, culturels et technologiques autour du concept de destination multiplateforme.<\/p><\/li><li class=\"\" data-start=\"2820\" data-end=\"2915\"><p class=\"\" data-start=\"2822\" data-end=\"2915\">Mise en \u0153uvre d\u2019un plan strat\u00e9gique collaboratif pour la transition num\u00e9rique du secteur.<\/p><\/li><li class=\"\" data-start=\"2916\" data-end=\"3037\"><p class=\"\" data-start=\"2918\" data-end=\"3037\">Renforcement des comp\u00e9tences cr\u00e9atives, technologiques et exp\u00e9rientielles des professionnels gr\u00e2ce aux Masterclass.<\/p><\/li><li class=\"\" data-start=\"3038\" data-end=\"3164\"><p class=\"\" data-start=\"3040\" data-end=\"3164\">6 projets pilotes op\u00e9rationnels et interconnect\u00e9s dans une logique de d\u00e9ploiement et de p\u00e9rennisation au-del\u00e0 du projet.<\/p><\/li><\/ul><h3 class=\"\" data-start=\"3171\" data-end=\"3192\">Valeur ajout\u00e9e<\/h3><p class=\"\" data-start=\"3194\" data-end=\"3461\">META-DEST ne se limite pas \u00e0 un ensemble d\u2019exp\u00e9rimentations ponctuelles. Il ambitionne de <strong data-start=\"3284\" data-end=\"3365\">cr\u00e9er une mosa\u00efque coh\u00e9rente et durable d\u2019exp\u00e9riences touristiques num\u00e9riques<\/strong>, pens\u00e9e d\u00e8s le d\u00e9part pour \u00eatre <strong data-start=\"3398\" data-end=\"3432\">\u00e9largie, r\u00e9pliqu\u00e9e et partag\u00e9e<\/strong> avec d\u2019autres territoires.<\/p><p class=\"\" data-start=\"3463\" data-end=\"3659\">L\u2019approche collective permet \u00e9galement de mobiliser des acteurs ext\u00e9rieurs au consortium initial (associations, collectivit\u00e9s, start-ups, centres de recherche\u2026), pour renforcer l\u2019impact du projet.<\/p><h3 class=\"\" data-start=\"3666\" data-end=\"3690\">Informations cl\u00e9s<\/h3><ul data-start=\"3692\" data-end=\"3786\"><li class=\"\" data-start=\"3692\" data-end=\"3750\"><p class=\"\" data-start=\"3694\" data-end=\"3750\"><strong data-start=\"3694\" data-end=\"3715\">Dur\u00e9e du projet :<\/strong> du 1er mars 2024 au 31 ao\u00fbt 2026<\/p><\/li><li class=\"\" data-start=\"3751\" data-end=\"3786\"><p class=\"\" data-start=\"3753\" data-end=\"3786\"><strong data-start=\"3753\" data-end=\"3771\">Budget total :<\/strong> 895 570,06 \u20ac<\/p><\/li><\/ul>\t\t\t\t\t\t\t\t<\/div>\n\t\t\t\t<\/div>\n\t\t\t\t<div class=\"elementor-element elementor-element-a72a8df elementor-widget elementor-widget-text-editor\" data-id=\"a72a8df\" data-element_type=\"widget\" data-widget_type=\"text-editor.default\">\n\t\t\t\t<div class=\"elementor-widget-container\">\n\t\t\t\t\t\t\t\t\t<h3><strong>Partenaires\u00a0:<\/strong><\/h3><ul><li class=\"\" data-start=\"3823\" data-end=\"3991\"><p class=\"\" data-start=\"3825\" data-end=\"3839\"><strong data-start=\"3825\" data-end=\"3837\">Italie :<\/strong><\/p><ul data-start=\"3842\" data-end=\"3991\"><li class=\"\" data-start=\"3842\" data-end=\"3884\"><p class=\"\" data-start=\"3844\" data-end=\"3884\">Fondazione ISI (Pise) \u2013 <em data-start=\"3868\" data-end=\"3882\">Chef de file<\/em><\/p><\/li><li class=\"\" data-start=\"3887\" data-end=\"3906\"><p class=\"\" data-start=\"3889\" data-end=\"3906\">FILSE (Ligurie)<\/p><\/li><li class=\"\" data-start=\"3909\" data-end=\"3941\"><p class=\"\" data-start=\"3911\" data-end=\"3941\">Chambre de Commerce de Nuoro<\/p><\/li><li class=\"\" data-start=\"3944\" data-end=\"3991\"><p class=\"\" data-start=\"3946\" data-end=\"3991\">Fondazione Alghero \u2013 Musei, Eventi, Turismo<\/p><\/li><\/ul><\/li><li class=\"\" data-start=\"3993\" data-end=\"4077\"><p class=\"\" data-start=\"3995\" data-end=\"4009\"><strong data-start=\"3995\" data-end=\"4007\">France :<\/strong><\/p><ul data-start=\"4012\" data-end=\"4077\"><li class=\"\" data-start=\"4012\" data-end=\"4056\"><p class=\"\" data-start=\"4014\" data-end=\"4056\">TVT Innovation \u2013 Toulon Var Technologies<\/p><\/li><li class=\"\" data-start=\"4059\" data-end=\"4077\"><p class=\"\" data-start=\"4061\" data-end=\"4077\"><strong data-start=\"4061\" data-end=\"4077\">CCI de Corse<\/strong><\/p><\/li><\/ul><\/li><\/ul>\t\t\t\t\t\t\t\t<\/div>\n\t\t\t\t<\/div>\n\t\t\t\t\t<\/div>\n\t\t\t\t<\/div>\n\t\t<div class=\"elementor-element elementor-element-3c34c85 e-flex e-con-boxed e-con e-parent\" data-id=\"3c34c85\" data-element_type=\"container\">\n\t\t\t\t\t<div class=\"e-con-inner\">\n\t\t<div class=\"elementor-element elementor-element-c11dc40 e-grid e-con-full e-con e-child\" data-id=\"c11dc40\" data-element_type=\"container\">\n\t\t\t\t<div class=\"elementor-element elementor-element-92ca5c2 elementor-widget elementor-widget-button\" data-id=\"92ca5c2\" data-element_type=\"widget\" data-widget_type=\"button.default\">\n\t\t\t\t<div class=\"elementor-widget-container\">\n\t\t\t\t\t\t\t\t\t<div class=\"elementor-button-wrapper\">\n\t\t\t\t\t<a class=\"elementor-button elementor-button-link elementor-size-sm\" href=\"https:\/\/interreg-marittimo.eu\/fr\/web\/meta-dest\" target=\"_blank\">\n\t\t\t\t\t\t<span class=\"elementor-button-content-wrapper\">\n\t\t\t\t\t\t\t\t\t<span class=\"elementor-button-text\">Visitez le site du projet<\/span>\n\t\t\t\t\t<\/span>\n\t\t\t\t\t<\/a>\n\t\t\t\t<\/div>\n\t\t\t\t\t\t\t\t<\/div>\n\t\t\t\t<\/div>\n\t\t\t\t<div class=\"elementor-element elementor-element-fe199f3 elementor-widget elementor-widget-text-editor\" data-id=\"fe199f3\" data-element_type=\"widget\" data-widget_type=\"text-editor.default\">\n\t\t\t\t<div class=\"elementor-widget-container\">\n\t\t\t\t\t\t\t\t\t<p>Rejoignez les r\u00e9seaux sociaux du projet :\u00a0<\/p>\t\t\t\t\t\t\t\t<\/div>\n\t\t\t\t<\/div>\n\t\t\t\t<div class=\"elementor-element elementor-element-6072cf2 e-grid-align-left elementor-shape-rounded elementor-grid-0 elementor-widget elementor-widget-social-icons\" data-id=\"6072cf2\" data-element_type=\"widget\" data-widget_type=\"social-icons.default\">\n\t\t\t\t<div class=\"elementor-widget-container\">\n\t\t\t\t\t\t\t<div class=\"elementor-social-icons-wrapper elementor-grid\" role=\"list\">\n\t\t\t\t\t\t\t<span class=\"elementor-grid-item\" role=\"listitem\">\n\t\t\t\t\t<a class=\"elementor-icon elementor-social-icon elementor-social-icon-facebook elementor-repeater-item-8cc5af4\" href=\"https:\/\/www.facebook.com\/profile.php?id=61561232152209\" target=\"_blank\">\n\t\t\t\t\t\t<span class=\"elementor-screen-only\">Facebook<\/span>\n\t\t\t\t\t\t<svg class=\"e-font-icon-svg e-fab-facebook\" viewbox=\"0 0 512 512\" xmlns=\"http:\/\/www.w3.org\/2000\/svg\"><path d=\"M504 256C504 119 393 8 256 8S8 119 8 256c0 123.78 90.69 226.38 209.25 245V327.69h-63V256h63v-54.64c0-62.15 37-96.48 93.67-96.48 27.14 0 55.52 4.84 55.52 4.84v61h-31.28c-30.8 0-40.41 19.12-40.41 38.73V256h68.78l-11 71.69h-57.78V501C413.31 482.38 504 379.78 504 256z\"><\/path><\/svg>\t\t\t\t\t<\/a>\n\t\t\t\t<\/span>\n\t\t\t\t\t\t\t<span class=\"elementor-grid-item\" role=\"listitem\">\n\t\t\t\t\t<a class=\"elementor-icon elementor-social-icon elementor-social-icon-instagram elementor-repeater-item-5e2ad90\" href=\"https:\/\/www.instagram.com\/meta_dest_\/\" target=\"_blank\">\n\t\t\t\t\t\t<span class=\"elementor-screen-only\">Instagram<\/span>\n\t\t\t\t\t\t<svg class=\"e-font-icon-svg e-fab-instagram\" viewbox=\"0 0 448 512\" xmlns=\"http:\/\/www.w3.org\/2000\/svg\"><path d=\"M224.1 141c-63.6 0-114.9 51.3-114.9 114.9s51.3 114.9 114.9 114.9S339 319.5 339 255.9 287.7 141 224.1 141zm0 189.6c-41.1 0-74.7-33.5-74.7-74.7s33.5-74.7 74.7-74.7 74.7 33.5 74.7 74.7-33.6 74.7-74.7 74.7zm146.4-194.3c0 14.9-12 26.8-26.8 26.8-14.9 0-26.8-12-26.8-26.8s12-26.8 26.8-26.8 26.8 12 26.8 26.8zm76.1 27.2c-1.7-35.9-9.9-67.7-36.2-93.9-26.2-26.2-58-34.4-93.9-36.2-37-2.1-147.9-2.1-184.9 0-35.8 1.7-67.6 9.9-93.9 36.1s-34.4 58-36.2 93.9c-2.1 37-2.1 147.9 0 184.9 1.7 35.9 9.9 67.7 36.2 93.9s58 34.4 93.9 36.2c37 2.1 147.9 2.1 184.9 0 35.9-1.7 67.7-9.9 93.9-36.2 26.2-26.2 34.4-58 36.2-93.9 2.1-37 2.1-147.8 0-184.8zM398.8 388c-7.8 19.6-22.9 34.7-42.6 42.6-29.5 11.7-99.5 9-132.1 9s-102.7 2.6-132.1-9c-19.6-7.8-34.7-22.9-42.6-42.6-11.7-29.5-9-99.5-9-132.1s-2.6-102.7 9-132.1c7.8-19.6 22.9-34.7 42.6-42.6 29.5-11.7 99.5-9 132.1-9s102.7-2.6 132.1 9c19.6 7.8 34.7 22.9 42.6 42.6 11.7 29.5 9 99.5 9 132.1s2.7 102.7-9 132.1z\"><\/path><\/svg>\t\t\t\t\t<\/a>\n\t\t\t\t<\/span>\n\t\t\t\t\t\t\t<span class=\"elementor-grid-item\" role=\"listitem\">\n\t\t\t\t\t<a class=\"elementor-icon elementor-social-icon elementor-social-icon-linkedin elementor-repeater-item-c77c1ef\" href=\"https:\/\/www.linkedin.com\/company\/meta-dest\/\" target=\"_blank\">\n\t\t\t\t\t\t<span class=\"elementor-screen-only\">Linkedin<\/span>\n\t\t\t\t\t\t<svg class=\"e-font-icon-svg e-fab-linkedin\" viewbox=\"0 0 448 512\" xmlns=\"http:\/\/www.w3.org\/2000\/svg\"><path d=\"M416 32H31.9C14.3 32 0 46.5 0 64.3v383.4C0 465.5 14.3 480 31.9 480H416c17.6 0 32-14.5 32-32.3V64.3c0-17.8-14.4-32.3-32-32.3zM135.4 416H69V202.2h66.5V416zm-33.2-243c-21.3 0-38.5-17.3-38.5-38.5S80.9 96 102.2 96c21.2 0 38.5 17.3 38.5 38.5 0 21.3-17.2 38.5-38.5 38.5zm282.1 243h-66.4V312c0-24.8-.5-56.7-34.5-56.7-34.6 0-39.9 27-39.9 54.9V416h-66.4V202.2h63.7v29.2h.9c8.9-16.8 30.6-34.5 62.9-34.5 67.2 0 79.7 44.3 79.7 101.9V416z\"><\/path><\/svg>\t\t\t\t\t<\/a>\n\t\t\t\t<\/span>\n\t\t\t\t\t<\/div>\n\t\t\t\t\t\t<\/div>\n\t\t\t\t<\/div>\n\t\t\t\t<\/div>\n\t\t\t\t\t<\/div>\n\t\t\t\t<\/div>\n\t\t\t\t<\/div>","protected":false},"excerpt":{"rendered":"<p>Synth\u00e8se du projet : Le projet entend d\u00e9velopper une Multiplateforme de Destination, support de multiples modalit\u00e9s et outil d&rsquo;acc\u00e8s \u00e0 un territoire. Valorisation non seulement du territoire g\u00e9ographique physique, mais \u00e9galement les innombrables territoires digitaux qui le reproduise ou le transforme \u00e0 travers de nouveaux langages cr\u00e9atifs et technologiques. Un projet pour r\u00e9inventer l\u2019exp\u00e9rience touristique [&hellip;]<\/p>\n","protected":false},"author":4,"featured_media":0,"parent":0,"menu_order":0,"comment_status":"closed","ping_status":"closed","template":"","meta":{"_acf_changed":false,"_seopress_robots_primary_cat":"","_seopress_titles_title":"","_seopress_titles_desc":"","_seopress_robots_index":"","footnotes":""},"categorie-page":[],"type-de-page":[8],"class_list":["post-3670","page","type-page","status-publish","hentry","type-de-page-page-sans-image"],"acf":[],"_links":{"self":[{"href":"https:\/\/www.cci.corsica\/co\/wp-json\/wp\/v2\/pages\/3670","targetHints":{"allow":["GET"]}}],"collection":[{"href":"https:\/\/www.cci.corsica\/co\/wp-json\/wp\/v2\/pages"}],"about":[{"href":"https:\/\/www.cci.corsica\/co\/wp-json\/wp\/v2\/types\/page"}],"author":[{"embeddable":true,"href":"https:\/\/www.cci.corsica\/co\/wp-json\/wp\/v2\/users\/4"}],"replies":[{"embeddable":true,"href":"https:\/\/www.cci.corsica\/co\/wp-json\/wp\/v2\/comments?post=3670"}],"version-history":[{"count":7,"href":"https:\/\/www.cci.corsica\/co\/wp-json\/wp\/v2\/pages\/3670\/revisions"}],"predecessor-version":[{"id":7873,"href":"https:\/\/www.cci.corsica\/co\/wp-json\/wp\/v2\/pages\/3670\/revisions\/7873"}],"wp:attachment":[{"href":"https:\/\/www.cci.corsica\/co\/wp-json\/wp\/v2\/media?parent=3670"}],"wp:term":[{"taxonomy":"categorie-page","embeddable":true,"href":"https:\/\/www.cci.corsica\/co\/wp-json\/wp\/v2\/categorie-page?post=3670"},{"taxonomy":"type-de-page","embeddable":true,"href":"https:\/\/www.cci.corsica\/co\/wp-json\/wp\/v2\/type-de-page?post=3670"}],"curies":[{"name":"wp","href":"https:\/\/api.w.org\/{rel}","templated":true}]}}