{"id":3677,"date":"2024-06-23T22:05:59","date_gmt":"2024-06-23T20:05:59","guid":{"rendered":"https:\/\/www.cci.corsica\/?page_id=3677"},"modified":"2024-06-23T22:10:49","modified_gmt":"2024-06-23T20:10:49","slug":"h2move","status":"publish","type":"page","link":"https:\/\/www.cci.corsica\/co\/h2move\/","title":{"rendered":"H2MOVE"},"content":{"rendered":"<div data-elementor-type=\"wp-page\" data-elementor-id=\"3677\" class=\"elementor elementor-3677\" data-elementor-post-type=\"page\">\n\t\t\t\t<div class=\"elementor-element elementor-element-8c95220 e-flex e-con-boxed e-con e-parent\" data-id=\"8c95220\" data-element_type=\"container\">\n\t\t\t\t\t<div class=\"e-con-inner\">\n\t\t\t\t<div class=\"elementor-element elementor-element-403bbb0 elementor-widget elementor-widget-text-editor\" data-id=\"403bbb0\" data-element_type=\"widget\" data-widget_type=\"text-editor.default\">\n\t\t\t\t<div class=\"elementor-widget-container\">\n\t\t\t\t\t\t\t\t\t<h3><strong>Partenaires\u00a0:<\/strong><\/h3><ul><li>CCI R\u00e9gion Sud,<\/li><li>Cap Energies,<\/li><li>CCI de Corse,<\/li><li>Universit\u00e9 de Corse,<\/li><li>Regione Liguria,<\/li><li>AdSPMLOr,<\/li><li>CCIAA Genova,<\/li><li>UNIGE<\/li><\/ul>\t\t\t\t\t\t\t\t<\/div>\n\t\t\t\t<\/div>\n\t\t\t\t<div class=\"elementor-element elementor-element-5b0bd66 elementor-widget elementor-widget-text-editor\" data-id=\"5b0bd66\" data-element_type=\"widget\" data-widget_type=\"text-editor.default\">\n\t\t\t\t<div class=\"elementor-widget-container\">\n\t\t\t\t\t\t\t\t\t<h3><strong>Synth\u00e8se du projet :<\/strong><\/h3><p>Le projet H2MOVE aborde le d\u00e9fi de l&rsquo;accessibilit\u00e9 r\u00e9siliente \u00e0 travers la planification strat\u00e9gique d&rsquo;actions pour la r\u00e9duction des impacts environnementaux dans les ports au profit d&rsquo;une continuit\u00e9 territoriale am\u00e9lior\u00e9e et durable. Avec l&rsquo;objectif global de soutenir la neutralit\u00e9 climatique de la dimension maritime transfrontali\u00e8re.<\/p>\t\t\t\t\t\t\t\t<\/div>\n\t\t\t\t<\/div>\n\t\t\t\t\t<\/div>\n\t\t\t\t<\/div>\n\t\t\t\t<\/div>","protected":false},"excerpt":{"rendered":"<p>Partenaires\u00a0: CCI R\u00e9gion Sud, Cap Energies, CCI de Corse, Universit\u00e9 de Corse, Regione Liguria, AdSPMLOr, CCIAA Genova, UNIGE Synth\u00e8se du projet : Le projet H2MOVE aborde le d\u00e9fi de l&rsquo;accessibilit\u00e9 r\u00e9siliente \u00e0 travers la planification strat\u00e9gique d&rsquo;actions pour la r\u00e9duction des impacts environnementaux dans les ports au profit d&rsquo;une continuit\u00e9 territoriale am\u00e9lior\u00e9e et durable. Avec [&hellip;]<\/p>\n","protected":false},"author":4,"featured_media":0,"parent":0,"menu_order":0,"comment_status":"closed","ping_status":"closed","template":"","meta":{"_acf_changed":false,"_seopress_robots_primary_cat":"","_seopress_titles_title":"","_seopress_titles_desc":"","_seopress_robots_index":"","footnotes":""},"categorie-page":[],"type-de-page":[8],"class_list":["post-3677","page","type-page","status-publish","hentry","type-de-page-page-sans-image"],"acf":[],"_links":{"self":[{"href":"https:\/\/www.cci.corsica\/co\/wp-json\/wp\/v2\/pages\/3677","targetHints":{"allow":["GET"]}}],"collection":[{"href":"https:\/\/www.cci.corsica\/co\/wp-json\/wp\/v2\/pages"}],"about":[{"href":"https:\/\/www.cci.corsica\/co\/wp-json\/wp\/v2\/types\/page"}],"author":[{"embeddable":true,"href":"https:\/\/www.cci.corsica\/co\/wp-json\/wp\/v2\/users\/4"}],"replies":[{"embeddable":true,"href":"https:\/\/www.cci.corsica\/co\/wp-json\/wp\/v2\/comments?post=3677"}],"version-history":[{"count":5,"href":"https:\/\/www.cci.corsica\/co\/wp-json\/wp\/v2\/pages\/3677\/revisions"}],"predecessor-version":[{"id":7384,"href":"https:\/\/www.cci.corsica\/co\/wp-json\/wp\/v2\/pages\/3677\/revisions\/7384"}],"wp:attachment":[{"href":"https:\/\/www.cci.corsica\/co\/wp-json\/wp\/v2\/media?parent=3677"}],"wp:term":[{"taxonomy":"categorie-page","embeddable":true,"href":"https:\/\/www.cci.corsica\/co\/wp-json\/wp\/v2\/categorie-page?post=3677"},{"taxonomy":"type-de-page","embeddable":true,"href":"https:\/\/www.cci.corsica\/co\/wp-json\/wp\/v2\/type-de-page?post=3677"}],"curies":[{"name":"wp","href":"https:\/\/api.w.org\/{rel}","templated":true}]}}