{"id":3691,"date":"2024-06-23T22:15:58","date_gmt":"2024-06-23T20:15:58","guid":{"rendered":"https:\/\/www.cci.corsica\/?page_id=3691"},"modified":"2025-09-15T15:16:26","modified_gmt":"2025-09-15T13:16:26","slug":"nest-4esg","status":"publish","type":"page","link":"https:\/\/www.cci.corsica\/co\/nest-4esg\/","title":{"rendered":"NEST 4ESG"},"content":{"rendered":"<div data-elementor-type=\"wp-page\" data-elementor-id=\"3691\" class=\"elementor elementor-3691\" data-elementor-post-type=\"page\">\n\t\t\t\t<div class=\"elementor-element elementor-element-272d572 e-flex e-con-boxed e-con e-parent\" data-id=\"272d572\" data-element_type=\"container\">\n\t\t\t\t\t<div class=\"e-con-inner\">\n\t\t\t\t<div class=\"elementor-element elementor-element-123710c elementor-widget elementor-widget-text-editor\" data-id=\"123710c\" data-element_type=\"widget\" data-widget_type=\"text-editor.default\">\n\t\t\t\t<div class=\"elementor-widget-container\">\n\t\t\t\t\t\t\t\t\t<h3><strong>Partenaires\u00a0:<\/strong><\/h3><ul><li>Lucca In-Tec,<\/li><li>ISI Fundazione,<\/li><li>CCI Nice C\u00f4te d\u2019Azur,<\/li><li><strong>CCI de Corse,<\/strong><\/li><li>Sardegna Ricerche<\/li><\/ul>\t\t\t\t\t\t\t\t<\/div>\n\t\t\t\t<\/div>\n\t\t\t\t<div class=\"elementor-element elementor-element-1b19b16 elementor-widget elementor-widget-text-editor\" data-id=\"1b19b16\" data-element_type=\"widget\" data-widget_type=\"text-editor.default\">\n\t\t\t\t<div class=\"elementor-widget-container\">\n\t\t\t\t\t\t\t\t\t<h3><strong>Synth\u00e8se du projet\u00a0:<\/strong><\/h3><p>NEST 4ESG a pour objectif de renforcer la comp\u00e9titivit\u00e9 et la durabilit\u00e9 des entreprises \u00e0 impact social et environnemental de la zone de coop\u00e9ration, par la cr\u00e9ation d\u2019un r\u00e9seau d\u2019acteurs (entreprises et institutions), le d\u00e9veloppement des comp\u00e9tences et le renforcement de la coop\u00e9ration transfrontali\u00e8re.<\/p>\t\t\t\t\t\t\t\t<\/div>\n\t\t\t\t<\/div>\n\t\t\t\t\t<\/div>\n\t\t\t\t<\/div>\n\t\t<div class=\"elementor-element elementor-element-f59c0f7 e-flex e-con-boxed e-con e-parent\" data-id=\"f59c0f7\" data-element_type=\"container\">\n\t\t\t\t\t<div class=\"e-con-inner\">\n\t\t\t\t<div class=\"elementor-element elementor-element-ff37538 elementor-widget elementor-widget-heading\" data-id=\"ff37538\" data-element_type=\"widget\" data-widget_type=\"heading.default\">\n\t\t\t\t<div class=\"elementor-widget-container\">\n\t\t\t\t\t<h3 class=\"elementor-heading-title elementor-size-default\">Appel \u00e0 Candidature entreprise :<\/h3>\t\t\t\t<\/div>\n\t\t\t\t<\/div>\n\t\t\t\t\t<\/div>\n\t\t\t\t<\/div>\n\t\t<div class=\"elementor-element elementor-element-d2b4190 e-flex e-con-boxed e-con e-parent\" data-id=\"d2b4190\" data-element_type=\"container\">\n\t\t\t\t\t<div class=\"e-con-inner\">\n\t\t\t\t<div class=\"elementor-element elementor-element-da194d4 elementor-widget elementor-widget-text-editor\" data-id=\"da194d4\" data-element_type=\"widget\" data-widget_type=\"text-editor.default\">\n\t\t\t\t<div class=\"elementor-widget-container\">\n\t\t\t\t\t\t\t\t\t<p>Vous souhaitez d\u00e9velopper les comp\u00e9tences et les capacit\u00e9s de votre entreprise dans les domaines de l\u2019Environnement, du Social et de la Gouvernance (ESG)\u00a0? La Chambre de Commerce et d\u2019Industrie de Corse en tant que partenaire du projet NEST4ESG, financ\u00e9 par le Programme Marittimo Italie-France 2021-2027, vous propose de r\u00e9pondre \u00e0 un Appel \u00e0 Candidature afin de b\u00e9n\u00e9ficier d\u2019un parcours sur mesure, pour mettre en \u0153uvre ou d\u00e9velopper des pratiques durables au sein de votre entreprise.<\/p>\t\t\t\t\t\t\t\t<\/div>\n\t\t\t\t<\/div>\n\t\t\t\t\t<\/div>\n\t\t\t\t<\/div>\n\t\t<div class=\"elementor-element elementor-element-0206714 e-flex e-con-boxed e-con e-parent\" data-id=\"0206714\" data-element_type=\"container\">\n\t\t\t\t\t<div class=\"e-con-inner\">\n\t\t\t\t<div class=\"elementor-element elementor-element-710c735 elementor-widget elementor-widget-text-editor\" data-id=\"710c735\" data-element_type=\"widget\" data-widget_type=\"text-editor.default\">\n\t\t\t\t<div class=\"elementor-widget-container\">\n\t\t\t\t\t\t\t\t\t<p><strong>R\u00e9sum\u00e9 du projet\u00a0:<\/strong><\/p><p>NEST 4ESG a pour objectif de renforcer la comp\u00e9titivit\u00e9 et la durabilit\u00e9 des entreprises \u00e0 impact social et environnemental de la zone de coop\u00e9ration, par la cr\u00e9ation d\u2019un r\u00e9seau d\u2019acteurs (entreprises et institutions), le d\u00e9veloppement des comp\u00e9tences et le renforcement de la coop\u00e9ration transfrontali\u00e8re.<\/p><p>Le projet est d\u00e9di\u00e9 aux entreprises souhaitant renforcer leur impact ESG (environmental, social, governance), les b\u00e9n\u00e9fices non financiers.<\/p><p>Il pr\u00e9voit\u00a0:<\/p><ul><li>Une s\u00e9rie de 9 webinaires sont en cours de r\u00e9alisation, d\u2019une dur\u00e9e de 90mn chacun, livr\u00e9 en anglais avec traduction en fran\u00e7ais et en italien\u00a0:<\/li><\/ul><p><span style=\"text-decoration: underline\">Sessions sur l&rsquo;environnement<\/span><\/p><p>1. La pens\u00e9e de la circularit\u00e9 \u2013 10\/09\/2025 de 11h30 \u00e0 12h30.<\/p><p>2. Certifications ESG \u2013 17\/09\/2025 de 11h30 \u00e0 12h30.<\/p><p>3. Mod\u00e8les d\u2019entreprise en mati\u00e8re d\u2019adaptation et de r\u00e9silience et cadre de causalit\u00e9 climatique \u2013 18\/11\/2025 de 11h30 \u00e0 12h30.<\/p><p><span style=\"text-decoration: underline\">S\u00e9ances sociales<\/span><\/p><p>4. Diversit\u00e9, \u00e9quit\u00e9 et inclusion \u2013 24\/09\/2025 de 11h30 \u00e0 12h30.<\/p><p>5. \u00c9laboration de plans d\u2019action en faveur de la diversit\u00e9, de l\u2019\u00e9quit\u00e9 et de l\u2019inclusion \u2013 8\/10\/2025 de 11h30 \u00e0 12h30.<\/p><p>6. Travailler dans la complexit\u00e9 &#8211; 15\/10\/2025 de 11h30 \u00e0 12h30.<\/p><p><span style=\"text-decoration: underline\">Sessions sur la gouvernance<\/span><\/p><p>7. Pens\u00e9e syst\u00e9mique \u2013 22\/10\/2025 de 11h30 \u00e0 12h30.<\/p><p>8. Sensemaking \u2013 5\/11\/2025\u2003 de 11h30 \u00e0 12h30.<\/p><p>9. Portefeuille de l\u2019innovation \u2013 12\/11\/2025 de 11h30 \u00e0 12h30.<\/p><ul><li>La cr\u00e9ation d\u2019un r\u00e9seaux d\u2019acteurs et notamment un r\u00e9pertoire d\u2019experts, la tenue de tables rondes\u00a0;<\/li><\/ul><ul><li>Un accompagnement sp\u00e9cifique pour 20 entreprises (5 par r\u00e9gions), s\u00e9l\u00e9ctionn\u00e9es sur la base d\u2019appel \u00e0 candidature\u00a0;<\/li><\/ul>\t\t\t\t\t\t\t\t<\/div>\n\t\t\t\t<\/div>\n\t\t\t\t\t<\/div>\n\t\t\t\t<\/div>\n\t\t<div class=\"elementor-element elementor-element-2f517b0 e-grid e-con-boxed e-con e-parent\" data-id=\"2f517b0\" data-element_type=\"container\">\n\t\t\t\t\t<div class=\"e-con-inner\">\n\t\t\t\t<div class=\"elementor-element elementor-element-9ac589e elementor-align-center elementor-widget elementor-widget-button\" data-id=\"9ac589e\" data-element_type=\"widget\" data-widget_type=\"button.default\">\n\t\t\t\t<div class=\"elementor-widget-container\">\n\t\t\t\t\t\t\t\t\t<div class=\"elementor-button-wrapper\">\n\t\t\t\t\t<a class=\"elementor-button elementor-button-link elementor-size-sm\" href=\"https:\/\/www.cci.corsica\/wp-content\/uploads\/2025\/09\/avis-de-selection-entreprise-nest4esg_fr.pdf\">\n\t\t\t\t\t\t<span class=\"elementor-button-content-wrapper\">\n\t\t\t\t\t\t\t\t\t<span class=\"elementor-button-text\">T\u00e9l\u00e9chargez le mode d'emploi <\/span>\n\t\t\t\t\t<\/span>\n\t\t\t\t\t<\/a>\n\t\t\t\t<\/div>\n\t\t\t\t\t\t\t\t<\/div>\n\t\t\t\t<\/div>\n\t\t\t\t<div class=\"elementor-element elementor-element-33ac340 elementor-align-center elementor-widget elementor-widget-button\" data-id=\"33ac340\" data-element_type=\"widget\" data-widget_type=\"button.default\">\n\t\t\t\t<div class=\"elementor-widget-container\">\n\t\t\t\t\t\t\t\t\t<div class=\"elementor-button-wrapper\">\n\t\t\t\t\t<a class=\"elementor-button elementor-button-link elementor-size-sm\" href=\"https:\/\/www.cci.corsica\/wp-content\/uploads\/2025\/09\/modello-di-candidatura_nest4esg_fr.docx\">\n\t\t\t\t\t\t<span class=\"elementor-button-content-wrapper\">\n\t\t\t\t\t\t\t\t\t<span class=\"elementor-button-text\">T\u00e9l\u00e9chargez le document de candidature<\/span>\n\t\t\t\t\t<\/span>\n\t\t\t\t\t<\/a>\n\t\t\t\t<\/div>\n\t\t\t\t\t\t\t\t<\/div>\n\t\t\t\t<\/div>\n\t\t\t\t\t<\/div>\n\t\t\t\t<\/div>\n\t\t\t\t<\/div>","protected":false},"excerpt":{"rendered":"<p>Partenaires\u00a0: Lucca In-Tec, ISI Fundazione, CCI Nice C\u00f4te d\u2019Azur, CCI de Corse, Sardegna Ricerche Synth\u00e8se du projet\u00a0: NEST 4ESG a pour objectif de renforcer la comp\u00e9titivit\u00e9 et la durabilit\u00e9 des entreprises \u00e0 impact social et environnemental de la zone de coop\u00e9ration, par la cr\u00e9ation d\u2019un r\u00e9seau d\u2019acteurs (entreprises et institutions), le d\u00e9veloppement des comp\u00e9tences et [&hellip;]<\/p>\n","protected":false},"author":4,"featured_media":0,"parent":0,"menu_order":0,"comment_status":"closed","ping_status":"closed","template":"","meta":{"_acf_changed":false,"_seopress_robots_primary_cat":"","_seopress_titles_title":"","_seopress_titles_desc":"","_seopress_robots_index":"","footnotes":""},"categorie-page":[],"type-de-page":[8],"class_list":["post-3691","page","type-page","status-publish","hentry","type-de-page-page-sans-image"],"acf":[],"_links":{"self":[{"href":"https:\/\/www.cci.corsica\/co\/wp-json\/wp\/v2\/pages\/3691","targetHints":{"allow":["GET"]}}],"collection":[{"href":"https:\/\/www.cci.corsica\/co\/wp-json\/wp\/v2\/pages"}],"about":[{"href":"https:\/\/www.cci.corsica\/co\/wp-json\/wp\/v2\/types\/page"}],"author":[{"embeddable":true,"href":"https:\/\/www.cci.corsica\/co\/wp-json\/wp\/v2\/users\/4"}],"replies":[{"embeddable":true,"href":"https:\/\/www.cci.corsica\/co\/wp-json\/wp\/v2\/comments?post=3691"}],"version-history":[{"count":10,"href":"https:\/\/www.cci.corsica\/co\/wp-json\/wp\/v2\/pages\/3691\/revisions"}],"predecessor-version":[{"id":8361,"href":"https:\/\/www.cci.corsica\/co\/wp-json\/wp\/v2\/pages\/3691\/revisions\/8361"}],"wp:attachment":[{"href":"https:\/\/www.cci.corsica\/co\/wp-json\/wp\/v2\/media?parent=3691"}],"wp:term":[{"taxonomy":"categorie-page","embeddable":true,"href":"https:\/\/www.cci.corsica\/co\/wp-json\/wp\/v2\/categorie-page?post=3691"},{"taxonomy":"type-de-page","embeddable":true,"href":"https:\/\/www.cci.corsica\/co\/wp-json\/wp\/v2\/type-de-page?post=3691"}],"curies":[{"name":"wp","href":"https:\/\/api.w.org\/{rel}","templated":true}]}}