{"id":3723,"date":"2024-06-23T22:23:53","date_gmt":"2024-06-23T20:23:53","guid":{"rendered":"https:\/\/www.cci.corsica\/?page_id=3723"},"modified":"2024-06-23T22:24:41","modified_gmt":"2024-06-23T20:24:41","slug":"prismamed","status":"publish","type":"page","link":"https:\/\/www.cci.corsica\/co\/prismamed\/","title":{"rendered":"PRISMAMED"},"content":{"rendered":"<div data-elementor-type=\"wp-page\" data-elementor-id=\"3723\" class=\"elementor elementor-3723\" data-elementor-post-type=\"page\">\n\t\t\t\t<div class=\"elementor-element elementor-element-e3f668e e-flex e-con-boxed e-con e-parent\" data-id=\"e3f668e\" data-element_type=\"container\">\n\t\t\t\t\t<div class=\"e-con-inner\">\n\t\t\t\t<div class=\"elementor-element elementor-element-fa922f8 elementor-widget elementor-widget-text-editor\" data-id=\"fa922f8\" data-element_type=\"widget\" data-widget_type=\"text-editor.default\">\n\t\t\t\t<div class=\"elementor-widget-container\">\n\t\t\t\t\t\t\t\t\t<h3><strong>Partenaires\u00a0:<\/strong><\/h3><ul><li>Regione Liguria,<\/li><li>TICASS,<\/li><li>Agris Sardegna,<\/li><li>Regione Toscana,<\/li><li><strong>CCI de Corse,<\/strong><\/li><li>GESTIMAR,<\/li><li>PROPLAST,<\/li><li>FLAG Nord Sardegna<\/li><\/ul><p><strong><br \/><\/strong><\/p>\t\t\t\t\t\t\t\t<\/div>\n\t\t\t\t<\/div>\n\t\t\t\t<div class=\"elementor-element elementor-element-4a46810 elementor-widget elementor-widget-text-editor\" data-id=\"4a46810\" data-element_type=\"widget\" data-widget_type=\"text-editor.default\">\n\t\t\t\t<div class=\"elementor-widget-container\">\n\t\t\t\t\t\t\t\t\t<h3><strong>Synth\u00e8se du projet\u00a0:<\/strong><\/h3><p>PRISMAMED vise \u00e0 d\u00e9velopper un mod\u00e8le et des solutions de r\u00e9utilisation des d\u00e9chets, recueillis sur les ports de p\u00eache et de plaisance, gr\u00e2ce \u00e0 des actions pilotes d\u2019am\u00e9nagement d\u2019espaces conviviaux (aires de jeux, de repos, d\u2019accueil\u2026) avec des mat\u00e9riaux recycl\u00e9s.<\/p>\t\t\t\t\t\t\t\t<\/div>\n\t\t\t\t<\/div>\n\t\t\t\t\t<\/div>\n\t\t\t\t<\/div>\n\t\t\t\t<\/div>","protected":false},"excerpt":{"rendered":"<p>Partenaires\u00a0: Regione Liguria, TICASS, Agris Sardegna, Regione Toscana, CCI de Corse, GESTIMAR, PROPLAST, FLAG Nord Sardegna Synth\u00e8se du projet\u00a0: PRISMAMED vise \u00e0 d\u00e9velopper un mod\u00e8le et des solutions de r\u00e9utilisation des d\u00e9chets, recueillis sur les ports de p\u00eache et de plaisance, gr\u00e2ce \u00e0 des actions pilotes d\u2019am\u00e9nagement d\u2019espaces conviviaux (aires de jeux, de repos, d\u2019accueil\u2026) [&hellip;]<\/p>\n","protected":false},"author":4,"featured_media":0,"parent":0,"menu_order":0,"comment_status":"closed","ping_status":"closed","template":"","meta":{"_acf_changed":false,"_seopress_robots_primary_cat":"","_seopress_titles_title":"","_seopress_titles_desc":"","_seopress_robots_index":"","footnotes":""},"categorie-page":[],"type-de-page":[8],"class_list":["post-3723","page","type-page","status-publish","hentry","type-de-page-page-sans-image"],"acf":[],"_links":{"self":[{"href":"https:\/\/www.cci.corsica\/co\/wp-json\/wp\/v2\/pages\/3723","targetHints":{"allow":["GET"]}}],"collection":[{"href":"https:\/\/www.cci.corsica\/co\/wp-json\/wp\/v2\/pages"}],"about":[{"href":"https:\/\/www.cci.corsica\/co\/wp-json\/wp\/v2\/types\/page"}],"author":[{"embeddable":true,"href":"https:\/\/www.cci.corsica\/co\/wp-json\/wp\/v2\/users\/4"}],"replies":[{"embeddable":true,"href":"https:\/\/www.cci.corsica\/co\/wp-json\/wp\/v2\/comments?post=3723"}],"version-history":[{"count":4,"href":"https:\/\/www.cci.corsica\/co\/wp-json\/wp\/v2\/pages\/3723\/revisions"}],"predecessor-version":[{"id":3732,"href":"https:\/\/www.cci.corsica\/co\/wp-json\/wp\/v2\/pages\/3723\/revisions\/3732"}],"wp:attachment":[{"href":"https:\/\/www.cci.corsica\/co\/wp-json\/wp\/v2\/media?parent=3723"}],"wp:term":[{"taxonomy":"categorie-page","embeddable":true,"href":"https:\/\/www.cci.corsica\/co\/wp-json\/wp\/v2\/categorie-page?post=3723"},{"taxonomy":"type-de-page","embeddable":true,"href":"https:\/\/www.cci.corsica\/co\/wp-json\/wp\/v2\/type-de-page?post=3723"}],"curies":[{"name":"wp","href":"https:\/\/api.w.org\/{rel}","templated":true}]}}