{"id":3823,"date":"2024-06-25T21:50:54","date_gmt":"2024-06-25T19:50:54","guid":{"rendered":"https:\/\/www.cci.corsica\/?page_id=3823"},"modified":"2024-07-16T17:06:26","modified_gmt":"2024-07-16T15:06:26","slug":"siege","status":"publish","type":"page","link":"https:\/\/www.cci.corsica\/co\/siege\/","title":{"rendered":"Si\u00e8ge de la CCI de Corse"},"content":{"rendered":"<div data-elementor-type=\"wp-page\" data-elementor-id=\"3823\" class=\"elementor elementor-3823\" data-elementor-post-type=\"page\">\n\t\t\t\t<div class=\"elementor-element elementor-element-8ca8009 e-con-full e-flex e-con e-parent\" data-id=\"8ca8009\" data-element_type=\"container\">\n\t\t\t\t<div class=\"elementor-element elementor-element-b0d47bc elementor-widget elementor-widget-text-editor\" data-id=\"b0d47bc\" data-element_type=\"widget\" data-widget_type=\"text-editor.default\">\n\t\t\t\t<div class=\"elementor-widget-container\">\n\t\t\t\t\t\t\t\t\t<h3 id=\"titlePage\">Si\u00e8ge de la Chambre de Commerce et d&rsquo;Industrie de Corse (CCIC) : Bastia &#8211; Haute-Corse (20)<\/h3><div class=\"fr-mt-n1w fr-mb-4w\">\u00a0<\/div><div dir=\"ltr\"><strong>Conform\u00e9ment au d\u00e9cret n\u00b02011-1913 du 21 d\u00e9cembre 2011, la CCI de Corse a son si\u00e8ge \u00e0 Bastia.<\/strong><\/div><div dir=\"ltr\">\u00a0<\/div>\t\t\t\t\t\t\t\t<\/div>\n\t\t\t\t<\/div>\n\t\t\t\t<div class=\"elementor-element elementor-element-7f2beb8 elementor-widget elementor-widget-text-editor\" data-id=\"7f2beb8\" data-element_type=\"widget\" data-widget_type=\"text-editor.default\">\n\t\t\t\t<div class=\"elementor-widget-container\">\n\t\t\t\t\t\t\t\t\t<p><strong>Horaires<\/strong><\/p><div class=\"fr-mt-n1w fr-mb-4w\"><ul class=\"fr-raw-list\" data-test=\"heure-d-ouverture\"><li class=\"fr-mb-1w\">Du Lundi au Vendredi : de 08h30 \u00e0 12h00 &#8211; de 14h00 \u00e0 18h00<\/li><\/ul><p>\u00a0<\/p><p class=\"fr-h5 fr-mt-4w\"><strong>Contacts<\/strong><\/p><ul class=\"fr-raw-list\" data-test=\"contacts\"><li class=\"sp-text-icon fr-pb-3w\" data-test=\"websites\"><span class=\"sp-icon fr-icon-global-line sp-blue\" title=\"Site web\"><span class=\"fr-sr-only\">Site web : <a href=\"https:\/\/www.cci.corsica\/co\/\">cci.corsica<\/a>\u00a0<\/span><\/span><\/li><li id=\"contentContactEmail\" class=\"sp-text-icon fr-pb-3w\" data-test=\"contactCourriel\"><span class=\"sp-icon fr-icon-mail-line sp-blue\" title=\"Adresse email\"><span class=\"fr-sr-only\">Adresse email :\u00a0<\/span><\/span><span class=\"\"><a class=\"send-mail\" href=\"mailto:contact@cci.corsica\">contact@cci.corsica<\/a><\/span><\/li><li class=\"sp-text-icon fr-pb-3w\" data-test=\"adresse-postale\"><span class=\"sp-icon fr-icon-ball-pen-line sp-blue\" title=\"Adresse postale\"><span class=\"fr-sr-only\">Adresse postale : <\/span><\/span><span class=\"\" data-test=\"writeAddress\"><span id=\"contentWriteAddressLabel\">H\u00f4tel consulaire\u00a0<\/span><br \/><span data-test=\"address-typeVoie\">1 Rue Adolphe Landry<\/span><br \/>20293 <span data-test=\"address-ville\">Bastia Cedex<\/span><br \/><\/span><\/li><li class=\"sp-text-icon fr-pb-3w\" data-test=\"tel\"><span class=\"sp-icon fr-icon-phone-line sp-blue\" title=\"T\u00e9l\u00e9phone\"><span class=\"fr-sr-only\">T\u00e9l\u00e9phone :<\/span><\/span><span data-test=\"telephone\"> <a href=\"tel:0495544444\"><span id=\"contentPhone_1\">04 95 54 44 44<\/span><\/a><\/span><\/li><\/ul><\/div>\t\t\t\t\t\t\t\t<\/div>\n\t\t\t\t<\/div>\n\t\t\t\t<div class=\"elementor-element elementor-element-d92bcca elementor-widget elementor-widget-google_maps\" data-id=\"d92bcca\" data-element_type=\"widget\" data-widget_type=\"google_maps.default\">\n\t\t\t\t<div class=\"elementor-widget-container\">\n\t\t\t\t\t\t\t<div class=\"elementor-custom-embed\">\n\t\t\t<iframe loading=\"lazy\"\n\t\t\t\t\tsrc=\"https:\/\/maps.google.com\/maps?q=1%20rue%20Adolphe%20Landry%20-%2020293%20Bastia%20Cedex&#038;t=m&#038;z=10&#038;output=embed&#038;iwloc=near\"\n\t\t\t\t\ttitle=\"1 rue Adolphe Landry - 20293 Bastia Cedex\"\n\t\t\t\t\taria-label=\"1 rue Adolphe Landry - 20293 Bastia Cedex\"\n\t\t\t><\/iframe>\n\t\t<\/div>\n\t\t\t\t\t\t<\/div>\n\t\t\t\t<\/div>\n\t\t\t\t<\/div>\n\t\t\t\t<\/div>","protected":false},"excerpt":{"rendered":"<p>Si\u00e8ge de la Chambre de Commerce et d&rsquo;Industrie de Corse (CCIC) : Bastia &#8211; Haute-Corse (20) \u00a0Conform\u00e9ment au d\u00e9cret n\u00b02011-1913 du 21 d\u00e9cembre 2011, la CCI de Corse a son si\u00e8ge \u00e0 Bastia.\u00a0 Horaires Du Lundi au Vendredi : de 08h30 \u00e0 12h00 &#8211; de 14h00 \u00e0 18h00 \u00a0 Contacts Site web : cci.corsica\u00a0 Adresse [&hellip;]<\/p>\n","protected":false},"author":4,"featured_media":1851,"parent":0,"menu_order":0,"comment_status":"closed","ping_status":"closed","template":"","meta":{"_acf_changed":false,"_seopress_robots_primary_cat":"","_seopress_titles_title":"","_seopress_titles_desc":"","_seopress_robots_index":"","footnotes":""},"categorie-page":[],"type-de-page":[55],"class_list":["post-3823","page","type-page","status-publish","has-post-thumbnail","hentry","type-de-page-bureau"],"acf":[],"_links":{"self":[{"href":"https:\/\/www.cci.corsica\/co\/wp-json\/wp\/v2\/pages\/3823","targetHints":{"allow":["GET"]}}],"collection":[{"href":"https:\/\/www.cci.corsica\/co\/wp-json\/wp\/v2\/pages"}],"about":[{"href":"https:\/\/www.cci.corsica\/co\/wp-json\/wp\/v2\/types\/page"}],"author":[{"embeddable":true,"href":"https:\/\/www.cci.corsica\/co\/wp-json\/wp\/v2\/users\/4"}],"replies":[{"embeddable":true,"href":"https:\/\/www.cci.corsica\/co\/wp-json\/wp\/v2\/comments?post=3823"}],"version-history":[{"count":22,"href":"https:\/\/www.cci.corsica\/co\/wp-json\/wp\/v2\/pages\/3823\/revisions"}],"predecessor-version":[{"id":3875,"href":"https:\/\/www.cci.corsica\/co\/wp-json\/wp\/v2\/pages\/3823\/revisions\/3875"}],"wp:featuredmedia":[{"embeddable":true,"href":"https:\/\/www.cci.corsica\/co\/wp-json\/wp\/v2\/media\/1851"}],"wp:attachment":[{"href":"https:\/\/www.cci.corsica\/co\/wp-json\/wp\/v2\/media?parent=3823"}],"wp:term":[{"taxonomy":"categorie-page","embeddable":true,"href":"https:\/\/www.cci.corsica\/co\/wp-json\/wp\/v2\/categorie-page?post=3823"},{"taxonomy":"type-de-page","embeddable":true,"href":"https:\/\/www.cci.corsica\/co\/wp-json\/wp\/v2\/type-de-page?post=3823"}],"curies":[{"name":"wp","href":"https:\/\/api.w.org\/{rel}","templated":true}]}}