{"id":4210,"date":"2024-07-11T15:44:51","date_gmt":"2024-07-11T13:44:51","guid":{"rendered":"https:\/\/www.cci.corsica\/?page_id=4210"},"modified":"2026-04-17T11:20:13","modified_gmt":"2026-04-17T09:20:13","slug":"politique-cookies","status":"publish","type":"page","link":"https:\/\/www.cci.corsica\/co\/politique-cookies\/","title":{"rendered":"Politique des cookies"},"content":{"rendered":"<p>L&rsquo;Etablissement Public du Commerce et de l&rsquo;Industrie (EPCI) de Corse s\u2019engage \u00e0 ce que les traitements de donn\u00e9es \u00e0 caract\u00e8re personnel effectu\u00e9s sur son site https:\/\/www.cci.corsica soient conformes au R\u00e8glement G\u00e9n\u00e9ral sur la Protection des Donn\u00e9es (R.G.P.D.) et \u00e0 la Loi Informatique et Libert\u00e9s modifi\u00e9e.<\/p>\n\n\n\n<p>L\u2019objet de la pr\u00e9sente politique est de d\u00e9tailler la politique appliqu\u00e9e au sein de l&rsquo;Etablissement Public du Commerce et de l&rsquo;Industrie (EPCI) de Corse en mati\u00e8re de protection de donn\u00e9es \u00e0 caract\u00e8re personnel relativement aux cookies et autres traceurs. Ces explications sont donn\u00e9es de la mani\u00e8re la plus transparente et accessible qui soit, afin de vous permettre de comprendre dans quelles conditions sont trait\u00e9es vos donn\u00e9es.<\/p>\n\n\n\n<p>Les donn\u00e9es \u00e0 caract\u00e8re personnel recueillies dans le cadre des services propos\u00e9s sur https:\/\/www.cci.corsica sont trait\u00e9es selon des protocoles s\u00e9curis\u00e9s et permettent \u00e0 l&rsquo;Etablissement Public du Commerce et de l&rsquo;Industrie (EPCI) de Corse de g\u00e9rer les demandes re\u00e7ues dans ses applications informatiques.<\/p>\n\n\n\n<p>Lors de la consultation du Site, des cookies sont d\u00e9pos\u00e9s sur votre ordinateur, votre mobile ou votre tablette.<\/p>\n\n\n\n<p>Les pr\u00e9sentes visent \u00e0 informer les Utilisateurs du Site du fonctionnement desdits cookies et comment les param\u00e9trer.<\/p>\n\n\n\n<p>Les pr\u00e9sentes s&rsquo;appliquent en compl\u00e9ment, des conditions g\u00e9n\u00e9rales et particuli\u00e8res qui vous sont d\u00e9j\u00e0 appliqu\u00e9es.<\/p>\n\n\n\n<h2 class=\"wp-block-heading\">1. <strong><u>D\u00e9finition des cookies&nbsp;<\/u><\/strong><\/h2>\n\n\n\n<p>Les cookies sont des petits fichiers texte d\u00e9pos\u00e9s sur votre ordinateur et\/ou lus depuis celui-ci lors de la consultation d\u2019un site internet ou d\u2019une application mobile. Ils permettent de collecter des informations relatives \u00e0 votre navigation sur https:\/\/www.cci.corsica et de vous assurer la meilleure exp\u00e9rience possible. Vous pouvez g\u00e9rer vos pr\u00e9f\u00e9rences dans le \u00ab&nbsp;Gestionnaire de cookie&nbsp;\u00bb ou en suivant le lien suivant&nbsp;: <a href=\"javascript:openAxeptioCookies()\">Cliquez-ici pour modifier vos pr\u00e9f\u00e9rences en mati\u00e8re de cookie<\/a> et les r\u00e9gler de mani\u00e8re ind\u00e9pendante pour chaque typologie de collecte et de consentement.<\/p>\n\n\n\n<p>L\u2019utilisateur ne peut s\u2019opposer au d\u00e9p\u00f4t des cookies n\u00e9cessaires, ces derniers \u00e9tant indispensables au bon fonctionnement du Site et \u00e0 la fourniture des services.<\/p>\n\n\n\n<p>En ce qui concerne les cookies dits analytiques et\/ou les cookies tiers, ils peuvent \u00eatre refus\u00e9s, cependant, en cas de refus par l\u2019utilisateur, celui-ci est inform\u00e9 que l\u2019utilisation du Site peut \u00eatre d\u00e9grad\u00e9es.<\/p>\n\n\n\n<p><\/p>\n\n\n\n<h2 class=\"wp-block-heading\">2. <strong><u>Gestion des cookies<\/u><\/strong><\/h2>\n\n\n\n<p>Avant le d\u00e9p\u00f4t des cookies sur votre terminal, plusieurs options de gestion s\u2019offrent \u00e0 vous, \u00e0 savoir&nbsp;:<\/p>\n\n\n\n<h3 class=\"wp-block-heading\">A. <strong><u>Le bandeau cookies<\/u><\/strong><\/h3>\n\n\n\n<p>Ce dernier appara\u00eet lors de la premi\u00e8re connexion au site https:\/\/www.cci.corsica. Il vous permet d\u2019accepter, de refuser, ou de param\u00e9trer quels cookies vous souhaitez accepter.<\/p>\n\n\n\n<p>En cliquant sur \u00ab&nbsp;OK pour moi&nbsp;\u00bb, vous consentez au d\u00e9p\u00f4t de ces derniers pour une dur\u00e9e variable selon les cookies d\u00e9taill\u00e9e ci-apr\u00e8s.<\/p>\n\n\n\n<p>En cliquant sur \u00ab&nbsp;continuer sans accepter&nbsp;\u00bb, vous refusez le d\u00e9p\u00f4t des cookies \u00e0 l\u2019exception des cookies de fonctionnement, qui sont n\u00e9cessaires au site https:\/\/www.cci.corsica.<\/p>\n\n\n\n<p>En cliquant sur \u00ab&nbsp;Je choisis&nbsp;\u00bb, vous pouvez choisir quels cookies peuvent et ne peuvent pas \u00eatre d\u00e9pos\u00e9s sur votre terminal.<\/p>\n\n\n\n<p>Vous pouvez avoir acc\u00e8s au gestionnaire de cookies depuis toutes les pages du site en cliquant sur \u00ab&nbsp;Gestionnaire de cookie&nbsp;\u00bb ou en suivant le lien suivant&nbsp;: <a href=\"javascript:openAxeptioCookies()\">Cliquez-ici pour modifier vos pr\u00e9f\u00e9rences en mati\u00e8re de cookie<\/a><\/p>\n\n\n\n<h3 class=\"wp-block-heading\">B. <strong><u>Param\u00e9trage de votre navigateur<\/u><\/strong><\/h3>\n\n\n\n<p>Si vous le souhaitez, vous pouvez param\u00e9trer votre navigateur afin que ce dernier soient d\u00e9pos\u00e9s ou non sur votre terminal.<\/p>\n\n\n\n<p><\/p>\n\n\n\n<h2 class=\"wp-block-heading\">3. <strong><u>Provenance des cookies<\/u><\/strong><\/h2>\n\n\n\n<h3 class=\"wp-block-heading\">A. <strong><u>Les cookies de fonctionnement<\/u><\/strong><\/h3>\n\n\n\n<p>Les Cookies d\u00e9pos\u00e9s par l&rsquo;Etablissement Public du Commerce et de l&rsquo;Industrie (EPCI) de Corse en qualit\u00e9 d\u2019\u00e9diteur du Site (ou par ses partenaires) sur le terminal de l\u2019Utilisateur, le sont, pour la navigation sur le Site, l\u2019optimisation et la personnalisation des Services.<\/p>\n\n\n\n<h3 class=\"wp-block-heading\">B. <strong><u>Les cookies Tiers<\/u><\/strong><\/h3>\n\n\n\n<p>Les cookies d\u00e9pos\u00e9s par des tiers, le sont, pour mesurer les performances du site et optimiser la lecture des vid\u00e9os.<br>Le d\u00e9p\u00f4t s\u2019effectue pendant la navigation ou lorsque l\u2019Utilisateur clique sur les vid\u00e9os.<\/p>\n\n\n\n<p>L&rsquo;Etablissement Public du Commerce et de l&rsquo;Industrie (EPCI) de Corse peut avoir recours aux cookies Matomo, Youtube, etc., tiers, list\u00e9s dans le gestionnaire de cookies.<\/p>\n\n\n\n<p>Nous vous encourageons \u00e0 consulter les politiques de confidentialit\u00e9 des cookies Matomo et Youtube pour plus d\u2019informations :<\/p>\n\n\n\n<p>&#8211; Matomo&nbsp;: <a href=\"https:\/\/matomo.org\/faq\/general\/faq_146\/\">https:\/\/matomo.org\/faq\/general\/faq_146\/<\/a><br>&#8211; YouTube&nbsp;: <a href=\"https:\/\/policies.google.com\/privacy?hl=fr\">https:\/\/policies.google.com\/privacy?hl=fr<\/a><\/p>\n\n\n\n<p>Par d\u00e9faut, le refus est suppos\u00e9 et ces traceurs ne sont pas d\u00e9pos\u00e9s. Vous pouvez y consentir dans le gestionnaire en cliquant sur \u00ab&nbsp;Gestionnaire de cookie&nbsp;\u00bb ou en suivant le lien suivant&nbsp;: <a href=\"javascript:openAxeptioCookies()\">Cliquez-ici pour modifier vos pr\u00e9f\u00e9rences en mati\u00e8re de cookie<\/a><\/p>\n\n\n\n<p><\/p>\n\n\n\n<h2 class=\"wp-block-heading\">4. <strong><u>Finalit\u00e9s des cookies<\/u><\/strong><\/h2>\n\n\n\n<h3 class=\"wp-block-heading\">A. <strong><u>Cookies de fonctionnement (obligatoires)<\/u><\/strong><\/h3>\n\n\n\n<p>Ces cookies garantissent le bon fonctionnement du site et permettent son optimisation. Le site web ne peut pas fonctionner correctement sans ces cookies.<\/p>\n\n\n\n<h3 class=\"wp-block-heading\">B. <strong><u>Analyse d\u2019audience (anonymes)<\/u><\/strong><\/h3>\n\n\n\n<p>Ces cookies permettent de mesurer de mani\u00e8re anonyme et agr\u00e9g\u00e9e l&rsquo;audience des contenus pr\u00e9sents sur le site et d&rsquo;en am\u00e9liorer le fonctionnement.<\/p>\n\n\n\n<h3 class=\"wp-block-heading\">C. <strong><u>Optimisation des vid\u00e9os<\/u><\/strong><\/h3>\n\n\n\n<p>Ces cookies permettent d\u2019optimiser votre exp\u00e9rience lors de la lecture de vid\u00e9os.<\/p>\n\n\n\n<p><\/p>\n\n\n\n<h2 class=\"wp-block-heading\">5. <strong><u>D\u00e9tails<\/u><\/strong><\/h2>\n\n\n\n<p>Vous trouverez les d\u00e9tails relatifs aux cookies ci-apr\u00e8s&nbsp;:<\/p>\n\n\n\n<ul class=\"wp-block-list\">\n<li>Axeptio\n<ul class=\"wp-block-list\">\n<li>axeptio_cookies (13 mois de conservation) : Informations sur le consentement du visiteur<\/li>\n\n\n\n<li>axeptio_all_vendors (13 mois de conservation) : Liste des cookies dans le widget<\/li>\n\n\n\n<li>axeptio_authorized_vendors (13 mois de conservation) : Liste des cookies accept\u00e9s par le visiteur<\/li>\n<\/ul>\n<\/li>\n\n\n\n<li>Youtube\n<ul class=\"wp-block-list\">\n<li>YSC (session) : Le cookie YSC est d\u00e9fini par Youtube et est utilis\u00e9 pour suivre les vues des vid\u00e9os int\u00e9gr\u00e9es sur les pages Youtube.<\/li>\n\n\n\n<li>PREF (13 mois de conservation) : pour stocker des informations telles que vos pr\u00e9f\u00e9rences pour la configuration des pages et la lecture<\/li>\n\n\n\n<li>Visitor_info1_live (5 mois de conservation) : Cookie d\u00e9fini par YouTube pour mesurer la bande passante qui d\u00e9termine si l&rsquo;utilisateur obtient la nouvelle ou l&rsquo;ancienne interface du lecteur.<\/li>\n\n\n\n<li>GPS (13 mois de conservation) :<\/li>\n<\/ul>\n<\/li>\n\n\n\n<li>Matomo&nbsp;: \n<ul class=\"wp-block-list\">\n<li>_pk_id : (13 mois) utilis\u00e9 pour stocker quelques d\u00e9tails sur l&rsquo;utilisateur tels que l&rsquo;identifiant unique du visiteur<\/li>\n\n\n\n<li>_pk_ref : (6 mois) utilis\u00e9 pour stocker les informations d&rsquo;attribution, le r\u00e9f\u00e9rent initialement utilis\u00e9 pour visiter le site web<\/li>\n<\/ul>\n<\/li>\n<\/ul>\n\n\n\n<p><\/p>\n\n\n\n<h2 class=\"wp-block-heading\">6. <strong><u>Exercice de vos droits<\/u><\/strong><\/h2>\n\n\n\n<p>Pour toute information ou exercice de vos droits Informatique et Libert\u00e9s sur les traitements de donn\u00e9es personnelles g\u00e9r\u00e9s par l&rsquo;Etablissement Public du Commerce et de l&rsquo;Industrie (EPCI) de Corse, vous pouvez contacter notre d\u00e9l\u00e9gu\u00e9 \u00e0 la protection des donn\u00e9es en \u00e9crivant \u00e0 dpo@cci.corsica ou \u00e0 l\u2019adresse postale suivante\u00a0: DPO, l&rsquo;Etablissement Public du Commerce et de l&rsquo;Industrie (EPCI) de Corse, Quai du Nouveau Port, 20200 Bastia, en prenant soin de justifier de votre identit\u00e9 et d\u2019indiquer pr\u00e9cis\u00e9ment vos nom, pr\u00e9nom, et adresse pour la r\u00e9ponse.<\/p>\n\n\n\n<p>Vous pouvez \u00e9galement consulter notre politique de confidentialit\u00e9 en cliquant sur \u00ab&nbsp;politique de confidentialit\u00e9&nbsp;\u00bb ou en suivant le lien suivant&nbsp;: <a href=\"https:\/\/www.cci.corsica\/co\/politique-de-confidentialite\/\">https:\/\/www.cci.corsica\/politique-de-confidentialite\/<\/a><\/p>\n\n\n\n<p>Vous disposez \u00e9galement d\u2019un droit d\u2019introduire une r\u00e9clamation aupr\u00e8s de la CNIL sur cnil.fr\/plaintes ou par courrier \u00e0 l\u2019adresse&nbsp;: Commission nationale de l\u2019informatique et des libert\u00e9s, Service des plaintes, 3 Place de Fontenoy, TSA80715, 75334 PARIS CEDEX 07<\/p>\n\n\n\n<p><\/p>\n\n\n\n<h2 class=\"wp-block-heading\">7. <strong><u>Modifications \u00e9ventuelles<\/u><\/strong><\/h2>\n\n\n\n<p>Cette politique peut \u00eatre sujette \u00e0 certaines mises \u00e0 jour. L&rsquo;Etablissement Public du Commerce et de l&rsquo;Industrie (EPCI) de Corse vous invite donc \u00e0 la consulter r\u00e9guli\u00e8rement.<\/p>\n\n\n\n<p><\/p>\n\n\n\n<h2 class=\"wp-block-heading\"><strong>8. <span style=\"text-decoration: underline\">Gestion des cookies<\/span><\/strong><\/h2>\n\n\n\n<a href=\"javascript:openAxeptioCookies()\">Cliquez-ici pour modifier vos pr\u00e9f\u00e9rences en mati\u00e8re de cookie<\/a>\n\n\n\n<div id=\"matomo-opt-out\"><\/div>","protected":false},"excerpt":{"rendered":"<p>L&rsquo;Etablissement Public du Commerce et de l&rsquo;Industrie (EPCI) de Corse s\u2019engage \u00e0 ce que les traitements de donn\u00e9es \u00e0 caract\u00e8re personnel effectu\u00e9s sur son site https:\/\/www.cci.corsica soient conformes au R\u00e8glement G\u00e9n\u00e9ral sur la Protection des Donn\u00e9es (R.G.P.D.) et \u00e0 la Loi Informatique et Libert\u00e9s modifi\u00e9e. L\u2019objet de la pr\u00e9sente politique est de d\u00e9tailler la politique [&hellip;]<\/p>\n","protected":false},"author":1,"featured_media":0,"parent":0,"menu_order":0,"comment_status":"closed","ping_status":"closed","template":"","meta":{"_acf_changed":false,"_seopress_robots_primary_cat":"","_seopress_titles_title":"","_seopress_titles_desc":"","_seopress_robots_index":"","footnotes":""},"categorie-page":[],"type-de-page":[8],"class_list":["post-4210","page","type-page","status-publish","hentry","type-de-page-page-sans-image"],"acf":[],"_links":{"self":[{"href":"https:\/\/www.cci.corsica\/co\/wp-json\/wp\/v2\/pages\/4210","targetHints":{"allow":["GET"]}}],"collection":[{"href":"https:\/\/www.cci.corsica\/co\/wp-json\/wp\/v2\/pages"}],"about":[{"href":"https:\/\/www.cci.corsica\/co\/wp-json\/wp\/v2\/types\/page"}],"author":[{"embeddable":true,"href":"https:\/\/www.cci.corsica\/co\/wp-json\/wp\/v2\/users\/1"}],"replies":[{"embeddable":true,"href":"https:\/\/www.cci.corsica\/co\/wp-json\/wp\/v2\/comments?post=4210"}],"version-history":[{"count":10,"href":"https:\/\/www.cci.corsica\/co\/wp-json\/wp\/v2\/pages\/4210\/revisions"}],"predecessor-version":[{"id":9933,"href":"https:\/\/www.cci.corsica\/co\/wp-json\/wp\/v2\/pages\/4210\/revisions\/9933"}],"wp:attachment":[{"href":"https:\/\/www.cci.corsica\/co\/wp-json\/wp\/v2\/media?parent=4210"}],"wp:term":[{"taxonomy":"categorie-page","embeddable":true,"href":"https:\/\/www.cci.corsica\/co\/wp-json\/wp\/v2\/categorie-page?post=4210"},{"taxonomy":"type-de-page","embeddable":true,"href":"https:\/\/www.cci.corsica\/co\/wp-json\/wp\/v2\/type-de-page?post=4210"}],"curies":[{"name":"wp","href":"https:\/\/api.w.org\/{rel}","templated":true}]}}