{"id":5122,"date":"2024-07-19T08:36:28","date_gmt":"2024-07-19T06:36:28","guid":{"rendered":"https:\/\/www.cci.corsica\/?page_id=5122"},"modified":"2026-04-17T11:21:48","modified_gmt":"2026-04-17T09:21:48","slug":"accessibilite","status":"publish","type":"page","link":"https:\/\/www.cci.corsica\/co\/accessibilite\/","title":{"rendered":"Accessibilit\u00e9"},"content":{"rendered":"<div data-elementor-type=\"wp-page\" data-elementor-id=\"5122\" class=\"elementor elementor-5122\" data-elementor-post-type=\"page\">\n\t\t\t\t<div class=\"elementor-element elementor-element-a8b07ff e-flex e-con-boxed e-con e-parent\" data-id=\"a8b07ff\" data-element_type=\"container\" data-settings=\"{&quot;background_background&quot;:&quot;classic&quot;}\">\n\t\t\t\t\t<div class=\"e-con-inner\">\n\t\t\t\t<div class=\"elementor-element elementor-element-de05fec elementor-widget elementor-widget-heading\" data-id=\"de05fec\" data-element_type=\"widget\" data-widget_type=\"heading.default\">\n\t\t\t\t<div class=\"elementor-widget-container\">\n\t\t\t\t\t<h2 class=\"elementor-heading-title elementor-size-default\">\u00c9tat de conformit\u00e9\n<\/h2>\t\t\t\t<\/div>\n\t\t\t\t<\/div>\n\t\t\t\t<div class=\"elementor-element elementor-element-b94aa0e elementor-widget elementor-widget-text-editor\" data-id=\"b94aa0e\" data-element_type=\"widget\" data-widget_type=\"text-editor.default\">\n\t\t\t\t<div class=\"elementor-widget-container\">\n\t\t\t\t\t\t\t\t\t<p>L&rsquo;Etablissement Public du Commerce et de l&rsquo;Industrie (EPCI) de Corse s\u2019engage \u00e0 rendre son site internet accessible conform\u00e9ment \u00e0 l\u2019article 47 de la loi n\u00b0 2005-102 du 11 f\u00e9vrier 2005. Cette d\u00e9claration d\u2019accessibilit\u00e9 s\u2019applique au site https:\/\/www.cci.corsica\/. Elle a \u00e9t\u00e9 r\u00e9alis\u00e9e le 27 juillet 2024, sur la base des contenus disponibles \u00e0 cette date.<\/p>\t\t\t\t\t\t\t\t<\/div>\n\t\t\t\t<\/div>\n\t\t\t\t<div class=\"elementor-element elementor-element-c6d7b74 elementor-widget elementor-widget-heading\" data-id=\"c6d7b74\" data-element_type=\"widget\" data-widget_type=\"heading.default\">\n\t\t\t\t<div class=\"elementor-widget-container\">\n\t\t\t\t\t<h2 class=\"elementor-heading-title elementor-size-default\">R\u00e9sultats des tests\n<\/h2>\t\t\t\t<\/div>\n\t\t\t\t<\/div>\n\t\t\t\t<div class=\"elementor-element elementor-element-e92ad32 elementor-widget elementor-widget-text-editor\" data-id=\"e92ad32\" data-element_type=\"widget\" data-widget_type=\"text-editor.default\">\n\t\t\t\t<div class=\"elementor-widget-container\">\n\t\t\t\t\t\t\t\t\t<p>L\u2019audit de conformit\u00e9 r\u00e9alis\u00e9 par Corsicaweb r\u00e9v\u00e8le que le site atteint un score de conformit\u00e9 partielle au RGAA :<\/p><ul><li>83 % des crit\u00e8res du RGAA version 4 sont respect\u00e9s.<\/li><li>Le taux moyen de conformit\u00e9 des pages du site s\u2019\u00e9l\u00e8ve \u00e0 90%.<\/li><\/ul>\t\t\t\t\t\t\t\t<\/div>\n\t\t\t\t<\/div>\n\t\t\t\t<div class=\"elementor-element elementor-element-55ea62f elementor-widget elementor-widget-heading\" data-id=\"55ea62f\" data-element_type=\"widget\" data-widget_type=\"heading.default\">\n\t\t\t\t<div class=\"elementor-widget-container\">\n\t\t\t\t\t<h3 class=\"elementor-heading-title elementor-size-default\">Contenus non accessibles<\/h3>\t\t\t\t<\/div>\n\t\t\t\t<\/div>\n\t\t\t\t<div class=\"elementor-element elementor-element-dfd5a2c elementor-widget elementor-widget-text-editor\" data-id=\"dfd5a2c\" data-element_type=\"widget\" data-widget_type=\"text-editor.default\">\n\t\t\t\t<div class=\"elementor-widget-container\">\n\t\t\t\t\t\t\t\t\t<ul><li>Crit\u00e8res 1.1 : certaines images porteuses d&rsquo;information n&rsquo;ont pas d&rsquo;alternative textuelle<\/li><li>Crit\u00e8re 7.1 : l&rsquo;outil Recaptcha sur le formulaire de contact n&rsquo;est que partiellement conforme avec le RGAA<\/li><li>Crit\u00e8re 7.5 : les outils Elementor, Gravity Form et Recaptcha de formulaire de contact ne sont que partiellement conformes au RGAA.<\/li><li style=\"font-size: 16px\">Crit\u00e8re 8.2 : quelques erreurs d&rsquo;\u00e9l\u00e9ments et attributs dues au constructeur de page Elementor.<\/li><li style=\"font-size: 16px\">Crit\u00e8re 9.1 : incoh\u00e9rence de la structure des titres sur certaines pages<\/li><li style=\"font-size: 16px\"><span style=\"background-color: transparent;color: var( --e-global-color-text );font-family: var( --e-global-typography-text-font-family ), Sans-serif;text-align: var(--text-align)\">Crit\u00e8re 10.3 : les contenus sont difficilement compr\u00e9hensibles sans les feuilles de style.<\/span><\/li><li style=\"font-size: 16px\">Crit\u00e8re 10.4 : sur certains \u00e9crans, le menu de navigation devient difficile \u00e0 utiliser lorsque la taille des caract\u00e8res est augment\u00e9e \u00e0 200%.<\/li><li style=\"font-size: 16px\">Crit\u00e8re 13.3 : absence de\u00a0 version accessible des documents bureautiques.<\/li><\/ul>\t\t\t\t\t\t\t\t<\/div>\n\t\t\t\t<\/div>\n\t\t\t\t<div class=\"elementor-element elementor-element-775dabf elementor-widget elementor-widget-heading\" data-id=\"775dabf\" data-element_type=\"widget\" data-widget_type=\"heading.default\">\n\t\t\t\t<div class=\"elementor-widget-container\">\n\t\t\t\t\t<h3 class=\"elementor-heading-title elementor-size-default\">D\u00e9rogations<\/h3>\t\t\t\t<\/div>\n\t\t\t\t<\/div>\n\t\t\t\t<div class=\"elementor-element elementor-element-c204d2d elementor-widget elementor-widget-text-editor\" data-id=\"c204d2d\" data-element_type=\"widget\" data-widget_type=\"text-editor.default\">\n\t\t\t\t<div class=\"elementor-widget-container\">\n\t\t\t\t\t\t\t\t\t<ul><li>\u00a0Crit\u00e8re 6.2 : Absence d&rsquo;intitul\u00e9 sur les lien-images des r\u00e9sultats de recherche mais un bouton \u00ab\u00a0lire la suite\u00a0\u00bb permet d&rsquo;acc\u00e9der \u00e0 la m\u00eame page.\u00a0<\/li><\/ul>\t\t\t\t\t\t\t\t<\/div>\n\t\t\t\t<\/div>\n\t\t\t\t<div class=\"elementor-element elementor-element-9027344 elementor-widget elementor-widget-heading\" data-id=\"9027344\" data-element_type=\"widget\" data-widget_type=\"heading.default\">\n\t\t\t\t<div class=\"elementor-widget-container\">\n\t\t\t\t\t<h2 class=\"elementor-heading-title elementor-size-default\">\u00c9tablissement de cette d\u00e9claration d'accessibilit\u00e9\n<\/h2>\t\t\t\t<\/div>\n\t\t\t\t<\/div>\n\t\t\t\t<div class=\"elementor-element elementor-element-a6735be elementor-widget elementor-widget-heading\" data-id=\"a6735be\" data-element_type=\"widget\" data-widget_type=\"heading.default\">\n\t\t\t\t<div class=\"elementor-widget-container\">\n\t\t\t\t\t<h3 class=\"elementor-heading-title elementor-size-default\">Technologies utilis\u00e9es pour la r\u00e9alisation du site<\/h3>\t\t\t\t<\/div>\n\t\t\t\t<\/div>\n\t\t\t\t<div class=\"elementor-element elementor-element-3a9e741 elementor-widget elementor-widget-text-editor\" data-id=\"3a9e741\" data-element_type=\"widget\" data-widget_type=\"text-editor.default\">\n\t\t\t\t<div class=\"elementor-widget-container\">\n\t\t\t\t\t\t\t\t\t<ul><li>HTML5<\/li><li>CSS<\/li><li>JavaScript<\/li><li>PDF<\/li><li>WordPress<\/li><li>Elementor<\/li><\/ul>\t\t\t\t\t\t\t\t<\/div>\n\t\t\t\t<\/div>\n\t\t\t\t<div class=\"elementor-element elementor-element-40c9d9b elementor-widget elementor-widget-heading\" data-id=\"40c9d9b\" data-element_type=\"widget\" data-widget_type=\"heading.default\">\n\t\t\t\t<div class=\"elementor-widget-container\">\n\t\t\t\t\t<h3 class=\"elementor-heading-title elementor-size-default\">Agents utilisateurs, outils et technologies d'assistance utilis\u00e9s pour v\u00e9rifier l'accessibilit\u00e9 des contenus <\/h3>\t\t\t\t<\/div>\n\t\t\t\t<\/div>\n\t\t\t\t<div class=\"elementor-element elementor-element-acabb5a elementor-widget elementor-widget-text-editor\" data-id=\"acabb5a\" data-element_type=\"widget\" data-widget_type=\"text-editor.default\">\n\t\t\t\t<div class=\"elementor-widget-container\">\n\t\t\t\t\t\t\t\t\t<p>Les v\u00e9rifications de restitution de contenus ont \u00e9t\u00e9 r\u00e9alis\u00e9es avec les configurations suivantes :<\/p><ul><li>Google Chrome<\/li><li>Safari<\/li><li>Apple VoiceOver<\/li><\/ul><p><br \/>Les outils de v\u00e9rification du code suivants ont \u00e9t\u00e9 utilis\u00e9s afin de v\u00e9rifier la conformit\u00e9 aux tests du RGAA :<\/p><ul><li>Extension Assistant RGAA<\/li><li>Colour Contrast Analyser<\/li><li>Headings Maps<\/li><li>Outils pour d\u00e9veloppeurs int\u00e9gr\u00e9s au navigateur Safari<\/li><li>Inspecteur de code<\/li><li>Validateur HTML du W3C<\/li><\/ul>\t\t\t\t\t\t\t\t<\/div>\n\t\t\t\t<\/div>\n\t\t\t\t<div class=\"elementor-element elementor-element-c0f6f25 elementor-widget elementor-widget-heading\" data-id=\"c0f6f25\" data-element_type=\"widget\" data-widget_type=\"heading.default\">\n\t\t\t\t<div class=\"elementor-widget-container\">\n\t\t\t\t\t<h3 class=\"elementor-heading-title elementor-size-default\">Pages du site ayant fait l'objet de la v\u00e9rification de conformit\u00e9<\/h3>\t\t\t\t<\/div>\n\t\t\t\t<\/div>\n\t\t\t\t<div class=\"elementor-element elementor-element-46cfd85 elementor-widget elementor-widget-text-editor\" data-id=\"46cfd85\" data-element_type=\"widget\" data-widget_type=\"text-editor.default\">\n\t\t\t\t<div class=\"elementor-widget-container\">\n\t\t\t\t\t\t\t\t\t<ul><li><a href=\"https:\/\/www.cci.corsica\/co\/\">Accueil<\/a><\/li><li><a href=\"https:\/\/www.cci.corsica\/co\/contact-cci\/\">Contact<\/a><\/li><li><a href=\"https:\/\/www.cci.corsica\/co\/accessibilite\/\">D\u00e9claration d&rsquo;accessibilit\u00e9<\/a><\/li><li><a href=\"https:\/\/www.cci.corsica\/co\/mentions-legales\/\">Mentions l\u00e9gales<\/a><\/li><li><a href=\"https:\/\/www.cci.corsica\/co\/?s=commerce\">R\u00e9sultats de recherche pour \u00ab\u00a0commerce\u00a0\u00bb<\/a><\/li><li><a href=\"https:\/\/www.cci.corsica\/co\/actualites\/\">Actualit\u00e9s<\/a><\/li><li><a href=\"https:\/\/www.cci.corsica\/co\/obtenir-une-carte-dagent-immobilier\/\">Obtenir une carte professionnelle<\/a><\/li><li><a href=\"https:\/\/www.cci.corsica\/co\/rapports-dactivite\/\">Rapports d&rsquo;activit\u00e9<\/a><\/li><li><a href=\"https:\/\/www.cci.corsica\/co\/statistiques-ports-de-corse\/\">Statistiques des ports de Corse<\/a><\/li><li><a href=\"https:\/\/www.cci.corsica\/co\/agenda\/\">Agenda<\/a><\/li><li><a href=\"https:\/\/www.cci.corsica\/co\/evenements\/permanences-avocats-2024\/\">Permanences Expertises Juridiques<\/a><\/li><li><a href=\"https:\/\/www.cci.corsica\/co\/3h-pour-creer-entreprise\/\">3h pour cr\u00e9er son entreprise<\/a><\/li><\/ul>\t\t\t\t\t\t\t\t<\/div>\n\t\t\t\t<\/div>\n\t\t\t\t<div class=\"elementor-element elementor-element-567713a elementor-widget elementor-widget-heading\" data-id=\"567713a\" data-element_type=\"widget\" data-widget_type=\"heading.default\">\n\t\t\t\t<div class=\"elementor-widget-container\">\n\t\t\t\t\t<h2 class=\"elementor-heading-title elementor-size-default\">Retour d'informations et contact<\/h2>\t\t\t\t<\/div>\n\t\t\t\t<\/div>\n\t\t\t\t<div class=\"elementor-element elementor-element-f3571dc elementor-widget elementor-widget-text-editor\" data-id=\"f3571dc\" data-element_type=\"widget\" data-widget_type=\"text-editor.default\">\n\t\t\t\t<div class=\"elementor-widget-container\">\n\t\t\t\t\t\t\t\t\t<p>Si vous n\u2019arrivez pas \u00e0 acc\u00e9der \u00e0 un contenu ou \u00e0 un service, vous pouvez contacter le responsable du site internet pour \u00eatre orient\u00e9 vers une alternative accessible ou obtenir le contenu sous une autre forme.<\/p><p>Pour nous contacter, vous pouvez nous appeler au 04 95 54 44 44 ou nous \u00e9crire\u00a0via la <a href=\"https:\/\/www.cci.corsica\/co\/contact-cci\/\"><span style=\"text-decoration: underline\">page contact<\/span>.<\/a><\/p>\t\t\t\t\t\t\t\t<\/div>\n\t\t\t\t<\/div>\n\t\t\t\t<div class=\"elementor-element elementor-element-069a294 elementor-widget elementor-widget-heading\" data-id=\"069a294\" data-element_type=\"widget\" data-widget_type=\"heading.default\">\n\t\t\t\t<div class=\"elementor-widget-container\">\n\t\t\t\t\t<h2 class=\"elementor-heading-title elementor-size-default\">Voies de recours\n<\/h2>\t\t\t\t<\/div>\n\t\t\t\t<\/div>\n\t\t\t\t<div class=\"elementor-element elementor-element-5c99b95 elementor-widget elementor-widget-text-editor\" data-id=\"5c99b95\" data-element_type=\"widget\" data-widget_type=\"text-editor.default\">\n\t\t\t\t<div class=\"elementor-widget-container\">\n\t\t\t\t\t\t\t\t\tSi vous constatez un d\u00e9faut d\u2019accessibilit\u00e9 vous emp\u00eachant d\u2019acc\u00e9der \u00e0 un contenu ou une fonctionnalit\u00e9 du site, que vous nous le signalez et que vous ne parvenez pas \u00e0 obtenir une r\u00e9ponse de notre part, vous \u00eates en droit de faire parvenir vos dol\u00e9ances ou une demande de saisine au D\u00e9fenseur des droits.\n\nPlusieurs moyens sont \u00e0 votre disposition\u00a0:\n<ul>\n \t<li>\u00c9crire un message au <a href=\"https:\/\/formulaire.defenseurdesdroits.fr\/\" target=\"_blank\" rel=\"noopener\">D\u00e9fenseur des droits<\/a><\/li>\n \t<li>Contacter le <a href=\"https:\/\/www.defenseurdesdroits.fr\/saisir\/delegues\" target=\"_blank\" rel=\"noopener\">d\u00e9l\u00e9gu\u00e9 du D\u00e9fenseur des droits<\/a> dans votre r\u00e9gion<\/li>\n \t<li>Envoyer un courrier par la poste (gratuit, ne pas mettre de timbre) <br>D\u00e9fenseur des droits <br>Libre r\u00e9ponse 71120 <br>75342 Paris CEDEX 07<\/li>\n<\/ul>\t\t\t\t\t\t\t\t<\/div>\n\t\t\t\t<\/div>\n\t\t\t\t\t<\/div>\n\t\t\t\t<\/div>\n\t\t\t\t<\/div>","protected":false},"excerpt":{"rendered":"<p>\u00c9tat de conformit\u00e9 L&rsquo;Etablissement Public du Commerce et de l&rsquo;Industrie (EPCI) de Corse s\u2019engage \u00e0 rendre son site internet accessible conform\u00e9ment \u00e0 l\u2019article 47 de la loi n\u00b0 2005-102 du 11 f\u00e9vrier 2005. Cette d\u00e9claration d\u2019accessibilit\u00e9 s\u2019applique au site https:\/\/www.cci.corsica\/. Elle a \u00e9t\u00e9 r\u00e9alis\u00e9e le 27 juillet 2024, sur la base des contenus disponibles \u00e0 [&hellip;]<\/p>\n","protected":false},"author":1,"featured_media":0,"parent":0,"menu_order":0,"comment_status":"closed","ping_status":"closed","template":"","meta":{"_acf_changed":false,"_seopress_robots_primary_cat":"","_seopress_titles_title":"","_seopress_titles_desc":"","_seopress_robots_index":"","footnotes":""},"categorie-page":[],"type-de-page":[8],"class_list":["post-5122","page","type-page","status-publish","hentry","type-de-page-page-sans-image"],"acf":[],"_links":{"self":[{"href":"https:\/\/www.cci.corsica\/co\/wp-json\/wp\/v2\/pages\/5122","targetHints":{"allow":["GET"]}}],"collection":[{"href":"https:\/\/www.cci.corsica\/co\/wp-json\/wp\/v2\/pages"}],"about":[{"href":"https:\/\/www.cci.corsica\/co\/wp-json\/wp\/v2\/types\/page"}],"author":[{"embeddable":true,"href":"https:\/\/www.cci.corsica\/co\/wp-json\/wp\/v2\/users\/1"}],"replies":[{"embeddable":true,"href":"https:\/\/www.cci.corsica\/co\/wp-json\/wp\/v2\/comments?post=5122"}],"version-history":[{"count":44,"href":"https:\/\/www.cci.corsica\/co\/wp-json\/wp\/v2\/pages\/5122\/revisions"}],"predecessor-version":[{"id":9936,"href":"https:\/\/www.cci.corsica\/co\/wp-json\/wp\/v2\/pages\/5122\/revisions\/9936"}],"wp:attachment":[{"href":"https:\/\/www.cci.corsica\/co\/wp-json\/wp\/v2\/media?parent=5122"}],"wp:term":[{"taxonomy":"categorie-page","embeddable":true,"href":"https:\/\/www.cci.corsica\/co\/wp-json\/wp\/v2\/categorie-page?post=5122"},{"taxonomy":"type-de-page","embeddable":true,"href":"https:\/\/www.cci.corsica\/co\/wp-json\/wp\/v2\/type-de-page?post=5122"}],"curies":[{"name":"wp","href":"https:\/\/api.w.org\/{rel}","templated":true}]}}