{"id":5618,"date":"2024-08-29T12:30:27","date_gmt":"2024-08-29T10:30:27","guid":{"rendered":"https:\/\/www.cci.corsica\/?page_id=5618"},"modified":"2024-08-29T12:33:05","modified_gmt":"2024-08-29T10:33:05","slug":"la-cci-sur-les-territoires-accessibilite","status":"publish","type":"page","link":"https:\/\/www.cci.corsica\/co\/la-cci-sur-les-territoires-accessibilite\/","title":{"rendered":"La CCI sur les territoires &#8211; accessibilit\u00e9"},"content":{"rendered":"<div data-elementor-type=\"wp-page\" data-elementor-id=\"5618\" class=\"elementor elementor-5618\" data-elementor-post-type=\"page\">\n\t\t\t\t<div class=\"elementor-element elementor-element-31bc68a e-flex e-con-boxed e-con e-parent\" data-id=\"31bc68a\" data-element_type=\"container\">\n\t\t\t\t\t<div class=\"e-con-inner\">\n\t\t\t\t<div class=\"elementor-element elementor-element-7ff8973 elementor-widget elementor-widget-heading\" data-id=\"7ff8973\" data-element_type=\"widget\" data-widget_type=\"heading.default\">\n\t\t\t\t<div class=\"elementor-widget-container\">\n\t\t\t\t\t<h1 class=\"elementor-heading-title elementor-size-default\">La CCI sur les territoires<\/h1>\t\t\t\t<\/div>\n\t\t\t\t<\/div>\n\t\t\t\t<div class=\"elementor-element elementor-element-7956b10 elementor-widget elementor-widget-heading\" data-id=\"7956b10\" data-element_type=\"widget\" data-widget_type=\"heading.default\">\n\t\t\t\t<div class=\"elementor-widget-container\">\n\t\t\t\t\t<h2 class=\"elementor-heading-title elementor-size-default\">Version accessible<\/h2>\t\t\t\t<\/div>\n\t\t\t\t<\/div>\n\t\t\t\t<div class=\"elementor-element elementor-element-4cbb46c elementor-widget elementor-widget-text-editor\" data-id=\"4cbb46c\" data-element_type=\"widget\" data-widget_type=\"text-editor.default\">\n\t\t\t\t<div class=\"elementor-widget-container\">\n\t\t\t\t\t\t\t\t\t<p>H\u00f4tel Consulaire de Bastia<br \/>1 rue Adolphe Landry<br \/>20 293 Bastia<br \/>T\u00e9l. : 04 95 54 44 44<\/p><p>Antenne de L&rsquo;\u00eele-Rousse<br \/>Port de commerce<br \/>gare maritime<br \/>20 220 L&rsquo;\u00eele-Rousse<br \/>T\u00e9l. : 04 95 55 25 45<\/p><p>H\u00f4tel Consulaire d&rsquo;Ajaccio<br \/>Quai l\u2019Herminier<br \/>20000 Ajaccio<br \/>T\u00e9l. : 04 95 51 55 55<\/p><p>Antenne de Porto-Vecchio<br \/>Port de commerce<br \/>Gare Maritime<br \/>20137 Porto-Vecchio<br \/>T\u00e9l. : 04 95 70 43 08<\/p><p>Antenne de Ghisonaccia<br \/>Maison des services publics<br \/>RN 198<br \/>20240 Ghisonaccia<br \/>T\u00e9l. : 04 95 57 38 32<\/p><p>Antenne de Corte<br \/>R\u00e9sidence BERTRAND<br \/>B\u00e2t. E<br \/>Quartier PORETTE<br \/>20250 Corte<br \/>T\u00e9l. : 04 95 61 06 82<\/p>\t\t\t\t\t\t\t\t<\/div>\n\t\t\t\t<\/div>\n\t\t\t\t\t<\/div>\n\t\t\t\t<\/div>\n\t\t\t\t<\/div>","protected":false},"excerpt":{"rendered":"<p>La CCI sur les territoires Version accessible H\u00f4tel Consulaire de Bastia1 rue Adolphe Landry20 293 BastiaT\u00e9l. : 04 95 54 44 44 Antenne de L&rsquo;\u00eele-RoussePort de commercegare maritime20 220 L&rsquo;\u00eele-RousseT\u00e9l. : 04 95 55 25 45 H\u00f4tel Consulaire d&rsquo;AjaccioQuai l\u2019Herminier20000 AjaccioT\u00e9l. : 04 95 51 55 55 Antenne de Porto-VecchioPort de commerceGare Maritime20137 Porto-VecchioT\u00e9l. : [&hellip;]<\/p>\n","protected":false},"author":1,"featured_media":0,"parent":0,"menu_order":0,"comment_status":"closed","ping_status":"closed","template":"","meta":{"_acf_changed":false,"_seopress_robots_primary_cat":"","_seopress_titles_title":"","_seopress_titles_desc":"","_seopress_robots_index":"","footnotes":""},"categorie-page":[],"type-de-page":[],"class_list":["post-5618","page","type-page","status-publish","hentry"],"acf":[],"_links":{"self":[{"href":"https:\/\/www.cci.corsica\/co\/wp-json\/wp\/v2\/pages\/5618","targetHints":{"allow":["GET"]}}],"collection":[{"href":"https:\/\/www.cci.corsica\/co\/wp-json\/wp\/v2\/pages"}],"about":[{"href":"https:\/\/www.cci.corsica\/co\/wp-json\/wp\/v2\/types\/page"}],"author":[{"embeddable":true,"href":"https:\/\/www.cci.corsica\/co\/wp-json\/wp\/v2\/users\/1"}],"replies":[{"embeddable":true,"href":"https:\/\/www.cci.corsica\/co\/wp-json\/wp\/v2\/comments?post=5618"}],"version-history":[{"count":7,"href":"https:\/\/www.cci.corsica\/co\/wp-json\/wp\/v2\/pages\/5618\/revisions"}],"predecessor-version":[{"id":5628,"href":"https:\/\/www.cci.corsica\/co\/wp-json\/wp\/v2\/pages\/5618\/revisions\/5628"}],"wp:attachment":[{"href":"https:\/\/www.cci.corsica\/co\/wp-json\/wp\/v2\/media?parent=5618"}],"wp:term":[{"taxonomy":"categorie-page","embeddable":true,"href":"https:\/\/www.cci.corsica\/co\/wp-json\/wp\/v2\/categorie-page?post=5618"},{"taxonomy":"type-de-page","embeddable":true,"href":"https:\/\/www.cci.corsica\/co\/wp-json\/wp\/v2\/type-de-page?post=5618"}],"curies":[{"name":"wp","href":"https:\/\/api.w.org\/{rel}","templated":true}]}}