{"id":5658,"date":"2024-09-02T16:13:42","date_gmt":"2024-09-02T14:13:42","guid":{"rendered":"https:\/\/www.cci.corsica\/?page_id=5658"},"modified":"2024-09-02T17:11:37","modified_gmt":"2024-09-02T15:11:37","slug":"barometre-cybersecurite","status":"publish","type":"page","link":"https:\/\/www.cci.corsica\/co\/barometre-cybersecurite\/","title":{"rendered":"Barom\u00e8tre Cybersecurit\u00e9"},"content":{"rendered":"<div data-elementor-type=\"wp-page\" data-elementor-id=\"5658\" class=\"elementor elementor-5658\" data-elementor-post-type=\"page\">\n\t\t\t\t<div class=\"elementor-element elementor-element-343cd5c e-flex e-con-boxed e-con e-parent\" data-id=\"343cd5c\" data-element_type=\"container\">\n\t\t\t\t\t<div class=\"e-con-inner\">\n\t\t\t\t<div class=\"elementor-element elementor-element-3bd1ca4 elementor-widget elementor-widget-text-editor\" data-id=\"3bd1ca4\" data-element_type=\"widget\" data-widget_type=\"text-editor.default\">\n\t\t\t\t<div class=\"elementor-widget-container\">\n\t\t\t\t\t\t\t\t\t<p>Face \u00e0 la multiplication des cyberattaques, il est essentiel d&rsquo;\u00e9valuer r\u00e9guli\u00e8rement la s\u00e9curit\u00e9 des entreprises.<\/p><p>C\u2019est pourquoi, nous vous invitons \u00e0 participer \u00e0 notre barom\u00e8tre cybers\u00e9curit\u00e9 afin de :<\/p><ul><li>Identifier les principales vuln\u00e9rabilit\u00e9s des entreprises<\/li><li>Mesurer l&rsquo;efficacit\u00e9 des mesures de s\u00e9curit\u00e9 mises en place<\/li><li>D\u00e9finir de nouvelles recommandations pour renforcer votre protection<\/li><\/ul><p>En r\u00e9pondant \u00e0 ce questionnaire, vous contribuerez \u00e0 \u00e9valuer les pratiques en mati\u00e8re de s\u00e9curit\u00e9 num\u00e9rique et b\u00e9n\u00e9ficierez de conseils personnalis\u00e9s.<\/p>\t\t\t\t\t\t\t\t<\/div>\n\t\t\t\t<\/div>\n\t\t\t\t<div class=\"elementor-element elementor-element-b08f786 elementor-widget elementor-widget-spacer\" data-id=\"b08f786\" data-element_type=\"widget\" data-widget_type=\"spacer.default\">\n\t\t\t\t<div class=\"elementor-widget-container\">\n\t\t\t\t\t\t\t<div class=\"elementor-spacer\">\n\t\t\t<div class=\"elementor-spacer-inner\"><\/div>\n\t\t<\/div>\n\t\t\t\t\t\t<\/div>\n\t\t\t\t<\/div>\n\t\t\t\t<div class=\"elementor-element elementor-element-20b5202 elementor-widget elementor-widget-button\" data-id=\"20b5202\" data-element_type=\"widget\" data-widget_type=\"button.default\">\n\t\t\t\t<div class=\"elementor-widget-container\">\n\t\t\t\t\t\t\t\t\t<div class=\"elementor-button-wrapper\">\n\t\t\t\t\t<a class=\"elementor-button elementor-button-link elementor-size-sm\" href=\"https:\/\/aspccieef.sphinxonline.net\/surveyserver\/s\/CCIFRANCE\/Cybersecurite_2024\/questionnaire.htm\" target=\"_blank\">\n\t\t\t\t\t\t<span class=\"elementor-button-content-wrapper\">\n\t\t\t\t\t\t\t\t\t<span class=\"elementor-button-text\">R\u00e9pondre au questionnaire<\/span>\n\t\t\t\t\t<\/span>\n\t\t\t\t\t<\/a>\n\t\t\t\t<\/div>\n\t\t\t\t\t\t\t\t<\/div>\n\t\t\t\t<\/div>\n\t\t\t\t\t<\/div>\n\t\t\t\t<\/div>\n\t\t\t\t<\/div>","protected":false},"excerpt":{"rendered":"<p>Face \u00e0 la multiplication des cyberattaques, il est essentiel d&rsquo;\u00e9valuer r\u00e9guli\u00e8rement la s\u00e9curit\u00e9 des entreprises. C\u2019est pourquoi, nous vous invitons \u00e0 participer \u00e0 notre barom\u00e8tre cybers\u00e9curit\u00e9 afin de : Identifier les principales vuln\u00e9rabilit\u00e9s des entreprises Mesurer l&rsquo;efficacit\u00e9 des mesures de s\u00e9curit\u00e9 mises en place D\u00e9finir de nouvelles recommandations pour renforcer votre protection En r\u00e9pondant \u00e0 [&hellip;]<\/p>\n","protected":false},"author":4,"featured_media":0,"parent":0,"menu_order":0,"comment_status":"closed","ping_status":"closed","template":"","meta":{"_acf_changed":false,"_seopress_robots_primary_cat":"","_seopress_titles_title":"","_seopress_titles_desc":"","_seopress_robots_index":"","footnotes":""},"categorie-page":[],"type-de-page":[52],"class_list":["post-5658","page","type-page","status-publish","hentry","type-de-page-numerique"],"acf":[],"_links":{"self":[{"href":"https:\/\/www.cci.corsica\/co\/wp-json\/wp\/v2\/pages\/5658","targetHints":{"allow":["GET"]}}],"collection":[{"href":"https:\/\/www.cci.corsica\/co\/wp-json\/wp\/v2\/pages"}],"about":[{"href":"https:\/\/www.cci.corsica\/co\/wp-json\/wp\/v2\/types\/page"}],"author":[{"embeddable":true,"href":"https:\/\/www.cci.corsica\/co\/wp-json\/wp\/v2\/users\/4"}],"replies":[{"embeddable":true,"href":"https:\/\/www.cci.corsica\/co\/wp-json\/wp\/v2\/comments?post=5658"}],"version-history":[{"count":16,"href":"https:\/\/www.cci.corsica\/co\/wp-json\/wp\/v2\/pages\/5658\/revisions"}],"predecessor-version":[{"id":5684,"href":"https:\/\/www.cci.corsica\/co\/wp-json\/wp\/v2\/pages\/5658\/revisions\/5684"}],"wp:attachment":[{"href":"https:\/\/www.cci.corsica\/co\/wp-json\/wp\/v2\/media?parent=5658"}],"wp:term":[{"taxonomy":"categorie-page","embeddable":true,"href":"https:\/\/www.cci.corsica\/co\/wp-json\/wp\/v2\/categorie-page?post=5658"},{"taxonomy":"type-de-page","embeddable":true,"href":"https:\/\/www.cci.corsica\/co\/wp-json\/wp\/v2\/type-de-page?post=5658"}],"curies":[{"name":"wp","href":"https:\/\/api.w.org\/{rel}","templated":true}]}}