{"id":6007,"date":"2024-09-23T15:53:38","date_gmt":"2024-09-23T13:53:38","guid":{"rendered":"https:\/\/www.cci.corsica\/?page_id=6007"},"modified":"2024-09-24T13:51:47","modified_gmt":"2024-09-24T11:51:47","slug":"charte-moderation-reseaux-sociaux","status":"publish","type":"page","link":"https:\/\/www.cci.corsica\/co\/charte-moderation-reseaux-sociaux\/","title":{"rendered":"Charte de mod\u00e9ration des r\u00e9seaux sociaux de la CCI de Corse"},"content":{"rendered":"<h2 class=\"wp-block-heading\"><strong>\u00c0 propos de la CCI de Corse<\/strong><\/h2>\n\n\n\n<p>La Chambre de Commerce et d\u2019Industrie de Corse (ci-apr\u00e8s la CCI de Corse) \u00a0est une CCI de r\u00e9gion cr\u00e9\u00e9e en 2010 par la loi n\u00b02010-853 du 23 juillet 2010 et le d\u00e9cret du 8 octobre 2010.<\/p>\n\n\n\n<p>Depuis l&rsquo;Union Consulaire au 1er janvier 2020 proc\u00e9dant du d\u00e9cret du 22 ao\u00fbt 2019,\u00a0la CCI de Corse, est devenue l&rsquo;\u00e9tablissement public administratif\u00a0unique au niveau r\u00e9gional auquel\u00a0sont rattach\u00e9es les CCI locales d&rsquo;Ajaccio et de la Corse-du-Sud et de Bastia et de la Haute-Corse<\/p>\n\n\n\n<p>La CCI de Corse est un acteur majeur du d\u00e9veloppement \u00e9conomique de la r\u00e9gion Corse. Elle accompagne les entreprises de son territoire \u00e0 travers des services permettant de conforter leur croissance. Avec les collectivit\u00e9s locales, elle oeuvre pour l\u2019\u00e9panouissement de son territoire.<\/p>\n\n\n\n<p><strong>La Charte d\u2019utilisation et de mod\u00e9ration des comptes sur les r\u00e9seaux sociaux de la CCI de Corse a \u00e9t\u00e9 \u00e9labor\u00e9e afin de pr\u00e9ciser aux utilisateurs et aux abonn\u00e9s des comptes les conditions de consultation et d\u2019interaction de ces derniers.<\/strong><\/p>\n\n\n\n<h2 class=\"wp-block-heading\"><strong>Positionnement de la CCI de Corse sur les r\u00e9seaux sociaux<\/strong><\/h2>\n\n\n\n<p>La CCI de Corse est pr\u00e9sente sur les r\u00e9seaux sociaux suivants :&nbsp;<\/p>\n\n\n\n<h3 class=\"wp-block-heading\">Twitter :&nbsp;<\/h3>\n\n\n\n<p><a href=\"https:\/\/x.com\/CciCorse\" data-type=\"link\" data-id=\"https:\/\/x.com\/CciCorse\" target=\"_blank\" rel=\"noreferrer noopener\">@CciCorse <\/a>: Actualit\u00e9 de la Chambre de Commerce et d\u2019Industrie de Corse, ses actions avec l\u2019Etat, la Collectivit\u00e9 de Corse et ses offices, les Chambres Consulaires et l\u2019ensemble de ses partenaires.&nbsp;<\/p>\n\n\n\n<p><a href=\"https:\/\/x.com\/aeroports_corse\" data-type=\"link\" data-id=\"https:\/\/x.com\/aeroports_corse\" target=\"_blank\" rel=\"noreferrer noopener\">@aeroports_corse<\/a> : Actualit\u00e9 des concessions a\u00e9roportuaires de Corse (A\u00e9roport d\u2019Ajaccio &#8211; Napol\u00e9on Bonaparte, A\u00e9roport de Bastia &#8211; Poretta, A\u00e9roport de Calvi &#8211; Sainte Catherine, A\u00e9roport de Figari &#8211; Sud Corse)&nbsp;<\/p>\n\n\n\n<p><a href=\"https:\/\/x.com\/corsica_ports\" data-type=\"link\" data-id=\"https:\/\/x.com\/corsica_ports\">@corsica_ports<\/a> : Actualit\u00e9 des concessions portuaires de Corse (Port de plaisance Tino Rossi, Port de Commerce d\u2019Ajaccio, Port de Commerce de Bastia, Port de Commerce de Bonifacio, Port de Commerce de Propriano, Port de Commerce de l\u2019\u00eele-rousse, Port de commerce de Porto-vecchio)&nbsp;<\/p>\n\n\n\n<p><a href=\"https:\/\/x.com\/campusccicorse\" data-type=\"link\" data-id=\"https:\/\/x.com\/campusccicorse\" target=\"_blank\" rel=\"noreferrer noopener\">@campusccicorse <\/a>: Actualit\u00e9 du centre de formation de la CCI de Corse et <a href=\"https:\/\/x.com\/kedge_bastia\" data-type=\"link\" data-id=\"https:\/\/x.com\/kedge_bastia\" target=\"_blank\" rel=\"noreferrer noopener\">@kedge_bastia <\/a>(Parcours Grandes Ecoles) Actualit\u00e9 de Kedge Business School, campus de Bastia<\/p>\n\n\n\n<h3 class=\"wp-block-heading\">Facebook :<\/h3>\n\n\n\n<p>@<a href=\"https:\/\/www.facebook.com\/cci.corsica\" data-type=\"link\" data-id=\"https:\/\/www.facebook.com\/cci.corsica\" target=\"_blank\" rel=\"noreferrer noopener\">cci.corsica <\/a>: Actualit\u00e9 de la Chambre de Commerce et d\u2019Industrie de Corse, ses actions avec l\u2019Etat, la Collectivit\u00e9 de Corse et ses offices, les Chambres Consulaires et l\u2019ensemble de ses partenaires.&nbsp;<\/p>\n\n\n\n<p>@<a href=\"https:\/\/www.facebook.com\/AeroportAjaccioNapoleonBonaparte\" data-type=\"link\" data-id=\"https:\/\/www.facebook.com\/AeroportAjaccioNapoleonBonaparte\" target=\"_blank\" rel=\"noreferrer noopener\">AeroportAjaccioNapoleonBonaparte<\/a> : Actualit\u00e9 de l&rsquo;A\u00e9roport d\u2019Ajaccio &#8211; Napol\u00e9on Bonaparte<\/p>\n\n\n\n<p>@<a href=\"https:\/\/www.facebook.com\/aeroport.bastia\" data-type=\"link\" data-id=\"https:\/\/www.facebook.com\/aeroport.bastia\" target=\"_blank\" rel=\"noreferrer noopener\">aeroport.bastia <\/a>: Actualit\u00e9 de l&rsquo;A\u00e9roport de Bastia &#8211; Poretta<\/p>\n\n\n\n<p>@<a href=\"https:\/\/www.facebook.com\/aeroport.de.calvi\" data-type=\"link\" data-id=\"https:\/\/www.facebook.com\/aeroport.de.calvi\" target=\"_blank\" rel=\"noreferrer noopener\">aeroport.de.calvi<\/a> : Actualit\u00e9 de l&rsquo; A\u00e9roport de Calvi &#8211; Sainte Catherine<\/p>\n\n\n\n<p>@<a href=\"https:\/\/www.facebook.com\/AeroportFigariSudCorse\" data-type=\"link\" data-id=\"https:\/\/www.facebook.com\/AeroportFigariSudCorse\" target=\"_blank\" rel=\"noreferrer noopener\">AeroportFigariSudCorse <\/a>: Actualit\u00e9 de l&rsquo;A\u00e9roport de Figari &#8211; Sud Corse<\/p>\n\n\n\n<p>@<a href=\"https:\/\/www.facebook.com\/ajaccio.port\" data-type=\"link\" data-id=\"https:\/\/www.facebook.com\/ajaccio.port\" target=\"_blank\" rel=\"noreferrer noopener\">ajaccio.port<\/a> : Actualit\u00e9 du port de commerce d&rsquo;Ajaccio <\/p>\n\n\n\n<p><a href=\"https:\/\/www.facebook.com\/port.bastia\" data-type=\"link\" data-id=\"https:\/\/www.facebook.com\/port.bastia\" target=\"_blank\" rel=\"noreferrer noopener\">@port.bastia<\/a> : Actualit\u00e9 du port de commerce de Bastia <\/p>\n\n\n\n<p><a href=\"https:\/\/www.facebook.com\/bonifacio.port\" data-type=\"link\" data-id=\"https:\/\/www.facebook.com\/bonifacio.port\" target=\"_blank\" rel=\"noreferrer noopener\">@bonifacio.port <\/a>: Actualit\u00e9 du port de commerce de Bonifacio<\/p>\n\n\n\n<p><a href=\"https:\/\/www.facebook.com\/ilerousse.port\" data-type=\"link\" data-id=\"https:\/\/www.facebook.com\/ilerousse.port\" target=\"_blank\" rel=\"noreferrer noopener\">@ilerousse.port <\/a>: Actualit\u00e9 du port de commerce de L&rsquo;\u00cele-Rousse<\/p>\n\n\n\n<p><a href=\"https:\/\/www.facebook.com\/portovecchio.port\" data-type=\"link\" data-id=\"https:\/\/www.facebook.com\/portovecchio.port\" target=\"_blank\" rel=\"noreferrer noopener\">@portovecchio.port <\/a>: Actualit\u00e9 du port de commerce de Porto-Vecchio <\/p>\n\n\n\n<p><a href=\"https:\/\/www.facebook.com\/propriano.port\" data-type=\"link\" data-id=\"https:\/\/www.facebook.com\/propriano.port\" target=\"_blank\" rel=\"noreferrer noopener\">@propriano.port<\/a> : Actualit\u00e9 du port de commerce de Propriano<\/p>\n\n\n\n<p><a href=\"https:\/\/www.facebook.com\/ajaccioport.cci.corsica\" data-type=\"link\" data-id=\"https:\/\/www.facebook.com\/ajaccioport.cci.corsica\" target=\"_blank\" rel=\"noreferrer noopener\">@ajaccioport.cci.corsica<\/a> : Actualit\u00e9 du Port de P\u00eache et de Plaisance Ajaccio Tino Rossi<\/p>\n\n\n\n<p><a href=\"https:\/\/www.facebook.com\/cciformationcorsica\" data-type=\"link\" data-id=\"https:\/\/www.facebook.com\/cciformationcorsica\" target=\"_blank\" rel=\"noreferrer noopener\">@cciformationcorsica<\/a> : Actualit\u00e9 du centre de formation de la CCI de Corse et <a href=\"https:\/\/www.facebook.com\/corsica.kedgebs\" data-type=\"link\" data-id=\"https:\/\/x.com\/kedge_bastia\" target=\"_blank\" rel=\"noreferrer noopener\">@corsica.kedgebs<\/a> (Parcours Grandes Ecoles) Actualit\u00e9 de Kedge Business School, grande Ecole de Commerce en Corse<\/p>\n\n\n\n<p><a href=\"https:\/\/www.facebook.com\/PalaisdesCongresAjaccio\" data-type=\"link\" data-id=\"https:\/\/www.facebook.com\/PalaisdesCongresAjaccio\" target=\"_blank\" rel=\"noreferrer noopener\">@PalaisdesCongresAjaccio<\/a> : Actualit\u00e9 du Palais des Congr\u00e8s d&rsquo;Ajaccio<\/p>\n\n\n\n<h3 class=\"wp-block-heading\">Instagram :&nbsp;<\/h3>\n\n\n\n<p><a href=\"https:\/\/www.instagram.com\/ccicorse\/\" data-type=\"link\" data-id=\"https:\/\/www.instagram.com\/ccicorse\/\" target=\"_blank\" rel=\"noreferrer noopener\">@ccicorse <\/a>: Actualit\u00e9 de la Chambre de Commerce et d\u2019Industrie de Corse, ses actions avec l\u2019Etat, la Collectivit\u00e9 de Corse et ses offices, les Chambres Consulaires et l\u2019ensemble de ses partenaires.&nbsp;<\/p>\n\n\n\n<p><a href=\"https:\/\/www.instagram.com\/corsica.ports\/\" data-type=\"link\" data-id=\"https:\/\/www.instagram.com\/corsica.ports\/\" target=\"_blank\" rel=\"noreferrer noopener\">@corsica.ports <\/a>: Actualit\u00e9 des concessions portuaires de Corse (Port de Commerce d\u2019Ajaccio, Port de Commerce de Bastia, Port de Commerce de Bonifacio, Port de Commerce de Propriano, Port de Commerce de l\u2019\u00eele-rousse, Port de commerce de Porto-vecchio)&nbsp;<\/p>\n\n\n\n<p><a href=\"https:\/\/www.instagram.com\/ajaccioport\/\" data-type=\"link\" data-id=\"https:\/\/www.instagram.com\/ajaccioport\/\" target=\"_blank\" rel=\"noreferrer noopener\">@ajaccioport<\/a> : Actualit\u00e9 du Port de P\u00eache et de Plaisance Ajaccio Tino Rossi<\/p>\n\n\n\n<p><a href=\"https:\/\/www.instagram.com\/aeroportajaccio\/\" data-type=\"link\" data-id=\"https:\/\/www.instagram.com\/aeroportajaccio\/\" target=\"_blank\" rel=\"noreferrer noopener\">@aeroportajaccio <\/a>: Actualit\u00e9 de l&rsquo;A\u00e9roport d\u2019Ajaccio &#8211; Napol\u00e9on Bonaparte<\/p>\n\n\n\n<p><a href=\"https:\/\/www.instagram.com\/aeroportbastia\/\" data-type=\"link\" data-id=\"https:\/\/www.instagram.com\/aeroportbastia\/\" target=\"_blank\" rel=\"noreferrer noopener\">@aeroportbastia<\/a> : Actualit\u00e9 de l&rsquo;A\u00e9roport de Bastia &#8211; Poretta<\/p>\n\n\n\n<p><a href=\"https:\/\/www.instagram.com\/aeroportcalvi\/\" data-type=\"link\" data-id=\"https:\/\/www.instagram.com\/aeroportcalvi\/\" target=\"_blank\" rel=\"noreferrer noopener\">@aeroportcalvi <\/a>: Actualit\u00e9 de l&rsquo;A\u00e9roport de Calvi &#8211; Sainte Catherine<\/p>\n\n\n\n<p><a href=\"https:\/\/www.instagram.com\/aeroportfigari\/\" data-type=\"link\" data-id=\"https:\/\/www.instagram.com\/aeroportfigari\/\" target=\"_blank\" rel=\"noreferrer noopener\">@aeroportfigari<\/a> : Actualit\u00e9 de l&rsquo;A\u00e9roport de Figari &#8211; Sud Corse<\/p>\n\n\n\n<p><a href=\"https:\/\/www.instagram.com\/ecolemanagementcorsica\/\" data-type=\"link\" data-id=\"https:\/\/www.instagram.com\/ecolemanagementcorsica\/\" target=\"_blank\" rel=\"noreferrer noopener\">@ecolemanagementcorsica<\/a> : Actualit\u00e9 de l&rsquo;\u00e9cole de commerce et de management Corsica<\/p>\n\n\n\n<p><a href=\"https:\/\/www.instagram.com\/kedge_corsica\/\" data-type=\"link\" data-id=\"https:\/\/www.instagram.com\/kedge_corsica\/\" target=\"_blank\" rel=\"noreferrer noopener\">@kedge-corsica<\/a> : Actualit\u00e9 de Kedge Business School, grande Ecole de Commerce en Corse<\/p>\n\n\n\n<p><a href=\"https:\/\/www.instagram.com\/palaisdescongres_ajaccio\/\" data-type=\"link\" data-id=\"https:\/\/www.instagram.com\/palaisdescongres_ajaccio\/\" target=\"_blank\" rel=\"noreferrer noopener\">@palaisdescongres_ajaccio<\/a> :  Actualit\u00e9 du Palais des Congr\u00e8s d&rsquo;Ajaccio<\/p>\n\n\n\n<h3 class=\"wp-block-heading\">Linkedin :&nbsp;<\/h3>\n\n\n\n<p><a href=\"https:\/\/www.linkedin.com\/company\/cci-corsica\/\" data-type=\"link\" data-id=\"https:\/\/www.instagram.com\/ccicorse\/\" target=\"_blank\" rel=\"noreferrer noopener\">@cci-corsica<\/a> (page entreprise) : Actualit\u00e9 de la Chambre de Commerce et d\u2019Industrie de Corse, ses actions avec l\u2019Etat, la Collectivit\u00e9 de Corse et ses offices, les Chambres Consulaires et l\u2019ensemble de ses partenaires.&nbsp;<\/p>\n\n\n\n<p><a href=\"https:\/\/www.linkedin.com\/showcase\/corsica-ports\/\" data-type=\"link\" data-id=\"https:\/\/www.instagram.com\/corsica.ports\/\" target=\"_blank\" rel=\"noreferrer noopener\">@corsica-ports<\/a> (page vitrine) : Actualit\u00e9 des concessions portuaires de Corse (Port de Commerce d\u2019Ajaccio, Port de Commerce de Bastia, Port de Commerce de Bonifacio, Port de Commerce de Propriano, Port de Commerce de l\u2019\u00eele-rousse, Port de commerce de Porto-vecchio)&nbsp;<\/p>\n\n\n\n<p><a href=\"https:\/\/www.linkedin.com\/company\/a\u00e9roport-d-ajaccio-napol\u00e9on-bonaparte\/\" data-type=\"link\" data-id=\"https:\/\/www.linkedin.com\/company\/a\u00e9roport-d-ajaccio-napol\u00e9on-bonaparte\/\" target=\"_blank\" rel=\"noreferrer noopener\">@aeroport-ajaccio-napoleon-bonaparte <\/a>: Actualit\u00e9 de l&rsquo;A\u00e9roport d\u2019Ajaccio &#8211; Napol\u00e9on Bonaparte<\/p>\n\n\n\n<p><a href=\"https:\/\/www.linkedin.com\/company\/aeroport-bastia-poretta\/\" data-type=\"link\" data-id=\"https:\/\/www.linkedin.com\/company\/aeroport-bastia-poretta\/\" target=\"_blank\" rel=\"noreferrer noopener\">@aeroport-bastia-portetta<\/a> : Actualit\u00e9 de l&rsquo;A\u00e9roport de Bastia &#8211; Poretta<\/p>\n\n\n\n<p><a href=\"https:\/\/www.linkedin.com\/company\/aeroport-calvi-sainte-catherine\/\" data-type=\"link\" data-id=\"https:\/\/www.linkedin.com\/company\/aeroport-calvi-sainte-catherine\/\" target=\"_blank\" rel=\"noreferrer noopener\">@aeroport-calvi-sainte-catherine<\/a> : Actualit\u00e9 de l&rsquo;A\u00e9roport de Calvi &#8211; Sainte Catherine<\/p>\n\n\n\n<p><a href=\"https:\/\/www.linkedin.com\/company\/a\u00e9roport-de-figari-sud-corse\/\" data-type=\"link\" data-id=\"https:\/\/www.linkedin.com\/company\/a\u00e9roport-de-figari-sud-corse\/\" target=\"_blank\" rel=\"noreferrer noopener\">@aeroport-figari-sud-corse <\/a>: Actualit\u00e9 de l&rsquo;A\u00e9roport de Figari &#8211; Sud Corse<\/p>\n\n\n\n<p><a href=\"https:\/\/www.linkedin.com\/company\/cciformationcorsica\/\" data-type=\"link\" data-id=\"https:\/\/www.linkedin.com\/company\/cciformationcorsica\/\" target=\"_blank\" rel=\"noreferrer noopener\">@cciformationcorsica <\/a>: Actualit\u00e9 du centre de formation de la CCI de Corse <\/p>\n\n\n\n<p><a href=\"https:\/\/www.linkedin.com\/company\/em-bastia-kegde-business-school-bastia\/\" data-type=\"link\" data-id=\"https:\/\/www.linkedin.com\/company\/em-bastia-kegde-business-school-bastia\/\" target=\"_blank\" rel=\"noreferrer noopener\">@kedge-business-school-corsica <\/a>: Actualit\u00e9 de Kedge Business School, grande Ecole de Commerce en Corse<\/p>\n\n\n\n<p><a href=\"https:\/\/www.linkedin.com\/showcase\/club-les-entreprises-s-engagent-de-haute-corse\/\" data-type=\"link\" data-id=\"https:\/\/www.linkedin.com\/showcase\/club-les-entreprises-s-engagent-de-haute-corse\/\" target=\"_blank\" rel=\"noreferrer noopener\">@club-les-entreprises-sengagent-de-haute-corse<\/a> : Actualit\u00e9 du Club Les Entreprises s&rsquo;engagent de Haute-Corse <\/p>\n\n\n\n<h3 class=\"wp-block-heading\">Youtube : &nbsp;<\/h3>\n\n\n\n<p><a href=\"https:\/\/www.youtube.com\/@cci.corsica\" data-type=\"link\" data-id=\"https:\/\/www.youtube.com\/@cci.corsica\" target=\"_blank\" rel=\"noreferrer noopener\">@cci.corsica <\/a> : La cha\u00eene Youtube de la CCI de Corse <\/p>\n\n\n\n<p><a href=\"https:\/\/www.youtube.com\/@imfborgo\" data-type=\"link\" data-id=\"https:\/\/www.youtube.com\/@imfborgo\" target=\"_blank\" rel=\"noreferrer noopener\">@cci.formation.corsica<\/a> : La cha\u00eene Youtube de la CCI Formation Corsica <\/p>\n\n\n\n<p><a href=\"https:\/\/www.youtube.com\/@ports.cci.corsica\" data-type=\"link\" data-id=\"https:\/\/www.youtube.com\/@ports.cci.corsica\" target=\"_blank\" rel=\"noreferrer noopener\">@ports.cci.corsica <\/a>: La cha\u00eene Youtube des Ports de Commerce de Corse<\/p>\n\n\n\n<h2 class=\"wp-block-heading\"><strong>R\u00e8gles de mod\u00e9ration<\/strong><\/h2>\n\n\n\n<p>Les commentaires post\u00e9s sur nos m\u00e9dias sociaux peuvent \u00eatre lus par l\u2019ensemble des internautes. Ils font l\u2019objet d\u2019une mod\u00e9ration a posteriori.<\/p>\n\n\n\n<p>Nos pages Facebook, comptes Twitter, comptes Instagram, pages LinkedIn et cha\u00eenes Youtube sont des espaces d\u00e9di\u00e9s \u00e0 la CCI de Corse. Si, apr\u00e8s publication, le mod\u00e9rateur estime que le commentaire n\u2019est pas conforme :&nbsp;<\/p>\n\n\n\n<ol class=\"wp-block-list\">\n<li>aux r\u00e8gles de bonne conduite en vigueur sur Internet,<\/li>\n\n\n\n<li>\u00e0 la L\u00e9gislation Fran\u00e7aise en vigueur,&nbsp;<\/li>\n<\/ol>\n\n\n\n<p>Il se r\u00e9serve le droit de supprimer le commentaire sans pr\u00e9avis.<\/p>\n\n\n\n<h2 class=\"wp-block-heading\"><strong>R\u00e8gles de bonne conduite&nbsp;<\/strong><\/h2>\n\n\n\n<p>Les commentaires sont libres \u00e0 condition de respecter les r\u00e8gles \u00e9l\u00e9mentaires de biens\u00e9ance.<\/p>\n\n\n\n<p>Afin de pr\u00e9server le dialogue et le respect des personnes, le mod\u00e9rateur pourra supprimer sans avertissement pr\u00e9alable tout propos tombant sous le coup de la Loi :<\/p>\n\n\n\n<ul class=\"wp-block-list\">\n<li>Incitation \u00e0 la discrimination, \u00e0 la haine ou \u00e0 la violence \u00e0 caract\u00e8re raciste, x\u00e9nophobe, homophobe ou r\u00e9visionniste<\/li>\n\n\n\n<li>Tout propos incitant \u00e0 une consommation d\u2019alcool excessive ou inappropri\u00e9e, ou faisant l\u2019apologie de l\u2019ivresse.<\/li>\n<\/ul>\n\n\n\n<p>Peuvent \u00eatre notamment supprim\u00e9s :<\/p>\n\n\n\n<ul class=\"wp-block-list\">\n<li>Les commentaires insultants, agressifs ou vulgaires, constitutifs de harc\u00e8lement ou prenant \u00e0 partie un ou plusieurs participants;<\/li>\n\n\n\n<li>Les commentaires \u00e0 caract\u00e8re diffamatoire ou d\u00e9nigrant;&nbsp;<\/li>\n\n\n\n<li>Les commentaires et contributions hors sujet, superflus, ou redondants (spam), sans apport particulier pour les \u00e9changes.<\/li>\n\n\n\n<li>Les informations obsol\u00e8tes ou ayant d\u00e9j\u00e0 \u00e9t\u00e9 trait\u00e9es.<\/li>\n\n\n\n<li>Les commentaires r\u00e9p\u00e9titifs \u00e0 des fins commerciales (spam)<\/li>\n\n\n\n<li>Tous messages \u00e0 des fins publicitaires ou commerciales sont interdits.<\/li>\n\n\n\n<li>Les liens renvoyant vers des sites ext\u00e9rieurs dont le contenu serait susceptible d\u2019\u00eatre contraire aux lois et r\u00e8glements en vigueur en France.<\/li>\n\n\n\n<li>Les conversations priv\u00e9es sur la page ou le mur, les \u00e9changes de coordonn\u00e9es priv\u00e9es.<\/li>\n\n\n\n<li>Les questions personnelles<\/li>\n<\/ul>\n\n\n\n<p>Les critiques ou les commentaires sur la mod\u00e9ration doivent \u00eatre effectu\u00e9s en priv\u00e9. Si vous rencontrez un message que vous jugez ill\u00e9gal ou contraire \u00e0 la bonne marche de nos m\u00e9dias sociaux merci de contacter les mod\u00e9rateurs par l\u2019interm\u00e9diaire d\u2019un message ou d\u2019un mail \u00e0 contact@cci.corsica.&nbsp;<\/p>\n\n\n\n<p>Chaque utilisateur peut \u00e0 tout moment, si une contribution porte atteinte \u00e0 ses droits, la signaler \u00e0 la soci\u00e9t\u00e9 Meta ou X ou Youtube (Google &#8211; Alphabet) ou LinkedIn (Microsoft) , selon la proc\u00e9dure de signalement mise en place par la dite plateforme, ou nous la signaler directement en \u00e9crivant \u00e0&nbsp;<a href=\"mailto:contact@ccihc.fr\">contact@ccihc.fr<\/a>.<\/p>\n\n\n\n<p>De plus, les administrateurs des m\u00e9dias sociaux de la CCI de Corse se r\u00e9servent le droit de signaler aux autorit\u00e9s les comportements ill\u00e9gaux.<\/p>\n\n\n\n<h2 class=\"wp-block-heading\"><strong>Limite de responsabilit\u00e9<\/strong><\/h2>\n\n\n\n<p>L\u2019utilisateur des m\u00e9dias sociaux de la CCI de Corse est seul responsable du contenu utilisateur (textes, images, opinions, fichiers etc\u2026) qu\u2019il met en ligne.&nbsp;<\/p>\n\n\n\n<p>En cons\u00e9quence, l\u2019utilisation des informations et des contenus disponibles sur les m\u00e9dias sociaux, ne sauraient en aucun cas engager la responsabilit\u00e9 de la CCI de Corse. Il appartient \u00e0 l\u2019utilisateur de prendre toutes les dispositions n\u00e9cessaires permettant de prot\u00e9ger ses propres donn\u00e9es pour acc\u00e9der aux m\u00e9dias sociaux de la CCI de Corse&nbsp;<\/p>\n\n\n\n<p>La CCI de Corse se r\u00e9serve le droit de modifier les termes, conditions et mentions de la pr\u00e9sente charte \u00e0 tout moment sans avis pr\u00e9alable. Il est donc conseill\u00e9 aux utilisateurs de consulter r\u00e9guli\u00e8rement la derni\u00e8re version de cette charte disponible sur la page.<\/p>\n\n\n\n<h2 class=\"wp-block-heading\"><strong>Contact&nbsp;<\/strong><\/h2>\n\n\n\n<p>Vous pouvez poser vos questions en nous contactant par e-mail :&nbsp;contact@cci.corsica <\/p>\n\n\n\n<p><\/p>","protected":false},"excerpt":{"rendered":"<p>\u00c0 propos de la CCI de Corse La Chambre de Commerce et d\u2019Industrie de Corse (ci-apr\u00e8s la CCI de Corse) \u00a0est une CCI de r\u00e9gion cr\u00e9\u00e9e en 2010 par la loi n\u00b02010-853 du 23 juillet 2010 et le d\u00e9cret du 8 octobre 2010. Depuis l&rsquo;Union Consulaire au 1er janvier 2020 proc\u00e9dant du d\u00e9cret du 22 [&hellip;]<\/p>\n","protected":false},"author":4,"featured_media":0,"parent":0,"menu_order":0,"comment_status":"closed","ping_status":"closed","template":"","meta":{"_acf_changed":false,"_seopress_robots_primary_cat":"","_seopress_titles_title":"","_seopress_titles_desc":"","_seopress_robots_index":"","footnotes":""},"categorie-page":[],"type-de-page":[8],"class_list":["post-6007","page","type-page","status-publish","hentry","type-de-page-page-sans-image"],"acf":[],"_links":{"self":[{"href":"https:\/\/www.cci.corsica\/co\/wp-json\/wp\/v2\/pages\/6007","targetHints":{"allow":["GET"]}}],"collection":[{"href":"https:\/\/www.cci.corsica\/co\/wp-json\/wp\/v2\/pages"}],"about":[{"href":"https:\/\/www.cci.corsica\/co\/wp-json\/wp\/v2\/types\/page"}],"author":[{"embeddable":true,"href":"https:\/\/www.cci.corsica\/co\/wp-json\/wp\/v2\/users\/4"}],"replies":[{"embeddable":true,"href":"https:\/\/www.cci.corsica\/co\/wp-json\/wp\/v2\/comments?post=6007"}],"version-history":[{"count":5,"href":"https:\/\/www.cci.corsica\/co\/wp-json\/wp\/v2\/pages\/6007\/revisions"}],"predecessor-version":[{"id":6024,"href":"https:\/\/www.cci.corsica\/co\/wp-json\/wp\/v2\/pages\/6007\/revisions\/6024"}],"wp:attachment":[{"href":"https:\/\/www.cci.corsica\/co\/wp-json\/wp\/v2\/media?parent=6007"}],"wp:term":[{"taxonomy":"categorie-page","embeddable":true,"href":"https:\/\/www.cci.corsica\/co\/wp-json\/wp\/v2\/categorie-page?post=6007"},{"taxonomy":"type-de-page","embeddable":true,"href":"https:\/\/www.cci.corsica\/co\/wp-json\/wp\/v2\/type-de-page?post=6007"}],"curies":[{"name":"wp","href":"https:\/\/api.w.org\/{rel}","templated":true}]}}