{"id":6156,"date":"2024-10-08T15:48:02","date_gmt":"2024-10-08T13:48:02","guid":{"rendered":"https:\/\/www.cci.corsica\/?page_id=6156"},"modified":"2024-10-08T16:22:12","modified_gmt":"2024-10-08T14:22:12","slug":"cyberattaque-entreprises","status":"publish","type":"page","link":"https:\/\/www.cci.corsica\/co\/cyberattaque-entreprises\/","title":{"rendered":"Cyberattaque des entreprises"},"content":{"rendered":"<div data-elementor-type=\"wp-page\" data-elementor-id=\"6156\" class=\"elementor elementor-6156\" data-elementor-post-type=\"page\">\n\t\t\t\t<div class=\"elementor-element elementor-element-fb8d943 e-flex e-con-boxed e-con e-parent\" data-id=\"fb8d943\" data-element_type=\"container\">\n\t\t\t\t\t<div class=\"e-con-inner\">\n\t\t\t\t<div class=\"elementor-element elementor-element-8350640 elementor-widget elementor-widget-text-editor\" data-id=\"8350640\" data-element_type=\"widget\" data-widget_type=\"text-editor.default\">\n\t\t\t\t<div class=\"elementor-widget-container\">\n\t\t\t\t\t\t\t\t\t<p>Les cyberattaques peuvent paralyser les activit\u00e9s d\u2019une entreprise, d\u2019une association ou d\u2019une administration. Il est crucial de r\u00e9agir rapidement et efficacement pour limiter les d\u00e9g\u00e2ts. Cette page vous guide \u00e0 travers les \u00e9tapes essentielles \u00e0 suivre en cas d\u2019attaque, de l\u2019alerte initiale \u00e0 la sortie de crise, en passant par la gestion de la communication et la pr\u00e9servation des preuves.<\/p>\t\t\t\t\t\t\t\t<\/div>\n\t\t\t\t<\/div>\n\t\t\t\t\t<\/div>\n\t\t\t\t<\/div>\n\t\t<div class=\"elementor-element elementor-element-42c905b e-flex e-con-boxed e-con e-parent\" data-id=\"42c905b\" data-element_type=\"container\">\n\t\t\t\t\t<div class=\"e-con-inner\">\n\t\t\t\t<div class=\"elementor-element elementor-element-822edf6 elementor-widget elementor-widget-heading\" data-id=\"822edf6\" data-element_type=\"widget\" data-widget_type=\"heading.default\">\n\t\t\t\t<div class=\"elementor-widget-container\">\n\t\t\t\t\t<h2 class=\"elementor-heading-title elementor-size-default\">Que faire en cas de cyberattaque ?\n<\/h2>\t\t\t\t<\/div>\n\t\t\t\t<\/div>\n\t\t\t\t<div class=\"elementor-element elementor-element-a439f9d elementor-widget elementor-widget-n-accordion\" data-id=\"a439f9d\" data-element_type=\"widget\" data-settings=\"{&quot;default_state&quot;:&quot;all_collapsed&quot;,&quot;max_items_expended&quot;:&quot;one&quot;,&quot;n_accordion_animation_duration&quot;:{&quot;unit&quot;:&quot;ms&quot;,&quot;size&quot;:400,&quot;sizes&quot;:[]}}\" data-widget_type=\"nested-accordion.default\">\n\t\t\t\t<div class=\"elementor-widget-container\">\n\t\t\t\t\t\t\t<div class=\"e-n-accordion\" aria-label=\"Accordion. Open links with Enter or Space, close with Escape, and navigate with Arrow Keys\">\n\t\t\t\t\t\t<details id=\"e-n-accordion-item-1720\" class=\"e-n-accordion-item\" >\n\t\t\t\t<summary class=\"e-n-accordion-item-title\" data-accordion-index=\"1\" tabindex=\"0\" aria-expanded=\"false\" aria-controls=\"e-n-accordion-item-1720\" >\n\t\t\t\t\t<span class='e-n-accordion-item-title-header'><h2 class=\"e-n-accordion-item-title-text\"> 1 - Premiers r\u00e9flexes <\/h2><\/span>\n\t\t\t\t\t\t\t<span class='e-n-accordion-item-title-icon'>\n\t\t\t<span class='e-opened' ><svg aria-hidden=\"true\" class=\"e-font-icon-svg e-fas-minus\" viewbox=\"0 0 448 512\" xmlns=\"http:\/\/www.w3.org\/2000\/svg\"><path d=\"M416 208H32c-17.67 0-32 14.33-32 32v32c0 17.67 14.33 32 32 32h384c17.67 0 32-14.33 32-32v-32c0-17.67-14.33-32-32-32z\"><\/path><\/svg><\/span>\n\t\t\t<span class='e-closed'><svg aria-hidden=\"true\" class=\"e-font-icon-svg e-fas-plus\" viewbox=\"0 0 448 512\" xmlns=\"http:\/\/www.w3.org\/2000\/svg\"><path d=\"M416 208H272V64c0-17.67-14.33-32-32-32h-32c-17.67 0-32 14.33-32 32v144H32c-17.67 0-32 14.33-32 32v32c0 17.67 14.33 32 32 32h144v144c0 17.67 14.33 32 32 32h32c17.67 0 32-14.33 32-32V304h144c17.67 0 32-14.33 32-32v-32c0-17.67-14.33-32-32-32z\"><\/path><\/svg><\/span>\n\t\t<\/span>\n\n\t\t\t\t\t\t<\/summary>\n\t\t\t\t<div role=\"region\" aria-labelledby=\"e-n-accordion-item-1720\" class=\"elementor-element elementor-element-7ccc3fc e-con-full e-flex e-con e-child\" data-id=\"7ccc3fc\" data-element_type=\"container\">\n\t\t<div role=\"region\" aria-labelledby=\"e-n-accordion-item-1720\" class=\"elementor-element elementor-element-3fb0f13 e-flex e-con-boxed e-con e-child\" data-id=\"3fb0f13\" data-element_type=\"container\">\n\t\t\t\t\t<div class=\"e-con-inner\">\n\t\t\t\t<div class=\"elementor-element elementor-element-8f45070 elementor-widget elementor-widget-text-editor\" data-id=\"8f45070\" data-element_type=\"widget\" data-widget_type=\"text-editor.default\">\n\t\t\t\t<div class=\"elementor-widget-container\">\n\t\t\t\t\t\t\t\t\t<p><span class=\"tagCKeditor blue\"><strong>Alertez imm\u00e9diatement votre support informatique si vous\u00a0en disposez<\/strong><\/span>\u00a0afin qu\u2019il prenne en compte l\u2019incident (service\u00a0informatique, prestataire, personne en charge).<\/p><p><span class=\"tagCKeditor blue\"><strong>Isolez les syst\u00e8mes attaqu\u00e9s<\/strong><\/span>\u00a0afin d\u2019\u00e9viter que l\u2019attaque ne\u00a0puisse se propager \u00e0 d\u2019autres \u00e9quipements en coupant toutes\u00a0les connexions \u00e0 Internet et au r\u00e9seau local.<\/p><p><span class=\"tagCKeditor blue\"><strong>Constituez une \u00e9quipe de gestion de crise<\/strong><\/span>\u00a0afin de piloter les actions des diff\u00e9rentes composantes concern\u00e9es\u00a0(technique, RH, financi\u00e8re, communication, juridique\u2026).<\/p><p><span class=\"tagCKeditor blue\"><strong>Tenez un registre des \u00e9v\u00e8nements et actions r\u00e9alis\u00e9es<\/strong><\/span>\u00a0pour pouvoir en conserver la trace \u00e0\u00a0disposition des enqu\u00eateurs et tirer les enseignements de l\u2019incident a posteriori.<\/p><p><span class=\"tagCKeditor blue\"><strong>Pr\u00e9servez les preuves de l\u2019attaque :<\/strong><\/span>\u00a0messages re\u00e7us, machines touch\u00e9es, journaux de connexions\u2026<\/p>\t\t\t\t\t\t\t\t<\/div>\n\t\t\t\t<\/div>\n\t\t\t\t<div class=\"elementor-element elementor-element-cbb2f94 elementor-alert-danger elementor-widget elementor-widget-alert\" data-id=\"cbb2f94\" data-element_type=\"widget\" data-widget_type=\"alert.default\">\n\t\t\t\t<div class=\"elementor-widget-container\">\n\t\t\t\t\t\t\t<div class=\"elementor-alert\" role=\"alert\">\n\n\t\t\t\t\t\t<span class=\"elementor-alert-title\">Ne payez pas de ran\u00e7on !<\/span>\n\t\t\t\n\t\t\t\t\t\t<span class=\"elementor-alert-description\">Car vous encourageriez les cybercriminels \u00e0 chercher \u00e0 vous attaquer \u00e0 nouveau et financeriez leur activit\u00e9 criminelle tout en n\u2019ayant aucune garantie qu\u2019ils tiendront leur parole.<\/span>\n\t\t\t\n\t\t\t\n\t\t<\/div>\n\t\t\t\t\t\t<\/div>\n\t\t\t\t<\/div>\n\t\t\t\t\t<\/div>\n\t\t\t\t<\/div>\n\t\t\t\t<\/div>\n\t\t\t\t\t<\/details>\n\t\t\t\t\t<\/div>\n\t\t\t\t\t\t<\/div>\n\t\t\t\t<\/div>\n\t\t\t\t<div class=\"elementor-element elementor-element-0bbcacd elementor-widget elementor-widget-n-accordion\" data-id=\"0bbcacd\" data-element_type=\"widget\" data-settings=\"{&quot;default_state&quot;:&quot;all_collapsed&quot;,&quot;max_items_expended&quot;:&quot;one&quot;,&quot;n_accordion_animation_duration&quot;:{&quot;unit&quot;:&quot;ms&quot;,&quot;size&quot;:400,&quot;sizes&quot;:[]}}\" data-widget_type=\"nested-accordion.default\">\n\t\t\t\t<div class=\"elementor-widget-container\">\n\t\t\t\t\t\t\t<div class=\"e-n-accordion\" aria-label=\"Accordion. Open links with Enter or Space, close with Escape, and navigate with Arrow Keys\">\n\t\t\t\t\t\t<details id=\"e-n-accordion-item-1230\" class=\"e-n-accordion-item\" >\n\t\t\t\t<summary class=\"e-n-accordion-item-title\" data-accordion-index=\"1\" tabindex=\"0\" aria-expanded=\"false\" aria-controls=\"e-n-accordion-item-1230\" >\n\t\t\t\t\t<span class='e-n-accordion-item-title-header'><h2 class=\"e-n-accordion-item-title-text\"> 2 - Piloter la crise <\/h2><\/span>\n\t\t\t\t\t\t\t<span class='e-n-accordion-item-title-icon'>\n\t\t\t<span class='e-opened' ><svg aria-hidden=\"true\" class=\"e-font-icon-svg e-fas-minus\" viewbox=\"0 0 448 512\" xmlns=\"http:\/\/www.w3.org\/2000\/svg\"><path d=\"M416 208H32c-17.67 0-32 14.33-32 32v32c0 17.67 14.33 32 32 32h384c17.67 0 32-14.33 32-32v-32c0-17.67-14.33-32-32-32z\"><\/path><\/svg><\/span>\n\t\t\t<span class='e-closed'><svg aria-hidden=\"true\" class=\"e-font-icon-svg e-fas-plus\" viewbox=\"0 0 448 512\" xmlns=\"http:\/\/www.w3.org\/2000\/svg\"><path d=\"M416 208H272V64c0-17.67-14.33-32-32-32h-32c-17.67 0-32 14.33-32 32v144H32c-17.67 0-32 14.33-32 32v32c0 17.67 14.33 32 32 32h144v144c0 17.67 14.33 32 32 32h32c17.67 0 32-14.33 32-32V304h144c17.67 0 32-14.33 32-32v-32c0-17.67-14.33-32-32-32z\"><\/path><\/svg><\/span>\n\t\t<\/span>\n\n\t\t\t\t\t\t<\/summary>\n\t\t\t\t<div role=\"region\" aria-labelledby=\"e-n-accordion-item-1230\" class=\"elementor-element elementor-element-52efab4 e-con-full e-flex e-con e-child\" data-id=\"52efab4\" data-element_type=\"container\">\n\t\t<div role=\"region\" aria-labelledby=\"e-n-accordion-item-1230\" class=\"elementor-element elementor-element-2af082e e-flex e-con-boxed e-con e-child\" data-id=\"2af082e\" data-element_type=\"container\">\n\t\t\t\t\t<div class=\"e-con-inner\">\n\t\t\t\t<div class=\"elementor-element elementor-element-f75b7d1 elementor-widget elementor-widget-text-editor\" data-id=\"f75b7d1\" data-element_type=\"widget\" data-widget_type=\"text-editor.default\">\n\t\t\t\t<div class=\"elementor-widget-container\">\n\t\t\t\t\t\t\t\t\t<p><span class=\"tagCKeditor blue\"><strong>Mettez en place des solutions de secours<\/strong><\/span>\u00a0pour pouvoir continuer d\u2019assurer les services indispensables. Activez vos plans de continuit\u00e9 et de reprise d\u2019activit\u00e9 (PCA-PRA) si vous en disposez.<\/p><p><span class=\"tagCKeditor blue\"><strong>D\u00e9clarez le sinistre aupr\u00e8s de votre assureur<\/strong><\/span>\u00a0qui peut vous d\u00e9dommager voire vous apporter une assistance en fonction de votre niveau de couverture assurantielle.<\/p><p><span class=\"tagCKeditor blue\"><strong>Alertez votre banque<\/strong><\/span>\u00a0au cas o\u00f9 des informations permettant de r\u00e9aliser des transferts de fonds auraient pu \u00eatre d\u00e9rob\u00e9es.<\/p><p><span class=\"tagCKeditor blue\"><strong>D\u00e9posez plainte<\/strong><\/span>\u00a0avant toute action de rem\u00e9diation en fournissant toutes les preuves en votre possession.<\/p><p><span class=\"tagCKeditor blue\"><strong>Identifiez l\u2019origine de l\u2019attaque et son \u00e9tendue<\/strong><\/span>\u00a0afin de pouvoir corriger ce qui doit l\u2019\u00eatre et \u00e9viter un nouvel incident.<\/p><p><span class=\"tagCKeditor blue\"><strong>Notifiez l\u2019incident \u00e0 la CNIL<\/strong><\/span>\u00a0dans les 72h si des donn\u00e9es personnelles ont pu \u00eatre consult\u00e9es, modifi\u00e9es ou d\u00e9truites par les cybercriminels.<\/p><p><span class=\"tagCKeditor blue\"><strong>G\u00e9rez votre communication<\/strong><\/span>\u00a0afin d\u2019informer avec le juste niveau de transparence vos administr\u00e9s, clients, collaborateurs, partenaires, fournisseurs, m\u00e9dias\u2026<\/p>\t\t\t\t\t\t\t\t<\/div>\n\t\t\t\t<\/div>\n\t\t\t\t<div class=\"elementor-element elementor-element-06aebbb elementor-alert-danger elementor-widget elementor-widget-alert\" data-id=\"06aebbb\" data-element_type=\"widget\" data-widget_type=\"alert.default\">\n\t\t\t\t<div class=\"elementor-widget-container\">\n\t\t\t\t\t\t\t<div class=\"elementor-alert\" role=\"alert\">\n\n\t\t\t\t\t\t<span class=\"elementor-alert-title\">Faites-vous accompagner<\/span>\n\t\t\t\n\t\t\t\t\t\t<span class=\"elementor-alert-description\">Par des prestataires sp\u00e9cialis\u00e9s en cybers\u00e9curit\u00e9 que vous pourrez trouver sur www.cybermalveillance.gouv.fr.<\/span>\n\t\t\t\n\t\t\t\n\t\t<\/div>\n\t\t\t\t\t\t<\/div>\n\t\t\t\t<\/div>\n\t\t\t\t<div class=\"elementor-element elementor-element-bf17fab elementor-widget elementor-widget-button\" data-id=\"bf17fab\" data-element_type=\"widget\" data-widget_type=\"button.default\">\n\t\t\t\t<div class=\"elementor-widget-container\">\n\t\t\t\t\t\t\t\t\t<div class=\"elementor-button-wrapper\">\n\t\t\t\t\t<a class=\"elementor-button elementor-button-link elementor-size-sm\" href=\"http:\/\/www.cybermalveillance.gouv.fr.\">\n\t\t\t\t\t\t<span class=\"elementor-button-content-wrapper\">\n\t\t\t\t\t\t\t\t\t<span class=\"elementor-button-text\">www.cybermalveillance.gouv.fr.<\/span>\n\t\t\t\t\t<\/span>\n\t\t\t\t\t<\/a>\n\t\t\t\t<\/div>\n\t\t\t\t\t\t\t\t<\/div>\n\t\t\t\t<\/div>\n\t\t\t\t\t<\/div>\n\t\t\t\t<\/div>\n\t\t\t\t<\/div>\n\t\t\t\t\t<\/details>\n\t\t\t\t\t<\/div>\n\t\t\t\t\t\t<\/div>\n\t\t\t\t<\/div>\n\t\t\t\t<div class=\"elementor-element elementor-element-d6784b2 elementor-widget elementor-widget-n-accordion\" data-id=\"d6784b2\" data-element_type=\"widget\" data-settings=\"{&quot;default_state&quot;:&quot;all_collapsed&quot;,&quot;max_items_expended&quot;:&quot;one&quot;,&quot;n_accordion_animation_duration&quot;:{&quot;unit&quot;:&quot;ms&quot;,&quot;size&quot;:400,&quot;sizes&quot;:[]}}\" data-widget_type=\"nested-accordion.default\">\n\t\t\t\t<div class=\"elementor-widget-container\">\n\t\t\t\t\t\t\t<div class=\"e-n-accordion\" aria-label=\"Accordion. Open links with Enter or Space, close with Escape, and navigate with Arrow Keys\">\n\t\t\t\t\t\t<details id=\"e-n-accordion-item-2240\" class=\"e-n-accordion-item\" >\n\t\t\t\t<summary class=\"e-n-accordion-item-title\" data-accordion-index=\"1\" tabindex=\"0\" aria-expanded=\"false\" aria-controls=\"e-n-accordion-item-2240\" >\n\t\t\t\t\t<span class='e-n-accordion-item-title-header'><h2 class=\"e-n-accordion-item-title-text\"> 3 - Sortir de la crise <\/h2><\/span>\n\t\t\t\t\t\t\t<span class='e-n-accordion-item-title-icon'>\n\t\t\t<span class='e-opened' ><svg aria-hidden=\"true\" class=\"e-font-icon-svg e-fas-minus\" viewbox=\"0 0 448 512\" xmlns=\"http:\/\/www.w3.org\/2000\/svg\"><path d=\"M416 208H32c-17.67 0-32 14.33-32 32v32c0 17.67 14.33 32 32 32h384c17.67 0 32-14.33 32-32v-32c0-17.67-14.33-32-32-32z\"><\/path><\/svg><\/span>\n\t\t\t<span class='e-closed'><svg aria-hidden=\"true\" class=\"e-font-icon-svg e-fas-plus\" viewbox=\"0 0 448 512\" xmlns=\"http:\/\/www.w3.org\/2000\/svg\"><path d=\"M416 208H272V64c0-17.67-14.33-32-32-32h-32c-17.67 0-32 14.33-32 32v144H32c-17.67 0-32 14.33-32 32v32c0 17.67 14.33 32 32 32h144v144c0 17.67 14.33 32 32 32h32c17.67 0 32-14.33 32-32V304h144c17.67 0 32-14.33 32-32v-32c0-17.67-14.33-32-32-32z\"><\/path><\/svg><\/span>\n\t\t<\/span>\n\n\t\t\t\t\t\t<\/summary>\n\t\t\t\t<div role=\"region\" aria-labelledby=\"e-n-accordion-item-2240\" class=\"elementor-element elementor-element-db4a26c e-con-full e-flex e-con e-child\" data-id=\"db4a26c\" data-element_type=\"container\">\n\t\t<div role=\"region\" aria-labelledby=\"e-n-accordion-item-2240\" class=\"elementor-element elementor-element-555bf4b e-flex e-con-boxed e-con e-child\" data-id=\"555bf4b\" data-element_type=\"container\">\n\t\t\t\t\t<div class=\"e-con-inner\">\n\t\t\t\t<div class=\"elementor-element elementor-element-e5f8f2d elementor-widget elementor-widget-text-editor\" data-id=\"e5f8f2d\" data-element_type=\"widget\" data-widget_type=\"text-editor.default\">\n\t\t\t\t<div class=\"elementor-widget-container\">\n\t\t\t\t\t\t\t\t\t<p><span class=\"tagCKeditor blue\"><strong>Faites une remise en service progressive et contr\u00f4l\u00e9e<\/strong><\/span>\u00a0apr\u00e8s\u00a0vous \u00eatre assur\u00e9 que le syst\u00e8me attaqu\u00e9 a \u00e9t\u00e9 corrig\u00e9 de\u00a0ses vuln\u00e9rabilit\u00e9s et en en surveillant son fonctionnement\u00a0pour pouvoir d\u00e9tecter toute nouvelle attaque.<\/p><p><span class=\"tagCKeditor blue\"><strong>Tirez les enseignements de l\u2019attaque<\/strong><\/span>\u00a0et d\u00e9finissez\u00a0les plans d\u2019action et d\u2019investissements techniques,\u00a0organisationnels, contractuels, financiers, humains \u00e0\u00a0r\u00e9aliser pour pouvoir \u00e9viter ou a minima pouvoir mieux\u00a0g\u00e9rer la prochaine crise.<\/p>\t\t\t\t\t\t\t\t<\/div>\n\t\t\t\t<\/div>\n\t\t\t\t<div class=\"elementor-element elementor-element-45027be elementor-alert-danger elementor-widget elementor-widget-alert\" data-id=\"45027be\" data-element_type=\"widget\" data-widget_type=\"alert.default\">\n\t\t\t\t<div class=\"elementor-widget-container\">\n\t\t\t\t\t\t\t<div class=\"elementor-alert\" role=\"alert\">\n\n\t\t\t\t\t\t<span class=\"elementor-alert-title\">Prenez en compte les risques psychologiques<\/span>\n\t\t\t\n\t\t\t\t\t\t<span class=\"elementor-alert-description\">Une cyberattaque peut engendrer une surcharge exceptionnelle d\u2019activit\u00e9 et un sentiment de sid\u00e9ration, d\u2019humiliation, d\u2019incomp\u00e9tence voire de culpabilit\u00e9 susceptible d\u2019entacher l\u2019efficacit\u00e9 de vos \u00e9quipes durant la crise et m\u00eame au-del\u00e0.<\/span>\n\t\t\t\n\t\t\t\n\t\t<\/div>\n\t\t\t\t\t\t<\/div>\n\t\t\t\t<\/div>\n\t\t\t\t\t<\/div>\n\t\t\t\t<\/div>\n\t\t\t\t<\/div>\n\t\t\t\t\t<\/details>\n\t\t\t\t\t<\/div>\n\t\t\t\t\t\t<\/div>\n\t\t\t\t<\/div>\n\t\t\t\t<div class=\"elementor-element elementor-element-be997fd elementor-widget elementor-widget-spacer\" data-id=\"be997fd\" data-element_type=\"widget\" data-widget_type=\"spacer.default\">\n\t\t\t\t<div class=\"elementor-widget-container\">\n\t\t\t\t\t\t\t<div class=\"elementor-spacer\">\n\t\t\t<div class=\"elementor-spacer-inner\"><\/div>\n\t\t<\/div>\n\t\t\t\t\t\t<\/div>\n\t\t\t\t<\/div>\n\t\t\t\t<div class=\"elementor-element elementor-element-c3f6a21 elementor-widget elementor-widget-heading\" data-id=\"c3f6a21\" data-element_type=\"widget\" data-widget_type=\"heading.default\">\n\t\t\t\t<div class=\"elementor-widget-container\">\n\t\t\t\t\t<h2 class=\"elementor-heading-title elementor-size-default\">Contacts utiles<\/h2>\t\t\t\t<\/div>\n\t\t\t\t<\/div>\n\t\t\t\t\t<\/div>\n\t\t\t\t<\/div>\n\t\t<div class=\"elementor-element elementor-element-103e430 e-flex e-con-boxed e-con e-parent\" data-id=\"103e430\" data-element_type=\"container\">\n\t\t\t\t\t<div class=\"e-con-inner\">\n\t\t<div class=\"elementor-element elementor-element-5ffb428 e-con-full e-flex e-con e-child\" data-id=\"5ffb428\" data-element_type=\"container\" data-settings=\"{&quot;background_background&quot;:&quot;classic&quot;}\">\n\t\t\t\t<div class=\"elementor-element elementor-element-6fb1f36 elementor-widget elementor-widget-heading\" data-id=\"6fb1f36\" data-element_type=\"widget\" data-widget_type=\"heading.default\">\n\t\t\t\t<div class=\"elementor-widget-container\">\n\t\t\t\t\t<h3 class=\"elementor-heading-title elementor-size-default\">Conseils et assistance<\/h3>\t\t\t\t<\/div>\n\t\t\t\t<\/div>\n\t\t\t\t<div class=\"elementor-element elementor-element-041311c elementor-widget elementor-widget-text-editor\" data-id=\"041311c\" data-element_type=\"widget\" data-widget_type=\"text-editor.default\">\n\t\t\t\t<div class=\"elementor-widget-container\">\n\t\t\t\t\t\t\t\t\t<p>Dispositif national de pr\u00e9vention et d&rsquo;assistance aux victimes de cybermailveillance.<\/p>\t\t\t\t\t\t\t\t<\/div>\n\t\t\t\t<\/div>\n\t\t\t\t<div class=\"elementor-element elementor-element-ffae463 elementor-widget elementor-widget-button\" data-id=\"ffae463\" data-element_type=\"widget\" data-widget_type=\"button.default\">\n\t\t\t\t<div class=\"elementor-widget-container\">\n\t\t\t\t\t\t\t\t\t<div class=\"elementor-button-wrapper\">\n\t\t\t\t\t<a class=\"elementor-button elementor-button-link elementor-size-sm\" href=\"https:\/\/www.cybermalveillance.gouv.fr\/\" target=\"_blank\">\n\t\t\t\t\t\t<span class=\"elementor-button-content-wrapper\">\n\t\t\t\t\t\t\t\t\t<span class=\"elementor-button-text\">Cliquez ici<\/span>\n\t\t\t\t\t<\/span>\n\t\t\t\t\t<\/a>\n\t\t\t\t<\/div>\n\t\t\t\t\t\t\t\t<\/div>\n\t\t\t\t<\/div>\n\t\t\t\t<\/div>\n\t\t<div class=\"elementor-element elementor-element-acdf17d e-con-full e-flex e-con e-child\" data-id=\"acdf17d\" data-element_type=\"container\" data-settings=\"{&quot;background_background&quot;:&quot;classic&quot;}\">\n\t\t\t\t<div class=\"elementor-element elementor-element-1ca72c9 elementor-widget elementor-widget-heading\" data-id=\"1ca72c9\" data-element_type=\"widget\" data-widget_type=\"heading.default\">\n\t\t\t\t<div class=\"elementor-widget-container\">\n\t\t\t\t\t<h3 class=\"elementor-heading-title elementor-size-default\">Notification de violation de donn\u00e9es personnelles<\/h3>\t\t\t\t<\/div>\n\t\t\t\t<\/div>\n\t\t\t\t<div class=\"elementor-element elementor-element-04f337c elementor-widget elementor-widget-text-editor\" data-id=\"04f337c\" data-element_type=\"widget\" data-widget_type=\"text-editor.default\">\n\t\t\t\t<div class=\"elementor-widget-container\">\n\t\t\t\t\t\t\t\t\t<p>Commission nationale informatique et libert\u00e9. (CNIL)<\/p>\t\t\t\t\t\t\t\t<\/div>\n\t\t\t\t<\/div>\n\t\t\t\t<div class=\"elementor-element elementor-element-b09f0f7 elementor-widget elementor-widget-button\" data-id=\"b09f0f7\" data-element_type=\"widget\" data-widget_type=\"button.default\">\n\t\t\t\t<div class=\"elementor-widget-container\">\n\t\t\t\t\t\t\t\t\t<div class=\"elementor-button-wrapper\">\n\t\t\t\t\t<a class=\"elementor-button elementor-button-link elementor-size-sm\" href=\"http:\/\/cnil.fr\" target=\"_blank\">\n\t\t\t\t\t\t<span class=\"elementor-button-content-wrapper\">\n\t\t\t\t\t\t\t\t\t<span class=\"elementor-button-text\">Cliquez ici<\/span>\n\t\t\t\t\t<\/span>\n\t\t\t\t\t<\/a>\n\t\t\t\t<\/div>\n\t\t\t\t\t\t\t\t<\/div>\n\t\t\t\t<\/div>\n\t\t\t\t<\/div>\n\t\t<div class=\"elementor-element elementor-element-c55bf07 e-con-full e-flex e-con e-child\" data-id=\"c55bf07\" data-element_type=\"container\" data-settings=\"{&quot;background_background&quot;:&quot;classic&quot;}\">\n\t\t\t\t<div class=\"elementor-element elementor-element-613f875 elementor-widget elementor-widget-heading\" data-id=\"613f875\" data-element_type=\"widget\" data-widget_type=\"heading.default\">\n\t\t\t\t<div class=\"elementor-widget-container\">\n\t\t\t\t\t<h3 class=\"elementor-heading-title elementor-size-default\">Police, gendarmerie<\/h3>\t\t\t\t<\/div>\n\t\t\t\t<\/div>\n\t\t\t\t<div class=\"elementor-element elementor-element-4e47288 elementor-widget elementor-widget-text-editor\" data-id=\"4e47288\" data-element_type=\"widget\" data-widget_type=\"text-editor.default\">\n\t\t\t\t<div class=\"elementor-widget-container\">\n\t\t\t\t\t\t\t\t\t<p>D\u00e9posez plainte aupr\u00e8s de votre commissariat de police ou de votre brigade de gendarmerie.<\/p>\t\t\t\t\t\t\t\t<\/div>\n\t\t\t\t<\/div>\n\t\t\t\t<div class=\"elementor-element elementor-element-2776fe9 elementor-widget elementor-widget-heading\" data-id=\"2776fe9\" data-element_type=\"widget\" data-widget_type=\"heading.default\">\n\t\t\t\t<div class=\"elementor-widget-container\">\n\t\t\t\t\t<h6 class=\"elementor-heading-title elementor-size-default\">Appeler le 17<\/h6>\t\t\t\t<\/div>\n\t\t\t\t<\/div>\n\t\t\t\t<\/div>\n\t\t\t\t\t<\/div>\n\t\t\t\t<\/div>\n\t\t\t\t<\/div>","protected":false},"excerpt":{"rendered":"<p>Les cyberattaques peuvent paralyser les activit\u00e9s d\u2019une entreprise, d\u2019une association ou d\u2019une administration. Il est crucial de r\u00e9agir rapidement et efficacement pour limiter les d\u00e9g\u00e2ts. Cette page vous guide \u00e0 travers les \u00e9tapes essentielles \u00e0 suivre en cas d\u2019attaque, de l\u2019alerte initiale \u00e0 la sortie de crise, en passant par la gestion de la communication [&hellip;]<\/p>\n","protected":false},"author":4,"featured_media":0,"parent":0,"menu_order":0,"comment_status":"closed","ping_status":"closed","template":"","meta":{"_acf_changed":false,"_seopress_robots_primary_cat":"","_seopress_titles_title":"","_seopress_titles_desc":"","_seopress_robots_index":"","footnotes":""},"categorie-page":[],"type-de-page":[52],"class_list":["post-6156","page","type-page","status-publish","hentry","type-de-page-numerique"],"acf":[],"_links":{"self":[{"href":"https:\/\/www.cci.corsica\/co\/wp-json\/wp\/v2\/pages\/6156","targetHints":{"allow":["GET"]}}],"collection":[{"href":"https:\/\/www.cci.corsica\/co\/wp-json\/wp\/v2\/pages"}],"about":[{"href":"https:\/\/www.cci.corsica\/co\/wp-json\/wp\/v2\/types\/page"}],"author":[{"embeddable":true,"href":"https:\/\/www.cci.corsica\/co\/wp-json\/wp\/v2\/users\/4"}],"replies":[{"embeddable":true,"href":"https:\/\/www.cci.corsica\/co\/wp-json\/wp\/v2\/comments?post=6156"}],"version-history":[{"count":10,"href":"https:\/\/www.cci.corsica\/co\/wp-json\/wp\/v2\/pages\/6156\/revisions"}],"predecessor-version":[{"id":6170,"href":"https:\/\/www.cci.corsica\/co\/wp-json\/wp\/v2\/pages\/6156\/revisions\/6170"}],"wp:attachment":[{"href":"https:\/\/www.cci.corsica\/co\/wp-json\/wp\/v2\/media?parent=6156"}],"wp:term":[{"taxonomy":"categorie-page","embeddable":true,"href":"https:\/\/www.cci.corsica\/co\/wp-json\/wp\/v2\/categorie-page?post=6156"},{"taxonomy":"type-de-page","embeddable":true,"href":"https:\/\/www.cci.corsica\/co\/wp-json\/wp\/v2\/type-de-page?post=6156"}],"curies":[{"name":"wp","href":"https:\/\/api.w.org\/{rel}","templated":true}]}}