{"id":6867,"date":"2024-12-20T12:18:20","date_gmt":"2024-12-20T11:18:20","guid":{"rendered":"https:\/\/www.cci.corsica\/?page_id=6867"},"modified":"2026-03-31T10:11:22","modified_gmt":"2026-03-31T08:11:22","slug":"eccelsi","status":"publish","type":"page","link":"https:\/\/www.cci.corsica\/co\/eccelsi\/","title":{"rendered":"ECCELSI"},"content":{"rendered":"<div data-elementor-type=\"wp-page\" data-elementor-id=\"6867\" class=\"elementor elementor-6867\" data-elementor-post-type=\"page\">\n\t\t\t\t<div class=\"elementor-element elementor-element-aba02d9 e-flex e-con-boxed e-con e-parent\" data-id=\"aba02d9\" data-element_type=\"container\">\n\t\t\t\t\t<div class=\"e-con-inner\">\n\t\t\t\t<div class=\"elementor-element elementor-element-4de142a elementor-widget elementor-widget-image\" data-id=\"4de142a\" data-element_type=\"widget\" data-widget_type=\"image.default\">\n\t\t\t\t<div class=\"elementor-widget-container\">\n\t\t\t\t\t\t\t\t\t\t\t\t\t\t\t<img fetchpriority=\"high\" decoding=\"async\" width=\"497\" height=\"120\" src=\"https:\/\/www.cci.corsica\/wp-content\/uploads\/2025\/03\/logo_eccelsi-e1742901711158.png\" class=\"attachment-large size-large wp-image-7588\" alt=\"\" srcset=\"https:\/\/www.cci.corsica\/wp-content\/uploads\/2025\/03\/logo_eccelsi-e1742901711158.png 497w, https:\/\/www.cci.corsica\/wp-content\/uploads\/2025\/03\/logo_eccelsi-e1742901711158-300x72.png 300w, https:\/\/www.cci.corsica\/wp-content\/uploads\/2025\/03\/logo_eccelsi-e1742901711158-18x4.png 18w\" sizes=\"(max-width: 497px) 100vw, 497px\" \/>\t\t\t\t\t\t\t\t\t\t\t\t\t\t\t<\/div>\n\t\t\t\t<\/div>\n\t\t\t\t\t<\/div>\n\t\t\t\t<\/div>\n\t\t<div class=\"elementor-element elementor-element-e87b5e9 e-flex e-con-boxed e-con e-parent\" data-id=\"e87b5e9\" data-element_type=\"container\">\n\t\t\t\t\t<div class=\"e-con-inner\">\n\t\t\t\t<div class=\"elementor-element elementor-element-3a88002 elementor-widget elementor-widget-text-editor\" data-id=\"3a88002\" data-element_type=\"widget\" data-widget_type=\"text-editor.default\">\n\t\t\t\t<div class=\"elementor-widget-container\">\n\t\t\t\t\t\t\t\t\t<p>Le projet ECCELSI s\u2019inscrit dans le contexte du Green Deal et du nouveau Plan d\u2019Action pour l\u2019Economie Circulaire qui mettent en \u00e9vidence l\u2019incompatibilit\u00e9 d\u2019un mod\u00e8le \u00e9conomique lin\u00e9aire avec l\u2019atteinte de la neutralit\u00e9 climatique.<span class=\"Apple-converted-space\">\u00a0<\/span><\/p><p>ECCELSI a pour objectif de conjuguer comp\u00e9titivit\u00e9 des PME et att\u00e9nuation du changement climatique en soutenant les entreprises industrielles dans la mise en place de sch\u00e9mas et de process d\u2019\u00e9conomie circulaire en remplacement des syst\u00e8mes lin\u00e9aires.<\/p><p>Accompagnement bas\u00e9 sur la mise en r\u00e9seau et de l\u2019\u00e9change d\u2019informations sur l\u2019utilisation de d\u00e9chets en mati\u00e8re premi\u00e8re secondaire.<\/p>\t\t\t\t\t\t\t\t<\/div>\n\t\t\t\t<\/div>\n\t\t\t\t<div class=\"elementor-element elementor-element-8a630dc elementor-widget elementor-widget-image\" data-id=\"8a630dc\" data-element_type=\"widget\" data-widget_type=\"image.default\">\n\t\t\t\t<div class=\"elementor-widget-container\">\n\t\t\t\t\t\t\t\t\t\t\t\t\t\t\t<img decoding=\"async\" width=\"600\" height=\"200\" src=\"https:\/\/www.cci.corsica\/wp-content\/uploads\/2025\/03\/eccelsi-600-x-200-px.png\" class=\"attachment-large size-large wp-image-7591\" alt=\"\" srcset=\"https:\/\/www.cci.corsica\/wp-content\/uploads\/2025\/03\/eccelsi-600-x-200-px.png 600w, https:\/\/www.cci.corsica\/wp-content\/uploads\/2025\/03\/eccelsi-600-x-200-px-300x100.png 300w, https:\/\/www.cci.corsica\/wp-content\/uploads\/2025\/03\/eccelsi-600-x-200-px-18x6.png 18w\" sizes=\"(max-width: 600px) 100vw, 600px\" \/>\t\t\t\t\t\t\t\t\t\t\t\t\t\t\t<\/div>\n\t\t\t\t<\/div>\n\t\t\t\t<div class=\"elementor-element elementor-element-9a4ef88 elementor-widget elementor-widget-text-editor\" data-id=\"9a4ef88\" data-element_type=\"widget\" data-widget_type=\"text-editor.default\">\n\t\t\t\t<div class=\"elementor-widget-container\">\n\t\t\t\t\t\t\t\t\t<p>Le projet ECCELSI &#8211; \u00c9conomie Circulaire Coop\u00e9rative en Exploitant le Levier de la Symbiose Industrielle, cofinanc\u00e9 par le Programme Interreg Italie-France Maritime 2021-2027, est dirig\u00e9 par la Fondazione per l\u2019Innovazione e lo Sviluppo Imprenditoriale de Pise, avec les partenaires suivants : Scuola Superiore di Studi Universitari e di Perfezionamento Sant&rsquo;Anna di Pisa, Confindustria Centro Nord Sardegna, Confindustria Genova, Chambre de Commerce de Corse, Chambre de Commerce de Nice et de la C\u00f4te d\u2019Azur, EA Eco-entreprises.<\/p><p>L\u2019objectif du projet est de promouvoir le d\u00e9veloppement de fili\u00e8res innovantes et circulaires dans la r\u00e9gion transfrontali\u00e8re, en activant des processus de symbiose industrielle impliquant les principaux secteurs de l\u2019\u00e9conomie locale li\u00e9s \u00e0 la <i>Green &amp; Blue Economy<\/i>. Les activit\u00e9s des partenaires seront centr\u00e9es sur la mise en place d\u2019un syst\u00e8me facilitant la symbiose industrielle pour accompagner les entreprises int\u00e9ress\u00e9es par le lancement ou le renforcement de projets circulaires. Cela passera par le d\u00e9veloppement d\u2019une plateforme num\u00e9rique permettant la mise en relation de l\u2019offre et de la demande de d\u00e9chets et de sous-produits, l\u2019organisation d\u2019actions de formation et de renforcement des comp\u00e9tences destin\u00e9es aux entreprises et aux parties prenantes, ainsi que le financement de projets pilotes et d\u2019\u00e9tudes de faisabilit\u00e9.<\/p>\t\t\t\t\t\t\t\t<\/div>\n\t\t\t\t<\/div>\n\t\t\t\t<div class=\"elementor-element elementor-element-1beaeff elementor-widget elementor-widget-button\" data-id=\"1beaeff\" data-element_type=\"widget\" data-widget_type=\"button.default\">\n\t\t\t\t<div class=\"elementor-widget-container\">\n\t\t\t\t\t\t\t\t\t<div class=\"elementor-button-wrapper\">\n\t\t\t\t\t<a class=\"elementor-button elementor-button-link elementor-size-sm\" href=\"\">\n\t\t\t\t\t\t<span class=\"elementor-button-content-wrapper\">\n\t\t\t\t\t\t\t\t\t<span class=\"elementor-button-text\">Visitez le site du projet<\/span>\n\t\t\t\t\t<\/span>\n\t\t\t\t\t<\/a>\n\t\t\t\t<\/div>\n\t\t\t\t\t\t\t\t<\/div>\n\t\t\t\t<\/div>\n\t\t\t\t\t<\/div>\n\t\t\t\t<\/div>\n\t\t<div class=\"elementor-element elementor-element-5444fc0 e-flex e-con-boxed e-con e-parent\" data-id=\"5444fc0\" data-element_type=\"container\">\n\t\t\t\t\t<div class=\"e-con-inner\">\n\t\t\t\t<div class=\"elementor-element elementor-element-1657a38 elementor-widget-divider--view-line elementor-widget elementor-widget-divider\" data-id=\"1657a38\" data-element_type=\"widget\" data-widget_type=\"divider.default\">\n\t\t\t\t<div class=\"elementor-widget-container\">\n\t\t\t\t\t\t\t<div class=\"elementor-divider\">\n\t\t\t<span class=\"elementor-divider-separator\">\n\t\t\t\t\t\t<\/span>\n\t\t<\/div>\n\t\t\t\t\t\t<\/div>\n\t\t\t\t<\/div>\n\t\t\t\t\t<\/div>\n\t\t\t\t<\/div>\n\t\t<div class=\"elementor-element elementor-element-4f42b24 e-flex e-con-boxed e-con e-parent\" data-id=\"4f42b24\" data-element_type=\"container\">\n\t\t\t\t\t<div class=\"e-con-inner\">\n\t\t\t\t<div class=\"elementor-element elementor-element-e81aad8 elementor-widget elementor-widget-heading\" data-id=\"e81aad8\" data-element_type=\"widget\" data-widget_type=\"heading.default\">\n\t\t\t\t<div class=\"elementor-widget-container\">\n\t\t\t\t\t<h2 class=\"elementor-heading-title elementor-size-default\">Les actualit\u00e9s du projet<\/h2>\t\t\t\t<\/div>\n\t\t\t\t<\/div>\n\t\t\t\t<div class=\"elementor-element elementor-element-c5698cd elementor-widget elementor-widget-n-accordion\" data-id=\"c5698cd\" data-element_type=\"widget\" data-settings=\"{&quot;default_state&quot;:&quot;expanded&quot;,&quot;max_items_expended&quot;:&quot;one&quot;,&quot;n_accordion_animation_duration&quot;:{&quot;unit&quot;:&quot;ms&quot;,&quot;size&quot;:400,&quot;sizes&quot;:[]}}\" data-widget_type=\"nested-accordion.default\">\n\t\t\t\t<div class=\"elementor-widget-container\">\n\t\t\t\t\t\t\t<div class=\"e-n-accordion\" aria-label=\"Accordion. Open links with Enter or Space, close with Escape, and navigate with Arrow Keys\">\n\t\t\t\t\t\t<details id=\"e-n-accordion-item-2070\" class=\"e-n-accordion-item\" open>\n\t\t\t\t<summary class=\"e-n-accordion-item-title\" data-accordion-index=\"1\" tabindex=\"0\" aria-expanded=\"true\" aria-controls=\"e-n-accordion-item-2070\" >\n\t\t\t\t\t<span class='e-n-accordion-item-title-header'><div class=\"e-n-accordion-item-title-text\"> Lancement d'un parcours de formation pour les entreprises <\/div><\/span>\n\t\t\t\t\t\t\t<span class='e-n-accordion-item-title-icon'>\n\t\t\t<span class='e-opened' ><svg aria-hidden=\"true\" class=\"e-font-icon-svg e-fas-minus\" viewbox=\"0 0 448 512\" xmlns=\"http:\/\/www.w3.org\/2000\/svg\"><path d=\"M416 208H32c-17.67 0-32 14.33-32 32v32c0 17.67 14.33 32 32 32h384c17.67 0 32-14.33 32-32v-32c0-17.67-14.33-32-32-32z\"><\/path><\/svg><\/span>\n\t\t\t<span class='e-closed'><svg aria-hidden=\"true\" class=\"e-font-icon-svg e-fas-plus\" viewbox=\"0 0 448 512\" xmlns=\"http:\/\/www.w3.org\/2000\/svg\"><path d=\"M416 208H272V64c0-17.67-14.33-32-32-32h-32c-17.67 0-32 14.33-32 32v144H32c-17.67 0-32 14.33-32 32v32c0 17.67 14.33 32 32 32h144v144c0 17.67 14.33 32 32 32h32c17.67 0 32-14.33 32-32V304h144c17.67 0 32-14.33 32-32v-32c0-17.67-14.33-32-32-32z\"><\/path><\/svg><\/span>\n\t\t<\/span>\n\n\t\t\t\t\t\t<\/summary>\n\t\t\t\t<div role=\"region\" aria-labelledby=\"e-n-accordion-item-2070\" class=\"elementor-element elementor-element-19b5651 e-con-full e-flex e-con e-child\" data-id=\"19b5651\" data-element_type=\"container\">\n\t\t\t\t<div class=\"elementor-element elementor-element-9d0174f elementor-widget elementor-widget-text-editor\" data-id=\"9d0174f\" data-element_type=\"widget\" data-widget_type=\"text-editor.default\">\n\t\t\t\t<div class=\"elementor-widget-container\">\n\t\t\t\t\t\t\t\t\t<p>Construisez un avenir circulaire pour votre entreprise, transformez-la en un mod\u00e8le de durabilit\u00e9 et d&rsquo;innovation !<span class=\"Apple-converted-space\">\u00a0<\/span><\/p><p>Le cours de sensibilisation du projet Eccelsi, visant \u00e0 guider les entreprises vers la transition circulaire, sera anim\u00e9 par Rachel Lombardi et James Woodcock, experts internationaux en symbiose industrielle.<span class=\"Apple-converted-space\">\u00a0<\/span><\/p><p>Le programme est r\u00e9alis\u00e9 en collaboration avec International Synergies, une soci\u00e9t\u00e9 leader dans la promotion de la durabilit\u00e9 industrielle, une r\u00e9f\u00e9rence internationale en mati\u00e8re de symbiose industrielle. Elle aide les entreprises et les territoires \u00e0 identifier les synergies entre les ressources, les sous-produits et l&rsquo;\u00e9nergie, en mettant en place des r\u00e9seaux collaboratifs qui g\u00e9n\u00e8rent des avantages environnementaux mesurables et une valeur \u00e9conomique.<\/p><p>Le cours se compose de trois modules l&rsquo;apr\u00e8s-midi, programm\u00e9s aux dates suivantes :<\/p><p>\u2022<span class=\"Apple-converted-space\">\u00a0 \u00a0 <\/span>Jeudi 5 f\u00e9vrier 2026 | 14h00 \u2013 18h00<\/p><p>\u2022<span class=\"Apple-converted-space\">\u00a0 \u00a0 <\/span>Jeudi 12 mars 2026 | 14h00 \u2013 18h00<\/p><p>\u2022<span class=\"Apple-converted-space\">\u00a0 \u00a0 <\/span>Jeudi 16 avril 2026 | 14h00 \u2013 18h00<\/p><p>Le cours adoptera une approche interactive, con\u00e7ue pour impliquer activement les participants. Les sessions seront dynamiques et ax\u00e9es sur l&rsquo;offre de solutions concr\u00e8tes pour les entreprises, en fournissant des outils et des comp\u00e9tences pratiques pour tester, valider et appliquer des processus de symbiose industrielle dans leur propre entreprise, am\u00e9liorant ainsi leurs performances environnementales. Les principaux mod\u00e8les de mise en \u0153uvre, les opportunit\u00e9s commerciales et les avantages \u00e9conomiques seront approfondis, tout en fournissant des outils sur la communication, l&rsquo;engagement des entreprises, la construction de r\u00e9seaux symbiotiques et la collecte structur\u00e9e de donn\u00e9es.<\/p><p>Le parcours se d\u00e9roulera en ligne sur la plateforme Zoom, la participation est gratuite apr\u00e8s inscription via le <a href=\"https:\/\/forms.gle\/4u3wm9yRjBcQUWL47\"><b>lien suivant<\/b>.<\/a><\/p>\t\t\t\t\t\t\t\t<\/div>\n\t\t\t\t<\/div>\n\t\t\t\t<div class=\"elementor-element elementor-element-1853a7a elementor-align-justify elementor-widget elementor-widget-button\" data-id=\"1853a7a\" data-element_type=\"widget\" data-widget_type=\"button.default\">\n\t\t\t\t<div class=\"elementor-widget-container\">\n\t\t\t\t\t\t\t\t\t<div class=\"elementor-button-wrapper\">\n\t\t\t\t\t<a class=\"elementor-button elementor-button-link elementor-size-sm\" href=\"https:\/\/docs.google.com\/forms\/d\/e\/1FAIpQLSesXWpzWclYCsUh8GRs0b8ePpskbRjiB64eq4s42n-UiupjFg\/viewform\">\n\t\t\t\t\t\t<span class=\"elementor-button-content-wrapper\">\n\t\t\t\t\t\t\t\t\t<span class=\"elementor-button-text\">Inscriptions<\/span>\n\t\t\t\t\t<\/span>\n\t\t\t\t\t<\/a>\n\t\t\t\t<\/div>\n\t\t\t\t\t\t\t\t<\/div>\n\t\t\t\t<\/div>\n\t\t\t\t<div class=\"elementor-element elementor-element-23c8fee elementor-align-justify elementor-widget elementor-widget-button\" data-id=\"23c8fee\" data-element_type=\"widget\" data-widget_type=\"button.default\">\n\t\t\t\t<div class=\"elementor-widget-container\">\n\t\t\t\t\t\t\t\t\t<div class=\"elementor-button-wrapper\">\n\t\t\t\t\t<a class=\"elementor-button elementor-button-link elementor-size-sm\" href=\"https:\/\/www.cci.corsica\/wp-content\/uploads\/2026\/02\/programma-programme.pdf\">\n\t\t\t\t\t\t<span class=\"elementor-button-content-wrapper\">\n\t\t\t\t\t\t\t\t\t<span class=\"elementor-button-text\">T\u00e9l\u00e9charger le programme<\/span>\n\t\t\t\t\t<\/span>\n\t\t\t\t\t<\/a>\n\t\t\t\t<\/div>\n\t\t\t\t\t\t\t\t<\/div>\n\t\t\t\t<\/div>\n\t\t\t\t<div class=\"elementor-element elementor-element-d07aaf1 elementor-widget elementor-widget-image\" data-id=\"d07aaf1\" data-element_type=\"widget\" data-widget_type=\"image.default\">\n\t\t\t\t<div class=\"elementor-widget-container\">\n\t\t\t\t\t\t\t\t\t\t\t\t\t\t\t\t<a href=\"https:\/\/forms.gle\/DNLWLEX2dvqC2Y56A\" target=\"_blank\">\n\t\t\t\t\t\t\t<img decoding=\"async\" width=\"800\" height=\"450\" src=\"https:\/\/www.cci.corsica\/wp-content\/uploads\/2026\/02\/presentazione20ufficiale20it-fr_page-0002-1024x576.jpg\" class=\"attachment-large size-large wp-image-9369\" alt=\"\" srcset=\"https:\/\/www.cci.corsica\/wp-content\/uploads\/2026\/02\/presentazione20ufficiale20it-fr_page-0002-1024x576.jpg 1024w, https:\/\/www.cci.corsica\/wp-content\/uploads\/2026\/02\/presentazione20ufficiale20it-fr_page-0002-300x169.jpg 300w, https:\/\/www.cci.corsica\/wp-content\/uploads\/2026\/02\/presentazione20ufficiale20it-fr_page-0002-768x432.jpg 768w, https:\/\/www.cci.corsica\/wp-content\/uploads\/2026\/02\/presentazione20ufficiale20it-fr_page-0002-1536x864.jpg 1536w, https:\/\/www.cci.corsica\/wp-content\/uploads\/2026\/02\/presentazione20ufficiale20it-fr_page-0002-18x10.jpg 18w, https:\/\/www.cci.corsica\/wp-content\/uploads\/2026\/02\/presentazione20ufficiale20it-fr_page-0002.jpg 2000w\" sizes=\"(max-width: 800px) 100vw, 800px\" \/>\t\t\t\t\t\t\t\t<\/a>\n\t\t\t\t\t\t\t\t\t\t\t\t\t\t\t<\/div>\n\t\t\t\t<\/div>\n\t\t\t\t<\/div>\n\t\t\t\t\t<\/details>\n\t\t\t\t\t\t<details id=\"e-n-accordion-item-2071\" class=\"e-n-accordion-item\" >\n\t\t\t\t<summary class=\"e-n-accordion-item-title\" data-accordion-index=\"2\" tabindex=\"-1\" aria-expanded=\"false\" aria-controls=\"e-n-accordion-item-2071\" >\n\t\t\t\t\t<span class='e-n-accordion-item-title-header'><div class=\"e-n-accordion-item-title-text\"> Symbiose Industrielle : lancement de l\u2019appel \u00e0 projets ECCELSI pour l\u2019attribution de vouchers aux PME <\/div><\/span>\n\t\t\t\t\t\t\t<span class='e-n-accordion-item-title-icon'>\n\t\t\t<span class='e-opened' ><svg aria-hidden=\"true\" class=\"e-font-icon-svg e-fas-minus\" viewbox=\"0 0 448 512\" xmlns=\"http:\/\/www.w3.org\/2000\/svg\"><path d=\"M416 208H32c-17.67 0-32 14.33-32 32v32c0 17.67 14.33 32 32 32h384c17.67 0 32-14.33 32-32v-32c0-17.67-14.33-32-32-32z\"><\/path><\/svg><\/span>\n\t\t\t<span class='e-closed'><svg aria-hidden=\"true\" class=\"e-font-icon-svg e-fas-plus\" viewbox=\"0 0 448 512\" xmlns=\"http:\/\/www.w3.org\/2000\/svg\"><path d=\"M416 208H272V64c0-17.67-14.33-32-32-32h-32c-17.67 0-32 14.33-32 32v144H32c-17.67 0-32 14.33-32 32v32c0 17.67 14.33 32 32 32h144v144c0 17.67 14.33 32 32 32h32c17.67 0 32-14.33 32-32V304h144c17.67 0 32-14.33 32-32v-32c0-17.67-14.33-32-32-32z\"><\/path><\/svg><\/span>\n\t\t<\/span>\n\n\t\t\t\t\t\t<\/summary>\n\t\t\t\t<div role=\"region\" aria-labelledby=\"e-n-accordion-item-2071\" class=\"elementor-element elementor-element-bc16489 e-con-full e-flex e-con e-child\" data-id=\"bc16489\" data-element_type=\"container\">\n\t\t\t\t<div class=\"elementor-element elementor-element-4253e8f elementor-cta--skin-classic elementor-animated-content elementor-bg-transform elementor-bg-transform-zoom-in elementor-widget elementor-widget-call-to-action\" data-id=\"4253e8f\" data-element_type=\"widget\" data-widget_type=\"call-to-action.default\">\n\t\t\t\t<div class=\"elementor-widget-container\">\n\t\t\t\t\t\t\t<div class=\"elementor-cta\">\n\t\t\t\t\t\t\t<div class=\"elementor-cta__content\">\n\t\t\t\t\n\t\t\t\t\t\t\t\t\t<h2 class=\"elementor-cta__title elementor-cta__content-item elementor-content-item\">\n\t\t\t\t\t\tSymbiose Industrielle : lancement de l\u2019appel \u00e0 projets ECCELSI pour l\u2019attribution de vouchers aux PME\t\t\t\t\t<\/h2>\n\t\t\t\t\n\t\t\t\t\t\t\t\t\t<div class=\"elementor-cta__description elementor-cta__content-item elementor-content-item\">\n\t\t\t\t\t\tL'appel \u00e0 projets du projet ECCELSI est officiellement ouvert, visant \u00e0 s\u00e9lectionner au moins 48 micro, petites et moyennes entreprises (MPME) souhaitant r\u00e9aliser des projets pilotes de symbiose industrielle. L\u2019initiative, cofinanc\u00e9e par le programme Interreg Italie-France Maritime 2021-2027, mobilise des ressources totales de 240 000 \u20ac. Chaque entreprise s\u00e9lectionn\u00e9e pourra b\u00e9n\u00e9ficier d\u2019une aide sous forme di voucher non remboursable d\u2019un montant maximal di 5 000 \u20ac pour l\u2019acquisition de services de conseil et de soutien sp\u00e9cialis\u00e9s.<br><br>\n\n\nToutes le MPME ayant leur si\u00e8ge social ou op\u00e9rationnel dans les r\u00e9gions du Programme, incluant la Toscane littorale, la Sardaigne, la Ligurie, la Corse, les Alpes-Maritimes et le Var, peuvent soumettre leur candidature. Les projets admissibles doivent avoir pour objectif la mise en \u0153uvre d'initiatives de symbiose industrielle visant \u00e0 tester l\u2019utilisation de sous-produits, de d\u00e9chets de production ou de r\u00e9sidus d'une entreprise comme intrant pour une autre entreprise.<br><br>\n\nLe voucher couvre l\u2019achat de services de conseil sp\u00e9cialis\u00e9s dans le domaine environnemental, tels que des \u00e9tudes de faisabilit\u00e9 technique, des analyses en laboratoire, des essais chimico-physiques sur les mat\u00e9riaux, la classification r\u00e9glementaire des sous-produits et le conseil pour l\u2019optimisation de la logistique n\u00e9cessaire aux \u00e9changes.<br><br>\n\nLes candidatures doivent \u00eatre transmises au plus tard le 30 juin 2026 \u00e0 17h00. Les projets seront \u00e9valu\u00e9s par un comit\u00e9 d\u2019\u00e9valuation transfrontalier qu\u2019\u00e9tablira un classement de m\u00e9rite selon les crit\u00e8res d\u00e9finis dans l\u2019appel \u00e0 projets.<br><br>\t\t\t\t\t<\/div>\n\t\t\t\t\n\t\t\t\t\t\t\t\t\t<div class=\"elementor-cta__button-wrapper elementor-cta__content-item elementor-content-item\">\n\t\t\t\t\t<a class=\"elementor-cta__button elementor-button elementor-size-\" href=\"https:\/\/www.cci.corsica\/wp-content\/uploads\/2026\/03\/eccelsi_appel-a-projets.pdf\">\n\t\t\t\t\t\tT\u00e9l\u00e9charger l'appel \u00e0 projet\t\t\t\t\t<\/a>\n\t\t\t\t\t<\/div>\n\t\t\t\t\t\t\t<\/div>\n\t\t\t\t\t\t<\/div>\n\t\t\t\t\t\t<\/div>\n\t\t\t\t<\/div>\n\t\t\t\t<\/div>\n\t\t\t\t\t<\/details>\n\t\t\t\t\t<\/div>\n\t\t\t\t\t\t<\/div>\n\t\t\t\t<\/div>\n\t\t\t\t\t<\/div>\n\t\t\t\t<\/div>\n\t\t<div class=\"elementor-element elementor-element-6f7ee6d e-flex e-con-boxed e-con e-parent\" data-id=\"6f7ee6d\" data-element_type=\"container\">\n\t\t\t\t\t<div class=\"e-con-inner\">\n\t\t\t\t\t<\/div>\n\t\t\t\t<\/div>\n\t\t\t\t<\/div>","protected":false},"excerpt":{"rendered":"<p>Le projet ECCELSI s\u2019inscrit dans le contexte du Green Deal et du nouveau Plan d\u2019Action pour l\u2019Economie Circulaire qui mettent en \u00e9vidence l\u2019incompatibilit\u00e9 d\u2019un mod\u00e8le \u00e9conomique lin\u00e9aire avec l\u2019atteinte de la neutralit\u00e9 climatique.\u00a0 ECCELSI a pour objectif de conjuguer comp\u00e9titivit\u00e9 des PME et att\u00e9nuation du changement climatique en soutenant les entreprises industrielles dans la mise [&hellip;]<\/p>\n","protected":false},"author":4,"featured_media":0,"parent":0,"menu_order":0,"comment_status":"closed","ping_status":"closed","template":"","meta":{"_acf_changed":false,"_seopress_robots_primary_cat":"","_seopress_titles_title":"","_seopress_titles_desc":"","_seopress_robots_index":"","footnotes":""},"categorie-page":[],"type-de-page":[8],"class_list":["post-6867","page","type-page","status-publish","hentry","type-de-page-page-sans-image"],"acf":[],"_links":{"self":[{"href":"https:\/\/www.cci.corsica\/co\/wp-json\/wp\/v2\/pages\/6867","targetHints":{"allow":["GET"]}}],"collection":[{"href":"https:\/\/www.cci.corsica\/co\/wp-json\/wp\/v2\/pages"}],"about":[{"href":"https:\/\/www.cci.corsica\/co\/wp-json\/wp\/v2\/types\/page"}],"author":[{"embeddable":true,"href":"https:\/\/www.cci.corsica\/co\/wp-json\/wp\/v2\/users\/4"}],"replies":[{"embeddable":true,"href":"https:\/\/www.cci.corsica\/co\/wp-json\/wp\/v2\/comments?post=6867"}],"version-history":[{"count":22,"href":"https:\/\/www.cci.corsica\/co\/wp-json\/wp\/v2\/pages\/6867\/revisions"}],"predecessor-version":[{"id":9796,"href":"https:\/\/www.cci.corsica\/co\/wp-json\/wp\/v2\/pages\/6867\/revisions\/9796"}],"wp:attachment":[{"href":"https:\/\/www.cci.corsica\/co\/wp-json\/wp\/v2\/media?parent=6867"}],"wp:term":[{"taxonomy":"categorie-page","embeddable":true,"href":"https:\/\/www.cci.corsica\/co\/wp-json\/wp\/v2\/categorie-page?post=6867"},{"taxonomy":"type-de-page","embeddable":true,"href":"https:\/\/www.cci.corsica\/co\/wp-json\/wp\/v2\/type-de-page?post=6867"}],"curies":[{"name":"wp","href":"https:\/\/api.w.org\/{rel}","templated":true}]}}