{"id":6876,"date":"2024-12-20T13:57:55","date_gmt":"2024-12-20T12:57:55","guid":{"rendered":"https:\/\/www.cci.corsica\/?page_id=6876"},"modified":"2025-12-01T12:44:02","modified_gmt":"2025-12-01T11:44:02","slug":"ciircle","status":"publish","type":"page","link":"https:\/\/www.cci.corsica\/co\/ciircle\/","title":{"rendered":"CIIRCLE"},"content":{"rendered":"<h3 class=\"wp-block-heading\">Projet sur 36 mois<\/h3>\n\n\n\n<p>CIIRCLE est un projet strat\u00e9gique dont le Chef de Fil est la R\u00e9gion Ligurie, son objectif est de cr\u00e9er un \u00e9cosyst\u00e8me de l\u2019innovation qui soit transfrontalier. Cela se concr\u00e9tisera par la mise en \u0153uvre d\u2019une \u00ab&nbsp;communaut\u00e9 de l\u2019innovation&nbsp;\u00bb, lieu d\u2019\u00e9changes destiner \u00e0 identifier et \u00e9valuer les besoins en termes d\u2019innovation et \u00e0 proposer des solutions au b\u00e9n\u00e9fice des entreprises, sous la forme d\u2019actions pilotes.<\/p>\n\n\n\n<p>CIIRCLE pr\u00e9voit \u00e9galement d\u2019explorer la cr\u00e9ation d\u2019un r\u00e9seau de financeurs, la cr\u00e9ation d\u2019un outil financier d\u00e9di\u00e9 \u00e0 l\u2019investissement, ainsi qu\u2019un outil de soutien \u00e0 l\u2019adaptation au nouveau contexte \u00e9conomique.<\/p>\n\n\n\n<div style=\"height:31px\" aria-hidden=\"true\" class=\"wp-block-spacer\"><\/div>\n\n\n\n<h3 class=\"wp-block-heading\">Partenaires<\/h3>\n\n\n\n<ul class=\"wp-block-list\">\n<li>CCIR Paca<\/li>\n\n\n\n<li>R\u00e9gion Ligurie<\/li>\n\n\n\n<li>FILSE<\/li>\n\n\n\n<li>CCI AA Genova<\/li>\n\n\n\n<li>CCI AA Riviere di Liguria<\/li>\n\n\n\n<li>RA Sardegna<\/li>\n\n\n\n<li>CSPI<\/li>\n\n\n\n<li>Promocamera<\/li>\n\n\n\n<li>French Tech C\u00f4te d&rsquo;Azur<\/li>\n\n\n\n<li>TVT Innovation<\/li>\n\n\n\n<li>R\u00e9gion Toscane<\/li>\n\n\n\n<li>CCI AA Maremma e Tirreno<\/li>\n\n\n\n<li>Polo Navacchio SPA<\/li>\n\n\n\n<li>ADEC<\/li>\n\n\n\n<li>CCI de Corse<\/li>\n\n\n\n<li>Inizia<\/li>\n<\/ul>\n\n\n\n<p><\/p>\n\n\n\n<h3 class=\"wp-block-heading\">La transition \u00e9cologique comme levier d\u2019innovation de votre entreprise<\/h3>\n\n\n\n<p>Une journ\u00e9e 100% utilise, pour d\u00e9couvrir comment la transition \u00e9cologique peut devenir un levier de performance, d&rsquo;attractivit\u00e9 et d&rsquo;innovation pour votre entreprise. <\/p>\n\n\n\n<p><strong>Date<\/strong>&nbsp;: Jeudi 11 d\u00e9cembre 2025<br><strong>Lieu<\/strong>&nbsp;: Palais des Congr\u00e8s d\u2019Ajaccio<br><strong>Inscription gratuite mais obligatoire :&nbsp;<\/strong><a href=\"https:\/\/h0ca5ji873p.typeform.com\/to\/B0LlJsfB\"><strong>https:\/\/h0ca5ji873p.typeform.com\/to\/B0LlJsfB<\/strong><\/a><\/p>\n\n\n\n<p>Ne manquez pas cette opportunit\u00e9 de faire de votre transition \u00e9cologique un v\u00e9ritable levier de d\u00e9veloppement.<\/p>\n\n\n\n<p><a href=\"https:\/\/www.cci.corsica\/wp-content\/uploads\/2025\/11\/programme-ciircle.pdf\"><strong>T\u00c9L\u00c9CHARGEZ LE PROGRAMME COMPLET ICI<\/strong><\/a><\/p>\n\n\n\n<p><strong><span style=\"text-decoration: underline\">En savoir plus : <a href=\"https:\/\/www.cci.corsica\/co\/transition-ecologique-ciircle\/\">https:\/\/www.cci.corsica\/transition-ecologique-ciircle\/<\/a> <\/span><\/strong><\/p>\n\n\n\n<p><\/p>","protected":false},"excerpt":{"rendered":"<p>Projet sur 36 mois CIIRCLE est un projet strat\u00e9gique dont le Chef de Fil est la R\u00e9gion Ligurie, son objectif est de cr\u00e9er un \u00e9cosyst\u00e8me de l\u2019innovation qui soit transfrontalier. Cela se concr\u00e9tisera par la mise en \u0153uvre d\u2019une \u00ab&nbsp;communaut\u00e9 de l\u2019innovation&nbsp;\u00bb, lieu d\u2019\u00e9changes destiner \u00e0 identifier et \u00e9valuer les besoins en termes d\u2019innovation et [&hellip;]<\/p>\n","protected":false},"author":4,"featured_media":0,"parent":0,"menu_order":0,"comment_status":"closed","ping_status":"closed","template":"","meta":{"_acf_changed":false,"_seopress_robots_primary_cat":"","_seopress_titles_title":"","_seopress_titles_desc":"","_seopress_robots_index":"","footnotes":""},"categorie-page":[],"type-de-page":[8],"class_list":["post-6876","page","type-page","status-publish","hentry","type-de-page-page-sans-image"],"acf":[],"_links":{"self":[{"href":"https:\/\/www.cci.corsica\/co\/wp-json\/wp\/v2\/pages\/6876","targetHints":{"allow":["GET"]}}],"collection":[{"href":"https:\/\/www.cci.corsica\/co\/wp-json\/wp\/v2\/pages"}],"about":[{"href":"https:\/\/www.cci.corsica\/co\/wp-json\/wp\/v2\/types\/page"}],"author":[{"embeddable":true,"href":"https:\/\/www.cci.corsica\/co\/wp-json\/wp\/v2\/users\/4"}],"replies":[{"embeddable":true,"href":"https:\/\/www.cci.corsica\/co\/wp-json\/wp\/v2\/comments?post=6876"}],"version-history":[{"count":4,"href":"https:\/\/www.cci.corsica\/co\/wp-json\/wp\/v2\/pages\/6876\/revisions"}],"predecessor-version":[{"id":9029,"href":"https:\/\/www.cci.corsica\/co\/wp-json\/wp\/v2\/pages\/6876\/revisions\/9029"}],"wp:attachment":[{"href":"https:\/\/www.cci.corsica\/co\/wp-json\/wp\/v2\/media?parent=6876"}],"wp:term":[{"taxonomy":"categorie-page","embeddable":true,"href":"https:\/\/www.cci.corsica\/co\/wp-json\/wp\/v2\/categorie-page?post=6876"},{"taxonomy":"type-de-page","embeddable":true,"href":"https:\/\/www.cci.corsica\/co\/wp-json\/wp\/v2\/type-de-page?post=6876"}],"curies":[{"name":"wp","href":"https:\/\/api.w.org\/{rel}","templated":true}]}}