{"id":6886,"date":"2024-12-20T14:01:29","date_gmt":"2024-12-20T13:01:29","guid":{"rendered":"https:\/\/www.cci.corsica\/?page_id=6886"},"modified":"2025-02-20T17:46:49","modified_gmt":"2025-02-20T16:46:49","slug":"blu-hub","status":"publish","type":"page","link":"https:\/\/www.cci.corsica\/co\/blu-hub\/","title":{"rendered":"BLU HUB"},"content":{"rendered":"<h3 class=\"wp-block-heading\">Projet simple sur 36 mois<\/h3>\n\n\n\n<p>Le projet a pour objectif d\u2019am\u00e9liorer la comp\u00e9titivit\u00e9 du territoire gr\u00e2ce au transfert technologique et \u00e0 l\u2019innovation dans le domaine de l\u2019\u00e9conomie de la mer, en accompagnant les start-up \u00e0 transformer l\u2019id\u00e9e ou prototype en produit ready to market.<\/p>\n\n\n\n<p>A cet effet, les start-up s\u00e9lectionn\u00e9es par AMI pourront b\u00e9n\u00e9ficier d\u2019outils d\u2019accompagnements et de promotion.<\/p>","protected":false},"excerpt":{"rendered":"<p>Projet simple sur 36 mois Le projet a pour objectif d\u2019am\u00e9liorer la comp\u00e9titivit\u00e9 du territoire gr\u00e2ce au transfert technologique et \u00e0 l\u2019innovation dans le domaine de l\u2019\u00e9conomie de la mer, en accompagnant les start-up \u00e0 transformer l\u2019id\u00e9e ou prototype en produit ready to market. A cet effet, les start-up s\u00e9lectionn\u00e9es par AMI pourront b\u00e9n\u00e9ficier d\u2019outils [&hellip;]<\/p>\n","protected":false},"author":4,"featured_media":0,"parent":0,"menu_order":0,"comment_status":"closed","ping_status":"closed","template":"","meta":{"_acf_changed":false,"_seopress_robots_primary_cat":"","_seopress_titles_title":"","_seopress_titles_desc":"","_seopress_robots_index":"","footnotes":""},"categorie-page":[],"type-de-page":[8],"class_list":["post-6886","page","type-page","status-publish","hentry","type-de-page-page-sans-image"],"acf":[],"_links":{"self":[{"href":"https:\/\/www.cci.corsica\/co\/wp-json\/wp\/v2\/pages\/6886","targetHints":{"allow":["GET"]}}],"collection":[{"href":"https:\/\/www.cci.corsica\/co\/wp-json\/wp\/v2\/pages"}],"about":[{"href":"https:\/\/www.cci.corsica\/co\/wp-json\/wp\/v2\/types\/page"}],"author":[{"embeddable":true,"href":"https:\/\/www.cci.corsica\/co\/wp-json\/wp\/v2\/users\/4"}],"replies":[{"embeddable":true,"href":"https:\/\/www.cci.corsica\/co\/wp-json\/wp\/v2\/comments?post=6886"}],"version-history":[{"count":2,"href":"https:\/\/www.cci.corsica\/co\/wp-json\/wp\/v2\/pages\/6886\/revisions"}],"predecessor-version":[{"id":7395,"href":"https:\/\/www.cci.corsica\/co\/wp-json\/wp\/v2\/pages\/6886\/revisions\/7395"}],"wp:attachment":[{"href":"https:\/\/www.cci.corsica\/co\/wp-json\/wp\/v2\/media?parent=6886"}],"wp:term":[{"taxonomy":"categorie-page","embeddable":true,"href":"https:\/\/www.cci.corsica\/co\/wp-json\/wp\/v2\/categorie-page?post=6886"},{"taxonomy":"type-de-page","embeddable":true,"href":"https:\/\/www.cci.corsica\/co\/wp-json\/wp\/v2\/type-de-page?post=6886"}],"curies":[{"name":"wp","href":"https:\/\/api.w.org\/{rel}","templated":true}]}}