{"id":6889,"date":"2024-12-20T14:02:21","date_gmt":"2024-12-20T13:02:21","guid":{"rendered":"https:\/\/www.cci.corsica\/?page_id=6889"},"modified":"2025-02-20T17:32:36","modified_gmt":"2025-02-20T16:32:36","slug":"co-effect","status":"publish","type":"page","link":"https:\/\/www.cci.corsica\/co\/co-effect\/","title":{"rendered":"CO EFFECT"},"content":{"rendered":"<h3 class=\"wp-block-heading\">Projet simple sur 36 mois<\/h3>\n\n\n\n<p>L&rsquo;objectif principal de CO-EFFECT est de soutenir la transition vers une \u00e9conomie circulaire (<em>plus particuli\u00e8rement dans l&rsquo;utilisation des ressources<\/em>) \u00e0 travers le d\u00e9veloppement d\u2019\u00c9cosyst\u00e8mes Coop\u00e9ratifs Territorialis\u00e9s (ECT) en s\u2019appuyant sur les principes de l&rsquo;\u00c9conomie de la Fonctionnalit\u00e9 et de la Coop\u00e9ration (EFC).&nbsp;<\/p>\n\n\n\n<p>Le projet permettra la cr\u00e9ation d\u2019un Ecosyst\u00e8me Collaboratif Territorial d\u00e9di\u00e9 \u00e0 l\u2019\u00e9conomie circulaire par r\u00e9gion, constituant ainsi un cadre de coop\u00e9ration o\u00f9 diff\u00e9rents acteurs du territoire unissent leurs forces pour co-d\u00e9velopper des solutions \u00e9conomiques durables, r\u00e9silientes et inclusives, d\u00e9passant une approche individuelle et comp\u00e9titive, dans une dynamique collective et coop\u00e9rative.<\/p>\n\n\n\n<p>Contexte&nbsp;: La transition vers une \u00e9conomie circulaire est cruciale pour optimiser l&rsquo;utilisation des ressources et r\u00e9duire les impacts environnementaux, tout en cr\u00e9ant une croissance durable et des emplois. Cependant les approches \u201ctraditionnelles\u201d de l&rsquo;\u00e9conomie circulaire, centr\u00e9es principalement sur le recyclage et la r\u00e9utilisation, montrent des limites, notamment en ce qui concerne les \u00eeles de Corse et de Sardaigne, ainsi que les nombreux archipels de la r\u00e9gion, qui font face \u00e0 des d\u00e9fis uniques li\u00e9s \u00e0 leur faible accessibilit\u00e9 aux march\u00e9s europ\u00e9ens et nationaux, \u00e0 l&rsquo;absence d&rsquo;une masse critique d\u00e9mographique et \u00e9conomique, et \u00e0 la faible connexion aux r\u00e9seaux de transport et d&rsquo;\u00e9nergie. L&rsquo;\u00e9conomie circulaire \u201ctraditionnelle\u201d, qui repose sur le recyclage et la r\u00e9cup\u00e9ration, sans tenir compte de la production premi\u00e8re, \u00e0 l\u2019origine du probl\u00e8me du volume de d\u00e9chets, s&rsquo;av\u00e8re insuffisante pour ces syst\u00e8mes insulaires. Ceux-ci, en raison de leur d\u00e9savantage g\u00e9ographique, disposent de peu de ressources locales et doivent souvent exp\u00e9dier leurs mat\u00e9riaux recyclables vers le continent, ce qui engendre des co\u00fbts suppl\u00e9mentaires, une pollution accrue et des d\u00e9fis logistiques.<\/p>\n\n\n\n<div style=\"height:32px\" aria-hidden=\"true\" class=\"wp-block-spacer\"><\/div>\n\n\n\n<h3 class=\"wp-block-heading\">Partenaires :<\/h3>\n\n\n\n<ul class=\"wp-block-list\">\n<li>CCI du Var<\/li>\n\n\n\n<li>Atemis<\/li>\n\n\n\n<li>CCI de Corse<\/li>\n\n\n\n<li>Universit\u00e9 Pascal Paoli<\/li>\n\n\n\n<li>ANCI Liguria<\/li>\n\n\n\n<li>Universit\u00e0 di Pisa<\/li>\n\n\n\n<li>Confservizi Cispel Toscana<\/li>\n\n\n\n<li>Azienda Speciale Parco di CONTE<\/li>\n<\/ul>","protected":false},"excerpt":{"rendered":"<p>Projet simple sur 36 mois L&rsquo;objectif principal de CO-EFFECT est de soutenir la transition vers une \u00e9conomie circulaire (plus particuli\u00e8rement dans l&rsquo;utilisation des ressources) \u00e0 travers le d\u00e9veloppement d\u2019\u00c9cosyst\u00e8mes Coop\u00e9ratifs Territorialis\u00e9s (ECT) en s\u2019appuyant sur les principes de l&rsquo;\u00c9conomie de la Fonctionnalit\u00e9 et de la Coop\u00e9ration (EFC).&nbsp; Le projet permettra la cr\u00e9ation d\u2019un Ecosyst\u00e8me Collaboratif [&hellip;]<\/p>\n","protected":false},"author":4,"featured_media":0,"parent":0,"menu_order":0,"comment_status":"closed","ping_status":"closed","template":"","meta":{"_acf_changed":false,"_seopress_robots_primary_cat":"","_seopress_titles_title":"","_seopress_titles_desc":"","_seopress_robots_index":"","footnotes":""},"categorie-page":[],"type-de-page":[],"class_list":["post-6889","page","type-page","status-publish","hentry"],"acf":[],"_links":{"self":[{"href":"https:\/\/www.cci.corsica\/co\/wp-json\/wp\/v2\/pages\/6889","targetHints":{"allow":["GET"]}}],"collection":[{"href":"https:\/\/www.cci.corsica\/co\/wp-json\/wp\/v2\/pages"}],"about":[{"href":"https:\/\/www.cci.corsica\/co\/wp-json\/wp\/v2\/types\/page"}],"author":[{"embeddable":true,"href":"https:\/\/www.cci.corsica\/co\/wp-json\/wp\/v2\/users\/4"}],"replies":[{"embeddable":true,"href":"https:\/\/www.cci.corsica\/co\/wp-json\/wp\/v2\/comments?post=6889"}],"version-history":[{"count":7,"href":"https:\/\/www.cci.corsica\/co\/wp-json\/wp\/v2\/pages\/6889\/revisions"}],"predecessor-version":[{"id":7391,"href":"https:\/\/www.cci.corsica\/co\/wp-json\/wp\/v2\/pages\/6889\/revisions\/7391"}],"wp:attachment":[{"href":"https:\/\/www.cci.corsica\/co\/wp-json\/wp\/v2\/media?parent=6889"}],"wp:term":[{"taxonomy":"categorie-page","embeddable":true,"href":"https:\/\/www.cci.corsica\/co\/wp-json\/wp\/v2\/categorie-page?post=6889"},{"taxonomy":"type-de-page","embeddable":true,"href":"https:\/\/www.cci.corsica\/co\/wp-json\/wp\/v2\/type-de-page?post=6889"}],"curies":[{"name":"wp","href":"https:\/\/api.w.org\/{rel}","templated":true}]}}