{"id":6895,"date":"2024-12-20T14:04:31","date_gmt":"2024-12-20T13:04:31","guid":{"rendered":"https:\/\/www.cci.corsica\/?page_id=6895"},"modified":"2024-12-20T14:04:32","modified_gmt":"2024-12-20T13:04:32","slug":"be-stream-power","status":"publish","type":"page","link":"https:\/\/www.cci.corsica\/co\/be-stream-power\/","title":{"rendered":"BE STREAM POWER"},"content":{"rendered":"<p>Le projet poursuit l\u2019objectif de d\u00e9velopper une offre transfrontali\u00e8re des services pour l\u2019emploi, de fa\u00e7on \u00e0 affronter plus efficacement les crises qu\u2019elles soient sanitaires, environnementales ou li\u00e9es \u00e0 des conflits comme celui entre l\u2019Ukraine et la Russie. Ce projet b\u00e9n\u00e9ficiera aux entreprises et aux demandeurs d\u2019emploi. En concertation avec le projet strat\u00e9gique <a href=\"https:\/\/www.cci.corsica\/co\/via-mare\/\" data-type=\"page\" data-id=\"6892\">VIA MARE<\/a>, BE STREAM POWER favorisera la coop\u00e9ration entre les services pour l\u2019emploi de fa\u00e7on \u00e0 am\u00e9liorer leurs activit\u00e9s au profit du march\u00e9 du travail transfrontalier. <\/p>\n\n\n\n<p>\u00c0 cet effet, BE STREAM POWER capitalisera l\u2019Observatoire Transfrontalier du marcher du travail initi\u00e9 par MED NEX JOB, projet de la programmation 2014-2020.<br><\/p>","protected":false},"excerpt":{"rendered":"<p>Le projet poursuit l\u2019objectif de d\u00e9velopper une offre transfrontali\u00e8re des services pour l\u2019emploi, de fa\u00e7on \u00e0 affronter plus efficacement les crises qu\u2019elles soient sanitaires, environnementales ou li\u00e9es \u00e0 des conflits comme celui entre l\u2019Ukraine et la Russie. Ce projet b\u00e9n\u00e9ficiera aux entreprises et aux demandeurs d\u2019emploi. En concertation avec le projet strat\u00e9gique VIA MARE, BE [&hellip;]<\/p>\n","protected":false},"author":4,"featured_media":0,"parent":0,"menu_order":0,"comment_status":"closed","ping_status":"closed","template":"","meta":{"_acf_changed":false,"_seopress_robots_primary_cat":"","_seopress_titles_title":"","_seopress_titles_desc":"","_seopress_robots_index":"","footnotes":""},"categorie-page":[],"type-de-page":[8],"class_list":["post-6895","page","type-page","status-publish","hentry","type-de-page-page-sans-image"],"acf":[],"_links":{"self":[{"href":"https:\/\/www.cci.corsica\/co\/wp-json\/wp\/v2\/pages\/6895","targetHints":{"allow":["GET"]}}],"collection":[{"href":"https:\/\/www.cci.corsica\/co\/wp-json\/wp\/v2\/pages"}],"about":[{"href":"https:\/\/www.cci.corsica\/co\/wp-json\/wp\/v2\/types\/page"}],"author":[{"embeddable":true,"href":"https:\/\/www.cci.corsica\/co\/wp-json\/wp\/v2\/users\/4"}],"replies":[{"embeddable":true,"href":"https:\/\/www.cci.corsica\/co\/wp-json\/wp\/v2\/comments?post=6895"}],"version-history":[{"count":1,"href":"https:\/\/www.cci.corsica\/co\/wp-json\/wp\/v2\/pages\/6895\/revisions"}],"predecessor-version":[{"id":6897,"href":"https:\/\/www.cci.corsica\/co\/wp-json\/wp\/v2\/pages\/6895\/revisions\/6897"}],"wp:attachment":[{"href":"https:\/\/www.cci.corsica\/co\/wp-json\/wp\/v2\/media?parent=6895"}],"wp:term":[{"taxonomy":"categorie-page","embeddable":true,"href":"https:\/\/www.cci.corsica\/co\/wp-json\/wp\/v2\/categorie-page?post=6895"},{"taxonomy":"type-de-page","embeddable":true,"href":"https:\/\/www.cci.corsica\/co\/wp-json\/wp\/v2\/type-de-page?post=6895"}],"curies":[{"name":"wp","href":"https:\/\/api.w.org\/{rel}","templated":true}]}}