{"id":7033,"date":"2025-01-22T14:52:42","date_gmt":"2025-01-22T13:52:42","guid":{"rendered":"https:\/\/www.cci.corsica\/?page_id=7033"},"modified":"2025-02-21T09:17:44","modified_gmt":"2025-02-21T08:17:44","slug":"webcams","status":"publish","type":"page","link":"https:\/\/www.cci.corsica\/co\/webcams\/","title":{"rendered":"Webcams"},"content":{"rendered":"<div data-elementor-type=\"wp-page\" data-elementor-id=\"7033\" class=\"elementor elementor-7033\" data-elementor-post-type=\"page\">\n\t\t\t\t<div class=\"elementor-element elementor-element-2e43ea2 e-flex e-con-boxed e-con e-parent\" data-id=\"2e43ea2\" data-element_type=\"container\">\n\t\t\t\t\t<div class=\"e-con-inner\">\n\t\t\t\t<div class=\"elementor-element elementor-element-d435c24 elementor-widget elementor-widget-heading\" data-id=\"d435c24\" data-element_type=\"widget\" data-widget_type=\"heading.default\">\n\t\t\t\t<div class=\"elementor-widget-container\">\n\t\t\t\t\t<h1 class=\"elementor-heading-title elementor-size-default\">Webcams Ports &amp; A\u00e9roports<\/h1>\t\t\t\t<\/div>\n\t\t\t\t<\/div>\n\t\t\t\t\t<\/div>\n\t\t\t\t<\/div>\n\t\t<div class=\"elementor-element elementor-element-180a40b e-flex e-con-boxed e-con e-parent\" data-id=\"180a40b\" data-element_type=\"container\">\n\t\t\t\t\t<div class=\"e-con-inner\">\n\t\t<div class=\"elementor-element elementor-element-5a2d8b9 e-con-full e-flex e-con e-child\" data-id=\"5a2d8b9\" data-element_type=\"container\">\n\t\t\t\t<div class=\"elementor-element elementor-element-63e3bf4 elementor-widget elementor-widget-heading\" data-id=\"63e3bf4\" data-element_type=\"widget\" data-widget_type=\"heading.default\">\n\t\t\t\t<div class=\"elementor-widget-container\">\n\t\t\t\t\t<h2 class=\"elementor-heading-title elementor-size-default\">Webcams des Ports de Commerce de Corse <\/h2>\t\t\t\t<\/div>\n\t\t\t\t<\/div>\n\t\t\t\t<\/div>\n\t\t<div class=\"elementor-element elementor-element-9cd1340 e-con-full e-flex e-con e-child\" data-id=\"9cd1340\" data-element_type=\"container\">\n\t\t<div class=\"elementor-element elementor-element-68656e4 e-con-full e-flex e-con e-child\" data-id=\"68656e4\" data-element_type=\"container\">\n\t\t\t\t<div class=\"elementor-element elementor-element-d12520e elementor-widget elementor-widget-heading\" data-id=\"d12520e\" data-element_type=\"widget\" data-widget_type=\"heading.default\">\n\t\t\t\t<div class=\"elementor-widget-container\">\n\t\t\t\t\t<h2 class=\"elementor-heading-title elementor-size-default\">Port de Commerce Ajaccio<\/h2>\t\t\t\t<\/div>\n\t\t\t\t<\/div>\n\t\t\t\t<div class=\"elementor-element elementor-element-8988d46 elementor-widget elementor-widget-html\" data-id=\"8988d46\" data-element_type=\"widget\" data-widget_type=\"html.default\">\n\t\t\t\t<div class=\"elementor-widget-container\">\n\t\t\t\t\t<div class=\"webcam\" style=\"left: 0; width: 100%; height: 300px; position: relative; padding-bottom: 56.2493%;\"><iframe src=\"https:\/\/vision-environnement.com\/live\/player\/ajaccioport0.php\" style=\"border: 0; top: 0; left: 0; width: 100%; height: 100%; position: absolute;\" allowfullscreen=\"true\" webkitallowfullscreen=\"true\" mozallowfullscreen=\"true\" scrolling=\"no\" allow=\"autoplay; encrypted-media\"><\/iframe><\/div>\n\n\t\t\t\t<\/div>\n\t\t\t\t<\/div>\n\t\t\t\t<\/div>\n\t\t<div class=\"elementor-element elementor-element-dc6d61a e-con-full e-flex e-con e-child\" data-id=\"dc6d61a\" data-element_type=\"container\">\n\t\t\t\t<div class=\"elementor-element elementor-element-db3a33d elementor-widget elementor-widget-heading\" data-id=\"db3a33d\" data-element_type=\"widget\" data-widget_type=\"heading.default\">\n\t\t\t\t<div class=\"elementor-widget-container\">\n\t\t\t\t\t<h2 class=\"elementor-heading-title elementor-size-default\">Port de Commerce de Bastia<\/h2>\t\t\t\t<\/div>\n\t\t\t\t<\/div>\n\t\t\t\t<div class=\"elementor-element elementor-element-e43299c elementor-widget elementor-widget-html\" data-id=\"e43299c\" data-element_type=\"widget\" data-widget_type=\"html.default\">\n\t\t\t\t<div class=\"elementor-widget-container\">\n\t\t\t\t\t\n\n<div class=\"webcam\" style=\"left: 0; width: 100%; height: 300px; position: relative; padding-bottom: 56.2493%;\"><iframe src=\"https:\/\/visionenvironnement.quanteec.com\/embeded\/embeded.html?uuid=6a22c03e-e3b6-49f0-746c-7561-6665-64-b7f7-c369b76bf6b0d&type=live&analyticsID=visionenvironnement\" style=\"border: 0; top: 0; left: 0; width: 100%; height: 100%; position: absolute;\" allowfullscreen=\"true\" webkitallowfullscreen=\"true\" mozallowfullscreen=\"true\" scrolling=\"no\" allow=\"autoplay; encrypted-media\"><\/iframe><\/div>\t\t\t\t<\/div>\n\t\t\t\t<\/div>\n\t\t\t\t<\/div>\n\t\t<div class=\"elementor-element elementor-element-6551c15 e-con-full e-flex e-con e-child\" data-id=\"6551c15\" data-element_type=\"container\">\n\t\t\t\t<div class=\"elementor-element elementor-element-484204f elementor-widget elementor-widget-heading\" data-id=\"484204f\" data-element_type=\"widget\" data-widget_type=\"heading.default\">\n\t\t\t\t<div class=\"elementor-widget-container\">\n\t\t\t\t\t<h2 class=\"elementor-heading-title elementor-size-default\">Port de Commerce de Bonifacio<\/h2>\t\t\t\t<\/div>\n\t\t\t\t<\/div>\n\t\t\t\t<div class=\"elementor-element elementor-element-a2a351e elementor-widget elementor-widget-html\" data-id=\"a2a351e\" data-element_type=\"widget\" data-widget_type=\"html.default\">\n\t\t\t\t<div class=\"elementor-widget-container\">\n\t\t\t\t\t<div class=\"webcam\" style=\"left: 0; width: 100%; height: 300px; position: relative; padding-bottom: 56.2493%;\"><iframe src=\"https:\/\/vision-environnement.com\/live\/player\/bonifacio0.php\" style=\"border: 0; top: 0; left: 0; width: 100%; height: 100%; position: absolute;\" allowfullscreen=\"true\" webkitallowfullscreen=\"true\" mozallowfullscreen=\"true\" scrolling=\"no\" allow=\"autoplay; encrypted-media\"><\/iframe><\/div>\n\n\t\t\t\t<\/div>\n\t\t\t\t<\/div>\n\t\t\t\t<\/div>\n\t\t<div class=\"elementor-element elementor-element-dd93430 e-con-full e-flex e-con e-child\" data-id=\"dd93430\" data-element_type=\"container\">\n\t\t\t\t<div class=\"elementor-element elementor-element-8419b91 elementor-widget elementor-widget-heading\" data-id=\"8419b91\" data-element_type=\"widget\" data-widget_type=\"heading.default\">\n\t\t\t\t<div class=\"elementor-widget-container\">\n\t\t\t\t\t<h2 class=\"elementor-heading-title elementor-size-default\">Port de Commerce de l'\u00eele-rousse<\/h2>\t\t\t\t<\/div>\n\t\t\t\t<\/div>\n\t\t\t\t<div class=\"elementor-element elementor-element-e208597 elementor-widget elementor-widget-html\" data-id=\"e208597\" data-element_type=\"widget\" data-widget_type=\"html.default\">\n\t\t\t\t<div class=\"elementor-widget-container\">\n\t\t\t\t\t<iframe id=\"video-player\" style=\"width:100%;height:100%;min-height:300px\" allowfullscreen=\"true\" webkitallowfullscreen=\"true\" mozallowfullscreen=\"true\" frameborder=\"0\" scrolling=\"no\" src=\"https:\/\/visionenvironnement.quanteec.com\/embeded\/embeded.html?uuid=f0507471-8eca-4d05-746c-7561-6665-64-8871-6809c317d269d&type=live&analyticsID=visionenvironnement\"><\/iframe>\t\t\t\t<\/div>\n\t\t\t\t<\/div>\n\t\t\t\t<\/div>\n\t\t<div class=\"elementor-element elementor-element-f1de766 e-con-full e-flex e-con e-child\" data-id=\"f1de766\" data-element_type=\"container\">\n\t\t\t\t<div class=\"elementor-element elementor-element-0a6fd2c elementor-widget elementor-widget-heading\" data-id=\"0a6fd2c\" data-element_type=\"widget\" data-widget_type=\"heading.default\">\n\t\t\t\t<div class=\"elementor-widget-container\">\n\t\t\t\t\t<h2 class=\"elementor-heading-title elementor-size-default\">Port de Commerce de Porto-Vecchio<\/h2>\t\t\t\t<\/div>\n\t\t\t\t<\/div>\n\t\t\t\t<div class=\"elementor-element elementor-element-b632113 elementor-widget elementor-widget-html\" data-id=\"b632113\" data-element_type=\"widget\" data-widget_type=\"html.default\">\n\t\t\t\t<div class=\"elementor-widget-container\">\n\t\t\t\t\t<div class=\"webcam\" style=\"left: 0; width: 100%; height: 300px; position: relative; padding-bottom: 50%;\"><iframe src=\"https:\/\/vision-environnement.com\/live\/player\/portportovecchio0.php\" style=\"border: 0; top: 0; left: 0; width: 100%; height: 100%; min-height:275px; position: absolute;\" allowfullscreen=\"true\" webkitallowfullscreen=\"true\" mozallowfullscreen=\"true\" scrolling=\"no\" allow=\"autoplay; encrypted-media\"><\/iframe><\/div>\n\t\t\t\t<\/div>\n\t\t\t\t<\/div>\n\t\t\t\t<\/div>\n\t\t<div class=\"elementor-element elementor-element-53a63a7 e-con-full e-flex e-con e-child\" data-id=\"53a63a7\" data-element_type=\"container\">\n\t\t\t\t<div class=\"elementor-element elementor-element-d3edecd elementor-widget elementor-widget-heading\" data-id=\"d3edecd\" data-element_type=\"widget\" data-widget_type=\"heading.default\">\n\t\t\t\t<div class=\"elementor-widget-container\">\n\t\t\t\t\t<h2 class=\"elementor-heading-title elementor-size-default\">Port de Commerce de Propriano<\/h2>\t\t\t\t<\/div>\n\t\t\t\t<\/div>\n\t\t\t\t<div class=\"elementor-element elementor-element-70d56ff elementor-widget elementor-widget-html\" data-id=\"70d56ff\" data-element_type=\"widget\" data-widget_type=\"html.default\">\n\t\t\t\t<div class=\"elementor-widget-container\">\n\t\t\t\t\t<div class=\"webcam\" style=\"left: 0; width: 100%; height: 300px; position: relative; padding-bottom: 56.2493%;\"><iframe src=\"https:\/\/vision-environnement.com\/live\/player\/propriano0.php\" style=\"border: 0; top: 0; left: 0; width: 100%; height: 100%; position: absolute;\" allowfullscreen=\"true\" webkitallowfullscreen=\"true\" mozallowfullscreen=\"true\" scrolling=\"no\" allow=\"autoplay; encrypted-media\"><\/iframe><\/div>\t\t\t\t<\/div>\n\t\t\t\t<\/div>\n\t\t\t\t<\/div>\n\t\t\t\t<\/div>\n\t\t\t\t\t<\/div>\n\t\t\t\t<\/div>\n\t\t<div class=\"elementor-element elementor-element-34a9429 e-flex e-con-boxed e-con e-parent\" data-id=\"34a9429\" data-element_type=\"container\">\n\t\t\t\t\t<div class=\"e-con-inner\">\n\t\t<div class=\"elementor-element elementor-element-32fc78c e-con-full e-flex e-con e-child\" data-id=\"32fc78c\" data-element_type=\"container\">\n\t\t\t\t<div class=\"elementor-element elementor-element-228c147 elementor-widget elementor-widget-heading\" data-id=\"228c147\" data-element_type=\"widget\" data-widget_type=\"heading.default\">\n\t\t\t\t<div class=\"elementor-widget-container\">\n\t\t\t\t\t<h2 class=\"elementor-heading-title elementor-size-default\">Webcams des A\u00e9roports de Corse <\/h2>\t\t\t\t<\/div>\n\t\t\t\t<\/div>\n\t\t\t\t<\/div>\n\t\t<div class=\"elementor-element elementor-element-66009b6 e-con-full e-flex e-con e-child\" data-id=\"66009b6\" data-element_type=\"container\">\n\t\t<div class=\"elementor-element elementor-element-c5a5bda e-con-full e-flex e-con e-child\" data-id=\"c5a5bda\" data-element_type=\"container\">\n\t\t\t\t<div class=\"elementor-element elementor-element-a20430f elementor-widget elementor-widget-heading\" data-id=\"a20430f\" data-element_type=\"widget\" data-widget_type=\"heading.default\">\n\t\t\t\t<div class=\"elementor-widget-container\">\n\t\t\t\t\t<h2 class=\"elementor-heading-title elementor-size-default\">A\u00e9roport Ajaccio Napol\u00e9on-Bonaparte - AJA<\/h2>\t\t\t\t<\/div>\n\t\t\t\t<\/div>\n\t\t\t\t<div class=\"elementor-element elementor-element-ca2e169 elementor-widget elementor-widget-html\" data-id=\"ca2e169\" data-element_type=\"widget\" data-widget_type=\"html.default\">\n\t\t\t\t<div class=\"elementor-widget-container\">\n\t\t\t\t\t<iframe src=\"https:\/\/www.vision-environnement.com\/live\/player\/ajaccio40.php?\" style=\"border: 0; width: 100%; height: 300px;\" allowfullscreen=\"true\" webkitallowfullscreen=\"true\" mozallowfullscreen=\"true\" scrolling=\"no\" allow=\"autoplay; encrypted-media\"><\/iframe>\n\t\t\t\t<\/div>\n\t\t\t\t<\/div>\n\t\t\t\t<\/div>\n\t\t<div class=\"elementor-element elementor-element-796b96f e-con-full e-flex e-con e-child\" data-id=\"796b96f\" data-element_type=\"container\">\n\t\t\t\t<div class=\"elementor-element elementor-element-647ec5f elementor-widget elementor-widget-heading\" data-id=\"647ec5f\" data-element_type=\"widget\" data-widget_type=\"heading.default\">\n\t\t\t\t<div class=\"elementor-widget-container\">\n\t\t\t\t\t<h2 class=\"elementor-heading-title elementor-size-default\">A\u00e9roport Bastia Poretta - BIA<\/h2>\t\t\t\t<\/div>\n\t\t\t\t<\/div>\n\t\t\t\t<div class=\"elementor-element elementor-element-86a9fb3 elementor-widget elementor-widget-html\" data-id=\"86a9fb3\" data-element_type=\"widget\" data-widget_type=\"html.default\">\n\t\t\t\t<div class=\"elementor-widget-container\">\n\t\t\t\t\t<div class=\"webcam\" style=\"left: 0; width: 100%; height: 300px; position: relative; padding-bottom: 56.2493%;\"><iframe src=\"https:\/\/vision-environnement.com\/live\/player\/aero-bastia0.php\" style=\"border: 0; top: 0; left: 0; width: 100%; height: 100%; position: absolute;\" allowfullscreen=\"true\" webkitallowfullscreen=\"true\" mozallowfullscreen=\"true\" scrolling=\"no\" allow=\"autoplay; encrypted-media\"><\/iframe><\/div>\n\n\n\t\t\t\t<\/div>\n\t\t\t\t<\/div>\n\t\t\t\t<\/div>\n\t\t<div class=\"elementor-element elementor-element-8feb6b7 e-con-full e-flex e-con e-child\" data-id=\"8feb6b7\" data-element_type=\"container\">\n\t\t\t\t<div class=\"elementor-element elementor-element-2b62b4b elementor-widget elementor-widget-heading\" data-id=\"2b62b4b\" data-element_type=\"widget\" data-widget_type=\"heading.default\">\n\t\t\t\t<div class=\"elementor-widget-container\">\n\t\t\t\t\t<h2 class=\"elementor-heading-title elementor-size-default\">A\u00e9roport Calvi Sainte-Catherine - CLY<\/h2>\t\t\t\t<\/div>\n\t\t\t\t<\/div>\n\t\t\t\t<div class=\"elementor-element elementor-element-34ec30e elementor-widget elementor-widget-html\" data-id=\"34ec30e\" data-element_type=\"widget\" data-widget_type=\"html.default\">\n\t\t\t\t<div class=\"elementor-widget-container\">\n\t\t\t\t\t<div class=\"webcam\" style=\"left: 0; width: 100%; height: 300px; position: relative; padding-bottom: 56.2493%;\"><iframe src=\"https:\/\/vision-environnement.com\/live\/player\/aero-calvi0.php\" style=\"border: 0; top: 0; left: 0; width: 100%; height: 100%; position: absolute;\" allowfullscreen=\"true\" webkitallowfullscreen=\"true\" mozallowfullscreen=\"true\" scrolling=\"no\" allow=\"autoplay; encrypted-media\"><\/iframe><\/div> \t\t\t\t<\/div>\n\t\t\t\t<\/div>\n\t\t\t\t<\/div>\n\t\t<div class=\"elementor-element elementor-element-ddb3374 e-con-full e-flex e-con e-child\" data-id=\"ddb3374\" data-element_type=\"container\">\n\t\t\t\t<div class=\"elementor-element elementor-element-70802f9 elementor-widget elementor-widget-heading\" data-id=\"70802f9\" data-element_type=\"widget\" data-widget_type=\"heading.default\">\n\t\t\t\t<div class=\"elementor-widget-container\">\n\t\t\t\t\t<h2 class=\"elementor-heading-title elementor-size-default\">A\u00e9roport Figari Sud Corse - FSC<\/h2>\t\t\t\t<\/div>\n\t\t\t\t<\/div>\n\t\t\t\t<div class=\"elementor-element elementor-element-4ce2dc6 elementor-widget elementor-widget-html\" data-id=\"4ce2dc6\" data-element_type=\"widget\" data-widget_type=\"html.default\">\n\t\t\t\t<div class=\"elementor-widget-container\">\n\t\t\t\t\t<div class=\"webcam\" style=\"left: 0; width: 100%; height: 300px; position: relative; padding-bottom: 50%;\"><iframe src=\"https:\/\/vision-environnement.com\/live\/player\/figari0.php\" style=\"border: 0; top: 0; left: 0; width: 100%; min-height:275px; height: 100%; position: absolute;\" allowfullscreen=\"true\" webkitallowfullscreen=\"true\" mozallowfullscreen=\"true\" scrolling=\"no\" allow=\"autoplay; encrypted-media\"><\/iframe><\/div>\t\t\t\t<\/div>\n\t\t\t\t<\/div>\n\t\t\t\t<\/div>\n\t\t\t\t<\/div>\n\t\t\t\t\t<\/div>\n\t\t\t\t<\/div>\n\t\t<div class=\"elementor-element elementor-element-28180e0 e-flex e-con-boxed e-con e-parent\" data-id=\"28180e0\" data-element_type=\"container\">\n\t\t\t\t\t<div class=\"e-con-inner\">\n\t\t<div class=\"elementor-element elementor-element-320886e e-con-full e-flex e-con e-child\" data-id=\"320886e\" data-element_type=\"container\">\n\t\t\t\t<div class=\"elementor-element elementor-element-edf78e8 elementor-widget elementor-widget-heading\" data-id=\"edf78e8\" data-element_type=\"widget\" data-widget_type=\"heading.default\">\n\t\t\t\t<div class=\"elementor-widget-container\">\n\t\t\t\t\t<h2 class=\"elementor-heading-title elementor-size-default\">Webcam Port de P\u00eache et de Plaisance<\/h2>\t\t\t\t<\/div>\n\t\t\t\t<\/div>\n\t\t\t\t<\/div>\n\t\t<div class=\"elementor-element elementor-element-3a6f67a e-con-full e-flex e-con e-child\" data-id=\"3a6f67a\" data-element_type=\"container\">\n\t\t<div class=\"elementor-element elementor-element-246a98b e-con-full e-flex e-con e-child\" data-id=\"246a98b\" data-element_type=\"container\">\n\t\t\t\t<div class=\"elementor-element elementor-element-beccaec elementor-widget elementor-widget-heading\" data-id=\"beccaec\" data-element_type=\"widget\" data-widget_type=\"heading.default\">\n\t\t\t\t<div class=\"elementor-widget-container\">\n\t\t\t\t\t<h2 class=\"elementor-heading-title elementor-size-default\">Port de P\u00eache et de Plaisance Ajaccio Tino Rossi<\/h2>\t\t\t\t<\/div>\n\t\t\t\t<\/div>\n\t\t\t\t<div class=\"elementor-element elementor-element-c8e6b32 elementor-widget elementor-widget-html\" data-id=\"c8e6b32\" data-element_type=\"widget\" data-widget_type=\"html.default\">\n\t\t\t\t<div class=\"elementor-widget-container\">\n\t\t\t\t\t<div style=\"left: 0; width: 100%; height: 0; position: relative; padding-bottom: 56.2493%;\"><iframe src=\"https:\/\/vision-environnement.com\/live\/player\/ajaccioport20.php\" style=\"border: 0; top: 0; left: 0; width: 100%; height: 100%; position: absolute;\" allowfullscreen=\"true\" webkitallowfullscreen=\"true\" mozallowfullscreen=\"true\" scrolling=\"no\" allow=\"autoplay; encrypted-media\"><\/iframe><\/div>\t\t\t\t<\/div>\n\t\t\t\t<\/div>\n\t\t\t\t<\/div>\n\t\t\t\t<\/div>\n\t\t\t\t\t<\/div>\n\t\t\t\t<\/div>\n\t\t\t\t<\/div>","protected":false},"excerpt":{"rendered":"<p>Webcams Ports &amp; A\u00e9roports Webcams des Ports de Commerce de Corse Port de Commerce Ajaccio Port de Commerce de Bastia Port de Commerce de Bonifacio Port de Commerce de l&rsquo;\u00eele-rousse Port de Commerce de Porto-Vecchio Port de Commerce de Propriano Webcams des A\u00e9roports de Corse A\u00e9roport Ajaccio Napol\u00e9on-Bonaparte &#8211; AJA A\u00e9roport Bastia Poretta &#8211; BIA [&hellip;]<\/p>\n","protected":false},"author":1,"featured_media":0,"parent":0,"menu_order":0,"comment_status":"closed","ping_status":"closed","template":"","meta":{"_acf_changed":false,"_seopress_robots_primary_cat":"","_seopress_titles_title":"Webcams Ports et A\u00e9roports de Corse | CCI de Corse","_seopress_titles_desc":"Connectez-vous \u00e0 nos webcams et profitez d'une vue unique sur les A\u00e9roports de Corse et les Ports de commerce de Corse en un sur clic.","_seopress_robots_index":"","footnotes":""},"categorie-page":[],"type-de-page":[],"class_list":["post-7033","page","type-page","status-publish","hentry"],"acf":[],"_links":{"self":[{"href":"https:\/\/www.cci.corsica\/co\/wp-json\/wp\/v2\/pages\/7033","targetHints":{"allow":["GET"]}}],"collection":[{"href":"https:\/\/www.cci.corsica\/co\/wp-json\/wp\/v2\/pages"}],"about":[{"href":"https:\/\/www.cci.corsica\/co\/wp-json\/wp\/v2\/types\/page"}],"author":[{"embeddable":true,"href":"https:\/\/www.cci.corsica\/co\/wp-json\/wp\/v2\/users\/1"}],"replies":[{"embeddable":true,"href":"https:\/\/www.cci.corsica\/co\/wp-json\/wp\/v2\/comments?post=7033"}],"version-history":[{"count":136,"href":"https:\/\/www.cci.corsica\/co\/wp-json\/wp\/v2\/pages\/7033\/revisions"}],"predecessor-version":[{"id":7427,"href":"https:\/\/www.cci.corsica\/co\/wp-json\/wp\/v2\/pages\/7033\/revisions\/7427"}],"wp:attachment":[{"href":"https:\/\/www.cci.corsica\/co\/wp-json\/wp\/v2\/media?parent=7033"}],"wp:term":[{"taxonomy":"categorie-page","embeddable":true,"href":"https:\/\/www.cci.corsica\/co\/wp-json\/wp\/v2\/categorie-page?post=7033"},{"taxonomy":"type-de-page","embeddable":true,"href":"https:\/\/www.cci.corsica\/co\/wp-json\/wp\/v2\/type-de-page?post=7033"}],"curies":[{"name":"wp","href":"https:\/\/api.w.org\/{rel}","templated":true}]}}