{"id":7726,"date":"2025-05-07T17:04:02","date_gmt":"2025-05-07T15:04:02","guid":{"rendered":"https:\/\/www.cci.corsica\/?page_id=7726"},"modified":"2025-05-07T17:10:12","modified_gmt":"2025-05-07T15:10:12","slug":"aides-transition-ecologique-ademe","status":"publish","type":"page","link":"https:\/\/www.cci.corsica\/co\/aides-transition-ecologique-ademe\/","title":{"rendered":"Dispositifs d&rsquo;aides \u00e0 la transition \u00e9cologique"},"content":{"rendered":"<div data-elementor-type=\"wp-page\" data-elementor-id=\"7726\" class=\"elementor elementor-7726\" data-elementor-post-type=\"page\">\n\t\t\t\t<div class=\"elementor-element elementor-element-0aa219b e-flex e-con-boxed e-con e-parent\" data-id=\"0aa219b\" data-element_type=\"container\">\n\t\t\t\t\t<div class=\"e-con-inner\">\n\t\t\t\t<div class=\"elementor-element elementor-element-bc6ad54 elementor-widget elementor-widget-text-editor\" data-id=\"bc6ad54\" data-element_type=\"widget\" data-widget_type=\"text-editor.default\">\n\t\t\t\t<div class=\"elementor-widget-container\">\n\t\t\t\t\t\t\t\t\t<h3 class=\"\" data-start=\"93\" data-end=\"168\"><strong data-start=\"97\" data-end=\"168\">Tourisme et transition \u00e9cologique : la CCI de Corse vous accompagne<\/strong><\/h3><p class=\"\" data-start=\"170\" data-end=\"491\">Face \u00e0 une demande croissante des voyageurs pour des s\u00e9jours plus respectueux de l\u2019environnement, les professionnels de l\u2019h\u00e9bergement et de la restauration sont appel\u00e9s \u00e0 faire \u00e9voluer leurs pratiques. La transition \u00e9cologique est aujourd\u2019hui un levier de comp\u00e9titivit\u00e9 et de valorisation de l\u2019offre touristique en Corse.<\/p><p class=\"\" data-start=\"493\" data-end=\"619\"><strong data-start=\"493\" data-end=\"617\">En partenariat avec l&rsquo;ADEME, la CCI de Corse vous propose un accompagnement complet pour engager ou renforcer votre d\u00e9marche de transition \u00e9cologique<\/strong> :<\/p><ul data-start=\"621\" data-end=\"868\"><li class=\"\" data-start=\"621\" data-end=\"661\"><p class=\"\" data-start=\"623\" data-end=\"661\">Diagnostic et conseils personnalis\u00e9s<\/p><\/li><li class=\"\" data-start=\"662\" data-end=\"727\"><p class=\"\" data-start=\"664\" data-end=\"727\">Acc\u00e8s \u00e0 des outils pratiques et \u00e0 des ressources sp\u00e9cialis\u00e9es<\/p><\/li><li class=\"\" data-start=\"728\" data-end=\"764\"><p class=\"\" data-start=\"730\" data-end=\"764\">Formations adapt\u00e9es \u00e0 vos enjeux<\/p><\/li><li class=\"\" data-start=\"765\" data-end=\"838\"><p class=\"\" data-start=\"767\" data-end=\"838\">Identification des dispositifs d\u2019aides et de subventions mobilisables<\/p><\/li><li class=\"\" data-start=\"839\" data-end=\"868\"><p class=\"\" data-start=\"841\" data-end=\"868\">Appui au montage de projets<\/p><\/li><\/ul>\t\t\t\t\t\t\t\t<\/div>\n\t\t\t\t<\/div>\n\t\t\t\t\t<\/div>\n\t\t\t\t<\/div>\n\t\t\t\t<\/div>","protected":false},"excerpt":{"rendered":"<p>Tourisme et transition \u00e9cologique : la CCI de Corse vous accompagne Face \u00e0 une demande croissante des voyageurs pour des s\u00e9jours plus respectueux de l\u2019environnement, les professionnels de l\u2019h\u00e9bergement et de la restauration sont appel\u00e9s \u00e0 faire \u00e9voluer leurs pratiques. La transition \u00e9cologique est aujourd\u2019hui un levier de comp\u00e9titivit\u00e9 et de valorisation de l\u2019offre touristique [&hellip;]<\/p>\n","protected":false},"author":4,"featured_media":2055,"parent":0,"menu_order":0,"comment_status":"closed","ping_status":"closed","template":"","meta":{"_acf_changed":false,"_seopress_robots_primary_cat":"","_seopress_titles_title":"","_seopress_titles_desc":"","_seopress_robots_index":"","footnotes":""},"categorie-page":[],"type-de-page":[7],"class_list":["post-7726","page","type-page","status-publish","has-post-thumbnail","hentry","type-de-page-page-avec-image"],"acf":[],"_links":{"self":[{"href":"https:\/\/www.cci.corsica\/co\/wp-json\/wp\/v2\/pages\/7726","targetHints":{"allow":["GET"]}}],"collection":[{"href":"https:\/\/www.cci.corsica\/co\/wp-json\/wp\/v2\/pages"}],"about":[{"href":"https:\/\/www.cci.corsica\/co\/wp-json\/wp\/v2\/types\/page"}],"author":[{"embeddable":true,"href":"https:\/\/www.cci.corsica\/co\/wp-json\/wp\/v2\/users\/4"}],"replies":[{"embeddable":true,"href":"https:\/\/www.cci.corsica\/co\/wp-json\/wp\/v2\/comments?post=7726"}],"version-history":[{"count":4,"href":"https:\/\/www.cci.corsica\/co\/wp-json\/wp\/v2\/pages\/7726\/revisions"}],"predecessor-version":[{"id":7732,"href":"https:\/\/www.cci.corsica\/co\/wp-json\/wp\/v2\/pages\/7726\/revisions\/7732"}],"wp:featuredmedia":[{"embeddable":true,"href":"https:\/\/www.cci.corsica\/co\/wp-json\/wp\/v2\/media\/2055"}],"wp:attachment":[{"href":"https:\/\/www.cci.corsica\/co\/wp-json\/wp\/v2\/media?parent=7726"}],"wp:term":[{"taxonomy":"categorie-page","embeddable":true,"href":"https:\/\/www.cci.corsica\/co\/wp-json\/wp\/v2\/categorie-page?post=7726"},{"taxonomy":"type-de-page","embeddable":true,"href":"https:\/\/www.cci.corsica\/co\/wp-json\/wp\/v2\/type-de-page?post=7726"}],"curies":[{"name":"wp","href":"https:\/\/api.w.org\/{rel}","templated":true}]}}