{"id":7745,"date":"2025-05-07T17:19:29","date_gmt":"2025-05-07T15:19:29","guid":{"rendered":"https:\/\/www.cci.corsica\/?page_id=7745"},"modified":"2025-05-07T17:23:22","modified_gmt":"2025-05-07T15:23:22","slug":"velotourisme","status":"publish","type":"page","link":"https:\/\/www.cci.corsica\/co\/velotourisme\/","title":{"rendered":"V\u00e9lotourisme"},"content":{"rendered":"<div data-elementor-type=\"wp-page\" data-elementor-id=\"7745\" class=\"elementor elementor-7745\" data-elementor-post-type=\"page\">\n\t\t\t\t<div class=\"elementor-element elementor-element-6ad08d6 e-flex e-con-boxed e-con e-parent\" data-id=\"6ad08d6\" data-element_type=\"container\">\n\t\t\t\t\t<div class=\"e-con-inner\">\n\t\t\t\t<div class=\"elementor-element elementor-element-aafec6d elementor-widget elementor-widget-text-editor\" data-id=\"aafec6d\" data-element_type=\"widget\" data-widget_type=\"text-editor.default\">\n\t\t\t\t<div class=\"elementor-widget-container\">\n\t\t\t\t\t\t\t\t\t<p>Professionnels du tourisme,<\/p><p>Vous souhaitez diversifier votre offre et capter une nouvelle client\u00e8le autour du <b>v\u00e9lo tourisme\u00a0<\/b>? L\u2019<b>appel \u00e0 projets \u00ab V\u00e9lo Tourisme \u00bb<\/b>, lanc\u00e9 par l\u2019ADEME, peut vous aider \u00e0 concr\u00e9tiser vos id\u00e9es gr\u00e2ce \u00e0 un <b>soutien financier<\/b> adapt\u00e9 \u00e0 vos projets.<\/p><p>Ce dispositif vise \u00e0 accompagner les entreprises qui souhaitent d\u00e9velopper des services li\u00e9s \u00e0 la pratique du v\u00e9lo :<\/p><ul><li>Abris adapt\u00e9s aux cyclotouristes<br \/>services de r\u00e9paration ou consigne et bornes de recharge \u00e9lectrique<\/li><li>signal\u00e9tique, accueil, parcours v\u00e9lo, etc.<\/li><li>partenariats locaux et valorisation des circuits<\/li><\/ul>\t\t\t\t\t\t\t\t<\/div>\n\t\t\t\t<\/div>\n\t\t\t\t\t<\/div>\n\t\t\t\t<\/div>\n\t\t<div class=\"elementor-element elementor-element-bb833c9 e-flex e-con-boxed e-con e-parent\" data-id=\"bb833c9\" data-element_type=\"container\">\n\t\t\t\t\t<div class=\"e-con-inner\">\n\t\t\t\t<div class=\"elementor-element elementor-element-c71d61a elementor-widget elementor-widget-text-editor\" data-id=\"c71d61a\" data-element_type=\"widget\" data-widget_type=\"text-editor.default\">\n\t\t\t\t<div class=\"elementor-widget-container\">\n\t\t\t\t\t\t\t\t\t<p><a href=\"https:\/\/www.cci.corsica\/wp-content\/uploads\/2025\/05\/presentation-developper-le-velotourisme-corse-23042025.pdf\" target=\"_blank\" rel=\"noopener\">Pr\u00e9sentation du dispositif V\u00e9lotourisme<\/a>\u00a0<\/p>\t\t\t\t\t\t\t\t<\/div>\n\t\t\t\t<\/div>\n\t\t\t\t\t<\/div>\n\t\t\t\t<\/div>\n\t\t\t\t<\/div>","protected":false},"excerpt":{"rendered":"<p>Professionnels du tourisme, Vous souhaitez diversifier votre offre et capter une nouvelle client\u00e8le autour du v\u00e9lo tourisme\u00a0? L\u2019appel \u00e0 projets \u00ab V\u00e9lo Tourisme \u00bb, lanc\u00e9 par l\u2019ADEME, peut vous aider \u00e0 concr\u00e9tiser vos id\u00e9es gr\u00e2ce \u00e0 un soutien financier adapt\u00e9 \u00e0 vos projets. Ce dispositif vise \u00e0 accompagner les entreprises qui souhaitent d\u00e9velopper des services [&hellip;]<\/p>\n","protected":false},"author":4,"featured_media":1990,"parent":0,"menu_order":0,"comment_status":"closed","ping_status":"closed","template":"","meta":{"_acf_changed":false,"_seopress_robots_primary_cat":"","_seopress_titles_title":"","_seopress_titles_desc":"","_seopress_robots_index":"","footnotes":""},"categorie-page":[],"type-de-page":[7],"class_list":["post-7745","page","type-page","status-publish","has-post-thumbnail","hentry","type-de-page-page-avec-image"],"acf":[],"_links":{"self":[{"href":"https:\/\/www.cci.corsica\/co\/wp-json\/wp\/v2\/pages\/7745","targetHints":{"allow":["GET"]}}],"collection":[{"href":"https:\/\/www.cci.corsica\/co\/wp-json\/wp\/v2\/pages"}],"about":[{"href":"https:\/\/www.cci.corsica\/co\/wp-json\/wp\/v2\/types\/page"}],"author":[{"embeddable":true,"href":"https:\/\/www.cci.corsica\/co\/wp-json\/wp\/v2\/users\/4"}],"replies":[{"embeddable":true,"href":"https:\/\/www.cci.corsica\/co\/wp-json\/wp\/v2\/comments?post=7745"}],"version-history":[{"count":4,"href":"https:\/\/www.cci.corsica\/co\/wp-json\/wp\/v2\/pages\/7745\/revisions"}],"predecessor-version":[{"id":7752,"href":"https:\/\/www.cci.corsica\/co\/wp-json\/wp\/v2\/pages\/7745\/revisions\/7752"}],"wp:featuredmedia":[{"embeddable":true,"href":"https:\/\/www.cci.corsica\/co\/wp-json\/wp\/v2\/media\/1990"}],"wp:attachment":[{"href":"https:\/\/www.cci.corsica\/co\/wp-json\/wp\/v2\/media?parent=7745"}],"wp:term":[{"taxonomy":"categorie-page","embeddable":true,"href":"https:\/\/www.cci.corsica\/co\/wp-json\/wp\/v2\/categorie-page?post=7745"},{"taxonomy":"type-de-page","embeddable":true,"href":"https:\/\/www.cci.corsica\/co\/wp-json\/wp\/v2\/type-de-page?post=7745"}],"curies":[{"name":"wp","href":"https:\/\/api.w.org\/{rel}","templated":true}]}}