{"id":9895,"date":"2026-04-15T11:19:30","date_gmt":"2026-04-15T09:19:30","guid":{"rendered":"https:\/\/www.cci.corsica\/?page_id=9895"},"modified":"2026-04-15T14:41:54","modified_gmt":"2026-04-15T12:41:54","slug":"aap-cresce-2026-economie-productive-de-proximite-2026","status":"publish","type":"page","link":"https:\/\/www.cci.corsica\/co\/aap-cresce-2026-economie-productive-de-proximite-2026\/","title":{"rendered":"AAP \u00ab CRESCE 2026 \u00bb\u00a0: Economie productive &amp; de proximit\u00e9 2026"},"content":{"rendered":"<div style=\"height:100px\" aria-hidden=\"true\" class=\"wp-block-spacer\"><\/div>\n\n\n\n<p class=\"has-text-align-center\"><strong>Obtenez une&nbsp;subvention de 5 000 \u00e0 50 000 \u20ac&nbsp;pour cr\u00e9er, moderniser, d\u00e9velopper ou reprendre votre activit\u00e9 en Corse : l\u2019AAP&nbsp;CRESCE 2026&nbsp;est ouvert jusqu\u2019au&nbsp;15 juillet.<\/strong><\/p>\n\n\n\n<p><\/p>\n\n\n\n<p>L\u2019ADEC lance l\u2019appel \u00e0 projets CRESCE 2026, en partenariat avec l\u2019EPCI de Corse et la Chambre de M\u00e9tiers et de l\u2019Artisanat de Corse, pour soutenir les TPE qui souhaitent cr\u00e9er, moderniser, d\u00e9velopper ou reprendre une activit\u00e9 en Corse.<\/p>\n\n\n\n<p><br>Cet appel \u00e0 projets vise en priorit\u00e9 le renforcement de l\u2019\u00e9conomie productive, des services, de l\u2019artisanat et du commerce de proximit\u00e9, avec une attention particuli\u00e8re port\u00e9e \u00e0 l\u2019\u00e9conomie rurale et de montagne<\/p>\n\n\n\n<div class=\"wp-block-buttons is-content-justification-center is-layout-flex wp-container-core-buttons-is-layout-749adb30 wp-block-buttons-is-layout-flex\">\n<div class=\"wp-block-button is-style-outline is-style-outline--1\"><a class=\"wp-block-button__link has-text-align-center wp-element-button\" href=\"https:\/\/urls.fr\/WGR7qs\" target=\"_blank\" rel=\"noreferrer noopener\">JE CANDIDATE<\/a><\/div>\n<\/div>\n\n\n\n<div style=\"height:100px\" aria-hidden=\"true\" class=\"wp-block-spacer\"><\/div>\n\n\n\n<div class=\"wp-block-media-text is-stacked-on-mobile\" style=\"grid-template-columns:34% auto\"><figure class=\"wp-block-media-text__media\"><img fetchpriority=\"high\" decoding=\"async\" width=\"815\" height=\"1024\" src=\"https:\/\/www.cci.corsica\/wp-content\/uploads\/2026\/04\/m2-815x1024.png\" alt=\"\" class=\"wp-image-9898 size-full\" srcset=\"https:\/\/www.cci.corsica\/wp-content\/uploads\/2026\/04\/m2-815x1024.png 815w, https:\/\/www.cci.corsica\/wp-content\/uploads\/2026\/04\/m2-239x300.png 239w, https:\/\/www.cci.corsica\/wp-content\/uploads\/2026\/04\/m2-768x965.png 768w, https:\/\/www.cci.corsica\/wp-content\/uploads\/2026\/04\/m2-10x12.png 10w, https:\/\/www.cci.corsica\/wp-content\/uploads\/2026\/04\/m2.png 1037w\" sizes=\"(max-width: 815px) 100vw, 815px\" \/><\/figure><div class=\"wp-block-media-text__content\">\n<h3 class=\"wp-block-heading\">\u00c0 quoi sert CRESCE 2026 ?<\/h3>\n\n\n\n<p>CRESCE 2026 a pour ambition de :<\/p>\n\n\n\n<p>encourager les projets \u00e0 impact : initiatives sociales et solidaires, transition \u00e9cologique et \u00e9nerg\u00e9tique, offres de services innovantes.<\/p>\n\n\n\n<p>contribuer \u00e0 une production locale de biens ou services plus durable,<\/p>\n\n\n\n<p>pr\u00e9server et renforcer l\u2019\u00e9conomie de proximit\u00e9 en milieu rural,<\/p>\n\n\n\n<p>soutenir des offres adapt\u00e9es aux attentes actuelles (circuits courts, services de proximit\u00e9, outils num\u00e9riques),<\/p>\n\n\n\n<p>renforcer l\u2019attractivit\u00e9 des territoires ruraux, notamment face \u00e0 la d\u00e9vitalisation commerciale,<\/p>\n\n\n\n<p>faciliter la reprise d\u2019entreprise (financement des rachats de fonds de commerce ou de parts sociales),<\/p>\n<\/div><\/div>\n\n\n\n<div style=\"height:100px\" aria-hidden=\"true\" class=\"wp-block-spacer\"><\/div>\n\n\n\n<h3 class=\"wp-block-heading\">Qui peut candidater ?<\/h3>\n\n\n\n<p>L\u2019appel \u00e0 projets s\u2019adresse aux TPE bas\u00e9es en Corse (commerce, artisanat, services, proximit\u00e9) :<\/p>\n\n\n\n<ul class=\"wp-block-list\">\n<li>moins de 11 salari\u00e9s,<\/li>\n\n\n\n<li>chiffre d\u2019affaires &lt; 1 M\u20ac HT (dernier exercice ou moyenne des 3 derniers exercices).<\/li>\n<\/ul>\n\n\n\n<p><\/p>\n\n\n\n<h3 class=\"wp-block-heading\">Projets \u00e9ligibles<\/h3>\n\n\n\n<ul class=\"wp-block-list\">\n<li>Cr\u00e9ation \/ modernisation \/ d\u00e9veloppement \/ reprise d\u2019une activit\u00e9 de production de biens ou de services sur l\u2019ensemble du territoire corse.<\/li>\n\n\n\n<li>Cr\u00e9ation \/ modernisation \/ d\u00e9veloppement \/ reprise d\u2019une activit\u00e9 commerciale, uniquement sur un territoire rural (r\u00e9f\u00e9rence au zonage des communes SALVEZZA).<\/li>\n<\/ul>\n\n\n\n<p><\/p>\n\n\n\n<h3 class=\"wp-block-heading\">Quelle aide ?<\/h3>\n\n\n\n<ul class=\"wp-block-list\">\n<li>Subvention (aide directe)<\/li>\n\n\n\n<li>Taux maximal : 50% (intensit\u00e9 major\u00e9e par rapport aux interventions habituelles)<\/li>\n\n\n\n<li>Montant : de 5 000 \u20ac \u00e0 50 000 \u20ac selon la nature du projet<\/li>\n\n\n\n<li>Enveloppe indicative d\u00e9di\u00e9e : 2,5 M\u20ac<\/li>\n\n\n\n<li>Attribution possible selon le principe : \u00ab premier re\u00e7u, premier servi \u00bb (dans la limite de l\u2019enveloppe).<\/li>\n<\/ul>\n\n\n\n<p><\/p>\n\n\n\n<h3 class=\"wp-block-heading\">Date limite de d\u00e9p\u00f4t<\/h3>\n\n\n\n<p>&nbsp;15 juillet 2026<br>\u00c0 noter : l\u2019ADEC se r\u00e9serve la possibilit\u00e9 de cl\u00f4turer l\u2019appel avant cette date, notamment si l\u2019enveloppe est consomm\u00e9e.<\/p>\n\n\n\n<p><\/p>\n\n\n\n<p><\/p>\n\n\n\n<h3 class=\"wp-block-heading\">Comment d\u00e9poser sa candidature ?<\/h3>\n\n\n\n<p>Le d\u00e9p\u00f4t se fait directement sur le site de l\u2019ADEC (rubrique \u00ab L\u2019ADEC \u00c0 FIANC\u2019\u00c0 M\u00c8 \u2013 Faire une demande de soutien \u00bb).<br>La fiche projet doit obligatoirement mentionner : \u00ab AAP CRESCE 2026 \u00bb.<br>D\u00e9p\u00f4t &amp; informations :<\/p>\n\n\n\n<div class=\"wp-block-buttons is-content-justification-space-between is-layout-flex wp-container-core-buttons-is-layout-b2891da8 wp-block-buttons-is-layout-flex\">\n<div class=\"wp-block-button is-style-outline is-style-outline--2\"><a class=\"wp-block-button__link has-text-align-center wp-element-button\" href=\"https:\/\/urls.fr\/WGR7qs\" target=\"_blank\" rel=\"noreferrer noopener\">SITE DE L&rsquo;ADEC<\/a><\/div>\n<\/div>\n\n\n\n<p><\/p>\n\n\n\n<p>Avant de candidater, il est recommand\u00e9 de consulter le document \u00ab Appel \u00e0 projets complet \u00bb (pr\u00e9sent sur la page ADEC).<\/p>\n\n\n\n<hr class=\"wp-block-separator has-alpha-channel-opacity\" \/>\n\n\n\n<div style=\"height:100px\" aria-hidden=\"true\" class=\"wp-block-spacer\"><\/div>\n\n\n\n<h2 class=\"wp-block-heading\">Besoin d\u2019aide ? L\u2019EPCI de Corse vous accompagne<\/h2>\n\n\n\n<p>Les services de l\u2019EPCI de Corse sont \u00e0 votre disposition pour vous accompagner dans vos d\u00e9marches :<br>Sensibilisation et information sur le dispositif<br>Appui \u00e0 la structuration du projet<br>Aide au montage du dossier<br>Assistance au d\u00e9p\u00f4t de la candidature<\/p>\n\n\n\n<p><\/p>","protected":false},"excerpt":{"rendered":"<p>L\u2019ADEC lance l\u2019appel \u00e0 projets CRESCE 2026, en partenariat avec l\u2019EPCI de Corse et la Chambre de M\u00e9tiers et de l\u2019Artisanat de Corse, pour soutenir les TPE qui souhaitent cr\u00e9er, moderniser, d\u00e9velopper ou reprendre une activit\u00e9 en Corse.<\/p>","protected":false},"author":4,"featured_media":0,"parent":0,"menu_order":0,"comment_status":"closed","ping_status":"closed","template":"","meta":{"_acf_changed":false,"_seopress_robots_primary_cat":"","_seopress_titles_title":"AAP \u00ab CRESCE 2026 \u00bb\u00a0: Economie productive & de proximit\u00e9 2026","_seopress_titles_desc":"L\u2019ADEC lance l\u2019appel \u00e0 projets CRESCE 2026, en partenariat avec l\u2019EPCI de Corse et la Chambre de M\u00e9tiers et de l\u2019Artisanat de Corse, pour soutenir les TPE qui souhaitent cr\u00e9er, moderniser, d\u00e9velopper ou reprendre une activit\u00e9 en Corse.","_seopress_robots_index":"","footnotes":""},"categorie-page":[26],"type-de-page":[8],"class_list":["post-9895","page","type-page","status-publish","hentry","categorie-page-accueil","type-de-page-page-sans-image"],"acf":[],"_links":{"self":[{"href":"https:\/\/www.cci.corsica\/co\/wp-json\/wp\/v2\/pages\/9895","targetHints":{"allow":["GET"]}}],"collection":[{"href":"https:\/\/www.cci.corsica\/co\/wp-json\/wp\/v2\/pages"}],"about":[{"href":"https:\/\/www.cci.corsica\/co\/wp-json\/wp\/v2\/types\/page"}],"author":[{"embeddable":true,"href":"https:\/\/www.cci.corsica\/co\/wp-json\/wp\/v2\/users\/4"}],"replies":[{"embeddable":true,"href":"https:\/\/www.cci.corsica\/co\/wp-json\/wp\/v2\/comments?post=9895"}],"version-history":[{"count":15,"href":"https:\/\/www.cci.corsica\/co\/wp-json\/wp\/v2\/pages\/9895\/revisions"}],"predecessor-version":[{"id":9917,"href":"https:\/\/www.cci.corsica\/co\/wp-json\/wp\/v2\/pages\/9895\/revisions\/9917"}],"wp:attachment":[{"href":"https:\/\/www.cci.corsica\/co\/wp-json\/wp\/v2\/media?parent=9895"}],"wp:term":[{"taxonomy":"categorie-page","embeddable":true,"href":"https:\/\/www.cci.corsica\/co\/wp-json\/wp\/v2\/categorie-page?post=9895"},{"taxonomy":"type-de-page","embeddable":true,"href":"https:\/\/www.cci.corsica\/co\/wp-json\/wp\/v2\/type-de-page?post=9895"}],"curies":[{"name":"wp","href":"https:\/\/api.w.org\/{rel}","templated":true}]}}